{"id":642,"date":"2016-11-08T10:45:55","date_gmt":"2016-11-08T09:45:55","guid":{"rendered":"http:\/\/agora.xtec.cat\/iesjoanamigo\/?page_id=642"},"modified":"2016-11-08T20:28:42","modified_gmt":"2016-11-08T19:28:42","slug":"projecte-curricular","status":"publish","type":"page","link":"https:\/\/agora.xtec.cat\/iesjoanamigo\/oferta-formativa\/projecte-curricular\/","title":{"rendered":"Projecte curricular ESO"},"content":{"rendered":"<p>L&#8217;educaci\u00f3 secund\u00e0ria obligat\u00f2ria consta de dos cicles acad\u00e8mics:<\/p>\n<ul>\n<li>Primer cicle: de 12 a 14 anys<\/li>\n<li>Segon cicle: de 14 a 16 anys<\/li>\n<\/ul>\n<p>En aquesta etapa volem que els nostres alumnes aprenguin els coneixements i adquireixin els h\u00e0bits necessaris i b\u00e0sics per a tot tipus d&#8217;aprenentatge posterior i a la vegada els volem transmetre aquells valors imprescindibles per viure dignament en societat: esfor\u00e7, solidaritat, toler\u00e0ncia, respecte a les persones i tamb\u00e9 a l&#8217;entorn material\u2026<\/p>\n<p>El curr\u00edculum d&#8217;educaci\u00f3 secund\u00e0ria obligat\u00f2ria est\u00e0 organitzat en:<\/p>\n<ul>\n<li>Mat\u00e8ries comunes: catal\u00e0, castell\u00e0, matem\u00e0tiques, llengua estrangera, ci\u00e8ncies socials, ci\u00e8ncies de la naturalesa, etc. Aquestes mat\u00e8ries s\u00f3n cursades per tots els alumnes.<\/li>\n<li>Mat\u00e8ries optatives: les cursa l&#8217;alumnat en funci\u00f3 dels seus interessos i\u00a0aptituds; \u00e9s en aquestes franges que s\u2019hi troba la segona i tercera llengua estrangera.\u00a0En el cas de 4t curs es tracta de mat\u00e8ries optatives espec\u00edfiques, i cal triar-les<br \/>\nd\u2019entre una llista tancada.<\/li>\n<li>Tutoria: una hora setmanal.<\/li>\n<\/ul>\n","protected":false},"excerpt":{"rendered":"<p>L&#8217;educaci\u00f3 secund\u00e0ria obligat\u00f2ria consta de dos cicles acad\u00e8mics: Primer cicle: de 12 a 14 anys Segon cicle: de 14 a 16 anys En aquesta etapa volem que els nostres alumnes aprenguin els coneixements i adquireixin els h\u00e0bits necessaris i b\u00e0sics per a tot tipus d&#8217;aprenentatge posterior i a la vegada els volem transmetre aquells valors [&hellip;]<\/p>\n","protected":false},"author":1,"featured_media":0,"parent":578,"menu_order":0,"comment_status":"closed","ping_status":"closed","template":"page-templates\/side-menu.php","meta":{"_bbp_topic_count":0,"_bbp_reply_count":0,"_bbp_total_topic_count":0,"_bbp_total_reply_count":0,"_bbp_voice_count":0,"_bbp_anonymous_reply_count":0,"_bbp_topic_count_hidden":0,"_bbp_reply_count_hidden":0,"_bbp_forum_subforum_count":0,"site-sidebar-layout":"default","site-content-layout":"","ast-site-content-layout":"","site-content-style":"default","site-sidebar-style":"default","ast-global-header-display":"","ast-banner-title-visibility":"","ast-main-header-display":"","ast-hfb-above-header-display":"","ast-hfb-below-header-display":"","ast-hfb-mobile-header-display":"","site-post-title":"","ast-breadcrumbs-content":"","ast-featured-img":"","footer-sml-layout":"","theme-transparent-header-meta":"","adv-header-id-meta":"","stick-header-meta":"","header-above-stick-meta":"","header-main-stick-meta":"","header-below-stick-meta":"","astra-migrate-meta-layouts":"default","ast-page-background-enabled":"default","ast-page-background-meta":{"desktop":{"background-color":"var(--ast-global-color-4)","background-image":"","background-repeat":"repeat","background-position":"center center","background-size":"auto","background-attachment":"scroll","background-type":"","background-media":"","overlay-type":"","overlay-color":"","overlay-opacity":"","overlay-gradient":""},"tablet":{"background-color":"","background-image":"","background-repeat":"repeat","background-position":"center center","background-size":"auto","background-attachment":"scroll","background-type":"","background-media":"","overlay-type":"","overlay-color":"","overlay-opacity":"","overlay-gradient":""},"mobile":{"background-color":"","background-image":"","background-repeat":"repeat","background-position":"center center","background-size":"auto","background-attachment":"scroll","background-type":"","background-media":"","overlay-type":"","overlay-color":"","overlay-opacity":"","overlay-gradient":""}},"ast-content-background-meta":{"desktop":{"background-color":"var(--ast-global-color-5)","background-image":"","background-repeat":"repeat","background-position":"center center","background-size":"auto","background-attachment":"scroll","background-type":"","background-media":"","overlay-type":"","overlay-color":"","overlay-opacity":"","overlay-gradient":""},"tablet":{"background-color":"var(--ast-global-color-5)","background-image":"","background-repeat":"repeat","background-position":"center center","background-size":"auto","background-attachment":"scroll","background-type":"","background-media":"","overlay-type":"","overlay-color":"","overlay-opacity":"","overlay-gradient":""},"mobile":{"background-color":"var(--ast-global-color-5)","background-image":"","background-repeat":"repeat","background-position":"center center","background-size":"auto","background-attachment":"scroll","background-type":"","background-media":"","overlay-type":"","overlay-color":"","overlay-opacity":"","overlay-gradient":""}},"footnotes":""},"class_list":["post-642","page","type-page","status-publish","hentry"],"post_mailing_queue_ids":[],"_links":{"self":[{"href":"https:\/\/agora.xtec.cat\/iesjoanamigo\/wp-json\/wp\/v2\/pages\/642","targetHints":{"allow":["GET"]}}],"collection":[{"href":"https:\/\/agora.xtec.cat\/iesjoanamigo\/wp-json\/wp\/v2\/pages"}],"about":[{"href":"https:\/\/agora.xtec.cat\/iesjoanamigo\/wp-json\/wp\/v2\/types\/page"}],"author":[{"embeddable":true,"href":"https:\/\/agora.xtec.cat\/iesjoanamigo\/wp-json\/wp\/v2\/users\/1"}],"replies":[{"embeddable":true,"href":"https:\/\/agora.xtec.cat\/iesjoanamigo\/wp-json\/wp\/v2\/comments?post=642"}],"version-history":[{"count":3,"href":"https:\/\/agora.xtec.cat\/iesjoanamigo\/wp-json\/wp\/v2\/pages\/642\/revisions"}],"predecessor-version":[{"id":651,"href":"https:\/\/agora.xtec.cat\/iesjoanamigo\/wp-json\/wp\/v2\/pages\/642\/revisions\/651"}],"up":[{"embeddable":true,"href":"https:\/\/agora.xtec.cat\/iesjoanamigo\/wp-json\/wp\/v2\/pages\/578"}],"wp:attachment":[{"href":"https:\/\/agora.xtec.cat\/iesjoanamigo\/wp-json\/wp\/v2\/media?parent=642"}],"curies":[{"name":"wp","href":"https:\/\/api.w.org\/{rel}","templated":true}]}}