{"id":625,"date":"2016-11-06T19:09:35","date_gmt":"2016-11-06T18:09:35","guid":{"rendered":"http:\/\/agora.xtec.cat\/iesjoanamigo\/?page_id=625"},"modified":"2016-11-23T09:08:54","modified_gmt":"2016-11-23T08:08:54","slug":"viatge-destudis","status":"publish","type":"page","link":"https:\/\/agora.xtec.cat\/iesjoanamigo\/oferta-formativa\/eso\/viatge-destudis\/","title":{"rendered":"Viatge d&#8217;estudis"},"content":{"rendered":"<h5>Descripci\u00f3<\/h5>\n<p>Els alumnes tenen l\u2019oportunitat de participar en el viatge d\u2019estudi a Dublin. Val a dir que, tot i que suposa un esfor\u00e7 econ\u00f2mic important, entenem que aquest tipus d\u2019activitats representa un enriquiment molt profund en el desenvolupament acad\u00e8mic i personal de l\u2019alumnat.<\/p>\n<h5>Objectius<\/h5>\n<ul>\n<li>Treball de S\u00edntesi<\/li>\n<li>Projecte Internacional<\/li>\n<li>Projecte pluriling\u00fce<\/li>\n<\/ul>\n<h5>Temporitzaci\u00f3<\/h5>\n<p>5 dies de\u00a0maig<\/p>\n<h5>Curs destinatari<\/h5>\n<p>4t d\u2019ESO<\/p>\n","protected":false},"excerpt":{"rendered":"<p>Descripci\u00f3 Els alumnes tenen l\u2019oportunitat de participar en el viatge d\u2019estudi a Dublin. Val a dir que, tot i que suposa un esfor\u00e7 econ\u00f2mic important, entenem que aquest tipus d\u2019activitats representa un enriquiment molt profund en el desenvolupament acad\u00e8mic i personal de l\u2019alumnat. Objectius Treball de S\u00edntesi Projecte Internacional Projecte pluriling\u00fce Temporitzaci\u00f3 5 dies de\u00a0maig [&hellip;]<\/p>\n","protected":false},"author":1,"featured_media":0,"parent":582,"menu_order":40,"comment_status":"closed","ping_status":"closed","template":"page-templates\/side-menu.php","meta":{"_bbp_topic_count":0,"_bbp_reply_count":0,"_bbp_total_topic_count":0,"_bbp_total_reply_count":0,"_bbp_voice_count":0,"_bbp_anonymous_reply_count":0,"_bbp_topic_count_hidden":0,"_bbp_reply_count_hidden":0,"_bbp_forum_subforum_count":0,"site-sidebar-layout":"default","site-content-layout":"","ast-site-content-layout":"","site-content-style":"default","site-sidebar-style":"default","ast-global-header-display":"","ast-banner-title-visibility":"","ast-main-header-display":"","ast-hfb-above-header-display":"","ast-hfb-below-header-display":"","ast-hfb-mobile-header-display":"","site-post-title":"","ast-breadcrumbs-content":"","ast-featured-img":"","footer-sml-layout":"","theme-transparent-header-meta":"","adv-header-id-meta":"","stick-header-meta":"","header-above-stick-meta":"","header-main-stick-meta":"","header-below-stick-meta":"","astra-migrate-meta-layouts":"default","ast-page-background-enabled":"default","ast-page-background-meta":{"desktop":{"background-color":"var(--ast-global-color-4)","background-image":"","background-repeat":"repeat","background-position":"center center","background-size":"auto","background-attachment":"scroll","background-type":"","background-media":"","overlay-type":"","overlay-color":"","overlay-opacity":"","overlay-gradient":""},"tablet":{"background-color":"","background-image":"","background-repeat":"repeat","background-position":"center center","background-size":"auto","background-attachment":"scroll","background-type":"","background-media":"","overlay-type":"","overlay-color":"","overlay-opacity":"","overlay-gradient":""},"mobile":{"background-color":"","background-image":"","background-repeat":"repeat","background-position":"center center","background-size":"auto","background-attachment":"scroll","background-type":"","background-media":"","overlay-type":"","overlay-color":"","overlay-opacity":"","overlay-gradient":""}},"ast-content-background-meta":{"desktop":{"background-color":"var(--ast-global-color-5)","background-image":"","background-repeat":"repeat","background-position":"center center","background-size":"auto","background-attachment":"scroll","background-type":"","background-media":"","overlay-type":"","overlay-color":"","overlay-opacity":"","overlay-gradient":""},"tablet":{"background-color":"var(--ast-global-color-5)","background-image":"","background-repeat":"repeat","background-position":"center center","background-size":"auto","background-attachment":"scroll","background-type":"","background-media":"","overlay-type":"","overlay-color":"","overlay-opacity":"","overlay-gradient":""},"mobile":{"background-color":"var(--ast-global-color-5)","background-image":"","background-repeat":"repeat","background-position":"center center","background-size":"auto","background-attachment":"scroll","background-type":"","background-media":"","overlay-type":"","overlay-color":"","overlay-opacity":"","overlay-gradient":""}},"footnotes":""},"class_list":["post-625","page","type-page","status-publish","hentry"],"post_mailing_queue_ids":[],"_links":{"self":[{"href":"https:\/\/agora.xtec.cat\/iesjoanamigo\/wp-json\/wp\/v2\/pages\/625","targetHints":{"allow":["GET"]}}],"collection":[{"href":"https:\/\/agora.xtec.cat\/iesjoanamigo\/wp-json\/wp\/v2\/pages"}],"about":[{"href":"https:\/\/agora.xtec.cat\/iesjoanamigo\/wp-json\/wp\/v2\/types\/page"}],"author":[{"embeddable":true,"href":"https:\/\/agora.xtec.cat\/iesjoanamigo\/wp-json\/wp\/v2\/users\/1"}],"replies":[{"embeddable":true,"href":"https:\/\/agora.xtec.cat\/iesjoanamigo\/wp-json\/wp\/v2\/comments?post=625"}],"version-history":[{"count":2,"href":"https:\/\/agora.xtec.cat\/iesjoanamigo\/wp-json\/wp\/v2\/pages\/625\/revisions"}],"predecessor-version":[{"id":733,"href":"https:\/\/agora.xtec.cat\/iesjoanamigo\/wp-json\/wp\/v2\/pages\/625\/revisions\/733"}],"up":[{"embeddable":true,"href":"https:\/\/agora.xtec.cat\/iesjoanamigo\/wp-json\/wp\/v2\/pages\/582"}],"wp:attachment":[{"href":"https:\/\/agora.xtec.cat\/iesjoanamigo\/wp-json\/wp\/v2\/media?parent=625"}],"curies":[{"name":"wp","href":"https:\/\/api.w.org\/{rel}","templated":true}]}}