{"id":586,"date":"2016-11-01T02:54:17","date_gmt":"2016-11-01T01:54:17","guid":{"rendered":"http:\/\/agora.xtec.cat\/iesjoanamigo\/?page_id=586"},"modified":"2025-11-05T14:11:07","modified_gmt":"2025-11-05T13:11:07","slug":"cfgm-sistemes-microinformatics-i-xarxes","status":"publish","type":"page","link":"https:\/\/agora.xtec.cat\/iesjoanamigo\/oferta-formativa\/cfgm-sistemes-microinformatics-i-xarxes\/","title":{"rendered":"Sistemes Microinform\u00e0tics i Xarxes"},"content":{"rendered":"<h5>Titulaci\u00f3<\/h5>\n<p>T\u00e8cnic\/a en sistemes microinform\u00e0tics i xarxes.<\/p>\n<h5>Compet\u00e8ncia General<\/h5>\n<p>La compet\u00e8ncia general d&#8217;aquest t\u00edtol consisteix a instal\u00b7lar, configurar i mantenir sistemes microinform\u00e0tics, a\u00efllats o en xarxa, aix\u00ed com xarxes locals en petits entorns, assegurant la seva funcionalitat i aplicant els protocols de qualitat, seguretat i respecte al medi ambient establerts.<\/p>\n<h5>Durada dels estudis<\/h5>\n<ul>\n<li>2 cursos acad\u00e8mics (2.000 hores).<\/li>\n<li>1.485 hores en el centre educatiu.<\/li>\n<li>515 hores en el centre de treball (pr\u00e0ctiques).<\/li>\n<\/ul>\n<h5>Sortides professionals<\/h5>\n<ul>\n<li>T\u00e8cnic\/a instal\u00b7lador mantenidor d\u2019equips inform\u00e0tics.<\/li>\n<li>T\u00e8cnic\/a de suport inform\u00e0tic.<\/li>\n<li>T\u00e8cnic\/a de xarxes de dades.<\/li>\n<li>Reparador\/a de perif\u00e8rics de sistemes microinform\u00e0tics.<\/li>\n<li>Comercial de microinform\u00e0tica.<\/li>\n<li>Operador\/a de tele-assist\u00e8ncia.<\/li>\n<li>Operador\/a de sistemes.<\/li>\n<\/ul>\n","protected":false},"excerpt":{"rendered":"<p>Titulaci\u00f3 T\u00e8cnic\/a en sistemes microinform\u00e0tics i xarxes. Compet\u00e8ncia General La compet\u00e8ncia general d&#8217;aquest t\u00edtol consisteix a instal\u00b7lar, configurar i mantenir sistemes microinform\u00e0tics, a\u00efllats o en xarxa, aix\u00ed com xarxes locals en petits entorns, assegurant la seva funcionalitat i aplicant els protocols de qualitat, seguretat i respecte al medi ambient establerts. Durada dels estudis 2 cursos [&hellip;]<\/p>\n","protected":false},"author":1,"featured_media":0,"parent":578,"menu_order":0,"comment_status":"closed","ping_status":"closed","template":"","meta":{"_bbp_topic_count":0,"_bbp_reply_count":0,"_bbp_total_topic_count":0,"_bbp_total_reply_count":0,"_bbp_voice_count":0,"_bbp_anonymous_reply_count":0,"_bbp_topic_count_hidden":0,"_bbp_reply_count_hidden":0,"_bbp_forum_subforum_count":0,"site-sidebar-layout":"default","site-content-layout":"","ast-site-content-layout":"default","site-content-style":"default","site-sidebar-style":"default","ast-global-header-display":"","ast-banner-title-visibility":"","ast-main-header-display":"","ast-hfb-above-header-display":"","ast-hfb-below-header-display":"","ast-hfb-mobile-header-display":"","site-post-title":"","ast-breadcrumbs-content":"","ast-featured-img":"","footer-sml-layout":"","theme-transparent-header-meta":"default","adv-header-id-meta":"","stick-header-meta":"","header-above-stick-meta":"","header-main-stick-meta":"","header-below-stick-meta":"","astra-migrate-meta-layouts":"set","ast-page-background-enabled":"default","ast-page-background-meta":{"desktop":{"background-color":"var(--ast-global-color-4)","background-image":"","background-repeat":"repeat","background-position":"center center","background-size":"auto","background-attachment":"scroll","background-type":"","background-media":"","overlay-type":"","overlay-color":"","overlay-opacity":"","overlay-gradient":""},"tablet":{"background-color":"","background-image":"","background-repeat":"repeat","background-position":"center center","background-size":"auto","background-attachment":"scroll","background-type":"","background-media":"","overlay-type":"","overlay-color":"","overlay-opacity":"","overlay-gradient":""},"mobile":{"background-color":"","background-image":"","background-repeat":"repeat","background-position":"center center","background-size":"auto","background-attachment":"scroll","background-type":"","background-media":"","overlay-type":"","overlay-color":"","overlay-opacity":"","overlay-gradient":""}},"ast-content-background-meta":{"desktop":{"background-color":"var(--ast-global-color-5)","background-image":"","background-repeat":"repeat","background-position":"center center","background-size":"auto","background-attachment":"scroll","background-type":"","background-media":"","overlay-type":"","overlay-color":"","overlay-opacity":"","overlay-gradient":""},"tablet":{"background-color":"var(--ast-global-color-5)","background-image":"","background-repeat":"repeat","background-position":"center center","background-size":"auto","background-attachment":"scroll","background-type":"","background-media":"","overlay-type":"","overlay-color":"","overlay-opacity":"","overlay-gradient":""},"mobile":{"background-color":"var(--ast-global-color-5)","background-image":"","background-repeat":"repeat","background-position":"center center","background-size":"auto","background-attachment":"scroll","background-type":"","background-media":"","overlay-type":"","overlay-color":"","overlay-opacity":"","overlay-gradient":""}},"footnotes":""},"class_list":["post-586","page","type-page","status-publish","hentry"],"post_mailing_queue_ids":[],"_links":{"self":[{"href":"https:\/\/agora.xtec.cat\/iesjoanamigo\/wp-json\/wp\/v2\/pages\/586","targetHints":{"allow":["GET"]}}],"collection":[{"href":"https:\/\/agora.xtec.cat\/iesjoanamigo\/wp-json\/wp\/v2\/pages"}],"about":[{"href":"https:\/\/agora.xtec.cat\/iesjoanamigo\/wp-json\/wp\/v2\/types\/page"}],"author":[{"embeddable":true,"href":"https:\/\/agora.xtec.cat\/iesjoanamigo\/wp-json\/wp\/v2\/users\/1"}],"replies":[{"embeddable":true,"href":"https:\/\/agora.xtec.cat\/iesjoanamigo\/wp-json\/wp\/v2\/comments?post=586"}],"version-history":[{"count":6,"href":"https:\/\/agora.xtec.cat\/iesjoanamigo\/wp-json\/wp\/v2\/pages\/586\/revisions"}],"predecessor-version":[{"id":7662,"href":"https:\/\/agora.xtec.cat\/iesjoanamigo\/wp-json\/wp\/v2\/pages\/586\/revisions\/7662"}],"up":[{"embeddable":true,"href":"https:\/\/agora.xtec.cat\/iesjoanamigo\/wp-json\/wp\/v2\/pages\/578"}],"wp:attachment":[{"href":"https:\/\/agora.xtec.cat\/iesjoanamigo\/wp-json\/wp\/v2\/media?parent=586"}],"curies":[{"name":"wp","href":"https:\/\/api.w.org\/{rel}","templated":true}]}}