{"id":573,"date":"2016-11-01T02:30:19","date_gmt":"2016-11-01T01:30:19","guid":{"rendered":"http:\/\/agora.xtec.cat\/iesjoanamigo\/?page_id=573"},"modified":"2020-11-10T12:09:05","modified_gmt":"2020-11-10T11:09:05","slug":"perfil-del-contractant","status":"publish","type":"page","link":"https:\/\/agora.xtec.cat\/iesjoanamigo\/secretaria\/perfil-del-contractant\/","title":{"rendered":"Perfil del contractant"},"content":{"rendered":"<h5>Concurs de neteja (2017)<\/h5>\n<ul>\n<li><a href=\"http:\/\/agora.xtec.cat\/iesjoanamigo\/wp-content\/uploads\/usu506\/2016\/11\/Document-1.pdf\">Procediment obert<\/a><\/li>\n<li><a href=\"http:\/\/agora.xtec.cat\/iesjoanamigo\/wp-content\/uploads\/usu506\/2016\/11\/Document-9.pdf\">Caracter\u00edstiques del contracte de serveis<\/a><\/li>\n<li><a href=\"http:\/\/agora.xtec.cat\/iesjoanamigo\/wp-content\/uploads\/usu506\/2016\/11\/Document-4.pdf\">Prescripcions t\u00e8cniques<\/a><\/li>\n<li><a href=\"http:\/\/agora.xtec.cat\/iesjoanamigo\/wp-content\/uploads\/usu506\/2016\/11\/Document-3.pdf\">Contingut de la publicaci\u00f3 de l&#8217;anunci de licitaci\u00f3<\/a><\/li>\n<li><a href=\"http:\/\/agora.xtec.cat\/iesjoanamigo\/wp-content\/uploads\/usu506\/2016\/11\/Document-2_1.pdf\">Comunicaci\u00f3 data obertura sobre C<\/a><\/li>\n<li><a href=\"http:\/\/agora.xtec.cat\/iesjoanamigo\/wp-content\/uploads\/usu506\/2016\/11\/Tgna_Resoluci\u00f3-de-pr\u00f2rroga.pdf\">Resoluci\u00f3 de pr\u00f2rroga<\/a><\/li>\n<\/ul>\n","protected":false},"excerpt":{"rendered":"<p>Concurs de neteja (2017) Procediment obert Caracter\u00edstiques del contracte de serveis Prescripcions t\u00e8cniques Contingut de la publicaci\u00f3 de l&#8217;anunci de licitaci\u00f3 Comunicaci\u00f3 data obertura sobre C Resoluci\u00f3 de pr\u00f2rroga<\/p>\n","protected":false},"author":1,"featured_media":0,"parent":81,"menu_order":20,"comment_status":"closed","ping_status":"closed","template":"page-templates\/side-menu.php","meta":{"_bbp_topic_count":0,"_bbp_reply_count":0,"_bbp_total_topic_count":0,"_bbp_total_reply_count":0,"_bbp_voice_count":0,"_bbp_anonymous_reply_count":0,"_bbp_topic_count_hidden":0,"_bbp_reply_count_hidden":0,"_bbp_forum_subforum_count":0,"site-sidebar-layout":"default","site-content-layout":"","ast-site-content-layout":"","site-content-style":"default","site-sidebar-style":"default","ast-global-header-display":"","ast-banner-title-visibility":"","ast-main-header-display":"","ast-hfb-above-header-display":"","ast-hfb-below-header-display":"","ast-hfb-mobile-header-display":"","site-post-title":"","ast-breadcrumbs-content":"","ast-featured-img":"","footer-sml-layout":"","theme-transparent-header-meta":"","adv-header-id-meta":"","stick-header-meta":"","header-above-stick-meta":"","header-main-stick-meta":"","header-below-stick-meta":"","astra-migrate-meta-layouts":"default","ast-page-background-enabled":"default","ast-page-background-meta":{"desktop":{"background-color":"var(--ast-global-color-4)","background-image":"","background-repeat":"repeat","background-position":"center center","background-size":"auto","background-attachment":"scroll","background-type":"","background-media":"","overlay-type":"","overlay-color":"","overlay-opacity":"","overlay-gradient":""},"tablet":{"background-color":"","background-image":"","background-repeat":"repeat","background-position":"center center","background-size":"auto","background-attachment":"scroll","background-type":"","background-media":"","overlay-type":"","overlay-color":"","overlay-opacity":"","overlay-gradient":""},"mobile":{"background-color":"","background-image":"","background-repeat":"repeat","background-position":"center center","background-size":"auto","background-attachment":"scroll","background-type":"","background-media":"","overlay-type":"","overlay-color":"","overlay-opacity":"","overlay-gradient":""}},"ast-content-background-meta":{"desktop":{"background-color":"var(--ast-global-color-5)","background-image":"","background-repeat":"repeat","background-position":"center center","background-size":"auto","background-attachment":"scroll","background-type":"","background-media":"","overlay-type":"","overlay-color":"","overlay-opacity":"","overlay-gradient":""},"tablet":{"background-color":"var(--ast-global-color-5)","background-image":"","background-repeat":"repeat","background-position":"center center","background-size":"auto","background-attachment":"scroll","background-type":"","background-media":"","overlay-type":"","overlay-color":"","overlay-opacity":"","overlay-gradient":""},"mobile":{"background-color":"var(--ast-global-color-5)","background-image":"","background-repeat":"repeat","background-position":"center center","background-size":"auto","background-attachment":"scroll","background-type":"","background-media":"","overlay-type":"","overlay-color":"","overlay-opacity":"","overlay-gradient":""}},"footnotes":""},"class_list":["post-573","page","type-page","status-publish","hentry"],"post_mailing_queue_ids":[],"_links":{"self":[{"href":"https:\/\/agora.xtec.cat\/iesjoanamigo\/wp-json\/wp\/v2\/pages\/573","targetHints":{"allow":["GET"]}}],"collection":[{"href":"https:\/\/agora.xtec.cat\/iesjoanamigo\/wp-json\/wp\/v2\/pages"}],"about":[{"href":"https:\/\/agora.xtec.cat\/iesjoanamigo\/wp-json\/wp\/v2\/types\/page"}],"author":[{"embeddable":true,"href":"https:\/\/agora.xtec.cat\/iesjoanamigo\/wp-json\/wp\/v2\/users\/1"}],"replies":[{"embeddable":true,"href":"https:\/\/agora.xtec.cat\/iesjoanamigo\/wp-json\/wp\/v2\/comments?post=573"}],"version-history":[{"count":4,"href":"https:\/\/agora.xtec.cat\/iesjoanamigo\/wp-json\/wp\/v2\/pages\/573\/revisions"}],"predecessor-version":[{"id":1295,"href":"https:\/\/agora.xtec.cat\/iesjoanamigo\/wp-json\/wp\/v2\/pages\/573\/revisions\/1295"}],"up":[{"embeddable":true,"href":"https:\/\/agora.xtec.cat\/iesjoanamigo\/wp-json\/wp\/v2\/pages\/81"}],"wp:attachment":[{"href":"https:\/\/agora.xtec.cat\/iesjoanamigo\/wp-json\/wp\/v2\/media?parent=573"}],"curies":[{"name":"wp","href":"https:\/\/api.w.org\/{rel}","templated":true}]}}