{"id":546,"date":"2016-11-01T01:52:42","date_gmt":"2016-11-01T00:52:42","guid":{"rendered":"http:\/\/agora.xtec.cat\/iesjoanamigo\/?page_id=546"},"modified":"2021-02-19T11:12:53","modified_gmt":"2021-02-19T10:12:53","slug":"servei-comunitari","status":"publish","type":"page","link":"https:\/\/agora.xtec.cat\/iesjoanamigo\/projectes-de-centre\/servei-comunitari\/","title":{"rendered":"Servei comunitari"},"content":{"rendered":"<p>L&#8217;impuls del servei comunitari per a l&#8217;alumnat de secund\u00e0ria obligat\u00f2ria \u00e9s una acci\u00f3 que vol promoure que els alumnes experimentin i protagonitzin accions de comprom\u00eds c\u00edvic, aprenguin en l&#8217;exercici actiu de la ciutadania, i posin en joc els seus coneixements i capacitats al servei de la comunitat.<\/p>\n<h5>Objectius<\/h5>\n<p>Els objectius d&#8217;aquest projecte tenen en compte la Llei d&#8217;educaci\u00f3 i el Decret d&#8217;ordenaci\u00f3 dels ensenyaments de l&#8217;educaci\u00f3 secund\u00e0ria obligat\u00f2ria. Aquests objectius es concreten de la seg\u00fcent forma:<\/p>\n<ul>\n<li>Desenvolupar la compet\u00e8ncia social i ciutadana, afavorint una actitud cr\u00edtica i compromesa davant la societat, per tal d&#8217;esdevenir membres actius en una societat catalana democr\u00e0tica i participativa.<\/li>\n<li>Desenvolupar habilitats relacionades amb el disseny i realitzaci\u00f3 de projectes i amb el treball d&#8217;equip.<\/li>\n<li>Donar a con\u00e8ixer a l&#8217;alumnat i les seves fam\u00edlies la xarxa associativa i les entitats de l&#8217;entorn, per tal de promoure la participaci\u00f3 dels joves.<\/li>\n<li>Promoure el treball en xarxa entre els diferents agents educatius de l&#8217;entorn.<\/li>\n<li>Donar una resposta educativa a les necessitats emergents de l&#8217;entorn escolar.<\/li>\n<li>Augmentar la participaci\u00f3 en el teixit associatiu i les entitats de caire social per fomentar el comprom\u00eds amb la construcci\u00f3 d&#8217;una societat m\u00e9s justa, cohesionada i arrelada al territori.<\/li>\n<\/ul>\n<p><a href=\"http:\/\/xtec.gencat.cat\/ca\/comunitat\/serveicomunitari\/\">M\u00e9s informaci\u00f3&#8230;<\/a><\/p>\n","protected":false},"excerpt":{"rendered":"<p>L&#8217;impuls del servei comunitari per a l&#8217;alumnat de secund\u00e0ria obligat\u00f2ria \u00e9s una acci\u00f3 que vol promoure que els alumnes experimentin i protagonitzin accions de comprom\u00eds c\u00edvic, aprenguin en l&#8217;exercici actiu de la ciutadania, i posin en joc els seus coneixements i capacitats al servei de la comunitat. Objectius Els objectius d&#8217;aquest projecte tenen en compte [&hellip;]<\/p>\n","protected":false},"author":1,"featured_media":0,"parent":675,"menu_order":60,"comment_status":"closed","ping_status":"closed","template":"page-templates\/side-menu.php","meta":{"_bbp_topic_count":0,"_bbp_reply_count":0,"_bbp_total_topic_count":0,"_bbp_total_reply_count":0,"_bbp_voice_count":0,"_bbp_anonymous_reply_count":0,"_bbp_topic_count_hidden":0,"_bbp_reply_count_hidden":0,"_bbp_forum_subforum_count":0,"site-sidebar-layout":"default","site-content-layout":"","ast-site-content-layout":"","site-content-style":"default","site-sidebar-style":"default","ast-global-header-display":"","ast-banner-title-visibility":"","ast-main-header-display":"","ast-hfb-above-header-display":"","ast-hfb-below-header-display":"","ast-hfb-mobile-header-display":"","site-post-title":"","ast-breadcrumbs-content":"","ast-featured-img":"","footer-sml-layout":"","theme-transparent-header-meta":"","adv-header-id-meta":"","stick-header-meta":"","header-above-stick-meta":"","header-main-stick-meta":"","header-below-stick-meta":"","astra-migrate-meta-layouts":"default","ast-page-background-enabled":"default","ast-page-background-meta":{"desktop":{"background-color":"var(--ast-global-color-4)","background-image":"","background-repeat":"repeat","background-position":"center center","background-size":"auto","background-attachment":"scroll","background-type":"","background-media":"","overlay-type":"","overlay-color":"","overlay-opacity":"","overlay-gradient":""},"tablet":{"background-color":"","background-image":"","background-repeat":"repeat","background-position":"center center","background-size":"auto","background-attachment":"scroll","background-type":"","background-media":"","overlay-type":"","overlay-color":"","overlay-opacity":"","overlay-gradient":""},"mobile":{"background-color":"","background-image":"","background-repeat":"repeat","background-position":"center center","background-size":"auto","background-attachment":"scroll","background-type":"","background-media":"","overlay-type":"","overlay-color":"","overlay-opacity":"","overlay-gradient":""}},"ast-content-background-meta":{"desktop":{"background-color":"var(--ast-global-color-5)","background-image":"","background-repeat":"repeat","background-position":"center center","background-size":"auto","background-attachment":"scroll","background-type":"","background-media":"","overlay-type":"","overlay-color":"","overlay-opacity":"","overlay-gradient":""},"tablet":{"background-color":"var(--ast-global-color-5)","background-image":"","background-repeat":"repeat","background-position":"center center","background-size":"auto","background-attachment":"scroll","background-type":"","background-media":"","overlay-type":"","overlay-color":"","overlay-opacity":"","overlay-gradient":""},"mobile":{"background-color":"var(--ast-global-color-5)","background-image":"","background-repeat":"repeat","background-position":"center center","background-size":"auto","background-attachment":"scroll","background-type":"","background-media":"","overlay-type":"","overlay-color":"","overlay-opacity":"","overlay-gradient":""}},"footnotes":""},"class_list":["post-546","page","type-page","status-publish","hentry"],"post_mailing_queue_ids":[],"_links":{"self":[{"href":"https:\/\/agora.xtec.cat\/iesjoanamigo\/wp-json\/wp\/v2\/pages\/546","targetHints":{"allow":["GET"]}}],"collection":[{"href":"https:\/\/agora.xtec.cat\/iesjoanamigo\/wp-json\/wp\/v2\/pages"}],"about":[{"href":"https:\/\/agora.xtec.cat\/iesjoanamigo\/wp-json\/wp\/v2\/types\/page"}],"author":[{"embeddable":true,"href":"https:\/\/agora.xtec.cat\/iesjoanamigo\/wp-json\/wp\/v2\/users\/1"}],"replies":[{"embeddable":true,"href":"https:\/\/agora.xtec.cat\/iesjoanamigo\/wp-json\/wp\/v2\/comments?post=546"}],"version-history":[{"count":3,"href":"https:\/\/agora.xtec.cat\/iesjoanamigo\/wp-json\/wp\/v2\/pages\/546\/revisions"}],"predecessor-version":[{"id":3659,"href":"https:\/\/agora.xtec.cat\/iesjoanamigo\/wp-json\/wp\/v2\/pages\/546\/revisions\/3659"}],"up":[{"embeddable":true,"href":"https:\/\/agora.xtec.cat\/iesjoanamigo\/wp-json\/wp\/v2\/pages\/675"}],"wp:attachment":[{"href":"https:\/\/agora.xtec.cat\/iesjoanamigo\/wp-json\/wp\/v2\/media?parent=546"}],"curies":[{"name":"wp","href":"https:\/\/api.w.org\/{rel}","templated":true}]}}