{"id":536,"date":"2016-11-01T01:39:16","date_gmt":"2016-11-01T00:39:16","guid":{"rendered":"http:\/\/agora.xtec.cat\/iesjoanamigo\/?page_id=536"},"modified":"2018-09-24T10:45:08","modified_gmt":"2018-09-24T08:45:08","slug":"no-es-un-rotllo-la-lectura","status":"publish","type":"page","link":"https:\/\/agora.xtec.cat\/iesjoanamigo\/projectes-de-centre\/no-es-un-rotllo-la-lectura\/","title":{"rendered":"&#8220;No \u00e9s un rotllo la lectura&#8221;"},"content":{"rendered":"<h5>EL PER QU\u00c8 DE LA PROPOSTA \/OBJECTIUS<\/h5>\n<ul>\n<li>Impulsar l\u2019h\u00e0bit lector.<a href=\"http:\/\/agora.xtec.cat\/iesjoanamigo\/wp-content\/uploads\/usu506\/2016\/12\/llibres-NOV16.jpg\"><img loading=\"lazy\" decoding=\"async\" class=\"alignright wp-image-780\" src=\"http:\/\/agora.xtec.cat\/iesjoanamigo\/wp-content\/uploads\/usu506\/2016\/12\/llibres-NOV16.jpg\" alt=\"llibres-nov16\" width=\"400\" height=\"225\" srcset=\"https:\/\/agora.xtec.cat\/iesjoanamigo\/wp-content\/uploads\/usu506\/2016\/12\/llibres-NOV16.jpg 799w, https:\/\/agora.xtec.cat\/iesjoanamigo\/wp-content\/uploads\/usu506\/2016\/12\/llibres-NOV16-300x169.jpg 300w, https:\/\/agora.xtec.cat\/iesjoanamigo\/wp-content\/uploads\/usu506\/2016\/12\/llibres-NOV16-768x432.jpg 768w\" sizes=\"auto, (max-width: 400px) 100vw, 400px\" \/><\/a><\/li>\n<li>Fomentar la comprensi\u00f3 lectora.<\/li>\n<li>Desenvolupar la capacitat de dialogar. (argumentar i saber escoltar).<\/li>\n<li>Millorar les compet\u00e8ncies b\u00e0siques.<\/li>\n<li>Afavorir l\u2019estudi i comprensi\u00f3 del curr\u00edculum.<\/li>\n<li>Promoure l\u2019\u00fas de la biblioteca, tant la del centre com la de la poblaci\u00f3.<\/li>\n<\/ul>\n<h5>ORGANITZACI\u00d3<\/h5>\n<ul>\n<li>Tot el centre.<\/li>\n<li>Implicaci\u00f3 de tot el professorat: supervisar que es faci la lectura, motivar l\u2019alumnat, recollir sugger\u00e8ncies i propostes de l\u2019alumnat envers les lectures.<\/li>\n<li>Plataforma LEGILAND.<\/li>\n<\/ul>\n<h5>DESENVOLUPAMENT DE L\u2019ACTIVITAT<\/h5>\n<ul>\n<li>Es redueixen 5 minuts les classes i s\u2019agrupen els 25 minuts despr\u00e9s del pati. L\u2019alumnat va a l\u2019aula de grup-classe i procedeix a la lectura del llibre que pr\u00e8viament ha escollit.<\/li>\n<li>Una vegada llegit, l\u2019alumne que ho desitgi explicar\u00e0 en aquesta web la seva opini\u00f3 sobre el llibre.<\/li>\n<\/ul>\n<h5>INDISPENSABLE<\/h5>\n<ul>\n<li>Concentraci\u00f3 i silenci a l\u2019aula.<\/li>\n<li>Ordre en l\u2019exposici\u00f3 i\/o debat posterior (si es tracta algun tema conjunt).<\/li>\n<li>No es pot fer deures, ni estudiar\u2026 Tampoc llegir lectures obligat\u00f2ries d\u2019altres mat\u00e8ries.<\/li>\n<\/ul>\n","protected":false},"excerpt":{"rendered":"<p>EL PER QU\u00c8 DE LA PROPOSTA \/OBJECTIUS Impulsar l\u2019h\u00e0bit lector. Fomentar la comprensi\u00f3 lectora. Desenvolupar la capacitat de dialogar. (argumentar i saber escoltar). Millorar les compet\u00e8ncies b\u00e0siques. Afavorir l\u2019estudi i comprensi\u00f3 del curr\u00edculum. Promoure l\u2019\u00fas de la biblioteca, tant la del centre com la de la poblaci\u00f3. ORGANITZACI\u00d3 Tot el centre. Implicaci\u00f3 de tot el [&hellip;]<\/p>\n","protected":false},"author":1,"featured_media":0,"parent":675,"menu_order":0,"comment_status":"closed","ping_status":"closed","template":"page-templates\/side-menu.php","meta":{"_bbp_topic_count":0,"_bbp_reply_count":0,"_bbp_total_topic_count":0,"_bbp_total_reply_count":0,"_bbp_voice_count":0,"_bbp_anonymous_reply_count":0,"_bbp_topic_count_hidden":0,"_bbp_reply_count_hidden":0,"_bbp_forum_subforum_count":0,"site-sidebar-layout":"default","site-content-layout":"","ast-site-content-layout":"","site-content-style":"default","site-sidebar-style":"default","ast-global-header-display":"","ast-banner-title-visibility":"","ast-main-header-display":"","ast-hfb-above-header-display":"","ast-hfb-below-header-display":"","ast-hfb-mobile-header-display":"","site-post-title":"","ast-breadcrumbs-content":"","ast-featured-img":"","footer-sml-layout":"","theme-transparent-header-meta":"","adv-header-id-meta":"","stick-header-meta":"","header-above-stick-meta":"","header-main-stick-meta":"","header-below-stick-meta":"","astra-migrate-meta-layouts":"default","ast-page-background-enabled":"default","ast-page-background-meta":{"desktop":{"background-color":"var(--ast-global-color-4)","background-image":"","background-repeat":"repeat","background-position":"center center","background-size":"auto","background-attachment":"scroll","background-type":"","background-media":"","overlay-type":"","overlay-color":"","overlay-opacity":"","overlay-gradient":""},"tablet":{"background-color":"","background-image":"","background-repeat":"repeat","background-position":"center center","background-size":"auto","background-attachment":"scroll","background-type":"","background-media":"","overlay-type":"","overlay-color":"","overlay-opacity":"","overlay-gradient":""},"mobile":{"background-color":"","background-image":"","background-repeat":"repeat","background-position":"center center","background-size":"auto","background-attachment":"scroll","background-type":"","background-media":"","overlay-type":"","overlay-color":"","overlay-opacity":"","overlay-gradient":""}},"ast-content-background-meta":{"desktop":{"background-color":"var(--ast-global-color-5)","background-image":"","background-repeat":"repeat","background-position":"center center","background-size":"auto","background-attachment":"scroll","background-type":"","background-media":"","overlay-type":"","overlay-color":"","overlay-opacity":"","overlay-gradient":""},"tablet":{"background-color":"var(--ast-global-color-5)","background-image":"","background-repeat":"repeat","background-position":"center center","background-size":"auto","background-attachment":"scroll","background-type":"","background-media":"","overlay-type":"","overlay-color":"","overlay-opacity":"","overlay-gradient":""},"mobile":{"background-color":"var(--ast-global-color-5)","background-image":"","background-repeat":"repeat","background-position":"center center","background-size":"auto","background-attachment":"scroll","background-type":"","background-media":"","overlay-type":"","overlay-color":"","overlay-opacity":"","overlay-gradient":""}},"footnotes":""},"class_list":["post-536","page","type-page","status-publish","hentry"],"post_mailing_queue_ids":[],"_links":{"self":[{"href":"https:\/\/agora.xtec.cat\/iesjoanamigo\/wp-json\/wp\/v2\/pages\/536","targetHints":{"allow":["GET"]}}],"collection":[{"href":"https:\/\/agora.xtec.cat\/iesjoanamigo\/wp-json\/wp\/v2\/pages"}],"about":[{"href":"https:\/\/agora.xtec.cat\/iesjoanamigo\/wp-json\/wp\/v2\/types\/page"}],"author":[{"embeddable":true,"href":"https:\/\/agora.xtec.cat\/iesjoanamigo\/wp-json\/wp\/v2\/users\/1"}],"replies":[{"embeddable":true,"href":"https:\/\/agora.xtec.cat\/iesjoanamigo\/wp-json\/wp\/v2\/comments?post=536"}],"version-history":[{"count":3,"href":"https:\/\/agora.xtec.cat\/iesjoanamigo\/wp-json\/wp\/v2\/pages\/536\/revisions"}],"predecessor-version":[{"id":798,"href":"https:\/\/agora.xtec.cat\/iesjoanamigo\/wp-json\/wp\/v2\/pages\/536\/revisions\/798"}],"up":[{"embeddable":true,"href":"https:\/\/agora.xtec.cat\/iesjoanamigo\/wp-json\/wp\/v2\/pages\/675"}],"wp:attachment":[{"href":"https:\/\/agora.xtec.cat\/iesjoanamigo\/wp-json\/wp\/v2\/media?parent=536"}],"curies":[{"name":"wp","href":"https:\/\/api.w.org\/{rel}","templated":true}]}}