{"id":5358,"date":"2023-03-28T10:22:27","date_gmt":"2023-03-28T08:22:27","guid":{"rendered":"https:\/\/agora.xtec.cat\/iesjoanamigo\/?page_id=5358"},"modified":"2023-03-28T10:34:52","modified_gmt":"2023-03-28T08:34:52","slug":"termes-i-condicions-de-pagament","status":"publish","type":"page","link":"https:\/\/agora.xtec.cat\/iesjoanamigo\/termes-i-condicions-de-pagament\/","title":{"rendered":"Termes i condicions de pagament"},"content":{"rendered":"<h4>Condicions generals de pagament<\/h4>\n<p>El present acord regula les condicions generals de pagament dels serveis oferts en la present p\u00e0gina web per l&#8217;<strong>Institut Joan Amig\u00f3 i Callau<\/strong> (en endavant &#8220;l&#8217;Institut&#8221;) amb CIF n\u00fam. <strong>Q9355024B<\/strong> i domicili al <strong>Carrer del Ser\u00e8, 10, 43440 L&#8217;Espluga de Francol\u00ed<\/strong>.<\/p>\n<p>L&#8217;alumne, pare\/mare o tutor\/a legal (d&#8217;ara endavant l&#8217;ALUMNE), en el moment que realitza el pagament de les activitats complement\u00e0ries, viatges educatius i col\u00f2nies, accepta i se sotmet expressament a les cl\u00e0usules especificades a continuaci\u00f3, la seva pol\u00edtica de privacitat, av\u00eds legal i la resta d&#8217;aspectes legals que en conjunt donen compliment a l&#8217;article 10 de la Llei 34\/2002, de l&#8217;11 de juliol, de serveis de la Societat de la Informaci\u00f3 i Comer\u00e7 Electr\u00f2nic (LSSICE).<\/p>\n<p>L&#8217;<strong>ALUMNE<\/strong> reconeix disposar de capacitat jur\u00eddica i legal suficient per obligar-se contractualment i que posseeix els requisits acad\u00e8mics necessaris per a cursar la formaci\u00f3 contractada.<\/p>\n<p>En cas que l&#8217;alumne hagi efectuat el pagament d&#8217;alguna activitat complement\u00e0ria, viatge educatiu i\/o col\u00f2nies que, per causes de for\u00e7a major, s&#8217;hagi cancel\u00b7lat, se li retornar\u00e0 l&#8217;import total menys les despeses de gesti\u00f3.<\/p>\n<p>Els requisits d&#8217;acc\u00e9s s&#8217;especifiquen a la p\u00e0gina web de l&#8217;<strong>Institut<\/strong>.<\/p>\n<p>Les presents condicions estan permanentment accessibles en els avisos legals de la nostra p\u00e0gina web, i poden ser consultades sempre que l&#8217;alumne ho requereixi.<\/p>\n<p>El sistema de pagament online de l&#8217;<strong>Institut<\/strong> no \u00e9s una botiga virtual i, per tant, no es dedica a vendre productes i\/o serveis. \u00danicament facilita el pagament d&#8217;activitats del centre a trav\u00e9s de targeta de d\u00e8bit\/cr\u00e8dit.<\/p>\n<h6>PRIMER.- PREUS I IMPOSTOS<\/h6>\n<p>En contraprestaci\u00f3 pel producte\/servei adquirit, l&#8217;<strong>ALUMNE<\/strong> accepta pagar expressament a l&#8217;<strong>Institut<\/strong> les quantitats especificades en el moment del pagament a la relaci\u00f3 de preus establerts al web <a href=\"http:\/\/www.insjoanamigo.cat\">www.insjoanamigo.cat<\/a> per a les activitats escollits.<\/p>\n<p>Els serveis que s&#8217;ofereixen a la nostra p\u00e0gina web NO estan subjectes a l&#8217;Impost sobre el Valor Afegit (IVA).<\/p>\n<p>Un cop finalitzada la selecci\u00f3 de les activitats i de manera pr\u00e8via a la confirmaci\u00f3 de la comanda i abans de procedir al pagament d&#8217;aquest, en pantalla apareixer\u00e0 el preu final de la compra.<\/p>\n<p>No s&#8217;inclou tot all\u00f2 que no aparegui especificat en la descripci\u00f3 com incl\u00f2s.<\/p>\n<h6>SEGON.- PROCEDIMENT DE PAGAMENT<\/h6>\n<p>A trav\u00e9s d&#8217;aquesta p\u00e0gina web nom\u00e9s podran realitzar pagaments persones f\u00edsiques majors d&#8217;edat (alumne, pare\/mare o tutor\/a legal), que emplenaran les dades de l&#8217;alumne que compleixi els requisits acad\u00e8mics per accedir a la formaci\u00f3 o activitat objecte del pagament.<\/p>\n<p>A la p\u00e0gina web es detallen totes les activitats complement\u00e0ries, viatges educatius i col\u00f2nies de manera individualitzada. El procediment per efectuar i gestionar el pagament es va indicant a la p\u00e0gina web i nom\u00e9s s&#8217;han de seguir els seg\u00fcents passos:<\/p>\n<ol>\n<li>Escollir l&#8217;activitat pel qual es vulgui realitzar el pagament.<\/li>\n<li>Un cop tramitat el proc\u00e9s, es procedir\u00e0 a la verificaci\u00f3 de la comanda on es detallen les activitats seleccionades i es calcular\u00e0 el preu total.<\/li>\n<li>A la p\u00e0gina web es facilitaran els mecanismes perqu\u00e8 pugui efectuar-se el pagament en funci\u00f3 del sistema triat en cada cas.<\/li>\n<li>Un cop revisat que tot sigui correcte i s\u2019hagin introdu\u00eft correctament les dades de l&#8217;alumne, caldr\u00e0 marcar de manera pr\u00e8via una casella de verificaci\u00f3 de lectura i acceptaci\u00f3 dels termes i condicions de venda.<\/li>\n<li>Un cop premut el bot\u00f3 \u201cFer el pagament\u201d es procedir\u00e0 a redirigir al client a la passarel\u00b7la de pagament segura on es far\u00e0 i confirmar\u00e0 el pagament.<\/li>\n<\/ol>\n<p>L&#8217;<strong>ALUMNE<\/strong> es dona per informat que les descripcions de les activitats a la p\u00e0gina web es realitzen nom\u00e9s a t\u00edtol informatiu.<\/p>\n<h6>TERCER.- DISPONIBILITAT<\/h6>\n<p>Les activitats oferts per l&#8217;<strong>Institut<\/strong> es troben disponibles exclusivament per alumnes o futurs alumnes del centre.<\/p>\n<p>Les comandes es processaran una vegada que s&#8217;hagi rebut correctament el pagament.<\/p>\n<p>Les activitats complement\u00e0ries, viatges educatius i col\u00f2nies es realitzaran durant el curs escolar.<\/p>\n<p>Amb l&#8217;objecte que en tot moment estigui informat de la gesti\u00f3 del seu pagament, rebr\u00e0 per correu electr\u00f2nic un av\u00eds de la confirmaci\u00f3 de la seva comanda i del pagament.<\/p>\n<p>Aix\u00ed mateix, l&#8217;<strong>ALUMNE<\/strong> pot consultar l&#8217;estat de la seva comanda enviant un correu electr\u00f2nic a l&#8217;adre\u00e7a <em>secretaria@insjoanamigo.cat<\/em>.<\/p>\n<h6>QUART.- PAGAMENT I PER\u00cdODES DE PAGAMENT<\/h6>\n<p>S&#8217;accepten les seg\u00fcents formes de pagament segons el tipus d&#8217;articles de la seva comanda:<\/p>\n<ul>\n<li><em>Targeta de d\u00e8bit\/cr\u00e8dit<\/em>: La transacci\u00f3 es realitza connectant directament amb l&#8217;entitat banc\u00e0ria a trav\u00e9s de la seva passarel\u00b7la de pagament.<\/li>\n<li><em>Bizum<\/em>: La transacci\u00f3 es realitza connectant directament amb l&#8217;entitat banc\u00e0ria a trav\u00e9s de la seva passarel\u00b7la de pagament.<\/li>\n<\/ul>\n<p>Un cop efectuat el pagament, es rebr\u00e0 un correu electr\u00f2nic de confirmaci\u00f3 del mateix.<\/p>\n<p>L&#8217;<strong>Institut<\/strong> no t\u00e9 coneixement de les dades referents a la targeta de d\u00e8bit\/cr\u00e8dit o Bizum. Tots els nostres sistemes de pagament s\u00f3n totalment segurs.<\/p>\n<p>Els pagaments d&#8217;activitats complement\u00e0ries, viatges educatius i col\u00f2nies s\u00f3n previs a l&#8217;inici de la corresponent activitat, de manera que l&#8217;<strong>Institut<\/strong> no acceptar\u00e0 la participaci\u00f3 de l&#8217;alumne a cap activitat que no hagi realitzat el pagament previ d&#8217;aquesta.<\/p>\n<p>L&#8217;<strong>Institut<\/strong> es reserva el dret a cancel\u00b7lar temporalment o definitivament els serveis prestats davant de qualsevol incid\u00e8ncia en mat\u00e8ria de cobrament incomplet o impagament dels mateixos, sense necessitat de requeriment o av\u00eds previ a l&#8217;alumne, pare\/mare o tutor\/a legal.<\/p>\n<h6>CINQU\u00c8.- COMPROVANT DE PAGAMENT<\/h6>\n<p>Quan s&#8217;efectua el pagament corresponent, tindr\u00e0 al correu electr\u00f2nic facilitat el comprovant de pagament en format PDF, que s&#8217;haur\u00e0 de presentar al centre juntament amb la documentaci\u00f3 a emplenar, si escau, facilitada a la p\u00e0gina de l&#8217;activitat seleccionada.<\/p>\n<p>L&#8217;<strong>ALUMNE<\/strong> \u00e9s responsable de la confirmaci\u00f3 de la recepci\u00f3 de les notificacions i de posar en el nostre coneixement qualsevol modificaci\u00f3 sobre les seves dades, quedant l&#8217;<strong>Institut<\/strong> exonerat de qualsevol responsabilitat derivada per aquesta circumst\u00e0ncia.<\/p>\n<h6>SIS\u00c8.- DEVOLUCIONS<\/h6>\n<p>Un cop iniciada l&#8217;activitat, l&#8217;alumne no podr\u00e0 sol\u00b7licitar la devoluci\u00f3 de l&#8217;import de les seves matr\u00edcules o pagaments i no es podr\u00e0 tramitar la devoluci\u00f3 dels diners i la corresponent baixa com <strong>ALUMNE<\/strong>, amb excepci\u00f3 de causes de for\u00e7a major.<\/p>\n<p>En tot cas, la devoluci\u00f3 quedar\u00e0 sempre subjecta a previ examen per part l&#8217;<strong>Institut<\/strong> i a la verificaci\u00f3 que s&#8217;han complert els requisits exigibles en les presents condicions. Un cop rebuda la devoluci\u00f3 i en cas que sigui procedent, reemborsarem l&#8217;import cobrat en un termini m\u00e0xim de 30 dies naturals i en els mateixos termes que es van usar per efectuar el pagament.<\/p>\n<p>L&#8217;<strong>Institut<\/strong> es reserva el dret de rebutjar devolucions comunicades o enviades fora del termini fixat.<\/p>\n<p>Les devolucions es podran gestionar a trav\u00e9s de l&#8217;enviament d&#8217;un correu electr\u00f2nic a secretaria@insjoanamigo.cat aportant una descripci\u00f3 dels motius i de les causes al\u00b7legades per a la devoluci\u00f3. Aix\u00ed mateix, caldr\u00e0 assenyalar el nom i cognoms i el n\u00famero de refer\u00e8ncia de la comanda. Un cop rebuda la petici\u00f3, la tramitarem oportunament.<\/p>\n<h6>SET\u00c8.- PERFECCIONAMENT DEL CONTRACTE I MODIFICACIONS DELS SERVEIS<\/h6>\n<p>El present contracte es perfeccionar\u00e0 amb el pagament del producte i l&#8217;enviament a l&#8217;<strong>ALUMNE<\/strong> d&#8217;un correu electr\u00f2nic de confirmaci\u00f3 amb una descripci\u00f3 del pagament efectuat. L&#8217;<strong>Institut<\/strong> es reserva el dret de modificar, de forma les caracter\u00edstiques i condicions dels seus serveis i productes, sempre amb l&#8217;objectiu de millorar-los i que suposi un benefici per a l&#8217;<strong>ALUMNE<\/strong>.<\/p>\n<h6>VUIT\u00c8.- COMPROM\u00cdS, ACCEPTACI\u00d3 I VALIDESA DEL CONTRACTE<\/h6>\n<p>L&#8217;<strong>ALUMNE<\/strong> reconeix haver llegit i acceptat les condicions legals d&#8217;\u00fas: av\u00eds legal, pol\u00edtica de privacitat i condicions de venda de la p\u00e0gina web.<\/p>\n<p>L&#8217;<strong>ALUMNE<\/strong> reconeix que ha ent\u00e8s tota la informaci\u00f3 respecte als serveis oferts a la nostra p\u00e0gina web, aix\u00ed com totes les condicions i estipulacions recollides en el present contracte electr\u00f2nic, pel qual afirma que s\u00f3n suficients per a l&#8217;exclusi\u00f3 de l&#8217;error en el consentiment del present contracte i, per tant, les accepta \u00edntegrament i expressament.<\/p>\n<p>L&#8217;<strong>ALUMNE<\/strong> \u00e9s plenament conscient que l&#8217;acceptaci\u00f3 i execuci\u00f3 del present contracte tindr\u00e0 lloc per mitj\u00e0 del subministrament de les seves dades i la pulsaci\u00f3 del bot\u00f3 \u201cRealitza la comanda\u201d indicat a la nostra p\u00e0gina web i que es perfeccionar\u00e0 amb el pagament del servei.<\/p>\n<h6>NOV\u00c8.- NORMATIVA APLICABLE I COMPET\u00c8NCIA JURISDICCIONAL<\/h6>\n<p>La relaci\u00f3 entre l&#8217;<strong>Institut<\/strong> i els usuaris es regir\u00e0 per la normativa vigent.<\/p>\n<p>En el cas que es produeixi qualsevol mena de discrep\u00e0ncia o difer\u00e8ncia entre les parts en relaci\u00f3 amb la interpretaci\u00f3, contingut o execuci\u00f3 dels pagaments que no sigui solucionada extrajudicialment de com\u00fa acord, les parts se sotmetran a la compet\u00e8ncia territorial dels jutjats o tribunals corresponents al domicili social de l&#8217;<strong>Institut<\/strong>, amb ren\u00fancia a qualsevol altre fur que pogu\u00e9s correspondre&#8217;ls, i sempre que no exist\u00eds norma expressa de car\u00e0cter imperatiu en un altre sentit.<\/p>\n<h6>DES\u00c8.- DADES PERSONALS<\/h6>\n<p>El proc\u00e9s de pagament requereix l&#8217;emplenament del formulari de dades personals amb la finalitat de tramitar i gestionar les comandes. El subministrament d&#8217;aquestes dades personals requereix l&#8217;aprovaci\u00f3 pr\u00e8via de la nostra Pol\u00edtica de privacitat.<\/p>\n","protected":false},"excerpt":{"rendered":"<p>Condicions generals de pagament El present acord regula les condicions generals de pagament dels serveis oferts en la present p\u00e0gina web per l&#8217;Institut Joan Amig\u00f3 i Callau (en endavant &#8220;l&#8217;Institut&#8221;) amb CIF n\u00fam. Q9355024B i domicili al Carrer del Ser\u00e8, 10, 43440 L&#8217;Espluga de Francol\u00ed. L&#8217;alumne, pare\/mare o tutor\/a legal (d&#8217;ara endavant l&#8217;ALUMNE), en el [&hellip;]<\/p>\n","protected":false},"author":1,"featured_media":0,"parent":0,"menu_order":0,"comment_status":"closed","ping_status":"closed","template":"","meta":{"_bbp_topic_count":0,"_bbp_reply_count":0,"_bbp_total_topic_count":0,"_bbp_total_reply_count":0,"_bbp_voice_count":0,"_bbp_anonymous_reply_count":0,"_bbp_topic_count_hidden":0,"_bbp_reply_count_hidden":0,"_bbp_forum_subforum_count":0,"site-sidebar-layout":"default","site-content-layout":"","ast-site-content-layout":"","site-content-style":"default","site-sidebar-style":"default","ast-global-header-display":"","ast-banner-title-visibility":"","ast-main-header-display":"","ast-hfb-above-header-display":"","ast-hfb-below-header-display":"","ast-hfb-mobile-header-display":"","site-post-title":"","ast-breadcrumbs-content":"","ast-featured-img":"","footer-sml-layout":"","theme-transparent-header-meta":"","adv-header-id-meta":"","stick-header-meta":"","header-above-stick-meta":"","header-main-stick-meta":"","header-below-stick-meta":"","astra-migrate-meta-layouts":"default","ast-page-background-enabled":"default","ast-page-background-meta":{"desktop":{"background-color":"var(--ast-global-color-4)","background-image":"","background-repeat":"repeat","background-position":"center center","background-size":"auto","background-attachment":"scroll","background-type":"","background-media":"","overlay-type":"","overlay-color":"","overlay-opacity":"","overlay-gradient":""},"tablet":{"background-color":"","background-image":"","background-repeat":"repeat","background-position":"center center","background-size":"auto","background-attachment":"scroll","background-type":"","background-media":"","overlay-type":"","overlay-color":"","overlay-opacity":"","overlay-gradient":""},"mobile":{"background-color":"","background-image":"","background-repeat":"repeat","background-position":"center center","background-size":"auto","background-attachment":"scroll","background-type":"","background-media":"","overlay-type":"","overlay-color":"","overlay-opacity":"","overlay-gradient":""}},"ast-content-background-meta":{"desktop":{"background-color":"var(--ast-global-color-5)","background-image":"","background-repeat":"repeat","background-position":"center center","background-size":"auto","background-attachment":"scroll","background-type":"","background-media":"","overlay-type":"","overlay-color":"","overlay-opacity":"","overlay-gradient":""},"tablet":{"background-color":"var(--ast-global-color-5)","background-image":"","background-repeat":"repeat","background-position":"center center","background-size":"auto","background-attachment":"scroll","background-type":"","background-media":"","overlay-type":"","overlay-color":"","overlay-opacity":"","overlay-gradient":""},"mobile":{"background-color":"var(--ast-global-color-5)","background-image":"","background-repeat":"repeat","background-position":"center center","background-size":"auto","background-attachment":"scroll","background-type":"","background-media":"","overlay-type":"","overlay-color":"","overlay-opacity":"","overlay-gradient":""}},"footnotes":""},"class_list":["post-5358","page","type-page","status-publish","hentry"],"post_mailing_queue_ids":[],"_links":{"self":[{"href":"https:\/\/agora.xtec.cat\/iesjoanamigo\/wp-json\/wp\/v2\/pages\/5358","targetHints":{"allow":["GET"]}}],"collection":[{"href":"https:\/\/agora.xtec.cat\/iesjoanamigo\/wp-json\/wp\/v2\/pages"}],"about":[{"href":"https:\/\/agora.xtec.cat\/iesjoanamigo\/wp-json\/wp\/v2\/types\/page"}],"author":[{"embeddable":true,"href":"https:\/\/agora.xtec.cat\/iesjoanamigo\/wp-json\/wp\/v2\/users\/1"}],"replies":[{"embeddable":true,"href":"https:\/\/agora.xtec.cat\/iesjoanamigo\/wp-json\/wp\/v2\/comments?post=5358"}],"version-history":[{"count":3,"href":"https:\/\/agora.xtec.cat\/iesjoanamigo\/wp-json\/wp\/v2\/pages\/5358\/revisions"}],"predecessor-version":[{"id":5364,"href":"https:\/\/agora.xtec.cat\/iesjoanamigo\/wp-json\/wp\/v2\/pages\/5358\/revisions\/5364"}],"wp:attachment":[{"href":"https:\/\/agora.xtec.cat\/iesjoanamigo\/wp-json\/wp\/v2\/media?parent=5358"}],"curies":[{"name":"wp","href":"https:\/\/api.w.org\/{rel}","templated":true}]}}