{"id":5352,"date":"2023-03-28T10:15:05","date_gmt":"2023-03-28T08:15:05","guid":{"rendered":"https:\/\/agora.xtec.cat\/iesjoanamigo\/?page_id=5352"},"modified":"2023-03-28T10:35:37","modified_gmt":"2023-03-28T08:35:37","slug":"avis-legal","status":"publish","type":"page","link":"https:\/\/agora.xtec.cat\/iesjoanamigo\/avis-legal\/","title":{"rendered":"Av\u00eds legal"},"content":{"rendered":"<h4>Condicions generals d&#8217;\u00fas del lloc web<\/h4>\n<p>El lloc web https:\/\/www.insjoanamigo.cat \u00e9s propietat de l\u2019<strong>Institut Joan Amig\u00f3 i Callau<\/strong>, amb domicili a efectes de notificacions a <strong>Carrer del Ser\u00e8, 10, 43440 L&#8217;Espluga de Francol\u00ed<\/strong>, CIF n\u00fam. <strong>Q9355024B<\/strong>, i adre\u00e7a de correu electr\u00f2nic e3006617@xtec.cat, i mitjan\u00e7ant el mateix es proporciona informaci\u00f3 sobre les seves activitats i\/o serveis.<\/p>\n<p>L\u2019acc\u00e9s i \u00fas del lloc web atribueix a qui ho realitza en condici\u00f3 d\u2019\u201dUsuari\u201d i implica l\u2019acceptaci\u00f3 \u00edntegra, expressa i sense reserves de les presents condicions generals, vigents en el moment de l\u2019acc\u00e9s. Si l\u2019usuari no comprengu\u00e9s \u00edntegrament les presents condicions d\u2019\u00fas o no estigu\u00e9s d\u2019acord amb les mateixes, s\u2019haur\u00e0 d\u2019abstenir d\u2019utilitzar i operar a trav\u00e9s d\u2019aquest lloc web.<\/p>\n<p>Les presents condicions generals regeixen \u00fanica i exclusivament l\u2019\u00fas del lloc web de l\u2019Institut Joan Amig\u00f3 i Callau per part dels usuaris que accedeixin i\/o naveguin per <a href=\"http:\/\/www.insjoanamigo.cat\">www.insjoanamigo.cat<\/a>. Les presents condicions generals s\u2019exposen en totes i cadascuna de les p\u00e0gines del lloc web, perqu\u00e8 els usuaris puguin llegir-les, imprimir-les i arxivar-les.<\/p>\n<h6>PRIMERA.- CONDICIONS D\u2019ACC\u00c9S I \u00daS<\/h6>\n<p>La utilitzaci\u00f3 del lloc web de l\u2019Institut Joan Amig\u00f3 i Callau \u00e9s gratu\u00efta i no requereix el previ registre de l\u2019usuari. En aquells casos que l\u2019acc\u00e9s i\/o \u00fas de determinats serveis i\/o continguts requerissin el registre o subscripci\u00f3 dels usuaris, caldr\u00e0 que aquests acceptin pr\u00e8viament la corresponent Pol\u00edtica de Privacitat i les Condicions Generals espec\u00edfiques, i no \u00e9s possible l\u2019acc\u00e9s als mateixos sense aquesta acceptaci\u00f3.<\/p>\n<p>Les condicions d\u2019acc\u00e9s i \u00fas del present lloc web es regeixen estrictament per la legalitat vigent i pel principi de bona fe, comprometent-se l\u2019usuari a realitzar un bon \u00fas de la web. Queden prohibits tots els actes que vulnerin drets o interessos de tercers (dret a la intimitat, protecci\u00f3 de dades, propietat intel\u00b7lectual, etc.), o la legalitat vigent.<\/p>\n<p>L\u2019Institut Joan Amig\u00f3 i Callau prohibeix expressament:<\/p>\n<ul>\n<li>Realitzar accions que puguin produir al lloc web o a trav\u00e9s del mateix, per qualsevol mitj\u00e0, qualsevol mena de dany als sistemes de l\u2019Institut Joan Amig\u00f3 i Callau o a tercers.<\/li>\n<li>Realitzar sense la deguda autoritzaci\u00f3 qualsevol mena de publicitat o informaci\u00f3 comercial directament o de forma encoberta, l\u2019enviament de correus massius (\u201cspamming\u201c) o enviament de grans missatges amb la finalitat de bloquejar servidors de la xarxa (\u201cmail bombing\u201c).<\/li>\n<\/ul>\n<p>L\u2019usuari es compromet a no utilitzar el lloc web, ni els continguts o informaci\u00f3 i\/o els serveis que s\u2019ofereixen en el mateix per a la realitzaci\u00f3 d\u2019activitats contr\u00e0ries a la llei i a respectar en tot moment les presents condicions generals.<\/p>\n<p>L\u2019Institut Joan Amig\u00f3 i Callau podr\u00e0 interrompre en qualsevol moment l\u2019acc\u00e9s al seu lloc web si detecta un \u00fas contrari a la legalitat, la bona fe o a les presents condicions generals.<\/p>\n<h6>SEGONA.- CONTINGUTS<\/h6>\n<p>Els continguts incorporats en aquest lloc web han estat elaborats i inclosos per l\u2019Institut Joan Amig\u00f3 i Callau , utilitzant fonts internes i externes, de tal manera que l\u2019Institut Joan Amig\u00f3 i Callau \u00fanicament es fa responsable pels continguts elaborats de forma interna.<\/p>\n<p>L\u2019Institut Joan Amig\u00f3 i Callau es reserva el dret a modificar en qualsevol moment els continguts existents al seu lloc web. L\u2019Institut Joan Amig\u00f3 i Callau no assegura ni es responsabilitza del correcte funcionament dels enlla\u00e7os a llocs web de tercers que figurin a www.insjoanamigo.cat.<\/p>\n<p>A m\u00e9s, a trav\u00e9s de la p\u00e0gina web www.insjoanamigo.cat, poden posar-se a disposici\u00f3 dels usuaris, serveis gratu\u00efts i\/o de pagament oferts per tercers aliens, els quals es regiran per les condicions particulars d\u2019aquests serveis. L\u2019Institut Joan Amig\u00f3 i Callau no garanteix en cap cas la veracitat, exactitud o actualitat dels continguts i serveis oferts per tercers i queda expressament exonerat de qualsevol mena de responsabilitat pels danys i perjudicis que puguin derivar-se de la falta d\u2019exactitud d\u2019aquests continguts i serveis.<\/p>\n<h6>TERCERA.- RESPONSABILITAT<\/h6>\n<p>L\u2019Institut Joan Amig\u00f3 i Callau en cap cas ser\u00e0 responsable de:<\/p>\n<ul>\n<li>Les fallades i incid\u00e8ncies que poguessin produir-se en les comunicacions, esborrat o transmissions incompletes de manera que no es garanteix que els serveis del lloc web estiguin constantment operatius.<\/li>\n<li>De la producci\u00f3 de qualsevol mena de dany que els usuaris o tercers poguessin ocasionar al lloc web.<\/li>\n<\/ul>\n<p>L\u2019Institut Joan Amig\u00f3 i Callau es reserva el dret a suspendre l\u2019acc\u00e9s sense previ av\u00eds de forma discrecional i amb car\u00e0cter definitiu o temporal fins a assegurar-se de l\u2019efectiva responsabilitat dels danys que poguessin produir-se.<\/p>\n<p>L\u2019Institut Joan Amig\u00f3 i Callau col\u00b7laborar\u00e0 i notificar\u00e0 a l\u2019autoritat competent les incid\u00e8ncies anteriorment indicades en el moment en qu\u00e8 tingui coneixement fefaent que els danys ocasionats constitueixin qualsevol mena d\u2019activitat il\u00b7l\u00edcita.<\/p>\n<h6>QUARTA.- DRETS D\u2019AUTOR<\/h6>\n<p>Els continguts propis, la programaci\u00f3 i el disseny del lloc web www.insjoanamigo.cat es troba plenament protegit pels drets d\u2019autor, quedant expressament prohibida tota reproducci\u00f3, comunicaci\u00f3, distribuci\u00f3 i transformaci\u00f3 dels referits elements protegits, excepte consentiment expr\u00e9s de l\u2019Institut Joan Amig\u00f3 i Callau.<\/p>\n<p>L\u2019Institut Joan Amig\u00f3 i Callau pot utilitzar fonts externes per a l\u2019elaboraci\u00f3 dels seus continguts i establir enlla\u00e7os a articles o informacions de tercers citant sempre la font. El leg\u00edtim titular dels drets d\u2019autor de les informacions aix\u00ed incloses podr\u00e0 sol\u00b7licitar en qualsevol moment l\u2019eliminaci\u00f3 dels referits continguts.<\/p>\n<p>Els materials tant gr\u00e0fics com escrits enviats pels usuaris a trav\u00e9s dels mitjans que es posen a la seva disposici\u00f3 en el lloc web s\u00f3n propietat de l\u2019usuari qui afirma en enviar la seva leg\u00edtima autoria i cedeix els drets de reproducci\u00f3 i distribuci\u00f3 a l\u2019Institut Joan Amig\u00f3 i Callau.<\/p>\n<h6>CINQUENA.- JURISDICCI\u00d3 I LLEI APLICABLE<\/h6>\n<p>Les presents condicions generals es regeixen per la legislaci\u00f3 espanyola. S\u00f3n competents per resoldre tota controv\u00e8rsia o conflicte que es derivi de les presents condicions generals els Jutjats de Valls, renunciant expressament l\u2019usuari a qualsevol altre fur que pogu\u00e9s correspondre-li.<\/p>\n<h6>SISENA.- MISCELANEA<\/h6>\n<p>En cas que qualsevol cl\u00e0usula del present document fos declarada nul\u00b7la, la resta es mantindran vigents i s\u2019interpretaran tenint en compte la voluntat de les parts i la finalitat mateixa de les presents condicions. L\u2019Institut Joan Amig\u00f3 i Callau podr\u00e0 no exercir algun dels drets i facultats conferits en aquest document el que no implicar\u00e0 en cap cas la ren\u00fancia a aquests, excepte reconeixement expr\u00e9s per part de l\u2019Institut Joan Amig\u00f3 i Callau.<\/p>\n","protected":false},"excerpt":{"rendered":"<p>Condicions generals d&#8217;\u00fas del lloc web El lloc web https:\/\/www.insjoanamigo.cat \u00e9s propietat de l\u2019Institut Joan Amig\u00f3 i Callau, amb domicili a efectes de notificacions a Carrer del Ser\u00e8, 10, 43440 L&#8217;Espluga de Francol\u00ed, CIF n\u00fam. Q9355024B, i adre\u00e7a de correu electr\u00f2nic e3006617@xtec.cat, i mitjan\u00e7ant el mateix es proporciona informaci\u00f3 sobre les seves activitats i\/o serveis. [&hellip;]<\/p>\n","protected":false},"author":1,"featured_media":0,"parent":0,"menu_order":0,"comment_status":"closed","ping_status":"closed","template":"","meta":{"_bbp_topic_count":0,"_bbp_reply_count":0,"_bbp_total_topic_count":0,"_bbp_total_reply_count":0,"_bbp_voice_count":0,"_bbp_anonymous_reply_count":0,"_bbp_topic_count_hidden":0,"_bbp_reply_count_hidden":0,"_bbp_forum_subforum_count":0,"site-sidebar-layout":"default","site-content-layout":"","ast-site-content-layout":"","site-content-style":"default","site-sidebar-style":"default","ast-global-header-display":"","ast-banner-title-visibility":"","ast-main-header-display":"","ast-hfb-above-header-display":"","ast-hfb-below-header-display":"","ast-hfb-mobile-header-display":"","site-post-title":"","ast-breadcrumbs-content":"","ast-featured-img":"","footer-sml-layout":"","theme-transparent-header-meta":"","adv-header-id-meta":"","stick-header-meta":"","header-above-stick-meta":"","header-main-stick-meta":"","header-below-stick-meta":"","astra-migrate-meta-layouts":"default","ast-page-background-enabled":"default","ast-page-background-meta":{"desktop":{"background-color":"var(--ast-global-color-4)","background-image":"","background-repeat":"repeat","background-position":"center center","background-size":"auto","background-attachment":"scroll","background-type":"","background-media":"","overlay-type":"","overlay-color":"","overlay-opacity":"","overlay-gradient":""},"tablet":{"background-color":"","background-image":"","background-repeat":"repeat","background-position":"center center","background-size":"auto","background-attachment":"scroll","background-type":"","background-media":"","overlay-type":"","overlay-color":"","overlay-opacity":"","overlay-gradient":""},"mobile":{"background-color":"","background-image":"","background-repeat":"repeat","background-position":"center center","background-size":"auto","background-attachment":"scroll","background-type":"","background-media":"","overlay-type":"","overlay-color":"","overlay-opacity":"","overlay-gradient":""}},"ast-content-background-meta":{"desktop":{"background-color":"var(--ast-global-color-5)","background-image":"","background-repeat":"repeat","background-position":"center center","background-size":"auto","background-attachment":"scroll","background-type":"","background-media":"","overlay-type":"","overlay-color":"","overlay-opacity":"","overlay-gradient":""},"tablet":{"background-color":"var(--ast-global-color-5)","background-image":"","background-repeat":"repeat","background-position":"center center","background-size":"auto","background-attachment":"scroll","background-type":"","background-media":"","overlay-type":"","overlay-color":"","overlay-opacity":"","overlay-gradient":""},"mobile":{"background-color":"var(--ast-global-color-5)","background-image":"","background-repeat":"repeat","background-position":"center center","background-size":"auto","background-attachment":"scroll","background-type":"","background-media":"","overlay-type":"","overlay-color":"","overlay-opacity":"","overlay-gradient":""}},"footnotes":""},"class_list":["post-5352","page","type-page","status-publish","hentry"],"post_mailing_queue_ids":[],"_links":{"self":[{"href":"https:\/\/agora.xtec.cat\/iesjoanamigo\/wp-json\/wp\/v2\/pages\/5352","targetHints":{"allow":["GET"]}}],"collection":[{"href":"https:\/\/agora.xtec.cat\/iesjoanamigo\/wp-json\/wp\/v2\/pages"}],"about":[{"href":"https:\/\/agora.xtec.cat\/iesjoanamigo\/wp-json\/wp\/v2\/types\/page"}],"author":[{"embeddable":true,"href":"https:\/\/agora.xtec.cat\/iesjoanamigo\/wp-json\/wp\/v2\/users\/1"}],"replies":[{"embeddable":true,"href":"https:\/\/agora.xtec.cat\/iesjoanamigo\/wp-json\/wp\/v2\/comments?post=5352"}],"version-history":[{"count":3,"href":"https:\/\/agora.xtec.cat\/iesjoanamigo\/wp-json\/wp\/v2\/pages\/5352\/revisions"}],"predecessor-version":[{"id":5365,"href":"https:\/\/agora.xtec.cat\/iesjoanamigo\/wp-json\/wp\/v2\/pages\/5352\/revisions\/5365"}],"wp:attachment":[{"href":"https:\/\/agora.xtec.cat\/iesjoanamigo\/wp-json\/wp\/v2\/media?parent=5352"}],"curies":[{"name":"wp","href":"https:\/\/api.w.org\/{rel}","templated":true}]}}