{"id":516,"date":"2016-10-28T13:21:16","date_gmt":"2016-10-28T11:21:16","guid":{"rendered":"http:\/\/agora.xtec.cat\/iesjoanamigo\/?page_id=516"},"modified":"2021-02-18T09:55:18","modified_gmt":"2021-02-18T08:55:18","slug":"gep","status":"publish","type":"page","link":"https:\/\/agora.xtec.cat\/iesjoanamigo\/projectes-de-centre\/gep\/","title":{"rendered":"Lleng\u00fces estrangeres"},"content":{"rendered":"<p style=\"text-align: justify;\">El curs 2010, el nostre centre va ser seleccionat per a dur a terme un PELE (Pla Experimental de Lleng\u00fces Estrangeres) durant els cursos 2010-2013. Aquesta ha estat una aposta del centre per tal de potenciar i millorar l&#8217;\u00fas de la llengua anglesa des del PAC, el Pla d&#8217;Autonomia de Centre.<\/p>\n<p style=\"text-align: justify;\">Des del curs 2016-2017 el centre ha estat incl\u00f2s en el GEP (Grup d&#8217;Experimentaci\u00f3 per al Pluriling\u00fcisme), un projecte que\u00a0es posa en marxa per assolir els objectius d&#8217;Europa 2020 vers la competitivitat europea, els principis d&#8217;internacionalitzaci\u00f3 i d&#8217;\u00e8xit escolar de l&#8217;acord de govern, i s&#8217;alinea amb els compromisos de qualitat del Marc per al pluriling\u00fcisme del sistema educatiu a Catalunya.<\/p>\n<p style=\"text-align: justify;\">Les actuacions innovadores en els \u00e0mbits d&#8217;organitzaci\u00f3 escolar, disseny curricular i aplicaci\u00f3 metodol\u00f2gica a l&#8217;aula donen continu\u00eftat a l&#8217;autonomia de centre en el seu desplegament i consolidaci\u00f3 al Projecte Ling\u00fcistic, i les l\u00ednies d&#8217;aplicaci\u00f3 del pla de lectura escolar, el treball transversal de les compet\u00e8ncies b\u00e0siques i les accions de col\u00b7laboraci\u00f3 per a la resoluci\u00f3 de problemes previstes en els plantejaments avaluadors de la OCDE 2015.<\/p>\n<p style=\"text-align: justify;\">Pla d&#8217;impuls a les terceres lleng\u00fces: En el marc de la construcci\u00f3 d&#8217;una Europa enriquida per la diversitat ling\u00fc\u00edstica i cultural, que afavoreixi l&#8217;educaci\u00f3 de ciutadans pluriling\u00fces al llarg de tota la vida, el Departament d&#8217;Ensenyament promou accions d&#8217;impuls a les terceres lleng\u00fces en els centres educatius de Catalunya.<\/p>\n<p style=\"text-align: justify;\">L&#8217;objectiu \u00e9s que l&#8217;alumnat, en acabar l&#8217;educaci\u00f3 obligat\u00f2ria, tingui domini comunicatiu i ling\u00fc\u00edstic de la llengua catalana, castellana i al menys una llengua estrangera que el capaciti per a la gesti\u00f3 dels seus aprenentatges futurs en un mon global. Les accions anuals d&#8217;impuls a les lleng\u00fces diverses lleng\u00fces curriculars ( anglesa, francesa, italiana o alemanya) s\u00f3n dinamitzadores d&#8217;aula, de centre i d&#8217;entorn.<\/p>\n<p style=\"text-align: justify;\"><span style=\"font-weight: 400;\">Els objectius proposats pel centre s\u00f3n:<\/span><\/p>\n<ol style=\"text-align: justify;\">\n<li style=\"font-weight: 400;\"><span style=\"font-weight: 400;\">Incrementar el temps d\u2019exposici\u00f3 dels alumnes a la llengua anglesa.<\/span><\/li>\n<li style=\"font-weight: 400;\"><span style=\"font-weight: 400;\">Incorporar el treball per projectes a l\u2019aula d\u2019acord amb la metodologia AICLE. <\/span><\/li>\n<li style=\"font-weight: 400;\"><span style=\"font-weight: 400;\">Implicar el m\u00e0xim de professorat possible en l\u2019\u00fas d\u2019aquesta metodologia.<\/span><\/li>\n<\/ol>\n<p style=\"text-align: justify;\">Per assolir els objectius esmentats es duran a terme les seg\u00fcents accions:<\/p>\n<ol style=\"text-align: justify;\">\n<li style=\"font-weight: 400;\"><span style=\"font-weight: 400;\">Formaci\u00f3 en AICLE (Aprenentatge Integrat de Continguts en Llengua Estrangera) per al professorat implicat.<\/span><\/li>\n<li style=\"font-weight: 400;\"><span style=\"font-weight: 400;\">Desenvolupament de diferents projectes en angl\u00e8s en les mat\u00e8ries de matem\u00e0tiques i ci\u00e8ncies.<\/span><\/li>\n<li style=\"font-weight: 400;\"><span style=\"font-weight: 400;\">Divulgaci\u00f3 de l\u2019experi\u00e8ncia a la resta del Claustre, animant el professorat a qu\u00e8 participi realitzant alguna activitat AICLE. L\u2019equip impulsor transmetr\u00e0 la formaci\u00f3 rebuda al professorat interessat.<\/span><\/li>\n<\/ol>\n<p style=\"text-align: justify;\"><span style=\"font-weight: 400;\"><br \/>\nAlguns dels projectes que actualment s\u2019estan duent a terme s\u00f3n:<\/span><\/p>\n<ul style=\"text-align: justify;\">\n<li style=\"font-weight: 400;\"><span style=\"font-weight: 400;\"><strong><a href=\"http:\/\/blocs.xtec.cat\/allaboutmyeggs\/\">All about my eggs<\/a><\/strong>:<\/span><span style=\"font-weight: 400;\"> projecte interdisciplinari en el qual participen els alumnes de 1r d\u2019ESO. Forma part de les mat\u00e8ries espec\u00edfiques lectives. Agafant com a nucli central un aliment tan quotidi\u00e0 com s\u00f3n els ous, i a partir del qu\u00e8 en saben els alumnes (qu\u00e8 en sabem?) i del que en volen saber (qu\u00e8 volem saber?) es van desenvolupant activitats amb continguts cient\u00edfics, matem\u00e0tics, ling\u00fc\u00edstics, art\u00edstics, etc fent que l\u2019alumne sigui el centre de l\u2019aprenentatge i sigui conscient del seu proc\u00e9s d\u2019adquisici\u00f3 de les compet\u00e8ncies (qu\u00e8 hem apr\u00e8s?).<br \/>\n<\/span><span style=\"font-weight: 400;\"><a href=\"http:\/\/agora.xtec.cat\/iesjoanamigo\/wp-content\/uploads\/usu506\/2016\/10\/blog.png\"><br \/>\n<\/a><a href=\"http:\/\/blocs.xtec.cat\/allaboutmyeggs\/\" target=\"_blank\" rel=\"noopener noreferrer\"><img loading=\"lazy\" decoding=\"async\" class=\"aligncenter wp-image-983\" src=\"http:\/\/agora.xtec.cat\/iesjoanamigo\/wp-content\/uploads\/usu506\/2016\/10\/blog-300x248.png\" alt=\"All about my eggs\" width=\"700\" height=\"578\" srcset=\"https:\/\/agora.xtec.cat\/iesjoanamigo\/wp-content\/uploads\/usu506\/2016\/10\/blog-300x248.png 300w, https:\/\/agora.xtec.cat\/iesjoanamigo\/wp-content\/uploads\/usu506\/2016\/10\/blog-768x634.png 768w, https:\/\/agora.xtec.cat\/iesjoanamigo\/wp-content\/uploads\/usu506\/2016\/10\/blog.png 810w\" sizes=\"auto, (max-width: 700px) 100vw, 700px\" \/><\/a><\/span><\/li>\n<\/ul>\n<ul style=\"text-align: justify;\">\n<li style=\"font-weight: 400;\"><span style=\"font-weight: 400;\">Islamic art mosaics: l\u2019alumnat de 2n d\u2019ESO, integrat en la mat\u00e8ria de matem\u00e0tiques, realitzar\u00e0 un projecte relacionat amb les transformacions geom\u00e8triques aplicades a l\u2019art Isl\u00e0mic.<\/span><\/li>\n<\/ul>\n<ul style=\"text-align: justify;\">\n<li style=\"font-weight: 400;\"><span style=\"font-weight: 400;\">Biology and Geology: la mat\u00e8ria de 3r d\u2019ESO de Biologia i Geologia utilitza l\u2019angl\u00e8s com a llengua vehicular a l\u2019aula. Els alumnes disposen del llibre en angl\u00e8s, a partir del qual realitzen esquemes, resums i exercicis. Els alumnes fan presentacions orals en angl\u00e8s, i aprenen el vocabulari espec\u00edfic tan en angl\u00e8s com en catal\u00e0.<\/span><\/li>\n<\/ul>\n<ul>\n<li style=\"font-weight: 400; text-align: justify;\"><span style=\"font-weight: 400;\">Biology and Geology: la mat\u00e8ria optativa de 4t d\u2019ESO de Biologia i Geologia utilitza l\u2019angl\u00e8s com a llengua vehicular a l\u2019aula. Els alumnes realitzen les activitats, exercicis, exposicions te\u00f2riques, ex\u00e0mens, etc en angl\u00e8s. Els alumnes fan presentacions orals en angl\u00e8s, i aprenen el vocabulari espec\u00edfic tan en angl\u00e8s com en catal\u00e0.<\/span><\/li>\n<\/ul>\n","protected":false},"excerpt":{"rendered":"<p>El curs 2010, el nostre centre va ser seleccionat per a dur a terme un PELE (Pla Experimental de Lleng\u00fces Estrangeres) durant els cursos 2010-2013. Aquesta ha estat una aposta del centre per tal de potenciar i millorar l&#8217;\u00fas de la llengua anglesa des del PAC, el Pla d&#8217;Autonomia de Centre. Des del curs 2016-2017 [&hellip;]<\/p>\n","protected":false},"author":1,"featured_media":0,"parent":675,"menu_order":40,"comment_status":"closed","ping_status":"closed","template":"page-templates\/side-menu.php","meta":{"_bbp_topic_count":0,"_bbp_reply_count":0,"_bbp_total_topic_count":0,"_bbp_total_reply_count":0,"_bbp_voice_count":0,"_bbp_anonymous_reply_count":0,"_bbp_topic_count_hidden":0,"_bbp_reply_count_hidden":0,"_bbp_forum_subforum_count":0,"site-sidebar-layout":"default","site-content-layout":"","ast-site-content-layout":"","site-content-style":"default","site-sidebar-style":"default","ast-global-header-display":"","ast-banner-title-visibility":"","ast-main-header-display":"","ast-hfb-above-header-display":"","ast-hfb-below-header-display":"","ast-hfb-mobile-header-display":"","site-post-title":"","ast-breadcrumbs-content":"","ast-featured-img":"","footer-sml-layout":"","theme-transparent-header-meta":"","adv-header-id-meta":"","stick-header-meta":"","header-above-stick-meta":"","header-main-stick-meta":"","header-below-stick-meta":"","astra-migrate-meta-layouts":"default","ast-page-background-enabled":"default","ast-page-background-meta":{"desktop":{"background-color":"var(--ast-global-color-4)","background-image":"","background-repeat":"repeat","background-position":"center center","background-size":"auto","background-attachment":"scroll","background-type":"","background-media":"","overlay-type":"","overlay-color":"","overlay-opacity":"","overlay-gradient":""},"tablet":{"background-color":"","background-image":"","background-repeat":"repeat","background-position":"center center","background-size":"auto","background-attachment":"scroll","background-type":"","background-media":"","overlay-type":"","overlay-color":"","overlay-opacity":"","overlay-gradient":""},"mobile":{"background-color":"","background-image":"","background-repeat":"repeat","background-position":"center center","background-size":"auto","background-attachment":"scroll","background-type":"","background-media":"","overlay-type":"","overlay-color":"","overlay-opacity":"","overlay-gradient":""}},"ast-content-background-meta":{"desktop":{"background-color":"var(--ast-global-color-5)","background-image":"","background-repeat":"repeat","background-position":"center center","background-size":"auto","background-attachment":"scroll","background-type":"","background-media":"","overlay-type":"","overlay-color":"","overlay-opacity":"","overlay-gradient":""},"tablet":{"background-color":"var(--ast-global-color-5)","background-image":"","background-repeat":"repeat","background-position":"center center","background-size":"auto","background-attachment":"scroll","background-type":"","background-media":"","overlay-type":"","overlay-color":"","overlay-opacity":"","overlay-gradient":""},"mobile":{"background-color":"var(--ast-global-color-5)","background-image":"","background-repeat":"repeat","background-position":"center center","background-size":"auto","background-attachment":"scroll","background-type":"","background-media":"","overlay-type":"","overlay-color":"","overlay-opacity":"","overlay-gradient":""}},"footnotes":""},"class_list":["post-516","page","type-page","status-publish","hentry"],"post_mailing_queue_ids":[],"_links":{"self":[{"href":"https:\/\/agora.xtec.cat\/iesjoanamigo\/wp-json\/wp\/v2\/pages\/516","targetHints":{"allow":["GET"]}}],"collection":[{"href":"https:\/\/agora.xtec.cat\/iesjoanamigo\/wp-json\/wp\/v2\/pages"}],"about":[{"href":"https:\/\/agora.xtec.cat\/iesjoanamigo\/wp-json\/wp\/v2\/types\/page"}],"author":[{"embeddable":true,"href":"https:\/\/agora.xtec.cat\/iesjoanamigo\/wp-json\/wp\/v2\/users\/1"}],"replies":[{"embeddable":true,"href":"https:\/\/agora.xtec.cat\/iesjoanamigo\/wp-json\/wp\/v2\/comments?post=516"}],"version-history":[{"count":4,"href":"https:\/\/agora.xtec.cat\/iesjoanamigo\/wp-json\/wp\/v2\/pages\/516\/revisions"}],"predecessor-version":[{"id":3634,"href":"https:\/\/agora.xtec.cat\/iesjoanamigo\/wp-json\/wp\/v2\/pages\/516\/revisions\/3634"}],"up":[{"embeddable":true,"href":"https:\/\/agora.xtec.cat\/iesjoanamigo\/wp-json\/wp\/v2\/pages\/675"}],"wp:attachment":[{"href":"https:\/\/agora.xtec.cat\/iesjoanamigo\/wp-json\/wp\/v2\/media?parent=516"}],"curies":[{"name":"wp","href":"https:\/\/api.w.org\/{rel}","templated":true}]}}