{"id":514,"date":"2016-10-28T13:18:52","date_gmt":"2016-10-28T11:18:52","guid":{"rendered":"http:\/\/agora.xtec.cat\/iesjoanamigo\/?page_id=514"},"modified":"2016-11-29T12:14:52","modified_gmt":"2016-11-29T11:14:52","slug":"institut-cara-neta","status":"publish","type":"page","link":"https:\/\/agora.xtec.cat\/iesjoanamigo\/projectes-de-centre\/institut-cara-neta\/","title":{"rendered":"Institut Cara Neta"},"content":{"rendered":"<p>Per tal de mantenir els espais del centre nets i ordenats, s&#8217;estableix la campanya de \u201cInstitut Cara Neta\u201d amb el seg\u00fcent pla de treball:<\/p>\n<ol>\n<li>Creaci\u00f3 d&#8217;una comissi\u00f3 de revisi\u00f3 dels espais, constitu\u00efda per un membre del PAS, tres professors (un de l&#8217;equip directiu, el coordinador de riscos laborals i un professor del Claustre).<\/li>\n<li>Aquesta comissi\u00f3 t\u00e9 les seg\u00fcents funcions:\n<ul>\n<li>Revisar\u00e0 quinzenalment els espais (aules, passadissos, espais comuns i espais exteriors): netedat i ordre de taules i cadires, polidesa del terra, parets, radiadors, armaris i prestatgeries, contingut adequat de cada contenidor de recollida selectiva&#8230;<\/li>\n<li>Puntuar\u00e0 de 0 a 5 aquesta revisi\u00f3 i ho anotar\u00e0 en una graella control que es penjar\u00e0 a la sala de professorat.<\/li>\n<li>Trimestralment establir\u00e0 un grup classe guanyador que tindr\u00e0 un premi com a recompensa en la seva const\u00e0ncia en mantenir els espais nets. Aquest premi consistir\u00e0 en 10\u20ac, en un val \u201cTU S\u00cd QUE VALS\u201d, a compte de la sortida a Port Aventura, la sortida del treball de s\u00edntesi o l\u2019esquiada (l\u2019alumnat es responsabilitzar\u00e0 de guardar el val per tal de bescanviar-lo a la sortida que vulgui de les indicades).<\/li>\n<li>El coordinador de riscos laborals ser\u00e0 tamb\u00e9 el coordinador d\u2019aquesta comissi\u00f3, organitzar\u00e0 les revisions, actualitzar\u00e0 la graella control, i repartir\u00e0 els vals al grup guanyador.<\/li>\n<li>La comissi\u00f3, a trav\u00e9s del seu coordinador, i detectat per algun membre de la comunitat educativa, podr\u00e0 retirar el val a qualsevol alumne\/a que mantingui conductes contr\u00e0ries al manteniment i ordre dels espais de manera reiterada.<\/li>\n<\/ul>\n<\/li>\n<\/ol>\n","protected":false},"excerpt":{"rendered":"<p>Per tal de mantenir els espais del centre nets i ordenats, s&#8217;estableix la campanya de \u201cInstitut Cara Neta\u201d amb el seg\u00fcent pla de treball: Creaci\u00f3 d&#8217;una comissi\u00f3 de revisi\u00f3 dels espais, constitu\u00efda per un membre del PAS, tres professors (un de l&#8217;equip directiu, el coordinador de riscos laborals i un professor del Claustre). Aquesta comissi\u00f3 [&hellip;]<\/p>\n","protected":false},"author":1,"featured_media":0,"parent":675,"menu_order":10,"comment_status":"closed","ping_status":"closed","template":"page-templates\/side-menu.php","meta":{"_bbp_topic_count":0,"_bbp_reply_count":0,"_bbp_total_topic_count":0,"_bbp_total_reply_count":0,"_bbp_voice_count":0,"_bbp_anonymous_reply_count":0,"_bbp_topic_count_hidden":0,"_bbp_reply_count_hidden":0,"_bbp_forum_subforum_count":0,"site-sidebar-layout":"default","site-content-layout":"","ast-site-content-layout":"","site-content-style":"default","site-sidebar-style":"default","ast-global-header-display":"","ast-banner-title-visibility":"","ast-main-header-display":"","ast-hfb-above-header-display":"","ast-hfb-below-header-display":"","ast-hfb-mobile-header-display":"","site-post-title":"","ast-breadcrumbs-content":"","ast-featured-img":"","footer-sml-layout":"","theme-transparent-header-meta":"","adv-header-id-meta":"","stick-header-meta":"","header-above-stick-meta":"","header-main-stick-meta":"","header-below-stick-meta":"","astra-migrate-meta-layouts":"default","ast-page-background-enabled":"default","ast-page-background-meta":{"desktop":{"background-color":"var(--ast-global-color-4)","background-image":"","background-repeat":"repeat","background-position":"center center","background-size":"auto","background-attachment":"scroll","background-type":"","background-media":"","overlay-type":"","overlay-color":"","overlay-opacity":"","overlay-gradient":""},"tablet":{"background-color":"","background-image":"","background-repeat":"repeat","background-position":"center center","background-size":"auto","background-attachment":"scroll","background-type":"","background-media":"","overlay-type":"","overlay-color":"","overlay-opacity":"","overlay-gradient":""},"mobile":{"background-color":"","background-image":"","background-repeat":"repeat","background-position":"center center","background-size":"auto","background-attachment":"scroll","background-type":"","background-media":"","overlay-type":"","overlay-color":"","overlay-opacity":"","overlay-gradient":""}},"ast-content-background-meta":{"desktop":{"background-color":"var(--ast-global-color-5)","background-image":"","background-repeat":"repeat","background-position":"center center","background-size":"auto","background-attachment":"scroll","background-type":"","background-media":"","overlay-type":"","overlay-color":"","overlay-opacity":"","overlay-gradient":""},"tablet":{"background-color":"var(--ast-global-color-5)","background-image":"","background-repeat":"repeat","background-position":"center center","background-size":"auto","background-attachment":"scroll","background-type":"","background-media":"","overlay-type":"","overlay-color":"","overlay-opacity":"","overlay-gradient":""},"mobile":{"background-color":"var(--ast-global-color-5)","background-image":"","background-repeat":"repeat","background-position":"center center","background-size":"auto","background-attachment":"scroll","background-type":"","background-media":"","overlay-type":"","overlay-color":"","overlay-opacity":"","overlay-gradient":""}},"footnotes":""},"class_list":["post-514","page","type-page","status-publish","hentry"],"post_mailing_queue_ids":[],"_links":{"self":[{"href":"https:\/\/agora.xtec.cat\/iesjoanamigo\/wp-json\/wp\/v2\/pages\/514","targetHints":{"allow":["GET"]}}],"collection":[{"href":"https:\/\/agora.xtec.cat\/iesjoanamigo\/wp-json\/wp\/v2\/pages"}],"about":[{"href":"https:\/\/agora.xtec.cat\/iesjoanamigo\/wp-json\/wp\/v2\/types\/page"}],"author":[{"embeddable":true,"href":"https:\/\/agora.xtec.cat\/iesjoanamigo\/wp-json\/wp\/v2\/users\/1"}],"replies":[{"embeddable":true,"href":"https:\/\/agora.xtec.cat\/iesjoanamigo\/wp-json\/wp\/v2\/comments?post=514"}],"version-history":[{"count":1,"href":"https:\/\/agora.xtec.cat\/iesjoanamigo\/wp-json\/wp\/v2\/pages\/514\/revisions"}],"predecessor-version":[{"id":515,"href":"https:\/\/agora.xtec.cat\/iesjoanamigo\/wp-json\/wp\/v2\/pages\/514\/revisions\/515"}],"up":[{"embeddable":true,"href":"https:\/\/agora.xtec.cat\/iesjoanamigo\/wp-json\/wp\/v2\/pages\/675"}],"wp:attachment":[{"href":"https:\/\/agora.xtec.cat\/iesjoanamigo\/wp-json\/wp\/v2\/media?parent=514"}],"curies":[{"name":"wp","href":"https:\/\/api.w.org\/{rel}","templated":true}]}}