{"id":4913,"date":"2022-05-27T12:09:40","date_gmt":"2022-05-27T10:09:40","guid":{"rendered":"https:\/\/agora.xtec.cat\/iesjoanamigo\/?page_id=4913"},"modified":"2022-05-27T12:09:40","modified_gmt":"2022-05-27T10:09:40","slug":"manuals-clickedu","status":"publish","type":"page","link":"https:\/\/agora.xtec.cat\/iesjoanamigo\/manuals-clickedu\/","title":{"rendered":"Manuals Clickedu"},"content":{"rendered":"<ul>\n<li id=\"section-1\" class=\"section main clearfix\" role=\"region\" aria-labelledby=\"sectionid-3197-title\" data-sectionid=\"1\" data-sectionreturnid=\"0\">\n<div class=\"content\">\n<h3 id=\"sectionid-3197-title\" class=\"sectionname\">Acc\u00e9s a Clickedu<\/h3>\n<div class=\"summary\"><\/div>\n<ul class=\"section img-text\">\n<li id=\"module-23038\" class=\"activity url modtype_url  \">\n<div>\n<div class=\"mod-indent-outer w-100\">\n<div class=\"activityinstance\"><a class=\"aalink\" href=\"https:\/\/educaciodigital.cat\/iesjoanamigo\/moodle\/mod\/url\/view.php?id=23038\"><img decoding=\"async\" class=\"iconlarge activityicon\" role=\"presentation\" src=\"https:\/\/educaciodigital.cat\/iesjoanamigo\/moodle\/theme\/image.php\/xtec2020\/core\/1645788371\/f\/sourcecode-24\" alt=\"\" aria-hidden=\"true\" \/><span class=\"instancename\">Entrar a Clickedu<span class=\"accesshide \"> URL<\/span><\/span><\/a><\/div>\n<div>\n<div class=\"contentafterlink\">\n<div class=\"no-overflow\">\n<div class=\"no-overflow\"><iframe loading=\"lazy\" title=\"YouTube video player\" src=\"https:\/\/www.youtube.com\/embed\/YUDB8wLBZuc\" width=\"560\" height=\"315\" frameborder=\"0\" allowfullscreen=\"allowfullscreen\" data-mce-fragment=\"1\"><\/iframe><\/div>\n<\/div>\n<\/div>\n<\/div>\n<\/div>\n<\/div>\n<\/li>\n<li id=\"module-23039\" class=\"activity url modtype_url  \">\n<div>\n<div class=\"mod-indent-outer w-100\">\n<div class=\"activityinstance\"><a class=\"aalink\" href=\"https:\/\/educaciodigital.cat\/iesjoanamigo\/moodle\/mod\/url\/view.php?id=23039\"><img decoding=\"async\" class=\"iconlarge activityicon\" role=\"presentation\" src=\"https:\/\/educaciodigital.cat\/iesjoanamigo\/moodle\/theme\/image.php\/xtec2020\/core\/1645788371\/f\/sourcecode-24\" alt=\"\" aria-hidden=\"true\" \/><span class=\"instancename\">Canviar la contrasenya<span class=\"accesshide \"> URL<\/span><\/span><\/a><\/div>\n<\/div>\n<\/div>\n<\/li>\n<li id=\"module-23040\" class=\"activity url modtype_url  \">\n<div>\n<div class=\"mod-indent-outer w-100\">\n<div class=\"activityinstance\"><a class=\"aalink\" href=\"https:\/\/educaciodigital.cat\/iesjoanamigo\/moodle\/mod\/url\/view.php?id=23040\"><img decoding=\"async\" class=\"iconlarge activityicon\" role=\"presentation\" src=\"https:\/\/educaciodigital.cat\/iesjoanamigo\/moodle\/theme\/image.php\/xtec2020\/core\/1645788371\/f\/sourcecode-24\" alt=\"\" aria-hidden=\"true\" \/><span class=\"instancename\">Sol\u00b7licitar un arxiu de pas<span class=\"accesshide \"> URL<\/span><\/span><\/a><\/div>\n<\/div>\n<\/div>\n<\/li>\n<li id=\"module-23041\" class=\"activity url modtype_url  \">\n<div>\n<div class=\"mod-indent-outer w-100\">\n<div class=\"activityinstance\"><a class=\"aalink\" href=\"https:\/\/educaciodigital.cat\/iesjoanamigo\/moodle\/mod\/url\/view.php?id=23041\"><img decoding=\"async\" class=\"iconlarge activityicon\" role=\"presentation\" src=\"https:\/\/educaciodigital.cat\/iesjoanamigo\/moodle\/theme\/image.php\/xtec2020\/core\/1645788371\/f\/sourcecode-24\" alt=\"\" aria-hidden=\"true\" \/><span class=\"instancename\">Acc\u00e9s des de tauleta o m\u00f2bil<span class=\"accesshide \"> URL<\/span><\/span><\/a><\/div>\n<\/div>\n<\/div>\n<\/li>\n<li id=\"module-23042\" class=\"activity url modtype_url  \">\n<div>\n<div class=\"mod-indent-outer w-100\">\n<div class=\"activityinstance\"><a class=\"aalink\" href=\"https:\/\/educaciodigital.cat\/iesjoanamigo\/moodle\/mod\/url\/view.php?id=23042\"><img decoding=\"async\" class=\"iconlarge activityicon\" role=\"presentation\" src=\"https:\/\/educaciodigital.cat\/iesjoanamigo\/moodle\/theme\/image.php\/xtec2020\/core\/1645788371\/f\/sourcecode-24\" alt=\"\" aria-hidden=\"true\" \/><span class=\"instancename\">Entrar a Clickedu amb G Suite<span class=\"accesshide \"> URL<\/span><\/span><\/a><\/div>\n<div><\/div>\n<div><\/div>\n<\/div>\n<\/div>\n<\/li>\n<\/ul>\n<\/div>\n<\/li>\n<li id=\"section-2\" class=\"section main clearfix\" role=\"region\" aria-labelledby=\"sectionid-3198-title\" data-sectionid=\"2\" data-sectionreturnid=\"0\">\n<div class=\"right side\"><\/div>\n<div class=\"content\">\n<h3 id=\"sectionid-3198-title\" class=\"sectionname\">Men\u00fa de funcionalitats<\/h3>\n<div class=\"summary\"><\/div>\n<ul class=\"section img-text\">\n<li id=\"module-25908\" class=\"activity label modtype_label  \">\n<div>\n<div class=\"mod-indent-outer w-100\">\n<div class=\"mod-indent\"><\/div>\n<div>\n<div class=\"contentwithoutlink \">\n<div class=\"no-overflow\">\n<div class=\"no-overflow\">\n<p><img loading=\"lazy\" decoding=\"async\" class=\"img-responsive atto_image_button_text-bottom\" src=\"https:\/\/learning.clickedu.eu\/arxius\/captures1617\/cat\/funcionalitatspetit.png\" alt=\"Men\u00fa de funcionalitats\" width=\"183\" height=\"87\" \/><\/p>\n<\/div>\n<\/div>\n<\/div>\n<\/div>\n<\/div>\n<\/div>\n<\/li>\n<li id=\"module-23045\" class=\"activity url modtype_url  \">\n<div>\n<div class=\"mod-indent-outer w-100\">\n<div class=\"activityinstance\"><a class=\"aalink\" href=\"https:\/\/educaciodigital.cat\/iesjoanamigo\/moodle\/mod\/url\/view.php?id=23045\"><img decoding=\"async\" class=\"iconlarge activityicon\" role=\"presentation\" src=\"https:\/\/educaciodigital.cat\/iesjoanamigo\/moodle\/theme\/image.php\/xtec2020\/core\/1645788371\/f\/sourcecode-24\" alt=\"\" aria-hidden=\"true\" \/><span class=\"instancename\">Descripci\u00f3 del men\u00fa de funcionalitats<span class=\"accesshide \"> URL<\/span><\/span><\/a><\/div>\n<\/div>\n<\/div>\n<\/li>\n<li id=\"module-23046\" class=\"activity url modtype_url  \">\n<div>\n<div class=\"mod-indent-outer w-100\">\n<div class=\"activityinstance\"><a class=\"aalink\" href=\"https:\/\/educaciodigital.cat\/iesjoanamigo\/moodle\/mod\/url\/view.php?id=23046\"><img decoding=\"async\" class=\"iconlarge activityicon\" role=\"presentation\" src=\"https:\/\/educaciodigital.cat\/iesjoanamigo\/moodle\/theme\/image.php\/xtec2020\/core\/1645788371\/f\/sourcecode-24\" alt=\"\" aria-hidden=\"true\" \/><span class=\"instancename\">Configuraci\u00f3 de connectors externs &#8211; Connectivitat de Clickedu amb Google<span class=\"accesshide \"> URL<\/span><\/span><\/a><\/div>\n<div><\/div>\n<div><\/div>\n<\/div>\n<\/div>\n<\/li>\n<\/ul>\n<\/div>\n<\/li>\n<li id=\"section-3\" class=\"section main clearfix\" role=\"region\" aria-labelledby=\"sectionid-3199-title\" data-sectionid=\"3\" data-sectionreturnid=\"0\">\n<div class=\"left side\"><\/div>\n<div class=\"right side\"><\/div>\n<div class=\"content\">\n<h3 id=\"sectionid-3199-title\" class=\"sectionname\">Sessions<\/h3>\n<div class=\"summary\"><\/div>\n<ul class=\"section img-text\">\n<li id=\"module-25910\" class=\"activity label modtype_label  \">\n<div>\n<div class=\"mod-indent-outer w-100\">\n<div class=\"mod-indent\"><\/div>\n<div>\n<div class=\"contentwithoutlink \">\n<div class=\"no-overflow\">\n<div class=\"no-overflow\">\n<p><img loading=\"lazy\" decoding=\"async\" class=\"img-responsive atto_image_button_text-bottom\" src=\"https:\/\/learning.clickedu.eu\/arxius\/captures1617\/cat\/deures1.png\" alt=\"Sessions\" width=\"437\" height=\"150\" \/><\/p>\n<\/div>\n<\/div>\n<\/div>\n<\/div>\n<\/div>\n<\/div>\n<\/li>\n<li id=\"module-23049\" class=\"activity url modtype_url  \">\n<div>\n<div class=\"mod-indent-outer w-100\">\n<div class=\"activityinstance\"><a class=\"aalink\" href=\"https:\/\/educaciodigital.cat\/iesjoanamigo\/moodle\/mod\/url\/view.php?id=23049\"><img decoding=\"async\" class=\"iconlarge activityicon\" role=\"presentation\" src=\"https:\/\/educaciodigital.cat\/iesjoanamigo\/moodle\/theme\/image.php\/xtec2020\/core\/1645788371\/f\/sourcecode-24\" alt=\"\" aria-hidden=\"true\" \/><span class=\"instancename\">Anar directament a la sessi\u00f3 en curs<span class=\"accesshide \"> URL<\/span><\/span><\/a><\/div>\n<div>\n<div class=\"contentafterlink\">\n<div class=\"no-overflow\">\n<div class=\"no-overflow\">\n<p>Com accedir de forma r\u00e0pida a la classe que esteu fent<\/p>\n<\/div>\n<\/div>\n<\/div>\n<\/div>\n<\/div>\n<\/div>\n<\/li>\n<li id=\"module-23047\" class=\"activity url modtype_url  \">\n<div>\n<div class=\"mod-indent-outer w-100\">\n<div class=\"activityinstance\"><a class=\"aalink\" href=\"https:\/\/educaciodigital.cat\/iesjoanamigo\/moodle\/mod\/url\/view.php?id=23047\"><img decoding=\"async\" class=\"iconlarge activityicon\" role=\"presentation\" src=\"https:\/\/educaciodigital.cat\/iesjoanamigo\/moodle\/theme\/image.php\/xtec2020\/core\/1645788371\/f\/sourcecode-24\" alt=\"\" aria-hidden=\"true\" \/><span class=\"instancename\">Passar llista<span class=\"accesshide \"> URL<\/span><\/span><\/a><\/div>\n<div>\n<div class=\"contentafterlink\">\n<div class=\"no-overflow\">\n<div class=\"no-overflow\">\n<p>Per controlar l&#8217;assist\u00e8ncia dels vostres alumnes<\/p>\n<\/div>\n<\/div>\n<\/div>\n<\/div>\n<\/div>\n<\/div>\n<\/li>\n<li id=\"module-23048\" class=\"activity url modtype_url  \">\n<div>\n<div class=\"mod-indent-outer w-100\">\n<div class=\"activityinstance\"><a class=\"aalink\" href=\"https:\/\/educaciodigital.cat\/iesjoanamigo\/moodle\/mod\/url\/view.php?id=23048\"><img decoding=\"async\" class=\"iconlarge activityicon\" role=\"presentation\" src=\"https:\/\/educaciodigital.cat\/iesjoanamigo\/moodle\/theme\/image.php\/xtec2020\/core\/1645788371\/f\/sourcecode-24\" alt=\"\" aria-hidden=\"true\" \/><span class=\"instancename\">Demanar els deures<span class=\"accesshide \"> URL<\/span><\/span><\/a><\/div>\n<div>\n<div class=\"contentafterlink\">\n<div class=\"no-overflow\">\n<div class=\"no-overflow\">\n<p>Com portar el control dels deures dels alumnes<\/p>\n<\/div>\n<\/div>\n<\/div>\n<\/div>\n<\/div>\n<\/div>\n<\/li>\n<li id=\"module-23050\" class=\"activity url modtype_url  \">\n<div>\n<div class=\"mod-indent-outer w-100\">\n<div class=\"activityinstance\"><a class=\"aalink\" href=\"https:\/\/educaciodigital.cat\/iesjoanamigo\/moodle\/mod\/url\/view.php?id=23050\"><img decoding=\"async\" class=\"iconlarge activityicon\" role=\"presentation\" src=\"https:\/\/educaciodigital.cat\/iesjoanamigo\/moodle\/theme\/image.php\/xtec2020\/core\/1645788371\/f\/sourcecode-24\" alt=\"\" aria-hidden=\"true\" \/><span class=\"instancename\">Fer una anotaci\u00f3 durant una sessi\u00f3<span class=\"accesshide \"> URL<\/span><\/span><\/a><\/div>\n<div>\n<div class=\"contentafterlink\">\n<div class=\"no-overflow\">\n<div class=\"no-overflow\">\n<p>Per desar petites informacions relacionades amb una sessi\u00f3<\/p>\n<p>&nbsp;<\/p>\n<\/div>\n<\/div>\n<\/div>\n<\/div>\n<\/div>\n<\/div>\n<\/li>\n<\/ul>\n<\/div>\n<\/li>\n<li id=\"section-4\" class=\"section main clearfix\" role=\"region\" aria-labelledby=\"sectionid-3200-title\" data-sectionid=\"4\" data-sectionreturnid=\"0\">\n<div class=\"left side\"><\/div>\n<div class=\"right side\"><\/div>\n<div id=\"yui_3_17_2_1_1653645845520_21\" class=\"content\">\n<h3 id=\"sectionid-3200-title\" class=\"sectionname\">Fitxa de l&#8217;alumne\/a<\/h3>\n<div class=\"summary\"><\/div>\n<ul id=\"yui_3_17_2_1_1653645845520_20\" class=\"section img-text\">\n<li id=\"module-23053\" class=\"activity url modtype_url  \">\n<div id=\"yui_3_17_2_1_1653645845520_31\">\n<div id=\"yui_3_17_2_1_1653645845520_30\" class=\"mod-indent-outer w-100\">\n<div class=\"activityinstance\"><a class=\"aalink\" href=\"https:\/\/educaciodigital.cat\/iesjoanamigo\/moodle\/mod\/url\/view.php?id=23053\"><img decoding=\"async\" class=\"iconlarge activityicon\" role=\"presentation\" src=\"https:\/\/educaciodigital.cat\/iesjoanamigo\/moodle\/theme\/image.php\/xtec2020\/core\/1645788371\/f\/sourcecode-24\" alt=\"\" aria-hidden=\"true\" \/><span class=\"instancename\">Fitxa de l&#8217;alumne<span class=\"accesshide \"> URL<\/span><\/span><\/a><\/div>\n<div id=\"yui_3_17_2_1_1653645845520_29\">\n<div id=\"yui_3_17_2_1_1653645845520_28\" class=\"contentafterlink\">\n<div id=\"yui_3_17_2_1_1653645845520_27\" class=\"no-overflow\">\n<div id=\"yui_3_17_2_1_1653645845520_26\" class=\"no-overflow\">\n<p id=\"yui_3_17_2_1_1653645845520_25\"><img decoding=\"async\" src=\"https:\/\/learning.clickedu.eu\/arxius\/captures1617\/cat\/fitxaalumne.png\" \/><\/p>\n<\/div>\n<\/div>\n<\/div>\n<\/div>\n<\/div>\n<\/div>\n<\/li>\n<li id=\"module-25911\" class=\"activity label modtype_label  \">\n<div>\n<div class=\"mod-indent-outer w-100\">\n<div class=\"mod-indent\"><\/div>\n<div>\n<div class=\"contentwithoutlink \">\n<div class=\"no-overflow\">\n<div class=\"no-overflow\">\n<h5>Informaci\u00f3 acad\u00e8mica<\/h5>\n<\/div>\n<\/div>\n<\/div>\n<\/div>\n<\/div>\n<\/div>\n<\/li>\n<li id=\"module-23051\" class=\"activity url modtype_url  \">\n<div>\n<div class=\"mod-indent-outer w-100\">\n<div class=\"activityinstance\"><a class=\"aalink\" href=\"https:\/\/educaciodigital.cat\/iesjoanamigo\/moodle\/mod\/url\/view.php?id=23051\"><img decoding=\"async\" class=\"iconlarge activityicon\" role=\"presentation\" src=\"https:\/\/educaciodigital.cat\/iesjoanamigo\/moodle\/theme\/image.php\/xtec2020\/core\/1645788371\/f\/sourcecode-24\" alt=\"\" aria-hidden=\"true\" \/><span class=\"instancename\">Justificar una o diverses abs\u00e8ncies o retards<span class=\"accesshide \"> URL<\/span><\/span><\/a><\/div>\n<\/div>\n<\/div>\n<\/li>\n<li id=\"module-23052\" class=\"activity url modtype_url  \">\n<div>\n<div class=\"mod-indent-outer w-100\">\n<div class=\"activityinstance\"><a class=\"aalink\" href=\"https:\/\/educaciodigital.cat\/iesjoanamigo\/moodle\/mod\/url\/view.php?id=23052\"><img decoding=\"async\" class=\"iconlarge activityicon\" role=\"presentation\" src=\"https:\/\/educaciodigital.cat\/iesjoanamigo\/moodle\/theme\/image.php\/xtec2020\/core\/1645788371\/f\/sourcecode-24\" alt=\"\" aria-hidden=\"true\" \/><span class=\"instancename\">Justificar abs\u00e8ncies i retards en bloc<span class=\"accesshide \"> URL<\/span><\/span><\/a><\/div>\n<\/div>\n<\/div>\n<\/li>\n<li id=\"module-25912\" class=\"activity label modtype_label  \">\n<div>\n<div class=\"mod-indent-outer w-100\">\n<div class=\"mod-indent\"><\/div>\n<div>\n<div class=\"contentwithoutlink \">\n<div class=\"no-overflow\">\n<div class=\"no-overflow\">\n<h5>Comunicaci\u00f3 de l&#8217;alumne<\/h5>\n<\/div>\n<\/div>\n<\/div>\n<\/div>\n<\/div>\n<\/div>\n<\/li>\n<li id=\"module-23054\" class=\"activity url modtype_url  \">\n<div>\n<div class=\"mod-indent-outer w-100\">\n<div class=\"activityinstance\"><a class=\"aalink\" href=\"https:\/\/educaciodigital.cat\/iesjoanamigo\/moodle\/mod\/url\/view.php?id=23054\"><img decoding=\"async\" class=\"iconlarge activityicon\" role=\"presentation\" src=\"https:\/\/educaciodigital.cat\/iesjoanamigo\/moodle\/theme\/image.php\/xtec2020\/core\/1645788371\/f\/sourcecode-24\" alt=\"\" aria-hidden=\"true\" \/><span class=\"instancename\">Demanar una entrevista als pares<span class=\"accesshide \"> URL<\/span><\/span><\/a><\/div>\n<\/div>\n<\/div>\n<\/li>\n<li id=\"module-23055\" class=\"activity url modtype_url  \">\n<div>\n<div class=\"mod-indent-outer w-100\">\n<div class=\"activityinstance\"><a class=\"aalink\" href=\"https:\/\/educaciodigital.cat\/iesjoanamigo\/moodle\/mod\/url\/view.php?id=23055\"><img decoding=\"async\" class=\"iconlarge activityicon\" role=\"presentation\" src=\"https:\/\/educaciodigital.cat\/iesjoanamigo\/moodle\/theme\/image.php\/xtec2020\/core\/1645788371\/f\/sourcecode-24\" alt=\"\" aria-hidden=\"true\" \/><span class=\"instancename\">Registrar les dades d&#8217;una entrevista als pares<span class=\"accesshide \"> URL<\/span><\/span><\/a><\/div>\n<\/div>\n<\/div>\n<\/li>\n<li id=\"module-23056\" class=\"activity url modtype_url  \">\n<div>\n<div class=\"mod-indent-outer w-100\">\n<div class=\"activityinstance\"><a class=\"aalink\" href=\"https:\/\/educaciodigital.cat\/iesjoanamigo\/moodle\/mod\/url\/view.php?id=23056\"><img decoding=\"async\" class=\"iconlarge activityicon\" role=\"presentation\" src=\"https:\/\/educaciodigital.cat\/iesjoanamigo\/moodle\/theme\/image.php\/xtec2020\/core\/1645788371\/f\/sourcecode-24\" alt=\"\" aria-hidden=\"true\" \/><span class=\"instancename\">Seguiment tutorial<span class=\"accesshide \"> URL<\/span><\/span><\/a><\/div>\n<\/div>\n<\/div>\n<\/li>\n<li id=\"module-23057\" class=\"activity url modtype_url  \">\n<div>\n<div class=\"mod-indent-outer w-100\">\n<div class=\"activityinstance\"><a class=\"aalink\" href=\"https:\/\/educaciodigital.cat\/iesjoanamigo\/moodle\/mod\/url\/view.php?id=23057\"><img decoding=\"async\" class=\"iconlarge activityicon\" role=\"presentation\" src=\"https:\/\/educaciodigital.cat\/iesjoanamigo\/moodle\/theme\/image.php\/xtec2020\/core\/1645788371\/f\/sourcecode-24\" alt=\"\" aria-hidden=\"true\" \/><span class=\"instancename\">Converses del tutor<\/span><\/a><\/div>\n<\/div>\n<\/div>\n<\/li>\n<\/ul>\n<\/div>\n<\/li>\n<\/ul>\n","protected":false},"excerpt":{"rendered":"<p>Acc\u00e9s a Clickedu Entrar a Clickedu URL Canviar la contrasenya URL Sol\u00b7licitar un arxiu de pas URL Acc\u00e9s des de tauleta o m\u00f2bil URL Entrar a Clickedu amb G Suite URL Men\u00fa de funcionalitats Descripci\u00f3 del men\u00fa de funcionalitats URL Configuraci\u00f3 de connectors externs &#8211; Connectivitat de Clickedu amb Google URL Sessions Anar directament a [&hellip;]<\/p>\n","protected":false},"author":1,"featured_media":0,"parent":0,"menu_order":0,"comment_status":"closed","ping_status":"closed","template":"","meta":{"_bbp_topic_count":0,"_bbp_reply_count":0,"_bbp_total_topic_count":0,"_bbp_total_reply_count":0,"_bbp_voice_count":0,"_bbp_anonymous_reply_count":0,"_bbp_topic_count_hidden":0,"_bbp_reply_count_hidden":0,"_bbp_forum_subforum_count":0,"site-sidebar-layout":"default","site-content-layout":"","ast-site-content-layout":"","site-content-style":"default","site-sidebar-style":"default","ast-global-header-display":"","ast-banner-title-visibility":"","ast-main-header-display":"","ast-hfb-above-header-display":"","ast-hfb-below-header-display":"","ast-hfb-mobile-header-display":"","site-post-title":"","ast-breadcrumbs-content":"","ast-featured-img":"","footer-sml-layout":"","theme-transparent-header-meta":"","adv-header-id-meta":"","stick-header-meta":"","header-above-stick-meta":"","header-main-stick-meta":"","header-below-stick-meta":"","astra-migrate-meta-layouts":"default","ast-page-background-enabled":"default","ast-page-background-meta":{"desktop":{"background-color":"var(--ast-global-color-4)","background-image":"","background-repeat":"repeat","background-position":"center center","background-size":"auto","background-attachment":"scroll","background-type":"","background-media":"","overlay-type":"","overlay-color":"","overlay-opacity":"","overlay-gradient":""},"tablet":{"background-color":"","background-image":"","background-repeat":"repeat","background-position":"center center","background-size":"auto","background-attachment":"scroll","background-type":"","background-media":"","overlay-type":"","overlay-color":"","overlay-opacity":"","overlay-gradient":""},"mobile":{"background-color":"","background-image":"","background-repeat":"repeat","background-position":"center center","background-size":"auto","background-attachment":"scroll","background-type":"","background-media":"","overlay-type":"","overlay-color":"","overlay-opacity":"","overlay-gradient":""}},"ast-content-background-meta":{"desktop":{"background-color":"var(--ast-global-color-5)","background-image":"","background-repeat":"repeat","background-position":"center center","background-size":"auto","background-attachment":"scroll","background-type":"","background-media":"","overlay-type":"","overlay-color":"","overlay-opacity":"","overlay-gradient":""},"tablet":{"background-color":"var(--ast-global-color-5)","background-image":"","background-repeat":"repeat","background-position":"center center","background-size":"auto","background-attachment":"scroll","background-type":"","background-media":"","overlay-type":"","overlay-color":"","overlay-opacity":"","overlay-gradient":""},"mobile":{"background-color":"var(--ast-global-color-5)","background-image":"","background-repeat":"repeat","background-position":"center center","background-size":"auto","background-attachment":"scroll","background-type":"","background-media":"","overlay-type":"","overlay-color":"","overlay-opacity":"","overlay-gradient":""}},"footnotes":""},"class_list":["post-4913","page","type-page","status-publish","hentry"],"post_mailing_queue_ids":[],"_links":{"self":[{"href":"https:\/\/agora.xtec.cat\/iesjoanamigo\/wp-json\/wp\/v2\/pages\/4913","targetHints":{"allow":["GET"]}}],"collection":[{"href":"https:\/\/agora.xtec.cat\/iesjoanamigo\/wp-json\/wp\/v2\/pages"}],"about":[{"href":"https:\/\/agora.xtec.cat\/iesjoanamigo\/wp-json\/wp\/v2\/types\/page"}],"author":[{"embeddable":true,"href":"https:\/\/agora.xtec.cat\/iesjoanamigo\/wp-json\/wp\/v2\/users\/1"}],"replies":[{"embeddable":true,"href":"https:\/\/agora.xtec.cat\/iesjoanamigo\/wp-json\/wp\/v2\/comments?post=4913"}],"version-history":[{"count":1,"href":"https:\/\/agora.xtec.cat\/iesjoanamigo\/wp-json\/wp\/v2\/pages\/4913\/revisions"}],"predecessor-version":[{"id":4914,"href":"https:\/\/agora.xtec.cat\/iesjoanamigo\/wp-json\/wp\/v2\/pages\/4913\/revisions\/4914"}],"wp:attachment":[{"href":"https:\/\/agora.xtec.cat\/iesjoanamigo\/wp-json\/wp\/v2\/media?parent=4913"}],"curies":[{"name":"wp","href":"https:\/\/api.w.org\/{rel}","templated":true}]}}