{"id":4811,"date":"2022-05-04T10:22:14","date_gmt":"2022-05-04T08:22:14","guid":{"rendered":"https:\/\/agora.xtec.cat\/iesjoanamigo\/?page_id=4811"},"modified":"2025-04-25T12:19:28","modified_gmt":"2025-04-25T10:19:28","slug":"cultura-digital-de-centre","status":"publish","type":"page","link":"https:\/\/agora.xtec.cat\/iesjoanamigo\/estrategia-digital-de-centre\/cultura-digital-de-centre\/","title":{"rendered":"Cultura digital de centre"},"content":{"rendered":"<p>Acollida digital de professorat (des de direcci\u00f3 es proporciona tota la informaci\u00f3 al professorat nouvingut)<\/p>\n<h3>Programari:<\/h3>\n<p>&nbsp;<\/p>\n<table style=\"border-collapse: collapse; width: 100%; height: 476px;\">\n<tbody>\n<tr style=\"height: 108px;\">\n<td style=\"width: 33.3333%; height: 108px;\"><a href=\"https:\/\/educaciodigital.cat\/iesjoanamigo\/moodle\/\"><img loading=\"lazy\" decoding=\"async\" class=\"aligncenter size-full wp-image-4917\" src=\"https:\/\/agora.xtec.cat\/iesjoanamigo\/wp-content\/uploads\/usu506\/2022\/05\/moodle-icon.png\" alt=\"\" width=\"77\" height=\"76\" \/><\/a><\/td>\n<td style=\"width: 33.3333%; height: 108px;\"><a href=\"https:\/\/educaciodigital.cat\/iesjoanamigo\/moodle\/\">Moodle Joan Amig\u00f3<\/a><\/td>\n<td style=\"width: 33.3333%; height: 108px;\"><a href=\"https:\/\/xtec.gencat.cat\/ca\/recursos\/activitats-autoaprenentatge\/entorns-virtuals-aprenentatge\/moodle\/\">Manuals Moodle<\/a><\/td>\n<\/tr>\n<tr style=\"height: 112px;\">\n<td style=\"width: 33.3333%; height: 112px;\"><a href=\"https:\/\/classroom.google.com\/\"><img loading=\"lazy\" decoding=\"async\" class=\"aligncenter size-full wp-image-4919\" src=\"https:\/\/agora.xtec.cat\/iesjoanamigo\/wp-content\/uploads\/usu506\/2022\/05\/google_classroom-icon.png\" alt=\"\" width=\"80\" height=\"80\" \/><\/a><\/td>\n<td style=\"width: 33.3333%; height: 112px;\"><a href=\"https:\/\/classroom.google.com\/\">Classroom<\/a><\/td>\n<td style=\"width: 33.3333%; height: 112px;\"><a href=\"https:\/\/support.google.com\/edu\/classroom\/?hl=es#topic=10298088\">Manuals Classroom<\/a><\/td>\n<\/tr>\n<tr style=\"height: 32px;\">\n<td style=\"width: 33.3333%; height: 32px;\"><img loading=\"lazy\" decoding=\"async\" class=\"aligncenter wp-image-4921\" src=\"https:\/\/agora.xtec.cat\/iesjoanamigo\/wp-content\/uploads\/usu506\/2022\/05\/index.png\" alt=\"\" width=\"167\" height=\"100\" \/><\/td>\n<td style=\"width: 33.3333%; height: 32px;\"><a href=\"https:\/\/insjoanamigo.clickedu.eu\/user.php?action=login\">Clickedu Joan Amig\u00f3<\/a><\/td>\n<td style=\"width: 33.3333%; height: 32px;\"><a href=\"https:\/\/agora.xtec.cat\/iesjoanamigo\/manuals-clickedu\/\">Manuals Clickedu<\/a><\/td>\n<\/tr>\n<tr style=\"height: 32px;\">\n<td style=\"width: 33.3333%; height: 32px;\"><\/td>\n<td style=\"width: 33.3333%; height: 32px;\"><\/td>\n<td style=\"width: 33.3333%; height: 32px;\"><\/td>\n<\/tr>\n<tr style=\"height: 32px;\">\n<td style=\"width: 33.3333%; height: 32px;\"><\/td>\n<td style=\"width: 33.3333%; height: 32px;\"><\/td>\n<td style=\"width: 33.3333%; height: 32px;\"><\/td>\n<\/tr>\n<\/tbody>\n<\/table>\n<h3>Recursos digitals:<\/h3>\n<ul>\n<li><a href=\"https:\/\/xtec.gencat.cat\/ca\/centres\/centres-educatius-en-linia\/\">Centres educatius en l\u00ednia<\/a><\/li>\n<li><a href=\"https:\/\/aplicacions.gestioeducativa.gencat.cat\/epergam\/web\/biblioteca.jsp\">eP\u00e8rgam<\/a><\/li>\n<li><a href=\"https:\/\/www.edu365.cat\/\">EDU365.cat<\/a><\/li>\n<li><a href=\"https:\/\/xtec.gencat.cat\/ca\/recursos\/tecinformacio\/internet_segura\/documents\/\"><span id=\"yui_3_17_2_1_1653896304218_63\">Si heu de treballar amb dades personals recordeu que han de respectar la Llei de Protecci\u00f3 de Dades<\/span><\/a><\/li>\n<li><a href=\"https:\/\/schools-go-digital.jrc.ec.europa.eu\/coordinator\/login\">SELFIE, permet realitzar enquestes<\/a><\/li>\n<li><a href=\"https:\/\/educators-go-digital.jrc.ec.europa.eu\/\">SELFIE for TEACHERS<\/a> (<a href=\"https:\/\/projectes.xtec.cat\/edc-suport\/eina-selfie-for-teachers\/\">suport des de xtec<\/a>)<\/li>\n<li><a href=\"https:\/\/pixabay.com\">Pixbay, imatges per descarregar<\/a><\/li>\n<li><a href=\"https:\/\/code.org\/\">Code.org, web per aprendre a programar<\/a><\/li>\n<li><a href=\"https:\/\/projectes.xtec.cat\/digital\/portals-de-recursos\/https:\/\/projectes.xtec.cat\/digital\/portals-de-recursos\/\">Portals de recursos xtec<\/a><\/li>\n<li><a href=\"https:\/\/www.3cat.cat\/tv3\/sx3\/supercampus\/\" target=\"_blank\" rel=\"noopener\">SuperCampus &#8211; SX3<\/a><\/li>\n<\/ul>\n<p>A continuaci\u00f3 hi ha enlla\u00e7os a aplicacions al n\u00favol que poden ser interessants:<\/p>\n<ul>\n<li><a class=\"wikilink1\" title=\"cmd:tac:treballaralnuvol:treballalaula:app_nuvol:photopea\" href=\"https:\/\/ateneu.xtec.cat\/wikiform\/wikiexport\/cmd\/tac\/treballaralnuvol\/treballalaula\/app_nuvol\/photopea\">Editor de fotografies: Photopea<\/a><\/li>\n<li><a class=\"wikilink1\" title=\"cmd:tac:treballaralnuvol:treballalaula:app_nuvol:video\" href=\"https:\/\/ateneu.xtec.cat\/wikiform\/wikiexport\/cmd\/tac\/treballaralnuvol\/treballalaula\/app_nuvol\/video\">Edici\u00f3 de v\u00eddeo: WeVideo<\/a><\/li>\n<li><a class=\"wikilink1\" title=\"cmd:tac:treballaralnuvol:treballalaula:app_nuvol:edpuzzle\" href=\"https:\/\/ateneu.xtec.cat\/wikiform\/wikiexport\/cmd\/tac\/treballaralnuvol\/treballalaula\/app_nuvol\/edpuzzle\">Q\u00fcestionaris a partir de v\u00eddeos: Edpuzzle<\/a><\/li>\n<li><a class=\"wikilink1\" title=\"cmd:tac:treballaralnuvol:treballalaula:app_nuvol:sketchup\" href=\"https:\/\/ateneu.xtec.cat\/wikiform\/wikiexport\/cmd\/tac\/treballaralnuvol\/treballalaula\/app_nuvol\/sketchup\">Dibuix t\u00e8cnic: Sketch up for schools<\/a><\/li>\n<li><a class=\"wikilink1\" title=\"cmd:tac:treballaralnuvol:treballalaula:app_nuvol:tinkercad\" href=\"https:\/\/ateneu.xtec.cat\/wikiform\/wikiexport\/cmd\/tac\/treballaralnuvol\/treballalaula\/app_nuvol\/tinkercad\">Impressi\u00f3 3D i modelisme: Tinkercad<\/a><\/li>\n<li><a class=\"wikilink1\" title=\"cmd:tac:treballaralnuvol:treballalaula:app_nuvol:mapes\" href=\"https:\/\/ateneu.xtec.cat\/wikiform\/wikiexport\/cmd\/tac\/treballaralnuvol\/treballalaula\/app_nuvol\/mapes\">Creaci\u00f3 de mapes: Google My Maps<\/a><\/li>\n<li><a class=\"wikilink1\" title=\"cmd:tac:treballaralnuvol:treballalaula:app_nuvol:rv\" href=\"https:\/\/ateneu.xtec.cat\/wikiform\/wikiexport\/cmd\/tac\/treballaralnuvol\/treballalaula\/app_nuvol\/rv\">Realitat Virtual: Tour Creator<\/a><\/li>\n<li><a class=\"wikilink1\" title=\"cmd:tac:treballaralnuvol:treballalaula:app_nuvol:audio\" href=\"https:\/\/ateneu.xtec.cat\/wikiform\/wikiexport\/cmd\/tac\/treballaralnuvol\/treballalaula\/app_nuvol\/audio\">Edici\u00f3 d&#8217;\u00e0udio: Beautiful Audio Editor<\/a><\/li>\n<li><a class=\"wikilink1\" title=\"cmd:tac:treballaralnuvol:treballalaula:app_nuvol:musica\" href=\"https:\/\/ateneu.xtec.cat\/wikiform\/wikiexport\/cmd\/tac\/treballaralnuvol\/treballalaula\/app_nuvol\/musica\">Editors de partitures: Notefligth i Flat<\/a><\/li>\n<li><a class=\"wikilink1\" title=\"cmd:tac:treballaralnuvol:treballalaula:app_nuvol:animacions\" href=\"https:\/\/ateneu.xtec.cat\/wikiform\/wikiexport\/cmd\/tac\/treballaralnuvol\/treballalaula\/app_nuvol\/animacions\">Animacions: Powtoon i Explee<\/a><\/li>\n<li><a class=\"wikilink1\" title=\"cmd:tac:treballaralnuvol:treballalaula:app_nuvol:programacio\" href=\"https:\/\/ateneu.xtec.cat\/wikiform\/wikiexport\/cmd\/tac\/treballaralnuvol\/treballalaula\/app_nuvol\/programacio\">Programaci\u00f3 i rob\u00f2tica: Scratch, Chromeduino, Bitbloq i Snap4arduino<\/a><\/li>\n<li><a class=\"wikilink1\" title=\"cmd:tac:treballaralnuvol:treballalaula:app_nuvol:padlet\" href=\"https:\/\/ateneu.xtec.cat\/wikiform\/wikiexport\/cmd\/tac\/treballaralnuvol\/treballalaula\/app_nuvol\/padlet\">Murals col\u00b7laboratius: Padlet<\/a><\/li>\n<li><a class=\"wikilink1\" title=\"cmd:tac:treballaralnuvol:treballalaula:linea_temps_sutori\" href=\"https:\/\/ateneu.xtec.cat\/wikiform\/wikiexport\/cmd\/tac\/treballaralnuvol\/treballalaula\/linea_temps_sutori\">Creaci\u00f3 de l\u00ednies del temps:Sutori<\/a><\/li>\n<li><a class=\"wikilink1\" title=\"cmd:tac:treballaralnuvol:treballalaula:app_nuvol:cloud_convert\" href=\"https:\/\/ateneu.xtec.cat\/wikiform\/wikiexport\/cmd\/tac\/treballaralnuvol\/treballalaula\/app_nuvol\/cloud_convert\">Fer canvis de format d&#8217;arxius: CloudConvert<\/a><\/li>\n<li><a class=\"wikilink1\" title=\"cmd:tac:treballaralnuvol:treballalaula:app_nuvol:lucidpress\" href=\"https:\/\/ateneu.xtec.cat\/wikiform\/wikiexport\/cmd\/tac\/treballaralnuvol\/treballalaula\/app_nuvol\/lucidpress\">Crear revistes o p\u00f2sters: LucidPress<\/a><\/li>\n<li><a class=\"wikilink1\" title=\"cmd:tac:treballaralnuvol:treballalaula:app_nuvol:mindomo\" href=\"https:\/\/ateneu.xtec.cat\/wikiform\/wikiexport\/cmd\/tac\/treballaralnuvol\/treballalaula\/app_nuvol\/mindomo\">Crear esquemes o mapes conceptuals: Mindomo<\/a><\/li>\n<\/ul>\n<p>&nbsp;<\/p>\n<p>&nbsp;<\/p>\n<p>&nbsp;<\/p>\n","protected":false},"excerpt":{"rendered":"<p>Acollida digital de professorat (des de direcci\u00f3 es proporciona tota la informaci\u00f3 al professorat nouvingut) Programari: &nbsp; Moodle Joan Amig\u00f3 Manuals Moodle Classroom Manuals Classroom Clickedu Joan Amig\u00f3 Manuals Clickedu Recursos digitals: Centres educatius en l\u00ednia eP\u00e8rgam EDU365.cat Si heu de treballar amb dades personals recordeu que han de respectar la Llei de Protecci\u00f3 de [&hellip;]<\/p>\n","protected":false},"author":1,"featured_media":0,"parent":4808,"menu_order":0,"comment_status":"closed","ping_status":"closed","template":"page-templates\/side-menu.php","meta":{"_bbp_topic_count":0,"_bbp_reply_count":0,"_bbp_total_topic_count":0,"_bbp_total_reply_count":0,"_bbp_voice_count":0,"_bbp_anonymous_reply_count":0,"_bbp_topic_count_hidden":0,"_bbp_reply_count_hidden":0,"_bbp_forum_subforum_count":0,"site-sidebar-layout":"default","site-content-layout":"","ast-site-content-layout":"","site-content-style":"default","site-sidebar-style":"default","ast-global-header-display":"","ast-banner-title-visibility":"","ast-main-header-display":"","ast-hfb-above-header-display":"","ast-hfb-below-header-display":"","ast-hfb-mobile-header-display":"","site-post-title":"","ast-breadcrumbs-content":"","ast-featured-img":"","footer-sml-layout":"","theme-transparent-header-meta":"","adv-header-id-meta":"","stick-header-meta":"","header-above-stick-meta":"","header-main-stick-meta":"","header-below-stick-meta":"","astra-migrate-meta-layouts":"default","ast-page-background-enabled":"default","ast-page-background-meta":{"desktop":{"background-color":"var(--ast-global-color-4)","background-image":"","background-repeat":"repeat","background-position":"center center","background-size":"auto","background-attachment":"scroll","background-type":"","background-media":"","overlay-type":"","overlay-color":"","overlay-opacity":"","overlay-gradient":""},"tablet":{"background-color":"","background-image":"","background-repeat":"repeat","background-position":"center center","background-size":"auto","background-attachment":"scroll","background-type":"","background-media":"","overlay-type":"","overlay-color":"","overlay-opacity":"","overlay-gradient":""},"mobile":{"background-color":"","background-image":"","background-repeat":"repeat","background-position":"center center","background-size":"auto","background-attachment":"scroll","background-type":"","background-media":"","overlay-type":"","overlay-color":"","overlay-opacity":"","overlay-gradient":""}},"ast-content-background-meta":{"desktop":{"background-color":"var(--ast-global-color-5)","background-image":"","background-repeat":"repeat","background-position":"center center","background-size":"auto","background-attachment":"scroll","background-type":"","background-media":"","overlay-type":"","overlay-color":"","overlay-opacity":"","overlay-gradient":""},"tablet":{"background-color":"var(--ast-global-color-5)","background-image":"","background-repeat":"repeat","background-position":"center center","background-size":"auto","background-attachment":"scroll","background-type":"","background-media":"","overlay-type":"","overlay-color":"","overlay-opacity":"","overlay-gradient":""},"mobile":{"background-color":"var(--ast-global-color-5)","background-image":"","background-repeat":"repeat","background-position":"center center","background-size":"auto","background-attachment":"scroll","background-type":"","background-media":"","overlay-type":"","overlay-color":"","overlay-opacity":"","overlay-gradient":""}},"footnotes":""},"class_list":["post-4811","page","type-page","status-publish","hentry"],"post_mailing_queue_ids":[],"_links":{"self":[{"href":"https:\/\/agora.xtec.cat\/iesjoanamigo\/wp-json\/wp\/v2\/pages\/4811","targetHints":{"allow":["GET"]}}],"collection":[{"href":"https:\/\/agora.xtec.cat\/iesjoanamigo\/wp-json\/wp\/v2\/pages"}],"about":[{"href":"https:\/\/agora.xtec.cat\/iesjoanamigo\/wp-json\/wp\/v2\/types\/page"}],"author":[{"embeddable":true,"href":"https:\/\/agora.xtec.cat\/iesjoanamigo\/wp-json\/wp\/v2\/users\/1"}],"replies":[{"embeddable":true,"href":"https:\/\/agora.xtec.cat\/iesjoanamigo\/wp-json\/wp\/v2\/comments?post=4811"}],"version-history":[{"count":5,"href":"https:\/\/agora.xtec.cat\/iesjoanamigo\/wp-json\/wp\/v2\/pages\/4811\/revisions"}],"predecessor-version":[{"id":7031,"href":"https:\/\/agora.xtec.cat\/iesjoanamigo\/wp-json\/wp\/v2\/pages\/4811\/revisions\/7031"}],"up":[{"embeddable":true,"href":"https:\/\/agora.xtec.cat\/iesjoanamigo\/wp-json\/wp\/v2\/pages\/4808"}],"wp:attachment":[{"href":"https:\/\/agora.xtec.cat\/iesjoanamigo\/wp-json\/wp\/v2\/media?parent=4811"}],"curies":[{"name":"wp","href":"https:\/\/api.w.org\/{rel}","templated":true}]}}