{"id":3732,"date":"2021-03-09T09:58:30","date_gmt":"2021-03-09T08:58:30","guid":{"rendered":"http:\/\/agora.xtec.cat\/iesjoanamigo\/?page_id=3732"},"modified":"2025-09-18T12:11:46","modified_gmt":"2025-09-18T10:11:46","slug":"matricula-eso","status":"publish","type":"page","link":"https:\/\/agora.xtec.cat\/iesjoanamigo\/secretaria\/matricula-eso\/","title":{"rendered":"Matr\u00edcula ESO"},"content":{"rendered":"<p><strong>Per\u00edode<\/strong>: del 25 de juny al 3 de juliol de 2025<\/p>\n<p><strong>Format<\/strong>: Telem\u00e0tic (no presencial)<\/p>\n<p>Aquest curs la documentaci\u00f3 s&#8217;haur\u00e0 d&#8217;enviar en format digital de la seg\u00fcent manera:<\/p>\n<ul>\n<li><em>Correu electr\u00f2nic<\/em>: matricula<span class=\"\">@insjoanamigo.cat<\/span><\/li>\n<li><em>Assumpte correu<\/em>: Nom i cognoms de l&#8217;alumne\/a<\/li>\n<li><em>Documentaci\u00f3<\/em>: escanejar-la i adjuntar-la en format pdf. Per escanejar la documentaci\u00f3 es pot fer servir l&#8217;app CamScanner.<\/li>\n<li>MOLT IMPORTANT, per formalitzar la matr\u00edcula s&#8217;ha d&#8217;enviar en el mateix correu tota la documentaci\u00f3 adjunta sense que falti cap document dels que hi ha m\u00e9s avall.<\/li>\n<\/ul>\n<p><strong>DOCUMENTACI\u00d3 OFICIAL NECESS\u00c0RIA<\/strong><\/p>\n<ul>\n<li>DNI alumne\/a (davant i darrera en un sol document). <em>Nom document: dni_alumne.pdf<\/em><\/li>\n<li>DNI pare i mare o tutor\/a legal (davant i darrera en un sol document). <em>Nom document: dni_pare.pdf \/ dni_mare.pdf<\/em><\/li>\n<li>Targeta sanit\u00e0ria alumne\/a.\u00a0<em>Nom document: tsi.pdf<\/em><\/li>\n<li>Llibre de fam\u00edlia (2 p\u00e0gines, on hi consten els pares i l\u2019alumne\/a).\u00a0<em>Nom document: llibrefamilia.pdf<\/em><\/li>\n<li>Cartilla vacunacions on hi constin les dosis de vacunes. Si no es t\u00e9 el carnet de vacunacions, s&#8217;ha d&#8217;aportar un certificat m\u00e8dic oficial o el carnet de salut de l&#8217;infant en el qual figurin les dosis de les vacunes rebudes amb les dates corresponents. Si el vostre fill o filla no ha estat vacunat per indicaci\u00f3 m\u00e8dica o per altres circumst\u00e0ncies, cal aportar un certificat m\u00e8dic oficial justificatiu.\u00a0<em>Nom document: vacunes.pdf<\/em><\/li>\n<li>Carnet fam\u00edlia nombrosa o monoparental, si \u00e9s el cas.\u00a0<em>Nom document: familianombrosa.pdf \/ familiamonoparental.pdf<\/em><\/li>\n<li>En cas de divorci, documentaci\u00f3 cust\u00f2dia.\u00a0<em>Nom document: custodia.pdf<\/em><\/li>\n<\/ul>\n<p><strong>DOCUMENTACI\u00d3 DE CENTRE PER EMPLENAR OBLIGAT\u00d2RIAMENT<\/strong><\/p>\n<ul>\n<li><a href=\"https:\/\/agora.xtec.cat\/iesjoanamigo\/wp-content\/uploads\/usu506\/2024\/06\/Dades-personals.docx\">Full de dades personals<\/a><\/li>\n<li><a href=\"https:\/\/agora.xtec.cat\/iesjoanamigo\/general\/matricula-1r-eso-curs-2025-26\/attachment\/autoritzacio-religio-3\/\" rel=\"attachment wp-att-7360\">Full autoritzaci\u00f3 sobre opci\u00f3 de religi\u00f3 cat\u00f2lica<\/a><\/li>\n<li><a href=\"https:\/\/agora.xtec.cat\/iesjoanamigo\/general\/matricula-1r-eso-curs-2025-26\/attachment\/carta-compromis\/\" rel=\"attachment wp-att-7394\">Carta de comprom\u00eds educatiu<\/a><\/li>\n<li><a href=\"https:\/\/agora.xtec.cat\/iesjoanamigo\/general\/matricula-1r-eso-curs-2025-26\/attachment\/autoritzacio-drets-dimatge-2023-2\/\" rel=\"attachment wp-att-7361\">Autoritzaci\u00f3 drets d&#8217;imatge<\/a><\/li>\n<li><a href=\"https:\/\/agora.xtec.cat\/iesjoanamigo\/general\/matricula-1r-eso-curs-2025-26\/attachment\/04-autoritzacio-serveis-digitals-menor-14-anys-4\/\" rel=\"attachment wp-att-7362\">Autoritzaci\u00f3 serveis i recursos digitals (menor 14 anys)<\/a><\/li>\n<li><a href=\"https:\/\/agora.xtec.cat\/iesjoanamigo\/general\/matricula-1r-eso-curs-2025-26\/attachment\/autoritzacio-paracetamol-3\/\" rel=\"attachment wp-att-7363\">Autoritzaci\u00f3 per a l&#8217;administraci\u00f3 de paracetamol<\/a><\/li>\n<li><a href=\"https:\/\/agora.xtec.cat\/iesjoanamigo\/general\/matricula-1r-eso-curs-2025-26\/attachment\/autoritzacio-sortides-espluga-vimbodi-i-poblet-2\/\" rel=\"attachment wp-att-7364\">Autoritzaci\u00f3 sortides per l&#8217;Espluga de Francol\u00ed i Vimbod\u00ed i Poblet<\/a><\/li>\n<li><a href=\"https:\/\/agora.xtec.cat\/iesjoanamigo\/general\/matricula-1r-eso-curs-2025-26\/attachment\/cessio-de-dades-afa-3\/\" rel=\"attachment wp-att-7385\">Autoritzaci\u00f3 de cessi\u00f3 de dades a l&#8217;AFA (important per rebre informaci\u00f3 del centre)<\/a><\/li>\n<li><a href=\"https:\/\/agora.xtec.cat\/iesjoanamigo\/general\/matricula-1r-eso-curs-2025-26\/attachment\/drets-imatge-afa-2\/\" rel=\"attachment wp-att-7368\">Autoritzaci\u00f3 drets d&#8217;imatge a l&#8217;AFA<\/a><\/li>\n<\/ul>\n<p>Per qualsevol dubte poseu-vos en contacte al tel\u00e8fon 977 870 154 (de 10 a 13h) i demanant per secretaria.<\/p>\n<p><a href=\"https:\/\/preinscripcio.gencat.cat\/ca\/estudis\/eso\/inici\/\">M\u00e9s informaci\u00f3\u2026<\/a><\/p>\n","protected":false},"excerpt":{"rendered":"<p>Per\u00edode: del 25 de juny al 3 de juliol de 2025 Format: Telem\u00e0tic (no presencial) Aquest curs la documentaci\u00f3 s&#8217;haur\u00e0 d&#8217;enviar en format digital de la seg\u00fcent manera: Correu electr\u00f2nic: matricula@insjoanamigo.cat Assumpte correu: Nom i cognoms de l&#8217;alumne\/a Documentaci\u00f3: escanejar-la i adjuntar-la en format pdf. Per escanejar la documentaci\u00f3 es pot fer servir l&#8217;app CamScanner. [&hellip;]<\/p>\n","protected":false},"author":1,"featured_media":0,"parent":81,"menu_order":0,"comment_status":"closed","ping_status":"closed","template":"","meta":{"_bbp_topic_count":0,"_bbp_reply_count":0,"_bbp_total_topic_count":0,"_bbp_total_reply_count":0,"_bbp_voice_count":0,"_bbp_anonymous_reply_count":0,"_bbp_topic_count_hidden":0,"_bbp_reply_count_hidden":0,"_bbp_forum_subforum_count":0,"site-sidebar-layout":"default","site-content-layout":"","ast-site-content-layout":"default","site-content-style":"default","site-sidebar-style":"default","ast-global-header-display":"","ast-banner-title-visibility":"","ast-main-header-display":"","ast-hfb-above-header-display":"","ast-hfb-below-header-display":"","ast-hfb-mobile-header-display":"","site-post-title":"","ast-breadcrumbs-content":"","ast-featured-img":"","footer-sml-layout":"","theme-transparent-header-meta":"default","adv-header-id-meta":"","stick-header-meta":"","header-above-stick-meta":"","header-main-stick-meta":"","header-below-stick-meta":"","astra-migrate-meta-layouts":"set","ast-page-background-enabled":"default","ast-page-background-meta":{"desktop":{"background-color":"var(--ast-global-color-4)","background-image":"","background-repeat":"repeat","background-position":"center center","background-size":"auto","background-attachment":"scroll","background-type":"","background-media":"","overlay-type":"","overlay-color":"","overlay-opacity":"","overlay-gradient":""},"tablet":{"background-color":"","background-image":"","background-repeat":"repeat","background-position":"center center","background-size":"auto","background-attachment":"scroll","background-type":"","background-media":"","overlay-type":"","overlay-color":"","overlay-opacity":"","overlay-gradient":""},"mobile":{"background-color":"","background-image":"","background-repeat":"repeat","background-position":"center center","background-size":"auto","background-attachment":"scroll","background-type":"","background-media":"","overlay-type":"","overlay-color":"","overlay-opacity":"","overlay-gradient":""}},"ast-content-background-meta":{"desktop":{"background-color":"var(--ast-global-color-5)","background-image":"","background-repeat":"repeat","background-position":"center center","background-size":"auto","background-attachment":"scroll","background-type":"","background-media":"","overlay-type":"","overlay-color":"","overlay-opacity":"","overlay-gradient":""},"tablet":{"background-color":"var(--ast-global-color-5)","background-image":"","background-repeat":"repeat","background-position":"center center","background-size":"auto","background-attachment":"scroll","background-type":"","background-media":"","overlay-type":"","overlay-color":"","overlay-opacity":"","overlay-gradient":""},"mobile":{"background-color":"var(--ast-global-color-5)","background-image":"","background-repeat":"repeat","background-position":"center center","background-size":"auto","background-attachment":"scroll","background-type":"","background-media":"","overlay-type":"","overlay-color":"","overlay-opacity":"","overlay-gradient":""}},"footnotes":""},"class_list":["post-3732","page","type-page","status-publish","hentry"],"post_mailing_queue_ids":[],"_links":{"self":[{"href":"https:\/\/agora.xtec.cat\/iesjoanamigo\/wp-json\/wp\/v2\/pages\/3732","targetHints":{"allow":["GET"]}}],"collection":[{"href":"https:\/\/agora.xtec.cat\/iesjoanamigo\/wp-json\/wp\/v2\/pages"}],"about":[{"href":"https:\/\/agora.xtec.cat\/iesjoanamigo\/wp-json\/wp\/v2\/types\/page"}],"author":[{"embeddable":true,"href":"https:\/\/agora.xtec.cat\/iesjoanamigo\/wp-json\/wp\/v2\/users\/1"}],"replies":[{"embeddable":true,"href":"https:\/\/agora.xtec.cat\/iesjoanamigo\/wp-json\/wp\/v2\/comments?post=3732"}],"version-history":[{"count":6,"href":"https:\/\/agora.xtec.cat\/iesjoanamigo\/wp-json\/wp\/v2\/pages\/3732\/revisions"}],"predecessor-version":[{"id":7555,"href":"https:\/\/agora.xtec.cat\/iesjoanamigo\/wp-json\/wp\/v2\/pages\/3732\/revisions\/7555"}],"up":[{"embeddable":true,"href":"https:\/\/agora.xtec.cat\/iesjoanamigo\/wp-json\/wp\/v2\/pages\/81"}],"wp:attachment":[{"href":"https:\/\/agora.xtec.cat\/iesjoanamigo\/wp-json\/wp\/v2\/media?parent=3732"}],"curies":[{"name":"wp","href":"https:\/\/api.w.org\/{rel}","templated":true}]}}