{"id":356,"date":"2016-10-18T11:25:58","date_gmt":"2016-10-18T10:25:58","guid":{"rendered":"http:\/\/agora.xtec.cat\/iesjoanamigo\/?page_id=356"},"modified":"2016-10-28T13:12:10","modified_gmt":"2016-10-28T11:12:10","slug":"temporalitzacio","status":"publish","type":"page","link":"https:\/\/agora.xtec.cat\/iesjoanamigo\/projecte-educatiu\/projecte-de-convivencia\/mediacio\/temporalitzacio\/","title":{"rendered":"Processos de mediaci\u00f3"},"content":{"rendered":"<h6>Pla de difusi\u00f3 del programa<\/h6>\n<p>La difusi\u00f3 del programa de mediaci\u00f3 es far\u00e0 a trav\u00e9s de les tutories, amb la presentaci\u00f3 dels mediadors. A banda, s\u2019elaborar\u00e0 un tr\u00edptic informatiu, que tamb\u00e9 es podr\u00e0 trobar a la p\u00e0gina web del centre, que ser\u00e0 lliurat a tots els alumnes del centre.<br \/>\nS\u2019elaborar\u00e0 un cartell informatiu amb els noms de les persones mediadores i instruccions per a seguir el proc\u00e9s de mediaci\u00f3.<br \/>\nHi haur\u00e0 una b\u00fastia exclusiva per als problemes de mediaci\u00f3.<\/p>\n<h6>Temes susceptibles de mediaci\u00f3.<\/h6>\n<ul>\n<li>Mediaci\u00f3 entre iguals: Alumne-alumne<\/li>\n<li>Amenaces<\/li>\n<li>Assetjament (bulling)<\/li>\n<li>Temes d\u2019espai<\/li>\n<li>Temes de material<\/li>\n<li>Insults<\/li>\n<li>Robatoris<\/li>\n<li>Rumors i difamacions<\/li>\n<li>Baralles, agressions&#8230;<\/li>\n<li>Tots aquests temes proposats es tindran en compte tant si el conflicte sorgeix dintre del centre com fora del centre.<\/li>\n<\/ul>\n<h6>Proposta de sol\u00b7licitud de mediaci\u00f3<\/h6>\n<p>El cam\u00ed per accedir al servei de mediaci\u00f3 per part de l\u2019alumnat ser\u00e0 completament obert: a trav\u00e9s del tutor, directament a un mediador, a un professor, al coordinador de mediaci\u00f3, a trav\u00e9s de la b\u00fastia de mediaci\u00f3&#8230;<\/p>\n<h6>Protocols d\u2019actuaci\u00f3<\/h6>\n<p>Petici\u00f3 de mediaci\u00f3<br \/>\nRegistre de mediaci\u00f3<\/p>\n","protected":false},"excerpt":{"rendered":"<p>Pla de difusi\u00f3 del programa La difusi\u00f3 del programa de mediaci\u00f3 es far\u00e0 a trav\u00e9s de les tutories, amb la presentaci\u00f3 dels mediadors. A banda, s\u2019elaborar\u00e0 un tr\u00edptic informatiu, que tamb\u00e9 es podr\u00e0 trobar a la p\u00e0gina web del centre, que ser\u00e0 lliurat a tots els alumnes del centre. S\u2019elaborar\u00e0 un cartell informatiu amb els [&hellip;]<\/p>\n","protected":false},"author":1,"featured_media":0,"parent":346,"menu_order":0,"comment_status":"closed","ping_status":"closed","template":"page-templates\/side-menu.php","meta":{"_bbp_topic_count":0,"_bbp_reply_count":0,"_bbp_total_topic_count":0,"_bbp_total_reply_count":0,"_bbp_voice_count":0,"_bbp_anonymous_reply_count":0,"_bbp_topic_count_hidden":0,"_bbp_reply_count_hidden":0,"_bbp_forum_subforum_count":0,"site-sidebar-layout":"default","site-content-layout":"","ast-site-content-layout":"","site-content-style":"default","site-sidebar-style":"default","ast-global-header-display":"","ast-banner-title-visibility":"","ast-main-header-display":"","ast-hfb-above-header-display":"","ast-hfb-below-header-display":"","ast-hfb-mobile-header-display":"","site-post-title":"","ast-breadcrumbs-content":"","ast-featured-img":"","footer-sml-layout":"","theme-transparent-header-meta":"","adv-header-id-meta":"","stick-header-meta":"","header-above-stick-meta":"","header-main-stick-meta":"","header-below-stick-meta":"","astra-migrate-meta-layouts":"default","ast-page-background-enabled":"default","ast-page-background-meta":{"desktop":{"background-color":"var(--ast-global-color-4)","background-image":"","background-repeat":"repeat","background-position":"center center","background-size":"auto","background-attachment":"scroll","background-type":"","background-media":"","overlay-type":"","overlay-color":"","overlay-opacity":"","overlay-gradient":""},"tablet":{"background-color":"","background-image":"","background-repeat":"repeat","background-position":"center center","background-size":"auto","background-attachment":"scroll","background-type":"","background-media":"","overlay-type":"","overlay-color":"","overlay-opacity":"","overlay-gradient":""},"mobile":{"background-color":"","background-image":"","background-repeat":"repeat","background-position":"center center","background-size":"auto","background-attachment":"scroll","background-type":"","background-media":"","overlay-type":"","overlay-color":"","overlay-opacity":"","overlay-gradient":""}},"ast-content-background-meta":{"desktop":{"background-color":"var(--ast-global-color-5)","background-image":"","background-repeat":"repeat","background-position":"center center","background-size":"auto","background-attachment":"scroll","background-type":"","background-media":"","overlay-type":"","overlay-color":"","overlay-opacity":"","overlay-gradient":""},"tablet":{"background-color":"var(--ast-global-color-5)","background-image":"","background-repeat":"repeat","background-position":"center center","background-size":"auto","background-attachment":"scroll","background-type":"","background-media":"","overlay-type":"","overlay-color":"","overlay-opacity":"","overlay-gradient":""},"mobile":{"background-color":"var(--ast-global-color-5)","background-image":"","background-repeat":"repeat","background-position":"center center","background-size":"auto","background-attachment":"scroll","background-type":"","background-media":"","overlay-type":"","overlay-color":"","overlay-opacity":"","overlay-gradient":""}},"footnotes":""},"class_list":["post-356","page","type-page","status-publish","hentry"],"post_mailing_queue_ids":[],"_links":{"self":[{"href":"https:\/\/agora.xtec.cat\/iesjoanamigo\/wp-json\/wp\/v2\/pages\/356","targetHints":{"allow":["GET"]}}],"collection":[{"href":"https:\/\/agora.xtec.cat\/iesjoanamigo\/wp-json\/wp\/v2\/pages"}],"about":[{"href":"https:\/\/agora.xtec.cat\/iesjoanamigo\/wp-json\/wp\/v2\/types\/page"}],"author":[{"embeddable":true,"href":"https:\/\/agora.xtec.cat\/iesjoanamigo\/wp-json\/wp\/v2\/users\/1"}],"replies":[{"embeddable":true,"href":"https:\/\/agora.xtec.cat\/iesjoanamigo\/wp-json\/wp\/v2\/comments?post=356"}],"version-history":[{"count":3,"href":"https:\/\/agora.xtec.cat\/iesjoanamigo\/wp-json\/wp\/v2\/pages\/356\/revisions"}],"predecessor-version":[{"id":510,"href":"https:\/\/agora.xtec.cat\/iesjoanamigo\/wp-json\/wp\/v2\/pages\/356\/revisions\/510"}],"up":[{"embeddable":true,"href":"https:\/\/agora.xtec.cat\/iesjoanamigo\/wp-json\/wp\/v2\/pages\/346"}],"wp:attachment":[{"href":"https:\/\/agora.xtec.cat\/iesjoanamigo\/wp-json\/wp\/v2\/media?parent=356"}],"curies":[{"name":"wp","href":"https:\/\/api.w.org\/{rel}","templated":true}]}}