{"id":3330,"date":"2020-11-25T12:20:00","date_gmt":"2020-11-25T11:20:00","guid":{"rendered":"http:\/\/agora.xtec.cat\/iesjoanamigo\/?page_id=3330"},"modified":"2025-12-01T13:53:26","modified_gmt":"2025-12-01T12:53:26","slug":"erasmus","status":"publish","type":"page","link":"https:\/\/agora.xtec.cat\/iesjoanamigo\/projectes-de-centre\/gep\/erasmus\/","title":{"rendered":"Erasmus+"},"content":{"rendered":"<p><a href=\"http:\/\/www.sepie.es\/\"><img loading=\"lazy\" decoding=\"async\" class=\"alignnone wp-image-3329 size-full\" src=\"https:\/\/agora.xtec.cat\/iesjoanamigo\/wp-content\/uploads\/usu506\/2020\/11\/EU-flag-Erasmus-1.jpg\" alt=\"\" width=\"300\" height=\"86\" \/><\/a><a href=\"https:\/\/agora.xtec.cat\/iesjoanamigo\/wp-content\/uploads\/usu506\/2024\/10\/SEPIE_erasmus_plus.gif\"><img loading=\"lazy\" decoding=\"async\" class=\"alignright size-full wp-image-6339\" src=\"https:\/\/agora.xtec.cat\/iesjoanamigo\/wp-content\/uploads\/usu506\/2024\/10\/SEPIE_erasmus_plus.gif\" alt=\"\" width=\"400\" height=\"148\" \/><\/a><\/p>\n<p>&nbsp;<\/p>\n<ul>\n<li style=\"list-style-type: none;\">\n<ul>\n<li>Lloc web amb informaci\u00f3: <a href=\"http:\/\/www.sepie.es\/\">http:\/\/www.sepie.es\/<\/a><\/li>\n<\/ul>\n<\/li>\n<\/ul>\n<p>&nbsp;<\/p>\n<h1>Articles Erasmus+ del nostre Institut curs 2025\/26:<\/h1>\n<p>&nbsp;<\/p>\n<p><strong>Projecte e-Aqua<\/strong><\/p>\n<ul>\n<li style=\"list-style-type: none;\">\n<ul>\n<li><a href=\"https:\/\/agora.xtec.cat\/iesjoanamigo\/eso\/eso-3\/visita-a-la-planta-de-tractament-daigua-potable-de-lampolla\/\">Visita a la planta de tractament d\u2019aigua potable de l\u2019Ampolla<\/a><\/li>\n<li><a href=\"https:\/\/agora.xtec.cat\/iesjoanamigo\/eso\/erasmus25\/\">ERASMUS NEWS<\/a><\/li>\n<li><a href=\"https:\/\/agora.xtec.cat\/iesjoanamigo\/portada\/linstitut-joan-amigo-rep-alumnat-del-projecte-erasmus\/\">L\u2019institut Joan Amig\u00f3 rep alumnat del projecte Erasmus<\/a><\/li>\n<\/ul>\n<\/li>\n<\/ul>\n<p>&nbsp;<\/p>\n<p>&nbsp;<\/p>\n<h1><a href=\"https:\/\/agora.xtec.cat\/iesjoanamigo\/wp-content\/uploads\/usu506\/2024\/10\/separadorErasmus.jpg\"><img loading=\"lazy\" decoding=\"async\" class=\"size-large wp-image-6345 aligncenter\" src=\"https:\/\/agora.xtec.cat\/iesjoanamigo\/wp-content\/uploads\/usu506\/2024\/10\/separadorErasmus-1024x88.jpg\" alt=\"\" width=\"1024\" height=\"88\" srcset=\"https:\/\/agora.xtec.cat\/iesjoanamigo\/wp-content\/uploads\/usu506\/2024\/10\/separadorErasmus-1024x88.jpg 1024w, https:\/\/agora.xtec.cat\/iesjoanamigo\/wp-content\/uploads\/usu506\/2024\/10\/separadorErasmus-300x26.jpg 300w, https:\/\/agora.xtec.cat\/iesjoanamigo\/wp-content\/uploads\/usu506\/2024\/10\/separadorErasmus-768x66.jpg 768w, https:\/\/agora.xtec.cat\/iesjoanamigo\/wp-content\/uploads\/usu506\/2024\/10\/separadorErasmus-1536x131.jpg 1536w, https:\/\/agora.xtec.cat\/iesjoanamigo\/wp-content\/uploads\/usu506\/2024\/10\/separadorErasmus.jpg 1648w\" sizes=\"auto, (max-width: 1024px) 100vw, 1024px\" \/><\/a><\/h1>\n<p>&nbsp;<\/p>\n<h1>Articles Erasmus+ del nostre Institut curs 2024\/25:<\/h1>\n<h1><\/h1>\n<p><strong>Projecte E-SOLEO: <a href=\"https:\/\/sites.google.com\/xtec.cat\/erasmus-esoleo\" target=\"_blank\" rel=\"noopener\">https:\/\/sites.google.com\/xtec.cat\/erasmus-esoleo<\/a><\/strong><\/p>\n<h1><a href=\"https:\/\/sites.google.com\/xtec.cat\/erasmus-esoleo\/p%C3%A0gina-principal\" target=\"_blank\" rel=\"attachment noopener wp-att-6522\"><img loading=\"lazy\" decoding=\"async\" class=\"alignright wp-image-6771 size-medium\" src=\"https:\/\/agora.xtec.cat\/iesjoanamigo\/wp-content\/uploads\/usu506\/2025\/02\/logo-eSoleo-300x262.png\" alt=\"\" width=\"300\" height=\"262\" srcset=\"https:\/\/agora.xtec.cat\/iesjoanamigo\/wp-content\/uploads\/usu506\/2025\/02\/logo-eSoleo-300x262.png 300w, https:\/\/agora.xtec.cat\/iesjoanamigo\/wp-content\/uploads\/usu506\/2025\/02\/logo-eSoleo.png 753w\" sizes=\"auto, (max-width: 300px) 100vw, 300px\" \/><\/a><\/h1>\n<ul>\n<li style=\"list-style-type: none;\">\n<ul>\n<li><a href=\"https:\/\/agora.xtec.cat\/iesjoanamigo\/general\/resultat-seleccio-erasmus\/\">Resultat selecci\u00f3 Erasmus+<\/a><\/li>\n<li><a href=\"https:\/\/agora.xtec.cat\/iesjoanamigo\/portada\/e-soleo-la-primera-activitat-del-projecte-erasmus\/\">e-Soleo, la primera activitat del projecte Erasmus+<\/a><\/li>\n<li><a href=\"https:\/\/agora.xtec.cat\/iesjoanamigo\/portada\/erasmus-days-6-days-to-make-europe-shine-%e2%9c%a8-ready-steady-go\/\">Erasmus Days: 6 days to make Europe shine \u2728 Ready? Steady? Go!<\/a><\/li>\n<li><a href=\"https:\/\/agora.xtec.cat\/iesjoanamigo\/eso\/eso-3\/el-projecte-flood2now\/\">El projecte \u201cFlood2now\u201d<\/a><\/li>\n<li><a href=\"https:\/\/agora.xtec.cat\/iesjoanamigo\/eso\/erasmus-days-a-linstitut\/\">Erasmus Days a l\u2019Institut<\/a><\/li>\n<li><a href=\"https:\/\/agora.xtec.cat\/iesjoanamigo\/eso\/eso-3\/jornada-al-parc-astronomic-del-montsec\/\">Jornada al Parc Astron\u00f2mic del Montsec<\/a><\/li>\n<li><a href=\"https:\/\/agora.xtec.cat\/iesjoanamigo\/eso\/eso-3\/el-projecte-flood2now\/\">Flood2now<\/a><a href=\"https:\/\/agora.xtec.cat\/iesjoanamigo\/eso\/eso-3\/les-veus-del-francoli\/\">: Les veus del Francol\u00ed<\/a><\/li>\n<li><a href=\"https:\/\/agora.xtec.cat\/iesjoanamigo\/portada\/erasmus-ja-som-a-varsovia\/\">Erasmus+ ja som a Vars\u00f2via!<\/a><\/li>\n<li><a href=\"https:\/\/agora.xtec.cat\/iesjoanamigo\/eso\/eso-3\/el-projecte-erasmus-a-lefmr\/\">El Projecte Erasmus+ a l\u2019EFMR<\/a><\/li>\n<li><a href=\"https:\/\/agora.xtec.cat\/iesjoanamigo\/eso\/eso-3\/treball-sobre-lenergia-solar\/\">Treball sobre l\u2019energia solar<\/a><\/li>\n<li><a href=\"https:\/\/agora.xtec.cat\/iesjoanamigo\/general\/%f0%9f%87%aa%f0%9f%87%baavui-han-arribat-els-nostres-companys-i-companyes-erasmus-dalemanya-i-polonia-al-nostre-institut-%f0%9f%87%aa%f0%9f%87%ba\/\">Avui han arribat els nostres companys i companyes Erasmus d\u2019Alemanya i Pol\u00f2nia al nostre institut<\/a><\/li>\n<li><a href=\"https:\/\/agora.xtec.cat\/iesjoanamigo\/portada\/%f0%9f%87%aa%f0%9f%87%basegon-dia-de-la-mobilitat-erasmus-al-nostre-institut-%f0%9f%87%aa%f0%9f%87%ba\/\">Segon dia de la mobilitat Erasmus+ al nostre institut.<\/a><\/li>\n<li><a href=\"https:\/\/agora.xtec.cat\/iesjoanamigo\/portada\/%f0%9f%87%aa%f0%9f%87%ba-erasmus-news%f0%9f%87%aa%f0%9f%87%ba\/\">Erasmus news<\/a><\/li>\n<li><a href=\"https:\/\/agora.xtec.cat\/iesjoanamigo\/portada\/%f0%9f%87%aa%f0%9f%87%baerasmus-news-thursday\/\">Erasmus news &#8211; Thursday<\/a><\/li>\n<li><a href=\"https:\/\/agora.xtec.cat\/iesjoanamigo\/portada\/%f0%9f%87%aa%f0%9f%87%ba-erasmus-news%f0%9f%87%aa%f0%9f%87%ba-2\/\">ERASMUS NEWS Friday<\/a><\/li>\n<li><a href=\"https:\/\/agora.xtec.cat\/iesjoanamigo\/portada\/linstitut-joan-amigo-de-lespluga-de-francoli-rep-la-visita-dels-estudiants-del-programa-erasmus-esoleo\/\">L\u2019Institut Joan Amig\u00f3 de L\u2019Espluga de Francol\u00ed rep la visita dels estudiants del programa Erasmus+ \u00abeSoleo\u00bb<\/a><\/li>\n<li><a title=\"\ud83c\uddea\ud83c\uddfaERASMUS NEWS [1]\" href=\"https:\/\/agora.xtec.cat\/iesjoanamigo\/eso\/%f0%9f%87%aa%f0%9f%87%baerasmus-news-1%f0%9f%87%aa%f0%9f%87%ba\/\" rel=\"bookmark\">\ud83c\uddea\ud83c\uddfaERASMUS NEWS [1]<\/a><\/li>\n<li><a title=\"\ud83c\uddea\ud83c\uddfaERASMUS NEWS [2]\" href=\"https:\/\/agora.xtec.cat\/iesjoanamigo\/eso\/%f0%9f%87%aa%f0%9f%87%baerasmus-news-2%f0%9f%87%aa%f0%9f%87%ba\/\" rel=\"bookmark\">\ud83c\uddea\ud83c\uddfaERASMUS NEWS [2]<\/a><\/li>\n<li><a title=\"\ud83c\uddea\ud83c\uddfaERASMUS NEWS [3]\" href=\"https:\/\/agora.xtec.cat\/iesjoanamigo\/eso\/%f0%9f%87%aa%f0%9f%87%baerasmus-news-3\/\" rel=\"bookmark\">\ud83c\uddea\ud83c\uddfaERASMUS NEWS [3]<\/a><\/li>\n<li><a href=\"https:\/\/agora.xtec.cat\/iesjoanamigo\/eso\/%f0%9f%87%aa%f0%9f%87%baerasmus-news-4\/\">\ud83c\uddea\ud83c\uddfaERASMUS NEWS [4]<\/a><\/li>\n<li><a href=\"https:\/\/agora.xtec.cat\/iesjoanamigo\/eso\/%f0%9f%87%aa%f0%9f%87%baerasmus-news\/\">\ud83c\uddea\ud83c\uddfaERASMUS NEWS<\/a><\/li>\n<li><a href=\"https:\/\/agora.xtec.cat\/iesjoanamigo\/portada\/linstitut-joan-amigo-i-callau-realitza-una-nova-mobilitat-del-projecte-erasmus-a-colonia\/\">L\u2019Institut Joan Amig\u00f3 i Callau realitza una nova mobilitat del projecte Erasmus+ a Col\u00f2nia<\/a><\/li>\n<\/ul>\n<\/li>\n<\/ul>\n<p>&nbsp;<\/p>\n<p>&nbsp;<\/p>\n<p><a href=\"https:\/\/agora.xtec.cat\/iesjoanamigo\/wp-content\/uploads\/usu506\/2024\/10\/separadorErasmus.jpg\"><img loading=\"lazy\" decoding=\"async\" class=\"size-large wp-image-6345 aligncenter\" src=\"https:\/\/agora.xtec.cat\/iesjoanamigo\/wp-content\/uploads\/usu506\/2024\/10\/separadorErasmus-1024x88.jpg\" alt=\"\" width=\"1024\" height=\"88\" srcset=\"https:\/\/agora.xtec.cat\/iesjoanamigo\/wp-content\/uploads\/usu506\/2024\/10\/separadorErasmus-1024x88.jpg 1024w, https:\/\/agora.xtec.cat\/iesjoanamigo\/wp-content\/uploads\/usu506\/2024\/10\/separadorErasmus-300x26.jpg 300w, https:\/\/agora.xtec.cat\/iesjoanamigo\/wp-content\/uploads\/usu506\/2024\/10\/separadorErasmus-768x66.jpg 768w, https:\/\/agora.xtec.cat\/iesjoanamigo\/wp-content\/uploads\/usu506\/2024\/10\/separadorErasmus-1536x131.jpg 1536w, https:\/\/agora.xtec.cat\/iesjoanamigo\/wp-content\/uploads\/usu506\/2024\/10\/separadorErasmus.jpg 1648w\" sizes=\"auto, (max-width: 1024px) 100vw, 1024px\" \/><\/a><\/p>\n<p>&nbsp;<\/p>\n<p>&nbsp;<\/p>\n<h1>Articles Erasmus+ del nostre Institut curs 2021\/22:<\/h1>\n<p>&nbsp;<\/p>\n<p>Web projecte Erasmus: <a href=\"http:\/\/Www.savetheplanet.pro\" target=\"_blank\" rel=\"noopener noreferrer\" data-saferedirecturl=\"https:\/\/www.google.com\/url?q=http:\/\/Www.savetheplanet.pro&amp;source=gmail&amp;ust=1618476587504000&amp;usg=AFQjCNE_ElF29sfRejQAepxaeJ0m2raG4w\">www.savetheplanet.pro<\/a><\/p>\n<ul>\n<li style=\"list-style-type: none;\">\n<ul>\n<li><a href=\"https:\/\/agora.xtec.cat\/iesjoanamigo\/wp-content\/uploads\/usu506\/2020\/11\/ERASMUS-2.pdf\">ERASMUS+ (.pdf)<\/a><\/li>\n<li><a href=\"https:\/\/agora.xtec.cat\/iesjoanamigo\/general\/art_web_proces\/\">Erasmus+: proc\u00e9s de selecci\u00f3 alumnat<\/a><\/li>\n<li><a title=\"LLISTAT DEFINITIU ASPIRANTS ACCEPTATS A LES MOBILITATS ERASMUS+ 2020-2021 SAVE THE PLANET 2020-1-BG01-KA229-079223\" href=\"https:\/\/agora.xtec.cat\/iesjoanamigo\/general\/llistat-definitiu-aspirants-acceptats-a-les-mobilitats-erasmus-2020-2021-save-the-planet-2020-1-bg01-ka229-079223\/\" rel=\"bookmark\">LLISTAT DEFINITIU ASPIRANTS ACCEPTATS A LES MOBILITATS ERASMUS+ 2020-2021 SAVE THE PLANET 2020-1-BG01-KA229-079223<\/a><\/li>\n<li><a href=\"https:\/\/agora.xtec.cat\/iesjoanamigo\/eso\/xerrada-sobre-energies-renovables-del-projecte-erasmus-save-the-planet-3r-deso\/\">Xerrada sobre energies renovables del projecte Erasmus+ \u00abSave the planet\u00bb 3r d\u2019ESO<\/a><\/li>\n<li><a href=\"https:\/\/agora.xtec.cat\/iesjoanamigo\/eso\/primera-mobilitat-del-projecte-erasmus-save-the-planet-de-lalumnat-de-linstitut-joan-amigo-i-callau\/\">PRIMERA MOBILITAT DEL PROJECTE ERASMUS+ \u00abSAVE THE PLANET\u00bb DE L\u2019ALUMNAT DE L\u2019INSTITUT JOAN AMIG\u00d3 I CALLAU<\/a><\/li>\n<li><a href=\"https:\/\/agora.xtec.cat\/iesjoanamigo\/eso\/mobilitat-a-zamberk-de-lalumnat-erasmus-de-linstitut-joan-amigo-i-callau\/\">Mobilitat a Zamberk de l\u2019alumnat Erasmus+ de l\u2019institut Joan Amig\u00f3 i Callau<\/a><\/li>\n<\/ul>\n<\/li>\n<\/ul>\n<p>El projecte Save the Planet est\u00e0 cofinan\u00e7at pel programa Erasmus+ de la UE. El contingut d&#8217;aquesta publicaci\u00f3 \u00e9s responsabilitat exclusiva del centre i ni la Comissi\u00f3 Europea ni el Servei Espanyol per la Internacionalitzaci\u00f3 de l&#8217;Educaci\u00f3 (SEPIE) s\u00f3n responsables de l&#8217;\u00fas que se&#8217;n pugui fer de la informaci\u00f3 publicada.<\/p>\n<p>&nbsp;<\/p>\n<p>&nbsp;<\/p>\n<p><a href=\"https:\/\/agora.xtec.cat\/iesjoanamigo\/wp-content\/uploads\/usu506\/2024\/10\/separadorErasmus.jpg\"><img loading=\"lazy\" decoding=\"async\" class=\"size-large wp-image-6345 aligncenter\" src=\"https:\/\/agora.xtec.cat\/iesjoanamigo\/wp-content\/uploads\/usu506\/2024\/10\/separadorErasmus-1024x88.jpg\" alt=\"\" width=\"1024\" height=\"88\" srcset=\"https:\/\/agora.xtec.cat\/iesjoanamigo\/wp-content\/uploads\/usu506\/2024\/10\/separadorErasmus-1024x88.jpg 1024w, https:\/\/agora.xtec.cat\/iesjoanamigo\/wp-content\/uploads\/usu506\/2024\/10\/separadorErasmus-300x26.jpg 300w, https:\/\/agora.xtec.cat\/iesjoanamigo\/wp-content\/uploads\/usu506\/2024\/10\/separadorErasmus-768x66.jpg 768w, https:\/\/agora.xtec.cat\/iesjoanamigo\/wp-content\/uploads\/usu506\/2024\/10\/separadorErasmus-1536x131.jpg 1536w, https:\/\/agora.xtec.cat\/iesjoanamigo\/wp-content\/uploads\/usu506\/2024\/10\/separadorErasmus.jpg 1648w\" sizes=\"auto, (max-width: 1024px) 100vw, 1024px\" \/><\/a><\/p>\n<p>&nbsp;<\/p>\n","protected":false},"excerpt":{"rendered":"<p>&nbsp; Lloc web amb informaci\u00f3: http:\/\/www.sepie.es\/ &nbsp; Articles Erasmus+ del nostre Institut curs 2025\/26: &nbsp; Projecte e-Aqua Visita a la planta de tractament d\u2019aigua potable de l\u2019Ampolla ERASMUS NEWS L\u2019institut Joan Amig\u00f3 rep alumnat del projecte Erasmus &nbsp; &nbsp; &nbsp; Articles Erasmus+ del nostre Institut curs 2024\/25: Projecte E-SOLEO: https:\/\/sites.google.com\/xtec.cat\/erasmus-esoleo Resultat selecci\u00f3 Erasmus+ e-Soleo, la [&hellip;]<\/p>\n","protected":false},"author":1,"featured_media":0,"parent":516,"menu_order":40,"comment_status":"closed","ping_status":"closed","template":"","meta":{"_bbp_topic_count":0,"_bbp_reply_count":0,"_bbp_total_topic_count":0,"_bbp_total_reply_count":0,"_bbp_voice_count":0,"_bbp_anonymous_reply_count":0,"_bbp_topic_count_hidden":0,"_bbp_reply_count_hidden":0,"_bbp_forum_subforum_count":0,"site-sidebar-layout":"default","site-content-layout":"","ast-site-content-layout":"default","site-content-style":"default","site-sidebar-style":"default","ast-global-header-display":"","ast-banner-title-visibility":"","ast-main-header-display":"","ast-hfb-above-header-display":"","ast-hfb-below-header-display":"","ast-hfb-mobile-header-display":"","site-post-title":"","ast-breadcrumbs-content":"","ast-featured-img":"","footer-sml-layout":"","theme-transparent-header-meta":"default","adv-header-id-meta":"","stick-header-meta":"","header-above-stick-meta":"","header-main-stick-meta":"","header-below-stick-meta":"","astra-migrate-meta-layouts":"set","ast-page-background-enabled":"default","ast-page-background-meta":{"desktop":{"background-color":"var(--ast-global-color-4)","background-image":"","background-repeat":"repeat","background-position":"center center","background-size":"auto","background-attachment":"scroll","background-type":"","background-media":"","overlay-type":"","overlay-color":"","overlay-opacity":"","overlay-gradient":""},"tablet":{"background-color":"","background-image":"","background-repeat":"repeat","background-position":"center center","background-size":"auto","background-attachment":"scroll","background-type":"","background-media":"","overlay-type":"","overlay-color":"","overlay-opacity":"","overlay-gradient":""},"mobile":{"background-color":"","background-image":"","background-repeat":"repeat","background-position":"center center","background-size":"auto","background-attachment":"scroll","background-type":"","background-media":"","overlay-type":"","overlay-color":"","overlay-opacity":"","overlay-gradient":""}},"ast-content-background-meta":{"desktop":{"background-color":"var(--ast-global-color-5)","background-image":"","background-repeat":"repeat","background-position":"center center","background-size":"auto","background-attachment":"scroll","background-type":"","background-media":"","overlay-type":"","overlay-color":"","overlay-opacity":"","overlay-gradient":""},"tablet":{"background-color":"var(--ast-global-color-5)","background-image":"","background-repeat":"repeat","background-position":"center center","background-size":"auto","background-attachment":"scroll","background-type":"","background-media":"","overlay-type":"","overlay-color":"","overlay-opacity":"","overlay-gradient":""},"mobile":{"background-color":"var(--ast-global-color-5)","background-image":"","background-repeat":"repeat","background-position":"center center","background-size":"auto","background-attachment":"scroll","background-type":"","background-media":"","overlay-type":"","overlay-color":"","overlay-opacity":"","overlay-gradient":""}},"footnotes":""},"class_list":["post-3330","page","type-page","status-publish","hentry"],"post_mailing_queue_ids":[],"_links":{"self":[{"href":"https:\/\/agora.xtec.cat\/iesjoanamigo\/wp-json\/wp\/v2\/pages\/3330","targetHints":{"allow":["GET"]}}],"collection":[{"href":"https:\/\/agora.xtec.cat\/iesjoanamigo\/wp-json\/wp\/v2\/pages"}],"about":[{"href":"https:\/\/agora.xtec.cat\/iesjoanamigo\/wp-json\/wp\/v2\/types\/page"}],"author":[{"embeddable":true,"href":"https:\/\/agora.xtec.cat\/iesjoanamigo\/wp-json\/wp\/v2\/users\/1"}],"replies":[{"embeddable":true,"href":"https:\/\/agora.xtec.cat\/iesjoanamigo\/wp-json\/wp\/v2\/comments?post=3330"}],"version-history":[{"count":7,"href":"https:\/\/agora.xtec.cat\/iesjoanamigo\/wp-json\/wp\/v2\/pages\/3330\/revisions"}],"predecessor-version":[{"id":7738,"href":"https:\/\/agora.xtec.cat\/iesjoanamigo\/wp-json\/wp\/v2\/pages\/3330\/revisions\/7738"}],"up":[{"embeddable":true,"href":"https:\/\/agora.xtec.cat\/iesjoanamigo\/wp-json\/wp\/v2\/pages\/516"}],"wp:attachment":[{"href":"https:\/\/agora.xtec.cat\/iesjoanamigo\/wp-json\/wp\/v2\/media?parent=3330"}],"curies":[{"name":"wp","href":"https:\/\/api.w.org\/{rel}","templated":true}]}}