{"id":27,"date":"2016-09-17T16:24:03","date_gmt":"2016-09-17T14:24:03","guid":{"rendered":"http:\/\/agora.xtec.cat\/iesjoanamigo\/?page_id=27"},"modified":"2021-03-05T12:40:20","modified_gmt":"2021-03-05T11:40:20","slug":"historia","status":"publish","type":"page","link":"https:\/\/agora.xtec.cat\/iesjoanamigo\/el-centre\/historia\/","title":{"rendered":"Hist\u00f2ria"},"content":{"rendered":"<p style=\"text-align: justify;\">Aquest institut porta el nom de l&#8217;antic batlle de l&#8217;Espluga de Francol\u00ed, Joan Amig\u00f3 i Callau, que, malauradament, va morir el 15 de maig de 1985 en accident de tr\u00e0nsit. Va ser qui va encap\u00e7alar l&#8217;assoliment d&#8217;aquest projecte, amb molta il\u00b7lusi\u00f3, perqu\u00e8 els nois i noies de l&#8217;Espluga no haguessin de marxar a estudiar fora del poble en edats en qu\u00e8 \u00e9s molt necess\u00e0ria la conviv\u00e8ncia familiar. Va aconseguir la confirmaci\u00f3 que es faria l&#8217;institut uns dies abans de l&#8217;accident.<\/p>\n<p style=\"text-align: justify;\"><a href=\"http:\/\/agora.xtec.cat\/iesjoanamigo\/wp-content\/uploads\/usu506\/2016\/09\/insantic.jpg\"><img loading=\"lazy\" decoding=\"async\" class=\"alignleft wp-image-645\" src=\"http:\/\/agora.xtec.cat\/iesjoanamigo\/wp-content\/uploads\/usu506\/2016\/09\/insantic-300x225.jpg\" alt=\"Institut antic\" width=\"525\" height=\"394\" srcset=\"https:\/\/agora.xtec.cat\/iesjoanamigo\/wp-content\/uploads\/usu506\/2016\/09\/insantic-300x225.jpg 300w, https:\/\/agora.xtec.cat\/iesjoanamigo\/wp-content\/uploads\/usu506\/2016\/09\/insantic-768x576.jpg 768w, https:\/\/agora.xtec.cat\/iesjoanamigo\/wp-content\/uploads\/usu506\/2016\/09\/insantic-1024x768.jpg 1024w, https:\/\/agora.xtec.cat\/iesjoanamigo\/wp-content\/uploads\/usu506\/2016\/09\/insantic-200x150.jpg 200w, https:\/\/agora.xtec.cat\/iesjoanamigo\/wp-content\/uploads\/usu506\/2016\/09\/insantic.jpg 1600w\" sizes=\"auto, (max-width: 525px) 100vw, 525px\" \/><\/a>Al ser l&#8217;ajuntament el principal promotor de la creaci\u00f3 d&#8217;un institut al municipi, finan\u00e7\u00e0 les obres de construcci\u00f3 de l&#8217;edifici fins que l&#8217;any 2000 va passar a titularitat del Departament d&#8217;Ensenyament, annexant alhora l&#8217;edifici del Casalet.<br \/>\nEl juny de 1985 es va fer un acte per posar la primera pedra de l&#8217;institut i la inauguraci\u00f3 va ser el dia 7 de juny de 1986.<\/p>\n<p style=\"text-align: justify;\">El primer curs acad\u00e8mic es va iniciar l&#8217;any 1985, quan encara s&#8217;estava construint l&#8217;edifici; aix\u00f2 va ser possible gr\u00e0cies al Casal, que va cedir la biblioteca perqu\u00e8 es poguessin impartir les classes. Els primers estudis que es van realitzar van ser 1r i 2n de BUP i 1r i 2n de FP1 (branca administrativa).<\/p>\n<p style=\"text-align: justify;\">Amb la reforma es van implantar els estudis d\u2019Ensenyament Secundari Obligatori (ESO), i la primera promoci\u00f3 va ser la del per\u00edode 1996\/2000. El curs 2010-11 es van iniciar els estudis de CFGM Sistemes Microinform\u00e0tics i Xarxes.<\/p>\n<p style=\"text-align: justify;\">El 17 d\u2019octubre de 2008 es van inaugurar les instal\u00b7lacions actuals.<\/p>\n<p style=\"text-align: justify;\">Com es pot veure, el nostre institut s\u2019ha pogut aixecar gr\u00e0cies a l\u2019esfor\u00e7 de tota la comunitat educativa i altres entitats. Ara \u00e9s feina de tothom aconseguir que continu\u00ef endavant.<\/p>\n<p>&nbsp;<\/p>\n<div class=\"h5p-iframe-wrapper\"><iframe id=\"h5p-iframe-16\" class=\"h5p-iframe\" data-content-id=\"16\" style=\"height:1px\" src=\"about:blank\" frameBorder=\"0\" scrolling=\"no\" title=\"Hist\u00f2ria Institut\"><\/iframe><\/div>\n","protected":false},"excerpt":{"rendered":"<p>Aquest institut porta el nom de l&#8217;antic batlle de l&#8217;Espluga de Francol\u00ed, Joan Amig\u00f3 i Callau, que, malauradament, va morir el 15 de maig de 1985 en accident de tr\u00e0nsit. Va ser qui va encap\u00e7alar l&#8217;assoliment d&#8217;aquest projecte, amb molta il\u00b7lusi\u00f3, perqu\u00e8 els nois i noies de l&#8217;Espluga no haguessin de marxar a estudiar fora [&hellip;]<\/p>\n","protected":false},"author":1,"featured_media":0,"parent":19,"menu_order":20,"comment_status":"closed","ping_status":"closed","template":"page-templates\/side-menu.php","meta":{"_bbp_topic_count":0,"_bbp_reply_count":0,"_bbp_total_topic_count":0,"_bbp_total_reply_count":0,"_bbp_voice_count":0,"_bbp_anonymous_reply_count":0,"_bbp_topic_count_hidden":0,"_bbp_reply_count_hidden":0,"_bbp_forum_subforum_count":0,"site-sidebar-layout":"default","site-content-layout":"","ast-site-content-layout":"","site-content-style":"default","site-sidebar-style":"default","ast-global-header-display":"","ast-banner-title-visibility":"","ast-main-header-display":"","ast-hfb-above-header-display":"","ast-hfb-below-header-display":"","ast-hfb-mobile-header-display":"","site-post-title":"","ast-breadcrumbs-content":"","ast-featured-img":"","footer-sml-layout":"","theme-transparent-header-meta":"","adv-header-id-meta":"","stick-header-meta":"","header-above-stick-meta":"","header-main-stick-meta":"","header-below-stick-meta":"","astra-migrate-meta-layouts":"default","ast-page-background-enabled":"default","ast-page-background-meta":{"desktop":{"background-color":"var(--ast-global-color-4)","background-image":"","background-repeat":"repeat","background-position":"center center","background-size":"auto","background-attachment":"scroll","background-type":"","background-media":"","overlay-type":"","overlay-color":"","overlay-opacity":"","overlay-gradient":""},"tablet":{"background-color":"","background-image":"","background-repeat":"repeat","background-position":"center center","background-size":"auto","background-attachment":"scroll","background-type":"","background-media":"","overlay-type":"","overlay-color":"","overlay-opacity":"","overlay-gradient":""},"mobile":{"background-color":"","background-image":"","background-repeat":"repeat","background-position":"center center","background-size":"auto","background-attachment":"scroll","background-type":"","background-media":"","overlay-type":"","overlay-color":"","overlay-opacity":"","overlay-gradient":""}},"ast-content-background-meta":{"desktop":{"background-color":"var(--ast-global-color-5)","background-image":"","background-repeat":"repeat","background-position":"center center","background-size":"auto","background-attachment":"scroll","background-type":"","background-media":"","overlay-type":"","overlay-color":"","overlay-opacity":"","overlay-gradient":""},"tablet":{"background-color":"var(--ast-global-color-5)","background-image":"","background-repeat":"repeat","background-position":"center center","background-size":"auto","background-attachment":"scroll","background-type":"","background-media":"","overlay-type":"","overlay-color":"","overlay-opacity":"","overlay-gradient":""},"mobile":{"background-color":"var(--ast-global-color-5)","background-image":"","background-repeat":"repeat","background-position":"center center","background-size":"auto","background-attachment":"scroll","background-type":"","background-media":"","overlay-type":"","overlay-color":"","overlay-opacity":"","overlay-gradient":""}},"footnotes":""},"class_list":["post-27","page","type-page","status-publish","hentry"],"post_mailing_queue_ids":[],"_links":{"self":[{"href":"https:\/\/agora.xtec.cat\/iesjoanamigo\/wp-json\/wp\/v2\/pages\/27","targetHints":{"allow":["GET"]}}],"collection":[{"href":"https:\/\/agora.xtec.cat\/iesjoanamigo\/wp-json\/wp\/v2\/pages"}],"about":[{"href":"https:\/\/agora.xtec.cat\/iesjoanamigo\/wp-json\/wp\/v2\/types\/page"}],"author":[{"embeddable":true,"href":"https:\/\/agora.xtec.cat\/iesjoanamigo\/wp-json\/wp\/v2\/users\/1"}],"replies":[{"embeddable":true,"href":"https:\/\/agora.xtec.cat\/iesjoanamigo\/wp-json\/wp\/v2\/comments?post=27"}],"version-history":[{"count":4,"href":"https:\/\/agora.xtec.cat\/iesjoanamigo\/wp-json\/wp\/v2\/pages\/27\/revisions"}],"predecessor-version":[{"id":3749,"href":"https:\/\/agora.xtec.cat\/iesjoanamigo\/wp-json\/wp\/v2\/pages\/27\/revisions\/3749"}],"up":[{"embeddable":true,"href":"https:\/\/agora.xtec.cat\/iesjoanamigo\/wp-json\/wp\/v2\/pages\/19"}],"wp:attachment":[{"href":"https:\/\/agora.xtec.cat\/iesjoanamigo\/wp-json\/wp\/v2\/media?parent=27"}],"curies":[{"name":"wp","href":"https:\/\/api.w.org\/{rel}","templated":true}]}}