{"id":2186,"date":"2018-04-10T10:18:49","date_gmt":"2018-04-10T08:18:49","guid":{"rendered":"http:\/\/agora.xtec.cat\/iesjoanamigo\/?page_id=2186"},"modified":"2025-10-14T13:13:07","modified_gmt":"2025-10-14T11:13:07","slug":"reutilitzacio-de-llibres","status":"publish","type":"page","link":"https:\/\/agora.xtec.cat\/iesjoanamigo\/afa\/reutilitzacio-de-llibres\/","title":{"rendered":"Reutilitzaci\u00f3 de llibres"},"content":{"rendered":"<p>L&#8217;AFA, en coordinaci\u00f3 amb l&#8217;Institut, continua oferint el Projecte de Reutilitzaci\u00f3 de llibres de text amb l\u2019empresa IDDINK per a tots els seus associats. ha contractat els serveis d\u2019Iddink. Aquesta empresa ens permet escollir entre comprar llibres nous o reutilitzats (Ecobooks).<\/p>\n<p>Els ecobooks funcionen com un lloguer, si al final de curs es retornen els llibres en bon estat, suposa l&#8217;estalvi del 50-60% del preu com a llibre nou i al mateix temps estar\u00e0s contribuint a fer el m\u00f3n m\u00e9s sostenible.<\/p>\n<p>Podeu accedir <a href=\"https:\/\/microsites.iddink.es\/ca\/438_institut_joan_amigo_i_callau\/\" target=\"_blank\" rel=\"noopener noreferrer\">al lloc web d\u2019Iddink<\/a>, on teniu tota la informaci\u00f3 necess\u00e0ria, i fer la vostra comanda.<\/p>\n<p>Per m\u00e9s informaci\u00f3:<\/p>\n<ul>\n<li>Presentaci\u00f3 Iddink: <a href=\"https:\/\/vimeo.com\/420992016\" target=\"_blank\" rel=\"noopener noreferrer\">v\u00eddeo curt (5 minuts)<\/a> o <a href=\"https:\/\/vimeo.com\/346361089\" target=\"_blank\" rel=\"noopener noreferrer\">v\u00eddeo llarg (16 minuts)<\/a>.<\/li>\n<li><a href=\"https:\/\/vimeo.com\/45076699\" target=\"_blank\" rel=\"noopener noreferrer\">Com tractar els ecoBooks<\/a>.<\/li>\n<li><a href=\"https:\/\/vimeo.com\/97832068\" target=\"_blank\" rel=\"noopener noreferrer\">Com retornar ecoBooks<\/a>.<\/li>\n<li><a href=\"https:\/\/vimeo.com\/427671538\" target=\"_blank\" rel=\"noopener noreferrer\">Com fer una comanda<\/a>.<\/li>\n<\/ul>\n","protected":false},"excerpt":{"rendered":"<p>L&#8217;AFA, en coordinaci\u00f3 amb l&#8217;Institut, continua oferint el Projecte de Reutilitzaci\u00f3 de llibres de text amb l\u2019empresa IDDINK per a tots els seus associats. ha contractat els serveis d\u2019Iddink. Aquesta empresa ens permet escollir entre comprar llibres nous o reutilitzats (Ecobooks). Els ecobooks funcionen com un lloguer, si al final de curs es retornen els [&hellip;]<\/p>\n","protected":false},"author":20,"featured_media":0,"parent":2172,"menu_order":2,"comment_status":"closed","ping_status":"closed","template":"","meta":{"_bbp_topic_count":0,"_bbp_reply_count":0,"_bbp_total_topic_count":0,"_bbp_total_reply_count":0,"_bbp_voice_count":0,"_bbp_anonymous_reply_count":0,"_bbp_topic_count_hidden":0,"_bbp_reply_count_hidden":0,"_bbp_forum_subforum_count":0,"site-sidebar-layout":"default","site-content-layout":"","ast-site-content-layout":"default","site-content-style":"default","site-sidebar-style":"default","ast-global-header-display":"","ast-banner-title-visibility":"","ast-main-header-display":"","ast-hfb-above-header-display":"","ast-hfb-below-header-display":"","ast-hfb-mobile-header-display":"","site-post-title":"","ast-breadcrumbs-content":"","ast-featured-img":"","footer-sml-layout":"","theme-transparent-header-meta":"default","adv-header-id-meta":"","stick-header-meta":"","header-above-stick-meta":"","header-main-stick-meta":"","header-below-stick-meta":"","astra-migrate-meta-layouts":"set","ast-page-background-enabled":"default","ast-page-background-meta":{"desktop":{"background-color":"var(--ast-global-color-4)","background-image":"","background-repeat":"repeat","background-position":"center center","background-size":"auto","background-attachment":"scroll","background-type":"","background-media":"","overlay-type":"","overlay-color":"","overlay-opacity":"","overlay-gradient":""},"tablet":{"background-color":"","background-image":"","background-repeat":"repeat","background-position":"center center","background-size":"auto","background-attachment":"scroll","background-type":"","background-media":"","overlay-type":"","overlay-color":"","overlay-opacity":"","overlay-gradient":""},"mobile":{"background-color":"","background-image":"","background-repeat":"repeat","background-position":"center center","background-size":"auto","background-attachment":"scroll","background-type":"","background-media":"","overlay-type":"","overlay-color":"","overlay-opacity":"","overlay-gradient":""}},"ast-content-background-meta":{"desktop":{"background-color":"var(--ast-global-color-5)","background-image":"","background-repeat":"repeat","background-position":"center center","background-size":"auto","background-attachment":"scroll","background-type":"","background-media":"","overlay-type":"","overlay-color":"","overlay-opacity":"","overlay-gradient":""},"tablet":{"background-color":"var(--ast-global-color-5)","background-image":"","background-repeat":"repeat","background-position":"center center","background-size":"auto","background-attachment":"scroll","background-type":"","background-media":"","overlay-type":"","overlay-color":"","overlay-opacity":"","overlay-gradient":""},"mobile":{"background-color":"var(--ast-global-color-5)","background-image":"","background-repeat":"repeat","background-position":"center center","background-size":"auto","background-attachment":"scroll","background-type":"","background-media":"","overlay-type":"","overlay-color":"","overlay-opacity":"","overlay-gradient":""}},"footnotes":""},"class_list":["post-2186","page","type-page","status-publish","hentry"],"post_mailing_queue_ids":[],"_links":{"self":[{"href":"https:\/\/agora.xtec.cat\/iesjoanamigo\/wp-json\/wp\/v2\/pages\/2186","targetHints":{"allow":["GET"]}}],"collection":[{"href":"https:\/\/agora.xtec.cat\/iesjoanamigo\/wp-json\/wp\/v2\/pages"}],"about":[{"href":"https:\/\/agora.xtec.cat\/iesjoanamigo\/wp-json\/wp\/v2\/types\/page"}],"author":[{"embeddable":true,"href":"https:\/\/agora.xtec.cat\/iesjoanamigo\/wp-json\/wp\/v2\/users\/20"}],"replies":[{"embeddable":true,"href":"https:\/\/agora.xtec.cat\/iesjoanamigo\/wp-json\/wp\/v2\/comments?post=2186"}],"version-history":[{"count":4,"href":"https:\/\/agora.xtec.cat\/iesjoanamigo\/wp-json\/wp\/v2\/pages\/2186\/revisions"}],"predecessor-version":[{"id":7614,"href":"https:\/\/agora.xtec.cat\/iesjoanamigo\/wp-json\/wp\/v2\/pages\/2186\/revisions\/7614"}],"up":[{"embeddable":true,"href":"https:\/\/agora.xtec.cat\/iesjoanamigo\/wp-json\/wp\/v2\/pages\/2172"}],"wp:attachment":[{"href":"https:\/\/agora.xtec.cat\/iesjoanamigo\/wp-json\/wp\/v2\/media?parent=2186"}],"curies":[{"name":"wp","href":"https:\/\/api.w.org\/{rel}","templated":true}]}}