{"id":2182,"date":"2018-04-10T10:13:04","date_gmt":"2018-04-10T08:13:04","guid":{"rendered":"http:\/\/agora.xtec.cat\/iesjoanamigo\/?page_id=2182"},"modified":"2018-12-05T12:10:50","modified_gmt":"2018-12-05T11:10:50","slug":"examens-cambridge-english-examinations","status":"publish","type":"page","link":"https:\/\/agora.xtec.cat\/iesjoanamigo\/afa\/examens-cambridge-english-examinations\/","title":{"rendered":"Ex\u00e0mens Cambridge"},"content":{"rendered":"<p>Oferim la possibilitat de presentar-te a tres ex\u00e0mens Cambridge English Examinations:<\/p>\n<ul>\n<li><strong>Cambridge English Preliminary (PET)<\/strong>. \u00c9s un examen de nivell intermedi (Nivell B1 del Marc Europeu Com\u00fa de Refer\u00e8ncia per a les lleng\u00fces).<\/li>\n<li><strong>Cambridge English First (FCE)<\/strong>. \u00c9s un examen de nivell intermedi alt (Nivell B2 del Marc Europeu Com\u00fa de Refer\u00e8ncia per a les Lleng\u00fces).<\/li>\n<li><strong>Cambridge English Advanced (CAE)<\/strong>. \u00c9s un examen de nivell C1 del Marc Europeu Com\u00fa de Refer\u00e8ncia per a les Lleng\u00fces).<\/li>\n<\/ul>\n","protected":false},"excerpt":{"rendered":"<p>Oferim la possibilitat de presentar-te a tres ex\u00e0mens Cambridge English Examinations: Cambridge English Preliminary (PET). \u00c9s un examen de nivell intermedi (Nivell B1 del Marc Europeu Com\u00fa de Refer\u00e8ncia per a les lleng\u00fces). Cambridge English First (FCE). \u00c9s un examen de nivell intermedi alt (Nivell B2 del Marc Europeu Com\u00fa de Refer\u00e8ncia per a les [&hellip;]<\/p>\n","protected":false},"author":20,"featured_media":0,"parent":2172,"menu_order":1,"comment_status":"closed","ping_status":"closed","template":"page-templates\/side-menu.php","meta":{"_bbp_topic_count":0,"_bbp_reply_count":0,"_bbp_total_topic_count":0,"_bbp_total_reply_count":0,"_bbp_voice_count":0,"_bbp_anonymous_reply_count":0,"_bbp_topic_count_hidden":0,"_bbp_reply_count_hidden":0,"_bbp_forum_subforum_count":0,"site-sidebar-layout":"default","site-content-layout":"","ast-site-content-layout":"","site-content-style":"default","site-sidebar-style":"default","ast-global-header-display":"","ast-banner-title-visibility":"","ast-main-header-display":"","ast-hfb-above-header-display":"","ast-hfb-below-header-display":"","ast-hfb-mobile-header-display":"","site-post-title":"","ast-breadcrumbs-content":"","ast-featured-img":"","footer-sml-layout":"","theme-transparent-header-meta":"","adv-header-id-meta":"","stick-header-meta":"","header-above-stick-meta":"","header-main-stick-meta":"","header-below-stick-meta":"","astra-migrate-meta-layouts":"default","ast-page-background-enabled":"default","ast-page-background-meta":{"desktop":{"background-color":"var(--ast-global-color-4)","background-image":"","background-repeat":"repeat","background-position":"center center","background-size":"auto","background-attachment":"scroll","background-type":"","background-media":"","overlay-type":"","overlay-color":"","overlay-opacity":"","overlay-gradient":""},"tablet":{"background-color":"","background-image":"","background-repeat":"repeat","background-position":"center center","background-size":"auto","background-attachment":"scroll","background-type":"","background-media":"","overlay-type":"","overlay-color":"","overlay-opacity":"","overlay-gradient":""},"mobile":{"background-color":"","background-image":"","background-repeat":"repeat","background-position":"center center","background-size":"auto","background-attachment":"scroll","background-type":"","background-media":"","overlay-type":"","overlay-color":"","overlay-opacity":"","overlay-gradient":""}},"ast-content-background-meta":{"desktop":{"background-color":"var(--ast-global-color-5)","background-image":"","background-repeat":"repeat","background-position":"center center","background-size":"auto","background-attachment":"scroll","background-type":"","background-media":"","overlay-type":"","overlay-color":"","overlay-opacity":"","overlay-gradient":""},"tablet":{"background-color":"var(--ast-global-color-5)","background-image":"","background-repeat":"repeat","background-position":"center center","background-size":"auto","background-attachment":"scroll","background-type":"","background-media":"","overlay-type":"","overlay-color":"","overlay-opacity":"","overlay-gradient":""},"mobile":{"background-color":"var(--ast-global-color-5)","background-image":"","background-repeat":"repeat","background-position":"center center","background-size":"auto","background-attachment":"scroll","background-type":"","background-media":"","overlay-type":"","overlay-color":"","overlay-opacity":"","overlay-gradient":""}},"footnotes":""},"class_list":["post-2182","page","type-page","status-publish","hentry"],"post_mailing_queue_ids":[],"_links":{"self":[{"href":"https:\/\/agora.xtec.cat\/iesjoanamigo\/wp-json\/wp\/v2\/pages\/2182","targetHints":{"allow":["GET"]}}],"collection":[{"href":"https:\/\/agora.xtec.cat\/iesjoanamigo\/wp-json\/wp\/v2\/pages"}],"about":[{"href":"https:\/\/agora.xtec.cat\/iesjoanamigo\/wp-json\/wp\/v2\/types\/page"}],"author":[{"embeddable":true,"href":"https:\/\/agora.xtec.cat\/iesjoanamigo\/wp-json\/wp\/v2\/users\/20"}],"replies":[{"embeddable":true,"href":"https:\/\/agora.xtec.cat\/iesjoanamigo\/wp-json\/wp\/v2\/comments?post=2182"}],"version-history":[{"count":2,"href":"https:\/\/agora.xtec.cat\/iesjoanamigo\/wp-json\/wp\/v2\/pages\/2182\/revisions"}],"predecessor-version":[{"id":2185,"href":"https:\/\/agora.xtec.cat\/iesjoanamigo\/wp-json\/wp\/v2\/pages\/2182\/revisions\/2185"}],"up":[{"embeddable":true,"href":"https:\/\/agora.xtec.cat\/iesjoanamigo\/wp-json\/wp\/v2\/pages\/2172"}],"wp:attachment":[{"href":"https:\/\/agora.xtec.cat\/iesjoanamigo\/wp-json\/wp\/v2\/media?parent=2182"}],"curies":[{"name":"wp","href":"https:\/\/api.w.org\/{rel}","templated":true}]}}