{"id":2172,"date":"2018-04-09T17:20:35","date_gmt":"2018-04-09T15:20:35","guid":{"rendered":"http:\/\/agora.xtec.cat\/iesjoanamigo\/?page_id=2172"},"modified":"2025-10-08T12:43:12","modified_gmt":"2025-10-08T10:43:12","slug":"afa","status":"publish","type":"page","link":"https:\/\/agora.xtec.cat\/iesjoanamigo\/afa\/","title":{"rendered":"AFA"},"content":{"rendered":"<h5>Qu\u00e8 \u00e9s l\u2019AFA?<\/h5>\n<ul>\n<li>\u00c9s la forma m\u00e9s efectiva que tenim les mares i pares de l&#8217;escola per organitzar-nos dins del Centre Escolar.<\/li>\n<li>\u00c9s una entitat sense afany de lucre reconeguda legalment per la Generalitat.<\/li>\n<li>Serveix per desenvolupar una plataforma oberta a la participaci\u00f3 i reivindicaci\u00f3 de tots els aspectes referents a l&#8217;educaci\u00f3, per tal d&#8217;aconseguir junt amb els mestres, la millor formaci\u00f3 dels nostres fills.<\/li>\n<li>La Junta directiva de l&#8217;AFA s&#8217;encarrega de gestionar els recursos econ\u00f2mics que aporten els socis i de dur a terme les activitats aprovades per l&#8217;assemblea.<\/li>\n<\/ul>\n<h5>Quina funci\u00f3n tenim?<\/h5>\n<ol>\n<li>Donem suport a pares i mares, mestres i alumnes i tamb\u00e9 als \u00f2rgans de govern del centre i contribu\u00efm a la millora de la qualitat de l&#8217;ensenyament dels alumnes.<\/li>\n<li>Promovem la participaci\u00f3 dels pares a la comunitat educativa potenciant la seva implicaci\u00f3 en el funcionament del centre.<\/li>\n<li>Som un espai de reflexi\u00f3 que permet als pares i mares pensar i opinar sobre el funcionament quotidi\u00e0 de l&#8217;escola i sobre els temes educatius d&#8217;abast general.<\/li>\n<li>Som el principal interlocutor que tenen els mestres i els equips directius per tractar els temes que afecten a tot el col\u00b7lectiu de fam\u00edlies del centre.<\/li>\n<li>Orientem als pares en l&#8217;exercici del seus drets i obligacions com a membres d&#8217;un INS sostingut amb fons p\u00fablics.<\/li>\n<li>Participem en la pressa de decisions i en el govern del centre mitjan\u00e7ant un representant al Consell Escolar.<\/li>\n<li>Administrem els recursos que aporten els associats.<\/li>\n<\/ol>\n<h5>Quina funci\u00f3 t\u00e9 l&#8217;assemblea?<\/h5>\n<ul>\n<li>Rebre informes de la Junta Directiva i d&#8217;altres \u00f2rgans escollits.<\/li>\n<li>Debatre i aprovar el pla d&#8217;actuaci\u00f3 i pressupost de l&#8217;associaci\u00f3.<\/li>\n<li>Debatre i votar, si cal, esmenes als estatuts de l&#8217;associaci\u00f3.<\/li>\n<li>Debatre i votar temes d&#8217;objectius i estructura de la pr\u00f2pia associaci\u00f3.<\/li>\n<li>Triar (o renovar) als membres de la Junta.<\/li>\n<\/ul>\n","protected":false},"excerpt":{"rendered":"<p>Qu\u00e8 \u00e9s l\u2019AFA? \u00c9s la forma m\u00e9s efectiva que tenim les mares i pares de l&#8217;escola per organitzar-nos dins del Centre Escolar. \u00c9s una entitat sense afany de lucre reconeguda legalment per la Generalitat. Serveix per desenvolupar una plataforma oberta a la participaci\u00f3 i reivindicaci\u00f3 de tots els aspectes referents a l&#8217;educaci\u00f3, per tal d&#8217;aconseguir [&hellip;]<\/p>\n","protected":false},"author":20,"featured_media":0,"parent":0,"menu_order":10,"comment_status":"closed","ping_status":"closed","template":"","meta":{"_bbp_topic_count":0,"_bbp_reply_count":0,"_bbp_total_topic_count":0,"_bbp_total_reply_count":0,"_bbp_voice_count":0,"_bbp_anonymous_reply_count":0,"_bbp_topic_count_hidden":0,"_bbp_reply_count_hidden":0,"_bbp_forum_subforum_count":0,"site-sidebar-layout":"default","site-content-layout":"","ast-site-content-layout":"default","site-content-style":"default","site-sidebar-style":"default","ast-global-header-display":"","ast-banner-title-visibility":"","ast-main-header-display":"","ast-hfb-above-header-display":"","ast-hfb-below-header-display":"","ast-hfb-mobile-header-display":"","site-post-title":"","ast-breadcrumbs-content":"","ast-featured-img":"","footer-sml-layout":"","theme-transparent-header-meta":"default","adv-header-id-meta":"","stick-header-meta":"","header-above-stick-meta":"","header-main-stick-meta":"","header-below-stick-meta":"","astra-migrate-meta-layouts":"set","ast-page-background-enabled":"default","ast-page-background-meta":{"desktop":{"background-color":"var(--ast-global-color-4)","background-image":"","background-repeat":"repeat","background-position":"center center","background-size":"auto","background-attachment":"scroll","background-type":"","background-media":"","overlay-type":"","overlay-color":"","overlay-opacity":"","overlay-gradient":""},"tablet":{"background-color":"","background-image":"","background-repeat":"repeat","background-position":"center center","background-size":"auto","background-attachment":"scroll","background-type":"","background-media":"","overlay-type":"","overlay-color":"","overlay-opacity":"","overlay-gradient":""},"mobile":{"background-color":"","background-image":"","background-repeat":"repeat","background-position":"center center","background-size":"auto","background-attachment":"scroll","background-type":"","background-media":"","overlay-type":"","overlay-color":"","overlay-opacity":"","overlay-gradient":""}},"ast-content-background-meta":{"desktop":{"background-color":"var(--ast-global-color-5)","background-image":"","background-repeat":"repeat","background-position":"center center","background-size":"auto","background-attachment":"scroll","background-type":"","background-media":"","overlay-type":"","overlay-color":"","overlay-opacity":"","overlay-gradient":""},"tablet":{"background-color":"var(--ast-global-color-5)","background-image":"","background-repeat":"repeat","background-position":"center center","background-size":"auto","background-attachment":"scroll","background-type":"","background-media":"","overlay-type":"","overlay-color":"","overlay-opacity":"","overlay-gradient":""},"mobile":{"background-color":"var(--ast-global-color-5)","background-image":"","background-repeat":"repeat","background-position":"center center","background-size":"auto","background-attachment":"scroll","background-type":"","background-media":"","overlay-type":"","overlay-color":"","overlay-opacity":"","overlay-gradient":""}},"footnotes":""},"class_list":["post-2172","page","type-page","status-publish","hentry"],"post_mailing_queue_ids":[],"_links":{"self":[{"href":"https:\/\/agora.xtec.cat\/iesjoanamigo\/wp-json\/wp\/v2\/pages\/2172","targetHints":{"allow":["GET"]}}],"collection":[{"href":"https:\/\/agora.xtec.cat\/iesjoanamigo\/wp-json\/wp\/v2\/pages"}],"about":[{"href":"https:\/\/agora.xtec.cat\/iesjoanamigo\/wp-json\/wp\/v2\/types\/page"}],"author":[{"embeddable":true,"href":"https:\/\/agora.xtec.cat\/iesjoanamigo\/wp-json\/wp\/v2\/users\/20"}],"replies":[{"embeddable":true,"href":"https:\/\/agora.xtec.cat\/iesjoanamigo\/wp-json\/wp\/v2\/comments?post=2172"}],"version-history":[{"count":2,"href":"https:\/\/agora.xtec.cat\/iesjoanamigo\/wp-json\/wp\/v2\/pages\/2172\/revisions"}],"predecessor-version":[{"id":7592,"href":"https:\/\/agora.xtec.cat\/iesjoanamigo\/wp-json\/wp\/v2\/pages\/2172\/revisions\/7592"}],"wp:attachment":[{"href":"https:\/\/agora.xtec.cat\/iesjoanamigo\/wp-json\/wp\/v2\/media?parent=2172"}],"curies":[{"name":"wp","href":"https:\/\/api.w.org\/{rel}","templated":true}]}}