{"id":9,"date":"2014-09-12T10:15:01","date_gmt":"2014-09-12T10:15:01","guid":{"rendered":"http:\/\/agora.xtec.cat\/iesjaumemimo\/?page_id=9"},"modified":"2026-05-14T09:26:21","modified_gmt":"2026-05-14T07:26:21","slug":"pagina-dinici-buida","status":"publish","type":"page","link":"https:\/\/agora.xtec.cat\/iesjaumemimo\/","title":{"rendered":"Institut Jaume Mim\u00f3"},"content":{"rendered":"<h1><img loading=\"lazy\" decoding=\"async\" class=\"size-full wp-image-7977 alignnone\" src=\"https:\/\/agora.xtec.cat\/iesjaumemimo\/wp-content\/uploads\/usu86\/2026\/05\/ChatGPT-Image-13-may-2026-14_16_28.png\" alt=\"\" width=\"1859\" height=\"846\" srcset=\"https:\/\/agora.xtec.cat\/iesjaumemimo\/wp-content\/uploads\/usu86\/2026\/05\/ChatGPT-Image-13-may-2026-14_16_28.png 1859w, https:\/\/agora.xtec.cat\/iesjaumemimo\/wp-content\/uploads\/usu86\/2026\/05\/ChatGPT-Image-13-may-2026-14_16_28-300x137.png 300w, https:\/\/agora.xtec.cat\/iesjaumemimo\/wp-content\/uploads\/usu86\/2026\/05\/ChatGPT-Image-13-may-2026-14_16_28-1024x466.png 1024w, https:\/\/agora.xtec.cat\/iesjaumemimo\/wp-content\/uploads\/usu86\/2026\/05\/ChatGPT-Image-13-may-2026-14_16_28-768x350.png 768w, https:\/\/agora.xtec.cat\/iesjaumemimo\/wp-content\/uploads\/usu86\/2026\/05\/ChatGPT-Image-13-may-2026-14_16_28-1536x699.png 1536w\" sizes=\"auto, (max-width: 1859px) 100vw, 1859px\" \/><\/h1>\n<h1><strong>Benving<\/strong><strong>uts al nostre Institut!<br \/>\n<\/strong><\/h1>\n<h2><span style=\"text-decoration: underline;\"><strong>EDUCACI\u00d3 SECUND\u00c0RIA OBLIGAT\u00d2RIA<\/strong><\/span><\/h2>\n<h3 style=\"text-align: center;\"><a href=\"https:\/\/drive.google.com\/file\/d\/1cyzwZZoGRX9xom9oXGLznzmZTpOMDbh8\/view?usp=sharing\">PUBLICACI\u00d3 DE LA LLISTA DE LA PREINSCRIPCI\u00d3 ORDENADA<\/a><\/h3>\n<p style=\"text-align: center;\">El n\u00famero de desempat \u00e9s: <strong>42129<\/strong><\/p>\n<h2><span style=\"text-decoration: underline;\"><strong>BATXILLERAT<\/strong><\/span><\/h2>\n<h3 style=\"text-align: center;\"><a href=\"https:\/\/drive.google.com\/file\/d\/1HeJWEoJkjxaVZ7uwePiML3EHvLGIFHtw\/view?usp=sharing\">PUBLICACI\u00d3 DE LA LLISTA AMB PUNTUACI\u00d3 PROVISIONAL<\/a><\/h3>\n<p>&nbsp;<\/p>\n<h2><span style=\"text-decoration: underline;\"><strong>PROVES D&#8217;ACC\u00c9S<\/strong><\/span><\/h2>\n<h3 style=\"text-align: center;\"><span style=\"text-decoration: underline;\"><strong><br \/>\n<\/strong><\/span><a href=\"https:\/\/drive.google.com\/file\/d\/1mOU7EjGChj9Ycz1rYCAQR-a6nKuDvnKC\/view?usp=drive_link\">REVISA EL MATERIAL QUE HAS DE PORTAR A LES PROVES D&#8217;ACC\u00c9S AL GRAU SUPERIOR<\/a><\/h3>\n<h3 style=\"text-align: center;\"><a href=\"https:\/\/drive.google.com\/file\/d\/1cPaGC26GcZtw6MMokFaW3sM6I51bNCH5\/view?usp=drive_link\">I AQU\u00cd AL GRAU MITJ\u00c0!<\/a><\/h3>\n<h4 style=\"text-align: justify;\"><strong>EXTRAESCOLARS<\/strong><\/h4>\n<p style=\"text-align: justify;\">Vols saber m\u00e9s? Us adjuntem l&#8217;oferta d&#8217;activitats extraescolars per la propera temporada 2025-2026, esperem que sigui del vostre inter\u00e8s. Aquest any com a novetat tenim l&#8217;APP per millorar la comunicaci\u00f3 amb les fam\u00edlies, heu d&#8217;anar a la p\u00e0gina http:\/\/dae.emotium.cat. Si teniu qualsevol dubte si us plau ens podeu trucar al tel\u00e8fon 650862143 o enviar correu electr\u00f2nic a dayanis.guerra.carballoso@gmail.com.<\/p>\n<p><img loading=\"lazy\" decoding=\"async\" class=\"aligncenter wp-image-7808\" src=\"https:\/\/agora.xtec.cat\/iesjaumemimo\/wp-content\/uploads\/usu86\/2025\/12\/IMG-20251209-WA0006.jpg\" alt=\"\" width=\"554\" height=\"188\" srcset=\"https:\/\/agora.xtec.cat\/iesjaumemimo\/wp-content\/uploads\/usu86\/2025\/12\/IMG-20251209-WA0006.jpg 760w, https:\/\/agora.xtec.cat\/iesjaumemimo\/wp-content\/uploads\/usu86\/2025\/12\/IMG-20251209-WA0006-300x102.jpg 300w\" sizes=\"auto, (max-width: 554px) 100vw, 554px\" \/><\/p>\n<hr \/>\n<h4><\/h4>\n<h4 style=\"text-align: center;\">Informaci\u00f3 &#8220;\u00das de c\u00e0meres \ud83d\udcfd de videovigil\u00e0ncia&#8221; en aquest <a href=\"https:\/\/drive.google.com\/file\/d\/1Qpn3BBG-yOhGunM85L82kK3ITAQFpfd3\/view?usp=sharing\">ENLLA\u00c7<\/a><\/h4>\n<hr \/>\n<h4><strong><img loading=\"lazy\" decoding=\"async\" class=\"aligncenter wp-image-7590 size-full\" src=\"https:\/\/agora.xtec.cat\/iesjaumemimo\/wp-content\/uploads\/usu86\/2025\/05\/posar-web.jpg\" alt=\"\" width=\"1160\" height=\"273\" srcset=\"https:\/\/agora.xtec.cat\/iesjaumemimo\/wp-content\/uploads\/usu86\/2025\/05\/posar-web.jpg 1160w, https:\/\/agora.xtec.cat\/iesjaumemimo\/wp-content\/uploads\/usu86\/2025\/05\/posar-web-300x71.jpg 300w, https:\/\/agora.xtec.cat\/iesjaumemimo\/wp-content\/uploads\/usu86\/2025\/05\/posar-web-1024x241.jpg 1024w, https:\/\/agora.xtec.cat\/iesjaumemimo\/wp-content\/uploads\/usu86\/2025\/05\/posar-web-768x181.jpg 768w\" sizes=\"auto, (max-width: 1160px) 100vw, 1160px\" \/><\/strong><\/h4>\n<p><img loading=\"lazy\" decoding=\"async\" class=\"aligncenter wp-image-7802\" src=\"https:\/\/agora.xtec.cat\/iesjaumemimo\/wp-content\/uploads\/usu86\/2025\/11\/afa-web-si.png\" alt=\"\" width=\"1086\" height=\"315\" srcset=\"https:\/\/agora.xtec.cat\/iesjaumemimo\/wp-content\/uploads\/usu86\/2025\/11\/afa-web-si.png 1048w, https:\/\/agora.xtec.cat\/iesjaumemimo\/wp-content\/uploads\/usu86\/2025\/11\/afa-web-si-300x87.png 300w, https:\/\/agora.xtec.cat\/iesjaumemimo\/wp-content\/uploads\/usu86\/2025\/11\/afa-web-si-1024x297.png 1024w, https:\/\/agora.xtec.cat\/iesjaumemimo\/wp-content\/uploads\/usu86\/2025\/11\/afa-web-si-768x223.png 768w\" sizes=\"auto, (max-width: 1086px) 100vw, 1086px\" \/><\/p>\n<p>&nbsp;<\/p>\n","protected":false},"excerpt":{"rendered":"<p>Benvinguts al nostre Institut! EDUCACI\u00d3 SECUND\u00c0RIA OBLIGAT\u00d2RIA PUBLICACI\u00d3 DE LA LLISTA DE LA PREINSCRIPCI\u00d3 ORDENADA El n\u00famero de desempat \u00e9s: 42129 BATXILLERAT PUBLICACI\u00d3 DE LA LLISTA AMB PUNTUACI\u00d3 PROVISIONAL &nbsp; PROVES D&#8217;ACC\u00c9S REVISA EL MATERIAL QUE HAS DE PORTAR A LES PROVES D&#8217;ACC\u00c9S AL GRAU SUPERIOR I AQU\u00cd AL GRAU MITJ\u00c0! EXTRAESCOLARS Vols saber m\u00e9s? [&hellip;]<\/p>\n","protected":false},"author":1,"featured_media":0,"parent":7,"menu_order":0,"comment_status":"closed","ping_status":"closed","template":"","meta":{"_bbp_topic_count":0,"_bbp_reply_count":0,"_bbp_total_topic_count":0,"_bbp_total_reply_count":0,"_bbp_voice_count":0,"_bbp_anonymous_reply_count":0,"_bbp_topic_count_hidden":0,"_bbp_reply_count_hidden":0,"_bbp_forum_subforum_count":0,"site-sidebar-layout":"default","site-content-layout":"","ast-site-content-layout":"default","site-content-style":"default","site-sidebar-style":"default","ast-global-header-display":"","ast-banner-title-visibility":"","ast-main-header-display":"","ast-hfb-above-header-display":"","ast-hfb-below-header-display":"","ast-hfb-mobile-header-display":"","site-post-title":"","ast-breadcrumbs-content":"","ast-featured-img":"","footer-sml-layout":"","theme-transparent-header-meta":"default","adv-header-id-meta":"","stick-header-meta":"","header-above-stick-meta":"","header-main-stick-meta":"","header-below-stick-meta":"","astra-migrate-meta-layouts":"set","ast-page-background-enabled":"default","ast-page-background-meta":{"desktop":{"background-color":"var(--ast-global-color-4)","background-image":"","background-repeat":"repeat","background-position":"center center","background-size":"auto","background-attachment":"scroll","background-type":"","background-media":"","overlay-type":"","overlay-color":"","overlay-opacity":"","overlay-gradient":""},"tablet":{"background-color":"","background-image":"","background-repeat":"repeat","background-position":"center center","background-size":"auto","background-attachment":"scroll","background-type":"","background-media":"","overlay-type":"","overlay-color":"","overlay-opacity":"","overlay-gradient":""},"mobile":{"background-color":"","background-image":"","background-repeat":"repeat","background-position":"center center","background-size":"auto","background-attachment":"scroll","background-type":"","background-media":"","overlay-type":"","overlay-color":"","overlay-opacity":"","overlay-gradient":""}},"ast-content-background-meta":{"desktop":{"background-color":"var(--ast-global-color-5)","background-image":"","background-repeat":"repeat","background-position":"center center","background-size":"auto","background-attachment":"scroll","background-type":"","background-media":"","overlay-type":"","overlay-color":"","overlay-opacity":"","overlay-gradient":""},"tablet":{"background-color":"var(--ast-global-color-5)","background-image":"","background-repeat":"repeat","background-position":"center center","background-size":"auto","background-attachment":"scroll","background-type":"","background-media":"","overlay-type":"","overlay-color":"","overlay-opacity":"","overlay-gradient":""},"mobile":{"background-color":"var(--ast-global-color-5)","background-image":"","background-repeat":"repeat","background-position":"center center","background-size":"auto","background-attachment":"scroll","background-type":"","background-media":"","overlay-type":"","overlay-color":"","overlay-opacity":"","overlay-gradient":""}},"footnotes":""},"class_list":["post-9","page","type-page","status-publish","hentry"],"post_mailing_queue_ids":[],"_links":{"self":[{"href":"https:\/\/agora.xtec.cat\/iesjaumemimo\/wp-json\/wp\/v2\/pages\/9","targetHints":{"allow":["GET"]}}],"collection":[{"href":"https:\/\/agora.xtec.cat\/iesjaumemimo\/wp-json\/wp\/v2\/pages"}],"about":[{"href":"https:\/\/agora.xtec.cat\/iesjaumemimo\/wp-json\/wp\/v2\/types\/page"}],"author":[{"embeddable":true,"href":"https:\/\/agora.xtec.cat\/iesjaumemimo\/wp-json\/wp\/v2\/users\/1"}],"replies":[{"embeddable":true,"href":"https:\/\/agora.xtec.cat\/iesjaumemimo\/wp-json\/wp\/v2\/comments?post=9"}],"version-history":[{"count":9,"href":"https:\/\/agora.xtec.cat\/iesjaumemimo\/wp-json\/wp\/v2\/pages\/9\/revisions"}],"predecessor-version":[{"id":7979,"href":"https:\/\/agora.xtec.cat\/iesjaumemimo\/wp-json\/wp\/v2\/pages\/9\/revisions\/7979"}],"up":[{"embeddable":true,"href":"https:\/\/agora.xtec.cat\/iesjaumemimo\/wp-json\/wp\/v2\/pages\/7"}],"wp:attachment":[{"href":"https:\/\/agora.xtec.cat\/iesjaumemimo\/wp-json\/wp\/v2\/media?parent=9"}],"curies":[{"name":"wp","href":"https:\/\/api.w.org\/{rel}","templated":true}]}}