{"id":828,"date":"2015-09-22T23:33:08","date_gmt":"2015-09-22T22:33:08","guid":{"rendered":"http:\/\/agora.xtec.cat\/iesjaumemimo\/?page_id=828"},"modified":"2015-09-22T23:49:16","modified_gmt":"2015-09-22T22:49:16","slug":"netinvet","status":"publish","type":"page","link":"https:\/\/agora.xtec.cat\/iesjaumemimo\/ciclesformatius\/netinvet\/","title":{"rendered":"NETINVET"},"content":{"rendered":"<p><a href=\"http:\/\/www.netinvet.eu\/\"><img loading=\"lazy\" decoding=\"async\" class=\"alignnone wp-image-829 size-thumbnail\" src=\"http:\/\/agora.xtec.cat\/iesjaumemimo\/wp-content\/uploads\/usu86\/2015\/09\/netinvet_logo.jpg\" alt=\"netinvet_logo\" width=\"210\" height=\"221\" \/><\/a><\/p>\n<p><a href=\"http:\/\/www.netinvet.eu\/\" target=\"_blank\">NETINVET<\/a> \u00e9s una associaci\u00f3 de cooperaci\u00f3 europea d\u2019instituts que realitzen cicles formatius de grau superior de Comer\u00e7 Internacional i Transport i Log\u00edstica amb l\u2019objectiu de promocionar la mobilitat d\u2019estudis i estades en empreses (FCT) dels nostres alumnes i tamb\u00e9 la mobilitat dels nostres professors.<\/p>\n<p>&nbsp;<\/p>\n<p><a href=\"http:\/\/www.netinvet.eu\/centre-ies-jaume-mimo\" target=\"_blank\"><img loading=\"lazy\" decoding=\"async\" class=\"alignnone wp-image-833 size-medium\" src=\"http:\/\/agora.xtec.cat\/iesjaumemimo\/wp-content\/uploads\/usu86\/2015\/09\/Captura-de-pantalla-2015-09-23-a-las-00.38.01-300x220.png\" alt=\"Netinvet Mim\u00f3\" width=\"300\" height=\"220\" \/><\/a><\/p>\n<p>&nbsp;<\/p>\n<p><a href=\"http:\/\/agora.xtec.cat\/iesjaumemimo\/ciclesformatius\/erasmus\/\"><img loading=\"lazy\" decoding=\"async\" class=\"alignnone wp-image-811\" src=\"http:\/\/agora.xtec.cat\/iesjaumemimo\/wp-content\/uploads\/usu86\/2015\/09\/erasmus.png\" alt=\"erasmus\" width=\"350\" height=\"100\" srcset=\"https:\/\/agora.xtec.cat\/iesjaumemimo\/wp-content\/uploads\/usu86\/2015\/09\/erasmus.png 943w, https:\/\/agora.xtec.cat\/iesjaumemimo\/wp-content\/uploads\/usu86\/2015\/09\/erasmus-300x86.png 300w\" sizes=\"auto, (max-width: 350px) 100vw, 350px\" \/><\/a><\/p>\n","protected":false},"excerpt":{"rendered":"<p>NETINVET \u00e9s una associaci\u00f3 de cooperaci\u00f3 europea d\u2019instituts que realitzen cicles formatius de grau superior de Comer\u00e7 Internacional i Transport i Log\u00edstica amb l\u2019objectiu de promocionar la mobilitat d\u2019estudis i estades en empreses (FCT) dels nostres alumnes i tamb\u00e9 la mobilitat dels nostres professors. &nbsp; &nbsp;<\/p>\n","protected":false},"author":1,"featured_media":0,"parent":710,"menu_order":14,"comment_status":"closed","ping_status":"closed","template":"page-templates\/side-menu.php","meta":{"_bbp_topic_count":0,"_bbp_reply_count":0,"_bbp_total_topic_count":0,"_bbp_total_reply_count":0,"_bbp_voice_count":0,"_bbp_anonymous_reply_count":0,"_bbp_topic_count_hidden":0,"_bbp_reply_count_hidden":0,"_bbp_forum_subforum_count":0,"site-sidebar-layout":"default","site-content-layout":"","ast-site-content-layout":"","site-content-style":"default","site-sidebar-style":"default","ast-global-header-display":"","ast-banner-title-visibility":"","ast-main-header-display":"","ast-hfb-above-header-display":"","ast-hfb-below-header-display":"","ast-hfb-mobile-header-display":"","site-post-title":"","ast-breadcrumbs-content":"","ast-featured-img":"","footer-sml-layout":"","theme-transparent-header-meta":"","adv-header-id-meta":"","stick-header-meta":"","header-above-stick-meta":"","header-main-stick-meta":"","header-below-stick-meta":"","astra-migrate-meta-layouts":"default","ast-page-background-enabled":"default","ast-page-background-meta":{"desktop":{"background-color":"var(--ast-global-color-4)","background-image":"","background-repeat":"repeat","background-position":"center center","background-size":"auto","background-attachment":"scroll","background-type":"","background-media":"","overlay-type":"","overlay-color":"","overlay-opacity":"","overlay-gradient":""},"tablet":{"background-color":"","background-image":"","background-repeat":"repeat","background-position":"center center","background-size":"auto","background-attachment":"scroll","background-type":"","background-media":"","overlay-type":"","overlay-color":"","overlay-opacity":"","overlay-gradient":""},"mobile":{"background-color":"","background-image":"","background-repeat":"repeat","background-position":"center center","background-size":"auto","background-attachment":"scroll","background-type":"","background-media":"","overlay-type":"","overlay-color":"","overlay-opacity":"","overlay-gradient":""}},"ast-content-background-meta":{"desktop":{"background-color":"var(--ast-global-color-5)","background-image":"","background-repeat":"repeat","background-position":"center center","background-size":"auto","background-attachment":"scroll","background-type":"","background-media":"","overlay-type":"","overlay-color":"","overlay-opacity":"","overlay-gradient":""},"tablet":{"background-color":"var(--ast-global-color-5)","background-image":"","background-repeat":"repeat","background-position":"center center","background-size":"auto","background-attachment":"scroll","background-type":"","background-media":"","overlay-type":"","overlay-color":"","overlay-opacity":"","overlay-gradient":""},"mobile":{"background-color":"var(--ast-global-color-5)","background-image":"","background-repeat":"repeat","background-position":"center center","background-size":"auto","background-attachment":"scroll","background-type":"","background-media":"","overlay-type":"","overlay-color":"","overlay-opacity":"","overlay-gradient":""}},"footnotes":""},"class_list":["post-828","page","type-page","status-publish","hentry"],"post_mailing_queue_ids":[],"_links":{"self":[{"href":"https:\/\/agora.xtec.cat\/iesjaumemimo\/wp-json\/wp\/v2\/pages\/828","targetHints":{"allow":["GET"]}}],"collection":[{"href":"https:\/\/agora.xtec.cat\/iesjaumemimo\/wp-json\/wp\/v2\/pages"}],"about":[{"href":"https:\/\/agora.xtec.cat\/iesjaumemimo\/wp-json\/wp\/v2\/types\/page"}],"author":[{"embeddable":true,"href":"https:\/\/agora.xtec.cat\/iesjaumemimo\/wp-json\/wp\/v2\/users\/1"}],"replies":[{"embeddable":true,"href":"https:\/\/agora.xtec.cat\/iesjaumemimo\/wp-json\/wp\/v2\/comments?post=828"}],"version-history":[{"count":3,"href":"https:\/\/agora.xtec.cat\/iesjaumemimo\/wp-json\/wp\/v2\/pages\/828\/revisions"}],"predecessor-version":[{"id":835,"href":"https:\/\/agora.xtec.cat\/iesjaumemimo\/wp-json\/wp\/v2\/pages\/828\/revisions\/835"}],"up":[{"embeddable":true,"href":"https:\/\/agora.xtec.cat\/iesjaumemimo\/wp-json\/wp\/v2\/pages\/710"}],"wp:attachment":[{"href":"https:\/\/agora.xtec.cat\/iesjaumemimo\/wp-json\/wp\/v2\/media?parent=828"}],"curies":[{"name":"wp","href":"https:\/\/api.w.org\/{rel}","templated":true}]}}