{"id":802,"date":"2015-09-17T18:14:52","date_gmt":"2015-09-17T17:14:52","guid":{"rendered":"http:\/\/agora.xtec.cat\/iesjaumemimo\/?page_id=802"},"modified":"2018-07-16T20:45:27","modified_gmt":"2018-07-16T18:45:27","slug":"erasmus","status":"publish","type":"page","link":"https:\/\/agora.xtec.cat\/iesjaumemimo\/ciclesformatius\/erasmus\/","title":{"rendered":"Erasmus+"},"content":{"rendered":"<p><a href=\"http:\/\/sepie.es\/\" target=\"_blank\" rel=\"noopener noreferrer\"><img loading=\"lazy\" decoding=\"async\" class=\"alignnone wp-image-3215 size-full\" src=\"http:\/\/agora.xtec.cat\/iesjaumemimo\/wp-content\/uploads\/usu86\/2015\/09\/SEPIE_erasmus_plus.gif\" alt=\"\" width=\"400\" height=\"100\" \/><\/a><\/p>\n<ul>\n<li><a href=\"#formacio\"><strong>PROJECTES DE MOBILITAT DE FORMACI\u00d3<\/strong><\/a><\/li>\n<li><a href=\"#b\"><strong>PROJECTES DE MOBILITAT EN PR\u00c0CTIQUES<\/strong><\/a><\/li>\n<li><a href=\"#c\"><strong>INTERNATIONAL STUDENT MOBILITY<\/strong><\/a><\/li>\n<li><a href=\"#d\"><strong>ESO: PROJECTE ETWINNING<\/strong><\/a><\/li>\n<\/ul>\n<p>&nbsp;<\/p>\n<p><a href=\"https:\/\/drive.google.com\/open?id=0B1idNSqQTWPoaGlfTUlCTkZuMm9zU0Item80ck1NVVpHdVdn\" target=\"_blank\" rel=\"noopener noreferrer\"><img loading=\"lazy\" decoding=\"async\" class=\"alignnone size-medium wp-image-815\" src=\"http:\/\/agora.xtec.cat\/iesjaumemimo\/wp-content\/uploads\/usu86\/2015\/09\/Captura-de-pantalla-2015-09-18-a-las-02.39.36-300x212.png\" alt=\"Diploma\" width=\"300\" height=\"212\" srcset=\"https:\/\/agora.xtec.cat\/iesjaumemimo\/wp-content\/uploads\/usu86\/2015\/09\/Captura-de-pantalla-2015-09-18-a-las-02.39.36-300x212.png 300w, https:\/\/agora.xtec.cat\/iesjaumemimo\/wp-content\/uploads\/usu86\/2015\/09\/Captura-de-pantalla-2015-09-18-a-las-02.39.36.png 795w\" sizes=\"auto, (max-width: 300px) 100vw, 300px\" \/>\u00a0 \u00a0 \u00a0 \u00a0\u00a0\u00a0 <\/a><strong><a href=\"https:\/\/drive.google.com\/open?id=0B1idNSqQTWPoZ3F1ZmZGQ05DT3kxbHFUajlLb0RWdE9xalV3\" target=\"_blank\" rel=\"noopener noreferrer\"><img loading=\"lazy\" decoding=\"async\" class=\"alignnone size-medium wp-image-814\" src=\"http:\/\/agora.xtec.cat\/iesjaumemimo\/wp-content\/uploads\/usu86\/2015\/09\/Captura-de-pantalla-2015-09-18-a-las-02.38.15-300x211.png\" alt=\"Carta estudiant\" width=\"300\" height=\"211\" srcset=\"https:\/\/agora.xtec.cat\/iesjaumemimo\/wp-content\/uploads\/usu86\/2015\/09\/Captura-de-pantalla-2015-09-18-a-las-02.38.15-300x211.png 300w, https:\/\/agora.xtec.cat\/iesjaumemimo\/wp-content\/uploads\/usu86\/2015\/09\/Captura-de-pantalla-2015-09-18-a-las-02.38.15.png 798w\" sizes=\"auto, (max-width: 300px) 100vw, 300px\" \/><\/a><\/strong><\/p>\n<p><a href=\"https:\/\/drive.google.com\/file\/d\/0B1idNSqQTWPoU0dkZEg0SWcxUTl2T1VVYW5PZkxva3BSeEdN\/view?usp=sharing\" target=\"_blank\" rel=\"noopener noreferrer\">Erasmus Policy Statement (Overall Strategy)<\/a><\/p>\n<p>En el marc del <a href=\"http:\/\/www.oapee.es\/oapee\/inicio\/pap\/erasmus.html\" target=\"_blank\" rel=\"noopener noreferrer\">Programa Erasmus+<\/a>, el nostre institut facilita l\u2019estada formativa i de pr\u00e0ctiques al nostre alumnat dels Cicles de Formaci\u00f3 Professional de Grau Superior. L\u2019Institut Jaume Mim\u00f3 participa anualment en el Programa Erasmus+.<\/p>\n<p><a href=\"http:\/\/www.oapee.es\/oapee\/inicio\/pap\/erasmus.html\"><img loading=\"lazy\" decoding=\"async\" class=\"alignnone wp-image-811\" src=\"http:\/\/agora.xtec.cat\/iesjaumemimo\/wp-content\/uploads\/usu86\/2015\/09\/erasmus.png\" alt=\"erasmus\" width=\"350\" height=\"100\" srcset=\"https:\/\/agora.xtec.cat\/iesjaumemimo\/wp-content\/uploads\/usu86\/2015\/09\/erasmus.png 943w, https:\/\/agora.xtec.cat\/iesjaumemimo\/wp-content\/uploads\/usu86\/2015\/09\/erasmus-300x86.png 300w\" sizes=\"auto, (max-width: 350px) 100vw, 350px\" \/><\/a><\/p>\n<p>&nbsp;<\/p>\n<p><iframe loading=\"lazy\" src=\"https:\/\/www.youtube.com\/embed\/KrgFPqQ7AyA?rel=0\" width=\"360\" height=\"203\" frameborder=\"0\" allowfullscreen=\"allowfullscreen\"><\/iframe><a id=\"#formacio\"><\/a><\/p>\n<p>&nbsp;<\/p>\n<p>&nbsp;<\/p>\n<h5><strong>PROJECTES DE MOBILITAT DE FORMACI\u00d3 <\/strong><\/h5>\n<p>Els alumnes de 1er curs de Comer\u00e7 Internacional tenen la possibilitat de realitzar una estada formativa de dues setmanes de durada al <a href=\"http:\/\/www.netinvet.eu\/centre-lycee-diderot\" target=\"_blank\" rel=\"noopener noreferrer\">Lyc\u00e9e Louise Michelle de Narbonne<\/a> (antic Lyc\u00e9e Diderot, a Fran\u00e7a). Els nostres alumnes de 2on curs de Comer\u00e7 Internacional tenen la possibilitat de participar en una estada de formaci\u00f3 durant dues setmanes a l\u2019<a href=\"http:\/\/www.netinvet.eu\/centre-albeda-college\" target=\"_blank\" rel=\"noopener noreferrer\">Albeda College de Rotterdam<\/a> (Holanda). Els alumnes s\u2019allotgen en una resid\u00e8ncia universit\u00e0ria o en cases particulars dels alumnes dels centres on realitzen l\u2019estada i comparteixen el dia a dia amb ells.<\/p>\n<p>&nbsp;<\/p>\n<h5><strong><a id=\"#b\"><\/a>PROJECTES DE MOBILITAT EN PR\u00c0CTIQUES<\/strong><\/h5>\n<p>Els alumnes dels cicles formatius del nostre Institut tenen la possibilitat de realitzar part o la totalitat de les hores de la FCT en una empresa de la Uni\u00f3 Europea. L&#8217;institut ajudar\u00e0 a l\u2019alumne a cercar l&#8217;empresa on fer les pr\u00e0ctiques i l&#8217;alumne comptar\u00e0 amb una beca <a href=\"http:\/\/www.oapee.es\/oapee\/inicio\/pap\/erasmus.html\" target=\"_blank\" rel=\"noopener noreferrer\">ERASMUS<\/a> que subvencionar\u00e0 part del cost de l&#8217;estada.<\/p>\n<p>Alguns dels pa\u00efsos on els nostres alumnes han fet pr\u00e0ctiques:<\/p>\n<ul>\n<li>Fran\u00e7a<\/li>\n<li>Holanda<\/li>\n<li>B\u00e8lgica<\/li>\n<li>It\u00e0lia<\/li>\n<\/ul>\n<p><strong>\u00a0<\/strong><strong>Selecci\u00f3 de l&#8217;alumnat per als projectes internacionals:<\/strong><\/p>\n<p>Els tutors dels cicles formatius informen en sessi\u00f3 de tutoria de la possibilitat de participar a una estada de mobilitat internacional. A continuaci\u00f3 la comissi\u00f3 de projectes europeus fa una sessi\u00f3 informativa sobre les possibilitats per anar a fer una estada a l\u2019estranger incloent informaci\u00f3 sobre:<\/p>\n<ul>\n<li>destinacions possibles<\/li>\n<li>condicions de l\u2019estada<\/li>\n<li>subvencions possibles<\/li>\n<li>responsabilitats de l\u2019alumnat<\/li>\n<\/ul>\n<p>La selecci\u00f3 d&#8217;alumnat per participar als projectes de mobilitat es realitza mitjan\u00e7ant els seg\u00fcents criteris:<\/p>\n<ul>\n<li>Carta de motivaci\u00f3 en llengua estrangera<\/li>\n<li>CV de l&#8217;alumne en llengua estrangera<\/li>\n<li>Notes del primer curs de la llengua estrangera del pa\u00eds de destinaci\u00f3<\/li>\n<li>Nota global del primer curs<\/li>\n<li>Informe qualitatiu de l&#8217;alumne elaborat per l&#8217;equip docent: responsabilitat, maduresa, seriositat.<\/li>\n<li>Capacitat per a trobar una empresa en el cas de pr\u00e0ctiques a l\u2019estranger.<\/li>\n<\/ul>\n<p>A partir de la data de publicaci\u00f3 de les vacants de mobilitat internacional, l&#8217;alumnat t\u00e9 dues setmanes de temps per presentar la seva sol\u00b7licitud.<\/p>\n<p>A continuaci\u00f3, la comissi\u00f3 de projectes internacionals, format per la coordinadora, la cap d\u2019FP i professors dels cicles formatius, es reuneixen, en comissi\u00f3, per baremar els candidats i publicar una llista dels seleccionats i una llista d&#8217;espera. <span style=\"color: #000000;\">Els alumnes seleccionats passen a ser alumnes <em>Erasmus +<\/em>. Podeu llegir la<a href=\"https:\/\/esn.org\/studentguidebook\" target=\"_blank\" rel=\"noopener noreferrer\">\u00a0guia de l&#8217;estudiant Erasmus +<\/a><\/span>.<\/p>\n<p>&nbsp;<\/p>\n<h5><strong><a id=\"#c\"><\/a>INTERNATIONAL STUDENT MOBILITY<\/strong><\/h5>\n<p>INS Jaume Mim\u00f3 is a public college located in Cerdanyola del Vall\u00e8s, not far from Barcelona centre and really well-communicated by public transport. This college provides compulsory secondary education (ESO) and higher education (Baccalaureate and VET courses).<\/p>\n<p>VET Intermediate Level Courses include Trade, Administration Management and Boiling Works and Welding for 16 years old students after having acquired the ESO certificate.<\/p>\n<p>VET Advanced Level Courses offered are: Marketing and Advertising, International Trade, Transport and Logistics, Administration and Finance and Metal Building. These courses are for 18 years old students after having acquired the Bac Certificate or having passed the access exam.<\/p>\n<p>One of our objectives is to promote learners\u2019 exchanges in all the teaching levels that we offer. According to our philosophy, being able to communicate in foreign languages and feeling that we are all part of Europe are essential values in a person\u2019s self-development. We offer foreign languages in all of our courses.<\/p>\n<p>An internship is compulsory in all VET courses in Catalonia, regardless the level they have. INS Jaume Mim\u00f3 facilitates internships abroad for their learners; this helps learners to improve their technical and linguistic training and their key competencies.<\/p>\n<p>Since 2011 we take part in Erasmus projects and we&#8217;ve developed a network of partners in France, Italy and the Holland. We facilitate learners to participate in study mobility projects to France and Holland, learning french\/english and getting the learning outcomes that we&#8217;ll validate once they return.<\/p>\n<h6><strong>Internships abroad<\/strong><\/h6>\n<p>INS Jaume Mim\u00f3 is committed to offer European mobility to our students at high school and in our vocational training studies. We encourage our students to enrol work placements abroad that will help them to develop not only their professional skills but also to practice foreign languages. We are willing to meet European partners who can help us out finding companies where our students can carry out their training period (minimum 2 months). We are also happy to help European students to find Catalan companies where they can carry out their training period. Our school has contact with much import-export company in Catalonia. We are also open to accept students to study in our school. We are offering courses in Spanish, Catalan and English.<\/p>\n<p>Our school promotes teacher development and encourages them to participate in job shadowing experiences and we are happy to host teachers from other countries to share good practices.<\/p>\n<p>We are members of <a href=\"http:\/\/www.netinvet.eu\/\" target=\"_blank\" rel=\"noopener noreferrer\"><strong>Netinvet<\/strong><\/a>, a network promoting European mobility for students completing vocational training studies in international trade and logistics.<\/p>\n<p><a href=\"http:\/\/agora.xtec.cat\/iesjaumemimo\/ciclesformatius\/netinvet\/\"><img loading=\"lazy\" decoding=\"async\" width=\"210\" height=\"221\" class=\"alignnone wp-image-829 size-thumbnail\" src=\"http:\/\/agora.xtec.cat\/iesjaumemimo\/wp-content\/uploads\/usu86\/2015\/09\/netinvet_logo.jpg\" alt=\"netinvet_logo\" \/><\/a><\/p>\n<p><strong>\u00a0<a id=\"4\"><\/a><\/strong><\/p>\n<h5><strong><a id=\"#d\"><\/a>ESO<\/strong><\/h5>\n<h6><em><strong>PROJECTE ETWINNING<\/strong><\/em><\/h6>\n<p>\u00c9s un espai virtual de col\u00b7laboraci\u00f3 entre instituts de secund\u00e0ria europeus, que facilita l&#8217;intercanvi d&#8217;informaci\u00f3 i la realitzaci\u00f3 de projectes sobre aspectes de totes les \u00e0rees curriculars en angl\u00e8s i franc\u00e8s. L&#8217;objectiu \u00e9s utilitzar l&#8217;angl\u00e8s\/franc\u00e8s com a llengua de comunicaci\u00f3 en un context real i intercanviar informaci\u00f3 sobre les seves ciutats, sistemes educatius, rutines di\u00e0ries i d&#8217;oci, costums, tradicions, etc&#8230;.<\/p>\n<p><a href=\"https:\/\/www.etwinning.net\/es\/pub\/index.htm\" target=\"_blank\" rel=\"noopener noreferrer\"><img loading=\"lazy\" decoding=\"async\" width=\"296\" height=\"80\" class=\"alignnone size-thumbnail wp-image-836\" src=\"http:\/\/agora.xtec.cat\/iesjaumemimo\/wp-content\/uploads\/usu86\/2015\/09\/logo_eTw.png\" alt=\"logo_eTw\" \/><\/a><\/p>\n<p>Tot el treball de col\u00b7laboraci\u00f3 es fa a trav\u00e9s del TwinSpace, un espai de treball en la xarxa dedicat als agermanaments registrats en eTwinning. El TwinSpace proporciona: f\u00f2rum compartit, eines web de publicaci\u00f3, possibilitat de compartir fitxers i enlla\u00e7os, tauler d&#8217;anuncis, sistema de missatgeria interna, xat privat per a tots els membres, calendari compartit i magatzem de recursos did\u00e0ctics.<\/p>\n","protected":false},"excerpt":{"rendered":"<p>PROJECTES DE MOBILITAT DE FORMACI\u00d3 PROJECTES DE MOBILITAT EN PR\u00c0CTIQUES INTERNATIONAL STUDENT MOBILITY ESO: PROJECTE ETWINNING &nbsp; \u00a0 \u00a0 \u00a0 \u00a0\u00a0\u00a0 Erasmus Policy Statement (Overall Strategy) En el marc del Programa Erasmus+, el nostre institut facilita l\u2019estada formativa i de pr\u00e0ctiques al nostre alumnat dels Cicles de Formaci\u00f3 Professional de Grau Superior. L\u2019Institut Jaume Mim\u00f3 [&hellip;]<\/p>\n","protected":false},"author":1,"featured_media":0,"parent":710,"menu_order":13,"comment_status":"closed","ping_status":"closed","template":"page-templates\/side-menu.php","meta":{"_bbp_topic_count":0,"_bbp_reply_count":0,"_bbp_total_topic_count":0,"_bbp_total_reply_count":0,"_bbp_voice_count":0,"_bbp_anonymous_reply_count":0,"_bbp_topic_count_hidden":0,"_bbp_reply_count_hidden":0,"_bbp_forum_subforum_count":0,"site-sidebar-layout":"default","site-content-layout":"","ast-site-content-layout":"","site-content-style":"default","site-sidebar-style":"default","ast-global-header-display":"","ast-banner-title-visibility":"","ast-main-header-display":"","ast-hfb-above-header-display":"","ast-hfb-below-header-display":"","ast-hfb-mobile-header-display":"","site-post-title":"","ast-breadcrumbs-content":"","ast-featured-img":"","footer-sml-layout":"","theme-transparent-header-meta":"","adv-header-id-meta":"","stick-header-meta":"","header-above-stick-meta":"","header-main-stick-meta":"","header-below-stick-meta":"","astra-migrate-meta-layouts":"default","ast-page-background-enabled":"default","ast-page-background-meta":{"desktop":{"background-color":"var(--ast-global-color-4)","background-image":"","background-repeat":"repeat","background-position":"center center","background-size":"auto","background-attachment":"scroll","background-type":"","background-media":"","overlay-type":"","overlay-color":"","overlay-opacity":"","overlay-gradient":""},"tablet":{"background-color":"","background-image":"","background-repeat":"repeat","background-position":"center center","background-size":"auto","background-attachment":"scroll","background-type":"","background-media":"","overlay-type":"","overlay-color":"","overlay-opacity":"","overlay-gradient":""},"mobile":{"background-color":"","background-image":"","background-repeat":"repeat","background-position":"center center","background-size":"auto","background-attachment":"scroll","background-type":"","background-media":"","overlay-type":"","overlay-color":"","overlay-opacity":"","overlay-gradient":""}},"ast-content-background-meta":{"desktop":{"background-color":"var(--ast-global-color-5)","background-image":"","background-repeat":"repeat","background-position":"center center","background-size":"auto","background-attachment":"scroll","background-type":"","background-media":"","overlay-type":"","overlay-color":"","overlay-opacity":"","overlay-gradient":""},"tablet":{"background-color":"var(--ast-global-color-5)","background-image":"","background-repeat":"repeat","background-position":"center center","background-size":"auto","background-attachment":"scroll","background-type":"","background-media":"","overlay-type":"","overlay-color":"","overlay-opacity":"","overlay-gradient":""},"mobile":{"background-color":"var(--ast-global-color-5)","background-image":"","background-repeat":"repeat","background-position":"center center","background-size":"auto","background-attachment":"scroll","background-type":"","background-media":"","overlay-type":"","overlay-color":"","overlay-opacity":"","overlay-gradient":""}},"footnotes":""},"class_list":["post-802","page","type-page","status-publish","hentry"],"post_mailing_queue_ids":[],"_links":{"self":[{"href":"https:\/\/agora.xtec.cat\/iesjaumemimo\/wp-json\/wp\/v2\/pages\/802","targetHints":{"allow":["GET"]}}],"collection":[{"href":"https:\/\/agora.xtec.cat\/iesjaumemimo\/wp-json\/wp\/v2\/pages"}],"about":[{"href":"https:\/\/agora.xtec.cat\/iesjaumemimo\/wp-json\/wp\/v2\/types\/page"}],"author":[{"embeddable":true,"href":"https:\/\/agora.xtec.cat\/iesjaumemimo\/wp-json\/wp\/v2\/users\/1"}],"replies":[{"embeddable":true,"href":"https:\/\/agora.xtec.cat\/iesjaumemimo\/wp-json\/wp\/v2\/comments?post=802"}],"version-history":[{"count":4,"href":"https:\/\/agora.xtec.cat\/iesjaumemimo\/wp-json\/wp\/v2\/pages\/802\/revisions"}],"predecessor-version":[{"id":3216,"href":"https:\/\/agora.xtec.cat\/iesjaumemimo\/wp-json\/wp\/v2\/pages\/802\/revisions\/3216"}],"up":[{"embeddable":true,"href":"https:\/\/agora.xtec.cat\/iesjaumemimo\/wp-json\/wp\/v2\/pages\/710"}],"wp:attachment":[{"href":"https:\/\/agora.xtec.cat\/iesjaumemimo\/wp-json\/wp\/v2\/media?parent=802"}],"curies":[{"name":"wp","href":"https:\/\/api.w.org\/{rel}","templated":true}]}}