{"id":7825,"date":"2025-12-16T14:02:40","date_gmt":"2025-12-16T13:02:40","guid":{"rendered":"https:\/\/agora.xtec.cat\/iesjaumemimo\/?page_id=7825"},"modified":"2025-12-16T14:02:40","modified_gmt":"2025-12-16T13:02:40","slug":"erasmus-math-en-jeans-4t-eso-1r-batx-ct","status":"publish","type":"page","link":"https:\/\/agora.xtec.cat\/iesjaumemimo\/erasmus-math-en-jeans-4t-eso-1r-batx-ct\/","title":{"rendered":"ERASMUS+: MATH EN JEANS 4t ESO \/ 1r Batx CT"},"content":{"rendered":"<p style=\"text-align: justify;\">Aquest curs a 4t d&#8217;ESO i 1r de Batxillerat estem desenvolupant la compet\u00e8ncia matem\u00e0tica amb la metodologia francesa\u00a0<a href=\"https:\/\/www.mathenjeans.fr\/\" target=\"_blank\" rel=\"noopener\" data-saferedirecturl=\"https:\/\/www.google.com\/url?q=https:\/\/www.mathenjeans.fr\/&amp;source=gmail&amp;ust=1765974934318000&amp;usg=AOvVaw3Hep1-iwxmvZ4KPv2vHE8y\">Math en Jeans<\/a>.<\/p>\n<p style=\"text-align: justify;\">Estem realitzant un projecte de recerca col.laboratiu amb un centre de Fran\u00e7a i tenim l&#8217;oportunitat de poder presentar aquest projecte al congr\u00e9s de recerca matem\u00e0tica Math.en.Jeans que tindr\u00e0 lloc a la Universitat de Toulouse durant els dies 16 i 17 d&#8217;abril de 2026. Aquest projecte inclou una possible acollida de l&#8217;alumnat franc\u00e8s del<strong> 9 al 13 de mar\u00e7 2026<\/strong> (pendent de confirmaci\u00f3), aix\u00ed com <strong>mobilitat d&#8217;una setmana a Perpignan\/Toulouse (Fran\u00e7a)<\/strong>, en la que participaran 6 alumnes de 4t d&#8217;ESO i 6 alumnes de 1r de batxillerat del 13 al 18 d&#8217;abril de 2026.<\/p>\n<ul>\n<li>Places disponibles:\u00a0<b>12 places:\u00a0<\/b><strong>6 places per 4t d&#8217;ESO i 6 places per 1r Batxillerat CT<\/strong><\/li>\n<li>Ubicaci\u00f3:\u00a0<a href=\"https:\/\/francois-arago.mon-ent-occitanie.fr\/\" target=\"_blank\" rel=\"noopener\" data-saferedirecturl=\"https:\/\/www.google.com\/url?q=https:\/\/francois-arago.mon-ent-occitanie.fr\/&amp;source=gmail&amp;ust=1765974934318000&amp;usg=AOvVaw1jf4Yz1UKS8mB0Q3PHLHuY\">Lyce\u00e9 Fran\u00e7ois Arag\u00f3\u00a0<\/a>(Perpignan) + Universitat de Toulouse (Fran\u00e7a)<\/li>\n<li>Dates:\u00a0<b>Del 13 al 18 d&#8217;abril de 2026<\/b><\/li>\n<li>Allotjament: en fam\u00edlies d&#8217;acollida \/ Hostel (per determinar)<\/li>\n<\/ul>\n<p><strong>Terminis del proc\u00e9s de selecci\u00f3<\/strong><\/p>\n<ul>\n<li>15\/12 al 07\/01: Presentaci\u00f3 candidatures mitjan\u00e7ant el formulari de sol\u00b7licitud, incloent el v\u00eddeo de participaci\u00f3 al projecte.<\/li>\n<li>08\/01 al 15\/01: Baremaci\u00f3 de resultats dels criteris selecci\u00f3<\/li>\n<li>16\/01: Publicaci\u00f3 del llistat provisional de persones seleccionades<\/li>\n<li>16\/01 al 22\/01: Per\u00edode d&#8217;al\u00b7legacions<\/li>\n<li>23\/01: Publicaci\u00f3 del llistat definitiu<\/li>\n<\/ul>\n<div>\n<div>\n<p dir=\"ltr\">Criteris de selecci\u00f3:<\/p>\n<ul>\n<li>\n<p role=\"presentation\">20% &#8211; V\u00eddeo de motivaci\u00f3 per participar al projecte\u00a0(enlla\u00e7at al formulari de sol\u00b7licitud)<\/p>\n<\/li>\n<li>\n<p role=\"presentation\">10% &#8211; Nota matem\u00e0tiques 1r bimestre\/trimestre<\/p>\n<\/li>\n<li>\n<p role=\"presentation\">10% &#8211; Nota d&#8217;angl\u00e8s 1r bimestre\/trimestre<\/p>\n<\/li>\n<li>\n<p role=\"presentation\">40% &#8211;\u00a0Valoraci\u00f3 de l\u2019equip docent\u00a0(Inter\u00e8s pels estudis, autonomia, responsabilitat, flexibilitat, capacitat d&#8217;organitzaci\u00f3)<\/p>\n<\/li>\n<li>\n<p role=\"presentation\">20% &#8211; Criteris d\u2019inclusi\u00f3 i diversitat degudament justificats<\/p>\n<ul>\n<li>\n<p role=\"presentation\">Amb una puntuaci\u00f3 m\u00e0xima de 20 punts, es baremaran els criteris d\u2019acord amb aquest\u00a0<a href=\"https:\/\/drive.google.com\/file\/d\/1lgMSMUdNMv_hE7z2ksyX5SD6d0o_Kcpl\/view?usp=sharing\" target=\"_blank\" rel=\"noopener\" data-saferedirecturl=\"https:\/\/www.google.com\/url?q=https:\/\/drive.google.com\/file\/d\/1lgMSMUdNMv_hE7z2ksyX5SD6d0o_Kcpl\/view?usp%3Dsharing&amp;source=gmail&amp;ust=1765974934318000&amp;usg=AOvVaw0HJxhLETQoMN0tJNHo3a-S\">quadre<\/a>.<\/p>\n<\/li>\n<\/ul>\n<\/li>\n<li>\n<p role=\"presentation\">20% extra &#8211;\u00a0No haver estat seleccionat en cap proc\u00e9s Erasmus del centre.<\/p>\n<\/li>\n<\/ul>\n<\/div>\n<\/div>\n<p><strong>Procediment de sol\u00b7licitud<\/strong>\u00a0: Cal emplenar aquest\u00a0<a href=\"https:\/\/docs.google.com\/forms\/d\/e\/1FAIpQLSc4WlQYPVqfV-1TgtQp0NW6BgXk9TXXMuT6H1cABtVPrEoqbQ\/viewform\" target=\"_blank\" rel=\"noopener\" data-saferedirecturl=\"https:\/\/www.google.com\/url?q=https:\/\/docs.google.com\/forms\/d\/e\/1FAIpQLSc4WlQYPVqfV-1TgtQp0NW6BgXk9TXXMuT6H1cABtVPrEoqbQ\/viewform&amp;source=gmail&amp;ust=1765974934318000&amp;usg=AOvVaw1PQt0UHR7jEKWmBHTJukjQ\">formulari<\/a>\u00a0de sol\u00b7licitud abans del\u00a0<strong>7 de gener a les 23:59h<\/strong>.<\/p>\n<p>Per qualsevol dubte podeu escriure&#8217;ns a\u00a0<a href=\"mailto:erasmus@insjaumemimo.cat\" target=\"_blank\" rel=\"noopener\">erasmus@insjaumemimo.cat<\/a><\/p>\n","protected":false},"excerpt":{"rendered":"<p>Aquest curs a 4t d&#8217;ESO i 1r de Batxillerat estem desenvolupant la compet\u00e8ncia matem\u00e0tica amb la metodologia francesa\u00a0Math en Jeans. Estem realitzant un projecte de recerca col.laboratiu amb un centre de Fran\u00e7a i tenim l&#8217;oportunitat de poder presentar aquest projecte al congr\u00e9s de recerca matem\u00e0tica Math.en.Jeans que tindr\u00e0 lloc a la Universitat de Toulouse durant [&hellip;]<\/p>\n","protected":false},"author":6,"featured_media":0,"parent":0,"menu_order":0,"comment_status":"closed","ping_status":"closed","template":"","meta":{"_bbp_topic_count":0,"_bbp_reply_count":0,"_bbp_total_topic_count":0,"_bbp_total_reply_count":0,"_bbp_voice_count":0,"_bbp_anonymous_reply_count":0,"_bbp_topic_count_hidden":0,"_bbp_reply_count_hidden":0,"_bbp_forum_subforum_count":0,"site-sidebar-layout":"default","site-content-layout":"","ast-site-content-layout":"","site-content-style":"default","site-sidebar-style":"default","ast-global-header-display":"","ast-banner-title-visibility":"","ast-main-header-display":"","ast-hfb-above-header-display":"","ast-hfb-below-header-display":"","ast-hfb-mobile-header-display":"","site-post-title":"","ast-breadcrumbs-content":"","ast-featured-img":"","footer-sml-layout":"","theme-transparent-header-meta":"","adv-header-id-meta":"","stick-header-meta":"","header-above-stick-meta":"","header-main-stick-meta":"","header-below-stick-meta":"","astra-migrate-meta-layouts":"default","ast-page-background-enabled":"default","ast-page-background-meta":{"desktop":{"background-color":"var(--ast-global-color-4)","background-image":"","background-repeat":"repeat","background-position":"center center","background-size":"auto","background-attachment":"scroll","background-type":"","background-media":"","overlay-type":"","overlay-color":"","overlay-opacity":"","overlay-gradient":""},"tablet":{"background-color":"","background-image":"","background-repeat":"repeat","background-position":"center center","background-size":"auto","background-attachment":"scroll","background-type":"","background-media":"","overlay-type":"","overlay-color":"","overlay-opacity":"","overlay-gradient":""},"mobile":{"background-color":"","background-image":"","background-repeat":"repeat","background-position":"center center","background-size":"auto","background-attachment":"scroll","background-type":"","background-media":"","overlay-type":"","overlay-color":"","overlay-opacity":"","overlay-gradient":""}},"ast-content-background-meta":{"desktop":{"background-color":"var(--ast-global-color-5)","background-image":"","background-repeat":"repeat","background-position":"center center","background-size":"auto","background-attachment":"scroll","background-type":"","background-media":"","overlay-type":"","overlay-color":"","overlay-opacity":"","overlay-gradient":""},"tablet":{"background-color":"var(--ast-global-color-5)","background-image":"","background-repeat":"repeat","background-position":"center center","background-size":"auto","background-attachment":"scroll","background-type":"","background-media":"","overlay-type":"","overlay-color":"","overlay-opacity":"","overlay-gradient":""},"mobile":{"background-color":"var(--ast-global-color-5)","background-image":"","background-repeat":"repeat","background-position":"center center","background-size":"auto","background-attachment":"scroll","background-type":"","background-media":"","overlay-type":"","overlay-color":"","overlay-opacity":"","overlay-gradient":""}},"footnotes":""},"class_list":["post-7825","page","type-page","status-publish","hentry"],"post_mailing_queue_ids":[],"_links":{"self":[{"href":"https:\/\/agora.xtec.cat\/iesjaumemimo\/wp-json\/wp\/v2\/pages\/7825","targetHints":{"allow":["GET"]}}],"collection":[{"href":"https:\/\/agora.xtec.cat\/iesjaumemimo\/wp-json\/wp\/v2\/pages"}],"about":[{"href":"https:\/\/agora.xtec.cat\/iesjaumemimo\/wp-json\/wp\/v2\/types\/page"}],"author":[{"embeddable":true,"href":"https:\/\/agora.xtec.cat\/iesjaumemimo\/wp-json\/wp\/v2\/users\/6"}],"replies":[{"embeddable":true,"href":"https:\/\/agora.xtec.cat\/iesjaumemimo\/wp-json\/wp\/v2\/comments?post=7825"}],"version-history":[{"count":1,"href":"https:\/\/agora.xtec.cat\/iesjaumemimo\/wp-json\/wp\/v2\/pages\/7825\/revisions"}],"predecessor-version":[{"id":7826,"href":"https:\/\/agora.xtec.cat\/iesjaumemimo\/wp-json\/wp\/v2\/pages\/7825\/revisions\/7826"}],"wp:attachment":[{"href":"https:\/\/agora.xtec.cat\/iesjaumemimo\/wp-json\/wp\/v2\/media?parent=7825"}],"curies":[{"name":"wp","href":"https:\/\/api.w.org\/{rel}","templated":true}]}}