{"id":7765,"date":"2025-10-30T11:05:09","date_gmt":"2025-10-30T10:05:09","guid":{"rendered":"https:\/\/agora.xtec.cat\/iesjaumemimo\/?page_id=7765"},"modified":"2025-10-30T11:33:38","modified_gmt":"2025-10-30T10:33:38","slug":"activitats-extraescolars-2","status":"publish","type":"page","link":"https:\/\/agora.xtec.cat\/iesjaumemimo\/activitats-extraescolars-2\/","title":{"rendered":"Activitats Extraescolars"},"content":{"rendered":"<p style=\"text-align: justify;\">Per la temporada 2025-2026 la nostra empresa <strong>DAE<\/strong> continuar\u00e0 gestionant les activitats extraescolars al nostre centre.<\/p>\n<p style=\"text-align: justify;\">Us presentem la nostra oferta d&#8217;activitats, esperem que us agradi, per\u00f2 sobretot volem sentir la vostra veu, demaneu informaci\u00f3, proposeu noves activitats, estarem encantats d&#8217;oferir un servei adaptat a les vostres necessitats.<\/p>\n<p><img loading=\"lazy\" decoding=\"async\" class=\"aligncenter size-full wp-image-7771\" src=\"https:\/\/agora.xtec.cat\/iesjaumemimo\/wp-content\/uploads\/usu86\/2025\/10\/extraescolar.png\" alt=\"\" width=\"1036\" height=\"520\" srcset=\"https:\/\/agora.xtec.cat\/iesjaumemimo\/wp-content\/uploads\/usu86\/2025\/10\/extraescolar.png 1036w, https:\/\/agora.xtec.cat\/iesjaumemimo\/wp-content\/uploads\/usu86\/2025\/10\/extraescolar-300x151.png 300w, https:\/\/agora.xtec.cat\/iesjaumemimo\/wp-content\/uploads\/usu86\/2025\/10\/extraescolar-1024x514.png 1024w, https:\/\/agora.xtec.cat\/iesjaumemimo\/wp-content\/uploads\/usu86\/2025\/10\/extraescolar-768x385.png 768w\" sizes=\"auto, (max-width: 1036px) 100vw, 1036px\" \/><\/p>\n<p style=\"text-align: justify;\">Per gestionar altes, baixes, m\u00e8todes de pagament i comunicaci\u00f3 amb les fam\u00edlies tenim la nostra APP, us recomanem descarregar-la per fer un bon seguiment de les activitats.<\/p>\n<p style=\"text-align: justify;\">Us heu de dirigir a la p\u00e0gina web <strong><a href=\"https:\/\/dae.emotium.cat\">https:\/\/dae.emotium.cat<\/a><\/strong> , us enregistreu com a fam\u00edlies i afegiu als vostres fills amb la seva escola. Un cop enregistrats heu d&#8217;anar a inscripcions i afegir a cada fill\/a a les activitats que vulgueu. La nostra idea \u00e9s comen\u00e7ar els entrenaments <strong>el primer dia lectiu<\/strong> de la temporada i, per tant, necessitem les inscripcions abans del <strong>20 de juliol<\/strong> per tal de fer una bona previsi\u00f3.<\/p>\n<p>Us adjuntem m\u00e9s informaci\u00f3 per al vostre inter\u00e8s:<\/p>\n<ul>\n<li><a href=\"https:\/\/drive.google.com\/file\/d\/14BUOqcRckcqTbq45IWrbnHzy-YVlSv2M\/view?usp=sharing\">Presentaci\u00f3 DAE<\/a><\/li>\n<li><a href=\"https:\/\/drive.google.com\/file\/d\/13YlkQUaNaJAtaEKnDu4Dd0e_-Bz5S7Is\/view?usp=sharing\">Extraescolars i horaris<\/a><\/li>\n<li><a href=\"https:\/\/drive.google.com\/file\/d\/1_4-fFahlcIWPt0eK_LA1s3TNAi5pWQYj\/view?usp=sharing\">Com fer la inscripci\u00f3<\/a><\/li>\n<\/ul>\n<p>&nbsp;<\/p>\n","protected":false},"excerpt":{"rendered":"<p>Per la temporada 2025-2026 la nostra empresa DAE continuar\u00e0 gestionant les activitats extraescolars al nostre centre. Us presentem la nostra oferta d&#8217;activitats, esperem que us agradi, per\u00f2 sobretot volem sentir la vostra veu, demaneu informaci\u00f3, proposeu noves activitats, estarem encantats d&#8217;oferir un servei adaptat a les vostres necessitats. Per gestionar altes, baixes, m\u00e8todes de pagament [&hellip;]<\/p>\n","protected":false},"author":6,"featured_media":0,"parent":0,"menu_order":0,"comment_status":"closed","ping_status":"closed","template":"","meta":{"_bbp_topic_count":0,"_bbp_reply_count":0,"_bbp_total_topic_count":0,"_bbp_total_reply_count":0,"_bbp_voice_count":0,"_bbp_anonymous_reply_count":0,"_bbp_topic_count_hidden":0,"_bbp_reply_count_hidden":0,"_bbp_forum_subforum_count":0,"site-sidebar-layout":"default","site-content-layout":"","ast-site-content-layout":"","site-content-style":"default","site-sidebar-style":"default","ast-global-header-display":"","ast-banner-title-visibility":"","ast-main-header-display":"","ast-hfb-above-header-display":"","ast-hfb-below-header-display":"","ast-hfb-mobile-header-display":"","site-post-title":"","ast-breadcrumbs-content":"","ast-featured-img":"","footer-sml-layout":"","theme-transparent-header-meta":"","adv-header-id-meta":"","stick-header-meta":"","header-above-stick-meta":"","header-main-stick-meta":"","header-below-stick-meta":"","astra-migrate-meta-layouts":"default","ast-page-background-enabled":"default","ast-page-background-meta":{"desktop":{"background-color":"var(--ast-global-color-4)","background-image":"","background-repeat":"repeat","background-position":"center center","background-size":"auto","background-attachment":"scroll","background-type":"","background-media":"","overlay-type":"","overlay-color":"","overlay-opacity":"","overlay-gradient":""},"tablet":{"background-color":"","background-image":"","background-repeat":"repeat","background-position":"center center","background-size":"auto","background-attachment":"scroll","background-type":"","background-media":"","overlay-type":"","overlay-color":"","overlay-opacity":"","overlay-gradient":""},"mobile":{"background-color":"","background-image":"","background-repeat":"repeat","background-position":"center center","background-size":"auto","background-attachment":"scroll","background-type":"","background-media":"","overlay-type":"","overlay-color":"","overlay-opacity":"","overlay-gradient":""}},"ast-content-background-meta":{"desktop":{"background-color":"var(--ast-global-color-5)","background-image":"","background-repeat":"repeat","background-position":"center center","background-size":"auto","background-attachment":"scroll","background-type":"","background-media":"","overlay-type":"","overlay-color":"","overlay-opacity":"","overlay-gradient":""},"tablet":{"background-color":"var(--ast-global-color-5)","background-image":"","background-repeat":"repeat","background-position":"center center","background-size":"auto","background-attachment":"scroll","background-type":"","background-media":"","overlay-type":"","overlay-color":"","overlay-opacity":"","overlay-gradient":""},"mobile":{"background-color":"var(--ast-global-color-5)","background-image":"","background-repeat":"repeat","background-position":"center center","background-size":"auto","background-attachment":"scroll","background-type":"","background-media":"","overlay-type":"","overlay-color":"","overlay-opacity":"","overlay-gradient":""}},"footnotes":""},"class_list":["post-7765","page","type-page","status-publish","hentry"],"post_mailing_queue_ids":[],"_links":{"self":[{"href":"https:\/\/agora.xtec.cat\/iesjaumemimo\/wp-json\/wp\/v2\/pages\/7765","targetHints":{"allow":["GET"]}}],"collection":[{"href":"https:\/\/agora.xtec.cat\/iesjaumemimo\/wp-json\/wp\/v2\/pages"}],"about":[{"href":"https:\/\/agora.xtec.cat\/iesjaumemimo\/wp-json\/wp\/v2\/types\/page"}],"author":[{"embeddable":true,"href":"https:\/\/agora.xtec.cat\/iesjaumemimo\/wp-json\/wp\/v2\/users\/6"}],"replies":[{"embeddable":true,"href":"https:\/\/agora.xtec.cat\/iesjaumemimo\/wp-json\/wp\/v2\/comments?post=7765"}],"version-history":[{"count":5,"href":"https:\/\/agora.xtec.cat\/iesjaumemimo\/wp-json\/wp\/v2\/pages\/7765\/revisions"}],"predecessor-version":[{"id":7770,"href":"https:\/\/agora.xtec.cat\/iesjaumemimo\/wp-json\/wp\/v2\/pages\/7765\/revisions\/7770"}],"wp:attachment":[{"href":"https:\/\/agora.xtec.cat\/iesjaumemimo\/wp-json\/wp\/v2\/media?parent=7765"}],"curies":[{"name":"wp","href":"https:\/\/api.w.org\/{rel}","templated":true}]}}