{"id":5675,"date":"2022-06-24T10:31:19","date_gmt":"2022-06-24T08:31:19","guid":{"rendered":"https:\/\/agora.xtec.cat\/iesjaumemimo\/?page_id=5675"},"modified":"2024-04-15T11:14:34","modified_gmt":"2024-04-15T09:14:34","slug":"batxillerat","status":"publish","type":"page","link":"https:\/\/agora.xtec.cat\/iesjaumemimo\/oferta-formativa\/batxillerat\/","title":{"rendered":"Batxillerat"},"content":{"rendered":"<p>Benvinguts a la secci\u00f3 de Batxillerat!<\/p>\n<p>Aquest \u00e9s un espai dedicat a l&#8217;educaci\u00f3 secund\u00e0ria superior, on els estudiants exploren i aprofundeixen en diferents \u00e0rees del coneixement. Amb un enfocament integral, el nostre programa ofereix una formaci\u00f3 rigorosa i enriquidora que prepara els alumnes per a futures oportunitats acad\u00e8miques i professionals.<\/p>\n<p>Us convidem a descobrir tot el que el nostre Batxillerat t\u00e9 per oferir.<\/p>\n<p>Feu clic al seg\u00fcent <a href=\"https:\/\/sites.google.com\/xtec.cat\/insjaumemimo2425\/\">enlla\u00e7<\/a> per a m\u00e9s informaci\u00f3 i per comen\u00e7ar la vostra aventura educativa.<\/p>\n<p><img loading=\"lazy\" decoding=\"async\" class=\"aligncenter size-large wp-image-6949\" src=\"https:\/\/agora.xtec.cat\/iesjaumemimo\/wp-content\/uploads\/usu86\/2024\/04\/Site-batxillerat-1024x398.jpg\" alt=\"\" width=\"1024\" height=\"398\" srcset=\"https:\/\/agora.xtec.cat\/iesjaumemimo\/wp-content\/uploads\/usu86\/2024\/04\/Site-batxillerat-1024x398.jpg 1024w, https:\/\/agora.xtec.cat\/iesjaumemimo\/wp-content\/uploads\/usu86\/2024\/04\/Site-batxillerat-300x117.jpg 300w, https:\/\/agora.xtec.cat\/iesjaumemimo\/wp-content\/uploads\/usu86\/2024\/04\/Site-batxillerat-768x298.jpg 768w, https:\/\/agora.xtec.cat\/iesjaumemimo\/wp-content\/uploads\/usu86\/2024\/04\/Site-batxillerat-1536x597.jpg 1536w, https:\/\/agora.xtec.cat\/iesjaumemimo\/wp-content\/uploads\/usu86\/2024\/04\/Site-batxillerat.jpg 1902w\" sizes=\"auto, (max-width: 1024px) 100vw, 1024px\" \/><\/p>\n","protected":false},"excerpt":{"rendered":"<p>Benvinguts a la secci\u00f3 de Batxillerat! Aquest \u00e9s un espai dedicat a l&#8217;educaci\u00f3 secund\u00e0ria superior, on els estudiants exploren i aprofundeixen en diferents \u00e0rees del coneixement. Amb un enfocament integral, el nostre programa ofereix una formaci\u00f3 rigorosa i enriquidora que prepara els alumnes per a futures oportunitats acad\u00e8miques i professionals. Us convidem a descobrir tot [&hellip;]<\/p>\n","protected":false},"author":6,"featured_media":0,"parent":5671,"menu_order":0,"comment_status":"closed","ping_status":"closed","template":"","meta":{"_bbp_topic_count":0,"_bbp_reply_count":0,"_bbp_total_topic_count":0,"_bbp_total_reply_count":0,"_bbp_voice_count":0,"_bbp_anonymous_reply_count":0,"_bbp_topic_count_hidden":0,"_bbp_reply_count_hidden":0,"_bbp_forum_subforum_count":0,"site-sidebar-layout":"default","site-content-layout":"","ast-site-content-layout":"","site-content-style":"default","site-sidebar-style":"default","ast-global-header-display":"","ast-banner-title-visibility":"","ast-main-header-display":"","ast-hfb-above-header-display":"","ast-hfb-below-header-display":"","ast-hfb-mobile-header-display":"","site-post-title":"","ast-breadcrumbs-content":"","ast-featured-img":"","footer-sml-layout":"","theme-transparent-header-meta":"","adv-header-id-meta":"","stick-header-meta":"","header-above-stick-meta":"","header-main-stick-meta":"","header-below-stick-meta":"","astra-migrate-meta-layouts":"default","ast-page-background-enabled":"default","ast-page-background-meta":{"desktop":{"background-color":"var(--ast-global-color-4)","background-image":"","background-repeat":"repeat","background-position":"center center","background-size":"auto","background-attachment":"scroll","background-type":"","background-media":"","overlay-type":"","overlay-color":"","overlay-opacity":"","overlay-gradient":""},"tablet":{"background-color":"","background-image":"","background-repeat":"repeat","background-position":"center center","background-size":"auto","background-attachment":"scroll","background-type":"","background-media":"","overlay-type":"","overlay-color":"","overlay-opacity":"","overlay-gradient":""},"mobile":{"background-color":"","background-image":"","background-repeat":"repeat","background-position":"center center","background-size":"auto","background-attachment":"scroll","background-type":"","background-media":"","overlay-type":"","overlay-color":"","overlay-opacity":"","overlay-gradient":""}},"ast-content-background-meta":{"desktop":{"background-color":"var(--ast-global-color-5)","background-image":"","background-repeat":"repeat","background-position":"center center","background-size":"auto","background-attachment":"scroll","background-type":"","background-media":"","overlay-type":"","overlay-color":"","overlay-opacity":"","overlay-gradient":""},"tablet":{"background-color":"var(--ast-global-color-5)","background-image":"","background-repeat":"repeat","background-position":"center center","background-size":"auto","background-attachment":"scroll","background-type":"","background-media":"","overlay-type":"","overlay-color":"","overlay-opacity":"","overlay-gradient":""},"mobile":{"background-color":"var(--ast-global-color-5)","background-image":"","background-repeat":"repeat","background-position":"center center","background-size":"auto","background-attachment":"scroll","background-type":"","background-media":"","overlay-type":"","overlay-color":"","overlay-opacity":"","overlay-gradient":""}},"footnotes":""},"class_list":["post-5675","page","type-page","status-publish","hentry"],"post_mailing_queue_ids":[],"_links":{"self":[{"href":"https:\/\/agora.xtec.cat\/iesjaumemimo\/wp-json\/wp\/v2\/pages\/5675","targetHints":{"allow":["GET"]}}],"collection":[{"href":"https:\/\/agora.xtec.cat\/iesjaumemimo\/wp-json\/wp\/v2\/pages"}],"about":[{"href":"https:\/\/agora.xtec.cat\/iesjaumemimo\/wp-json\/wp\/v2\/types\/page"}],"author":[{"embeddable":true,"href":"https:\/\/agora.xtec.cat\/iesjaumemimo\/wp-json\/wp\/v2\/users\/6"}],"replies":[{"embeddable":true,"href":"https:\/\/agora.xtec.cat\/iesjaumemimo\/wp-json\/wp\/v2\/comments?post=5675"}],"version-history":[{"count":2,"href":"https:\/\/agora.xtec.cat\/iesjaumemimo\/wp-json\/wp\/v2\/pages\/5675\/revisions"}],"predecessor-version":[{"id":6950,"href":"https:\/\/agora.xtec.cat\/iesjaumemimo\/wp-json\/wp\/v2\/pages\/5675\/revisions\/6950"}],"up":[{"embeddable":true,"href":"https:\/\/agora.xtec.cat\/iesjaumemimo\/wp-json\/wp\/v2\/pages\/5671"}],"wp:attachment":[{"href":"https:\/\/agora.xtec.cat\/iesjaumemimo\/wp-json\/wp\/v2\/media?parent=5675"}],"curies":[{"name":"wp","href":"https:\/\/api.w.org\/{rel}","templated":true}]}}