{"id":3854,"date":"2019-06-30T03:09:28","date_gmt":"2019-06-30T01:09:28","guid":{"rendered":"http:\/\/agora.xtec.cat\/iesjaumemimo\/?page_id=3854"},"modified":"2024-09-06T13:32:33","modified_gmt":"2024-09-06T11:32:33","slug":"politica-de-qualitat","status":"publish","type":"page","link":"https:\/\/agora.xtec.cat\/iesjaumemimo\/linstitut\/politica-de-qualitat\/","title":{"rendered":"Pol\u00edtica de Qualitat"},"content":{"rendered":"<p dir=\"ltr\" style=\"text-align: justify;\">La Pol\u00edtica de Qualitat de l&#8217;Institut Jaume Mim\u00f3 est\u00e0 dirigida a satisfer les expectatives i necessitats educatives dels nostres alumnes en particular, i la de la societat en general, oferint-los uns ensenyaments i serveis de qualitat, cercant la millora cont\u00ednua i aspirant a l&#8217;excel\u00b7l\u00e8ncia en el servei.<\/p>\n<p dir=\"ltr\" style=\"text-align: justify;\">El comprom\u00eds de la qualitat afecta a tota l\u2019organitzaci\u00f3 del centre i a tota la comunitat educativa, organitzacions i institucions, empreses col\u00b7laboradores i societat en general, que accepta aquest repte i assumeix la responsabilitat de participar activament en el desenvolupament i millora de la qualitat en el centre.<\/p>\n<p dir=\"ltr\" style=\"text-align: justify;\">La direcci\u00f3, vetllar\u00e0 per l&#8217;exist\u00e8ncia, l\u2019\u00fas i la millora d\u2019un sistema de gesti\u00f3 de la qualitat. Aquest sistema de qualitat t\u00e9 per norma de refer\u00e8ncia la UNE-EN ISO 9001:2015,\u00a0 i els seus objectius principals s\u00f3n:<\/p>\n<ul style=\"text-align: justify;\">\n<li dir=\"ltr\">\n<p dir=\"ltr\" role=\"presentation\">Satisfer les expectatives de l\u2019alumnat, la fam\u00edlia i l\u2019entorn que l\u2019envolta.<\/p>\n<\/li>\n<li dir=\"ltr\">\n<p dir=\"ltr\" role=\"presentation\">Contribuir a l\u2019assoliment dels objectius que la societat li assigna.<\/p>\n<\/li>\n<li dir=\"ltr\">\n<p dir=\"ltr\" role=\"presentation\">La millora cont\u00ednua de les activitats i els serveis que desenvolupa i presta.<\/p>\n<\/li>\n<li dir=\"ltr\">\n<p dir=\"ltr\" role=\"presentation\">Implementar, analitzar i millorar mecanismes de control de satisfacci\u00f3 dels diferents grups d\u2019usuaris, i garantir l\u2019assoliment de les seves expectatives, aix\u00ed com l\u2019an\u00e0lisi continuada dels processos de treball.<\/p>\n<\/li>\n<li dir=\"ltr\">\n<p dir=\"ltr\" role=\"presentation\">Ser un centre d\u2019excel\u00b7l\u00e8ncia, referent en formaci\u00f3 reglada, ocupacional i cont\u00ednua per a assolir professionals eficients i actualitzats,\u00a0 donant resposta a les demandes de tots els agents implicats: alumnes, fam\u00edlies, empreses i treballadors.<\/p>\n<\/li>\n<li dir=\"ltr\">\n<p dir=\"ltr\" role=\"presentation\">Complir els requisits legals aplicables i altres requisits, com son els propis de la ISO9001:2015.<\/p>\n<\/li>\n<\/ul>\n<p dir=\"ltr\" style=\"text-align: justify;\">El sistema de gesti\u00f3 de la qualitat de l\u2019Institut Jaume Mim\u00f3 abasta la impartici\u00f3 d\u2019ensenyament reglat d\u2019Educaci\u00f3 Secund\u00e0ria Obligat\u00f2ria (ESO), de Batxillerat, de Cicles Formatius de Formaci\u00f3 Professional espec\u00edfica de grau mitj\u00e0 i de grau superior, del programa de formaci\u00f3 i inserci\u00f3 (PFI); quedant excl\u00f2s el proc\u00e9s de disseny dels cursos, que \u00e9s responsabilitat del Departament d\u2019Educaci\u00f3.<\/p>\n<p style=\"text-align: justify;\">Equip directiu<\/p>\n<p style=\"text-align: justify;\"><strong>Cerdanyola del Vall\u00e8s, 13 de desembre de 2023.<\/strong><\/p>\n<p>&nbsp;<\/p>\n<p><img loading=\"lazy\" decoding=\"async\" class=\"aligncenter wp-image-7229 \" src=\"https:\/\/agora.xtec.cat\/iesjaumemimo\/wp-content\/uploads\/usu86\/2024\/09\/9001-CAT-INSTITUT-JAUME-MIMO_signed-1-1-2-724x1024.png\" alt=\"\" width=\"507\" height=\"717\" srcset=\"https:\/\/agora.xtec.cat\/iesjaumemimo\/wp-content\/uploads\/usu86\/2024\/09\/9001-CAT-INSTITUT-JAUME-MIMO_signed-1-1-2-724x1024.png 724w, https:\/\/agora.xtec.cat\/iesjaumemimo\/wp-content\/uploads\/usu86\/2024\/09\/9001-CAT-INSTITUT-JAUME-MIMO_signed-1-1-2-212x300.png 212w, https:\/\/agora.xtec.cat\/iesjaumemimo\/wp-content\/uploads\/usu86\/2024\/09\/9001-CAT-INSTITUT-JAUME-MIMO_signed-1-1-2-768x1086.png 768w, https:\/\/agora.xtec.cat\/iesjaumemimo\/wp-content\/uploads\/usu86\/2024\/09\/9001-CAT-INSTITUT-JAUME-MIMO_signed-1-1-2-1086x1536.png 1086w, https:\/\/agora.xtec.cat\/iesjaumemimo\/wp-content\/uploads\/usu86\/2024\/09\/9001-CAT-INSTITUT-JAUME-MIMO_signed-1-1-2-1448x2048.png 1448w, https:\/\/agora.xtec.cat\/iesjaumemimo\/wp-content\/uploads\/usu86\/2024\/09\/9001-CAT-INSTITUT-JAUME-MIMO_signed-1-1-2.png 1654w\" sizes=\"auto, (max-width: 507px) 100vw, 507px\" \/><\/p>\n","protected":false},"excerpt":{"rendered":"<p>La Pol\u00edtica de Qualitat de l&#8217;Institut Jaume Mim\u00f3 est\u00e0 dirigida a satisfer les expectatives i necessitats educatives dels nostres alumnes en particular, i la de la societat en general, oferint-los uns ensenyaments i serveis de qualitat, cercant la millora cont\u00ednua i aspirant a l&#8217;excel\u00b7l\u00e8ncia en el servei. El comprom\u00eds de la qualitat afecta a tota [&hellip;]<\/p>\n","protected":false},"author":1,"featured_media":0,"parent":19,"menu_order":4,"comment_status":"closed","ping_status":"closed","template":"page-templates\/side-menu.php","meta":{"_bbp_topic_count":0,"_bbp_reply_count":0,"_bbp_total_topic_count":0,"_bbp_total_reply_count":0,"_bbp_voice_count":0,"_bbp_anonymous_reply_count":0,"_bbp_topic_count_hidden":0,"_bbp_reply_count_hidden":0,"_bbp_forum_subforum_count":0,"site-sidebar-layout":"default","site-content-layout":"","ast-site-content-layout":"","site-content-style":"default","site-sidebar-style":"default","ast-global-header-display":"","ast-banner-title-visibility":"","ast-main-header-display":"","ast-hfb-above-header-display":"","ast-hfb-below-header-display":"","ast-hfb-mobile-header-display":"","site-post-title":"","ast-breadcrumbs-content":"","ast-featured-img":"","footer-sml-layout":"","theme-transparent-header-meta":"","adv-header-id-meta":"","stick-header-meta":"","header-above-stick-meta":"","header-main-stick-meta":"","header-below-stick-meta":"","astra-migrate-meta-layouts":"default","ast-page-background-enabled":"default","ast-page-background-meta":{"desktop":{"background-color":"var(--ast-global-color-4)","background-image":"","background-repeat":"repeat","background-position":"center center","background-size":"auto","background-attachment":"scroll","background-type":"","background-media":"","overlay-type":"","overlay-color":"","overlay-opacity":"","overlay-gradient":""},"tablet":{"background-color":"","background-image":"","background-repeat":"repeat","background-position":"center center","background-size":"auto","background-attachment":"scroll","background-type":"","background-media":"","overlay-type":"","overlay-color":"","overlay-opacity":"","overlay-gradient":""},"mobile":{"background-color":"","background-image":"","background-repeat":"repeat","background-position":"center center","background-size":"auto","background-attachment":"scroll","background-type":"","background-media":"","overlay-type":"","overlay-color":"","overlay-opacity":"","overlay-gradient":""}},"ast-content-background-meta":{"desktop":{"background-color":"var(--ast-global-color-5)","background-image":"","background-repeat":"repeat","background-position":"center center","background-size":"auto","background-attachment":"scroll","background-type":"","background-media":"","overlay-type":"","overlay-color":"","overlay-opacity":"","overlay-gradient":""},"tablet":{"background-color":"var(--ast-global-color-5)","background-image":"","background-repeat":"repeat","background-position":"center center","background-size":"auto","background-attachment":"scroll","background-type":"","background-media":"","overlay-type":"","overlay-color":"","overlay-opacity":"","overlay-gradient":""},"mobile":{"background-color":"var(--ast-global-color-5)","background-image":"","background-repeat":"repeat","background-position":"center center","background-size":"auto","background-attachment":"scroll","background-type":"","background-media":"","overlay-type":"","overlay-color":"","overlay-opacity":"","overlay-gradient":""}},"footnotes":""},"class_list":["post-3854","page","type-page","status-publish","hentry"],"post_mailing_queue_ids":[],"_links":{"self":[{"href":"https:\/\/agora.xtec.cat\/iesjaumemimo\/wp-json\/wp\/v2\/pages\/3854","targetHints":{"allow":["GET"]}}],"collection":[{"href":"https:\/\/agora.xtec.cat\/iesjaumemimo\/wp-json\/wp\/v2\/pages"}],"about":[{"href":"https:\/\/agora.xtec.cat\/iesjaumemimo\/wp-json\/wp\/v2\/types\/page"}],"author":[{"embeddable":true,"href":"https:\/\/agora.xtec.cat\/iesjaumemimo\/wp-json\/wp\/v2\/users\/1"}],"replies":[{"embeddable":true,"href":"https:\/\/agora.xtec.cat\/iesjaumemimo\/wp-json\/wp\/v2\/comments?post=3854"}],"version-history":[{"count":6,"href":"https:\/\/agora.xtec.cat\/iesjaumemimo\/wp-json\/wp\/v2\/pages\/3854\/revisions"}],"predecessor-version":[{"id":7231,"href":"https:\/\/agora.xtec.cat\/iesjaumemimo\/wp-json\/wp\/v2\/pages\/3854\/revisions\/7231"}],"up":[{"embeddable":true,"href":"https:\/\/agora.xtec.cat\/iesjaumemimo\/wp-json\/wp\/v2\/pages\/19"}],"wp:attachment":[{"href":"https:\/\/agora.xtec.cat\/iesjaumemimo\/wp-json\/wp\/v2\/media?parent=3854"}],"curies":[{"name":"wp","href":"https:\/\/api.w.org\/{rel}","templated":true}]}}