{"id":332,"date":"2015-02-23T13:17:01","date_gmt":"2015-02-23T12:17:01","guid":{"rendered":"http:\/\/agora.xtec.cat\/iesjaumemimo\/?page_id=332"},"modified":"2015-02-26T21:29:52","modified_gmt":"2015-02-26T20:29:52","slug":"musica","status":"publish","type":"page","link":"https:\/\/agora.xtec.cat\/iesjaumemimo\/departaments\/musica\/","title":{"rendered":"M\u00fasica"},"content":{"rendered":"<p>&nbsp;<\/p>\n<p><strong>Participaci\u00f3 d&#8217;alumnes de 1r d&#8217;ESO al concurs de Catalunya R\u00e0dio &#8220;Els optimistes&#8221;<\/strong><\/p>\n<p><strong><a href=\"http:\/\/www.ccma.cat\/catradio\/alacarta\/Els-optimistes\/La-prova-dels-pilotes-INS-Jaume-Mimo\/audio\/866658\/\">Enregistrament de la can\u00e7\u00f3 de la prova dels pilotes<\/a><\/strong><\/p>\n<p>Imatges de l&#8217;enregistrament de la can\u00e7\u00f3 per la &#8220;Prova dels Pilotes&#8221;<\/p>\n<p><a href=\"http:\/\/agora.xtec.cat\/iesjaumemimo\/wp-content\/uploads\/usu86\/2015\/02\/10928901_605096089621653_4020135110628912228_o.jpg\"><img loading=\"lazy\" decoding=\"async\" class=\"alignnone size-medium wp-image-395\" src=\"http:\/\/agora.xtec.cat\/iesjaumemimo\/wp-content\/uploads\/usu86\/2015\/02\/10928901_605096089621653_4020135110628912228_o-300x225.jpg\" alt=\"10928901_605096089621653_4020135110628912228_o\" width=\"300\" height=\"225\" srcset=\"https:\/\/agora.xtec.cat\/iesjaumemimo\/wp-content\/uploads\/usu86\/2015\/02\/10928901_605096089621653_4020135110628912228_o-300x225.jpg 300w, https:\/\/agora.xtec.cat\/iesjaumemimo\/wp-content\/uploads\/usu86\/2015\/02\/10928901_605096089621653_4020135110628912228_o-1024x768.jpg 1024w, https:\/\/agora.xtec.cat\/iesjaumemimo\/wp-content\/uploads\/usu86\/2015\/02\/10928901_605096089621653_4020135110628912228_o-200x150.jpg 200w, https:\/\/agora.xtec.cat\/iesjaumemimo\/wp-content\/uploads\/usu86\/2015\/02\/10928901_605096089621653_4020135110628912228_o.jpg 1280w\" sizes=\"auto, (max-width: 300px) 100vw, 300px\" \/><\/a>\u00a0<a href=\"http:\/\/agora.xtec.cat\/iesjaumemimo\/wp-content\/uploads\/usu86\/2015\/02\/IMG_4356.jpg\"><img loading=\"lazy\" decoding=\"async\" class=\"alignnone size-medium wp-image-396\" src=\"http:\/\/agora.xtec.cat\/iesjaumemimo\/wp-content\/uploads\/usu86\/2015\/02\/IMG_4356-300x225.jpg\" alt=\"IMG_4356\" width=\"300\" height=\"225\" srcset=\"https:\/\/agora.xtec.cat\/iesjaumemimo\/wp-content\/uploads\/usu86\/2015\/02\/IMG_4356-300x225.jpg 300w, https:\/\/agora.xtec.cat\/iesjaumemimo\/wp-content\/uploads\/usu86\/2015\/02\/IMG_4356-200x150.jpg 200w, https:\/\/agora.xtec.cat\/iesjaumemimo\/wp-content\/uploads\/usu86\/2015\/02\/IMG_4356.jpg 640w\" sizes=\"auto, (max-width: 300px) 100vw, 300px\" \/><\/a><\/p>\n<p>&nbsp;<\/p>\n<p><strong>Participaci\u00f3 en el musical de Nadal &#8220;Un Nadal amb Mr. Scrooge&#8221; al Teatre-Auditori de Sant Cugat<\/strong><\/p>\n<p><a href=\"http:\/\/agora.xtec.cat\/iesjaumemimo\/wp-content\/uploads\/usu86\/2015\/02\/IMG_20141219_0001.jpg\"><img loading=\"lazy\" decoding=\"async\" class=\"alignnone size-medium wp-image-404\" src=\"http:\/\/agora.xtec.cat\/iesjaumemimo\/wp-content\/uploads\/usu86\/2015\/02\/IMG_20141219_0001-215x300.jpg\" alt=\"IMG_20141219_0001\" width=\"215\" height=\"300\" srcset=\"https:\/\/agora.xtec.cat\/iesjaumemimo\/wp-content\/uploads\/usu86\/2015\/02\/IMG_20141219_0001-215x300.jpg 215w, https:\/\/agora.xtec.cat\/iesjaumemimo\/wp-content\/uploads\/usu86\/2015\/02\/IMG_20141219_0001-735x1024.jpg 735w, https:\/\/agora.xtec.cat\/iesjaumemimo\/wp-content\/uploads\/usu86\/2015\/02\/IMG_20141219_0001.jpg 1712w\" sizes=\"auto, (max-width: 215px) 100vw, 215px\" \/><\/a>\u00a0\u00a0\u00a0<a href=\"http:\/\/agora.xtec.cat\/iesjaumemimo\/wp-content\/uploads\/usu86\/2015\/02\/IMG_3905.jpg\"><img loading=\"lazy\" decoding=\"async\" class=\"alignnone  wp-image-406\" src=\"http:\/\/agora.xtec.cat\/iesjaumemimo\/wp-content\/uploads\/usu86\/2015\/02\/IMG_3905-300x225.jpg\" alt=\"IMG_3905\" width=\"255\" height=\"191\" srcset=\"https:\/\/agora.xtec.cat\/iesjaumemimo\/wp-content\/uploads\/usu86\/2015\/02\/IMG_3905-300x225.jpg 300w, https:\/\/agora.xtec.cat\/iesjaumemimo\/wp-content\/uploads\/usu86\/2015\/02\/IMG_3905-1024x768.jpg 1024w, https:\/\/agora.xtec.cat\/iesjaumemimo\/wp-content\/uploads\/usu86\/2015\/02\/IMG_3905-200x150.jpg 200w\" sizes=\"auto, (max-width: 255px) 100vw, 255px\" \/><img loading=\"lazy\" decoding=\"async\" class=\"alignnone wp-image-405\" src=\"http:\/\/agora.xtec.cat\/iesjaumemimo\/wp-content\/uploads\/usu86\/2015\/02\/P1090070-300x200.jpg\" alt=\"P1090070\" width=\"287\" height=\"191\" srcset=\"https:\/\/agora.xtec.cat\/iesjaumemimo\/wp-content\/uploads\/usu86\/2015\/02\/P1090070-300x200.jpg 300w, https:\/\/agora.xtec.cat\/iesjaumemimo\/wp-content\/uploads\/usu86\/2015\/02\/P1090070-1024x683.jpg 1024w, https:\/\/agora.xtec.cat\/iesjaumemimo\/wp-content\/uploads\/usu86\/2015\/02\/P1090070.jpg 1038w\" sizes=\"auto, (max-width: 287px) 100vw, 287px\" \/><\/a><\/p>\n<p>&nbsp;<\/p>\n","protected":false},"excerpt":{"rendered":"<p>&nbsp; Participaci\u00f3 d&#8217;alumnes de 1r d&#8217;ESO al concurs de Catalunya R\u00e0dio &#8220;Els optimistes&#8221; Enregistrament de la can\u00e7\u00f3 de la prova dels pilotes Imatges de l&#8217;enregistrament de la can\u00e7\u00f3 per la &#8220;Prova dels Pilotes&#8221; \u00a0 &nbsp; Participaci\u00f3 en el musical de Nadal &#8220;Un Nadal amb Mr. Scrooge&#8221; al Teatre-Auditori de Sant Cugat \u00a0\u00a0\u00a0 &nbsp;<\/p>\n","protected":false},"author":1,"featured_media":0,"parent":330,"menu_order":0,"comment_status":"closed","ping_status":"open","template":"","meta":{"_bbp_topic_count":0,"_bbp_reply_count":0,"_bbp_total_topic_count":0,"_bbp_total_reply_count":0,"_bbp_voice_count":0,"_bbp_anonymous_reply_count":0,"_bbp_topic_count_hidden":0,"_bbp_reply_count_hidden":0,"_bbp_forum_subforum_count":0,"site-sidebar-layout":"default","site-content-layout":"","ast-site-content-layout":"","site-content-style":"default","site-sidebar-style":"default","ast-global-header-display":"","ast-banner-title-visibility":"","ast-main-header-display":"","ast-hfb-above-header-display":"","ast-hfb-below-header-display":"","ast-hfb-mobile-header-display":"","site-post-title":"","ast-breadcrumbs-content":"","ast-featured-img":"","footer-sml-layout":"","theme-transparent-header-meta":"","adv-header-id-meta":"","stick-header-meta":"","header-above-stick-meta":"","header-main-stick-meta":"","header-below-stick-meta":"","astra-migrate-meta-layouts":"default","ast-page-background-enabled":"default","ast-page-background-meta":{"desktop":{"background-color":"var(--ast-global-color-4)","background-image":"","background-repeat":"repeat","background-position":"center center","background-size":"auto","background-attachment":"scroll","background-type":"","background-media":"","overlay-type":"","overlay-color":"","overlay-opacity":"","overlay-gradient":""},"tablet":{"background-color":"","background-image":"","background-repeat":"repeat","background-position":"center center","background-size":"auto","background-attachment":"scroll","background-type":"","background-media":"","overlay-type":"","overlay-color":"","overlay-opacity":"","overlay-gradient":""},"mobile":{"background-color":"","background-image":"","background-repeat":"repeat","background-position":"center center","background-size":"auto","background-attachment":"scroll","background-type":"","background-media":"","overlay-type":"","overlay-color":"","overlay-opacity":"","overlay-gradient":""}},"ast-content-background-meta":{"desktop":{"background-color":"var(--ast-global-color-5)","background-image":"","background-repeat":"repeat","background-position":"center center","background-size":"auto","background-attachment":"scroll","background-type":"","background-media":"","overlay-type":"","overlay-color":"","overlay-opacity":"","overlay-gradient":""},"tablet":{"background-color":"var(--ast-global-color-5)","background-image":"","background-repeat":"repeat","background-position":"center center","background-size":"auto","background-attachment":"scroll","background-type":"","background-media":"","overlay-type":"","overlay-color":"","overlay-opacity":"","overlay-gradient":""},"mobile":{"background-color":"var(--ast-global-color-5)","background-image":"","background-repeat":"repeat","background-position":"center center","background-size":"auto","background-attachment":"scroll","background-type":"","background-media":"","overlay-type":"","overlay-color":"","overlay-opacity":"","overlay-gradient":""}},"footnotes":""},"class_list":["post-332","page","type-page","status-publish","hentry"],"post_mailing_queue_ids":[],"_links":{"self":[{"href":"https:\/\/agora.xtec.cat\/iesjaumemimo\/wp-json\/wp\/v2\/pages\/332","targetHints":{"allow":["GET"]}}],"collection":[{"href":"https:\/\/agora.xtec.cat\/iesjaumemimo\/wp-json\/wp\/v2\/pages"}],"about":[{"href":"https:\/\/agora.xtec.cat\/iesjaumemimo\/wp-json\/wp\/v2\/types\/page"}],"author":[{"embeddable":true,"href":"https:\/\/agora.xtec.cat\/iesjaumemimo\/wp-json\/wp\/v2\/users\/1"}],"replies":[{"embeddable":true,"href":"https:\/\/agora.xtec.cat\/iesjaumemimo\/wp-json\/wp\/v2\/comments?post=332"}],"version-history":[{"count":3,"href":"https:\/\/agora.xtec.cat\/iesjaumemimo\/wp-json\/wp\/v2\/pages\/332\/revisions"}],"predecessor-version":[{"id":408,"href":"https:\/\/agora.xtec.cat\/iesjaumemimo\/wp-json\/wp\/v2\/pages\/332\/revisions\/408"}],"up":[{"embeddable":true,"href":"https:\/\/agora.xtec.cat\/iesjaumemimo\/wp-json\/wp\/v2\/pages\/330"}],"wp:attachment":[{"href":"https:\/\/agora.xtec.cat\/iesjaumemimo\/wp-json\/wp\/v2\/media?parent=332"}],"curies":[{"name":"wp","href":"https:\/\/api.w.org\/{rel}","templated":true}]}}