{"id":2774,"date":"2018-02-11T22:33:32","date_gmt":"2018-02-11T21:33:32","guid":{"rendered":"http:\/\/agora.xtec.cat\/iesjaumemimo\/?page_id=2774"},"modified":"2023-05-26T15:37:25","modified_gmt":"2023-05-26T13:37:25","slug":"borsa-de-treball-i-fctdual","status":"publish","type":"page","link":"https:\/\/agora.xtec.cat\/iesjaumemimo\/ciclesformatius\/borsa-de-treball-i-fctdual\/","title":{"rendered":"Borsa de treball i FCT\/Dual"},"content":{"rendered":"<h4 class=\"twm-bnr-title-large\" style=\"text-align: justify;\">FP DUAL<\/h4>\n<p style=\"text-align: justify;\"><strong>Aprendre treballant, treballar aprenent. <a href=\"https:\/\/borsa.ciclesfp.cat\/\">DONA&#8217;T D&#8217;ALTA AQU\u00cd<\/a><\/strong><\/p>\n<p style=\"text-align: justify;\">L&#8217;FP Dual \u00e9s una variant de la formaci\u00f3 Professional tradicional, en la qual es combina la formaci\u00f3 l&#8217;institut i tamb\u00e9 a empreses adherides a aquest programa.<\/p>\n<p style=\"text-align: justify;\">Desenvolupar\u00e0s el teus estudis tant a l&#8217;institut com a l&#8217;empresa, per tal de fer-te part\u00edcip al teixit empresarial de la formaci\u00f3 del teu futur professional i adaptar els coneixements a les demandes del mercat laboral i la realitat socioecon\u00f2mica.<\/p>\n<p><img loading=\"lazy\" decoding=\"async\" class=\"aligncenter size-large wp-image-6158\" src=\"https:\/\/agora.xtec.cat\/iesjaumemimo\/wp-content\/uploads\/usu86\/2023\/05\/Captura-de-pantalla-2023-05-26-153501-1024x400.jpg\" alt=\"\" width=\"1024\" height=\"400\" srcset=\"https:\/\/agora.xtec.cat\/iesjaumemimo\/wp-content\/uploads\/usu86\/2023\/05\/Captura-de-pantalla-2023-05-26-153501-1024x400.jpg 1024w, https:\/\/agora.xtec.cat\/iesjaumemimo\/wp-content\/uploads\/usu86\/2023\/05\/Captura-de-pantalla-2023-05-26-153501-300x117.jpg 300w, https:\/\/agora.xtec.cat\/iesjaumemimo\/wp-content\/uploads\/usu86\/2023\/05\/Captura-de-pantalla-2023-05-26-153501-768x300.jpg 768w, https:\/\/agora.xtec.cat\/iesjaumemimo\/wp-content\/uploads\/usu86\/2023\/05\/Captura-de-pantalla-2023-05-26-153501-1536x600.jpg 1536w, https:\/\/agora.xtec.cat\/iesjaumemimo\/wp-content\/uploads\/usu86\/2023\/05\/Captura-de-pantalla-2023-05-26-153501.jpg 1827w\" sizes=\"auto, (max-width: 1024px) 100vw, 1024px\" \/><\/p>\n","protected":false},"excerpt":{"rendered":"<p>FP DUAL Aprendre treballant, treballar aprenent. DONA&#8217;T D&#8217;ALTA AQU\u00cd L&#8217;FP Dual \u00e9s una variant de la formaci\u00f3 Professional tradicional, en la qual es combina la formaci\u00f3 l&#8217;institut i tamb\u00e9 a empreses adherides a aquest programa. Desenvolupar\u00e0s el teus estudis tant a l&#8217;institut com a l&#8217;empresa, per tal de fer-te part\u00edcip al teixit empresarial de la [&hellip;]<\/p>\n","protected":false},"author":1,"featured_media":0,"parent":710,"menu_order":13,"comment_status":"closed","ping_status":"closed","template":"page-templates\/side-menu.php","meta":{"_bbp_topic_count":0,"_bbp_reply_count":0,"_bbp_total_topic_count":0,"_bbp_total_reply_count":0,"_bbp_voice_count":0,"_bbp_anonymous_reply_count":0,"_bbp_topic_count_hidden":0,"_bbp_reply_count_hidden":0,"_bbp_forum_subforum_count":0,"site-sidebar-layout":"default","site-content-layout":"","ast-site-content-layout":"","site-content-style":"default","site-sidebar-style":"default","ast-global-header-display":"","ast-banner-title-visibility":"","ast-main-header-display":"","ast-hfb-above-header-display":"","ast-hfb-below-header-display":"","ast-hfb-mobile-header-display":"","site-post-title":"","ast-breadcrumbs-content":"","ast-featured-img":"","footer-sml-layout":"","theme-transparent-header-meta":"","adv-header-id-meta":"","stick-header-meta":"","header-above-stick-meta":"","header-main-stick-meta":"","header-below-stick-meta":"","astra-migrate-meta-layouts":"default","ast-page-background-enabled":"default","ast-page-background-meta":{"desktop":{"background-color":"var(--ast-global-color-4)","background-image":"","background-repeat":"repeat","background-position":"center center","background-size":"auto","background-attachment":"scroll","background-type":"","background-media":"","overlay-type":"","overlay-color":"","overlay-opacity":"","overlay-gradient":""},"tablet":{"background-color":"","background-image":"","background-repeat":"repeat","background-position":"center center","background-size":"auto","background-attachment":"scroll","background-type":"","background-media":"","overlay-type":"","overlay-color":"","overlay-opacity":"","overlay-gradient":""},"mobile":{"background-color":"","background-image":"","background-repeat":"repeat","background-position":"center center","background-size":"auto","background-attachment":"scroll","background-type":"","background-media":"","overlay-type":"","overlay-color":"","overlay-opacity":"","overlay-gradient":""}},"ast-content-background-meta":{"desktop":{"background-color":"var(--ast-global-color-5)","background-image":"","background-repeat":"repeat","background-position":"center center","background-size":"auto","background-attachment":"scroll","background-type":"","background-media":"","overlay-type":"","overlay-color":"","overlay-opacity":"","overlay-gradient":""},"tablet":{"background-color":"var(--ast-global-color-5)","background-image":"","background-repeat":"repeat","background-position":"center center","background-size":"auto","background-attachment":"scroll","background-type":"","background-media":"","overlay-type":"","overlay-color":"","overlay-opacity":"","overlay-gradient":""},"mobile":{"background-color":"var(--ast-global-color-5)","background-image":"","background-repeat":"repeat","background-position":"center center","background-size":"auto","background-attachment":"scroll","background-type":"","background-media":"","overlay-type":"","overlay-color":"","overlay-opacity":"","overlay-gradient":""}},"footnotes":""},"class_list":["post-2774","page","type-page","status-publish","hentry"],"post_mailing_queue_ids":[],"_links":{"self":[{"href":"https:\/\/agora.xtec.cat\/iesjaumemimo\/wp-json\/wp\/v2\/pages\/2774","targetHints":{"allow":["GET"]}}],"collection":[{"href":"https:\/\/agora.xtec.cat\/iesjaumemimo\/wp-json\/wp\/v2\/pages"}],"about":[{"href":"https:\/\/agora.xtec.cat\/iesjaumemimo\/wp-json\/wp\/v2\/types\/page"}],"author":[{"embeddable":true,"href":"https:\/\/agora.xtec.cat\/iesjaumemimo\/wp-json\/wp\/v2\/users\/1"}],"replies":[{"embeddable":true,"href":"https:\/\/agora.xtec.cat\/iesjaumemimo\/wp-json\/wp\/v2\/comments?post=2774"}],"version-history":[{"count":5,"href":"https:\/\/agora.xtec.cat\/iesjaumemimo\/wp-json\/wp\/v2\/pages\/2774\/revisions"}],"predecessor-version":[{"id":6160,"href":"https:\/\/agora.xtec.cat\/iesjaumemimo\/wp-json\/wp\/v2\/pages\/2774\/revisions\/6160"}],"up":[{"embeddable":true,"href":"https:\/\/agora.xtec.cat\/iesjaumemimo\/wp-json\/wp\/v2\/pages\/710"}],"wp:attachment":[{"href":"https:\/\/agora.xtec.cat\/iesjaumemimo\/wp-json\/wp\/v2\/media?parent=2774"}],"curies":[{"name":"wp","href":"https:\/\/api.w.org\/{rel}","templated":true}]}}