{"id":19,"date":"2014-09-17T14:56:56","date_gmt":"2014-09-17T14:56:56","guid":{"rendered":"http:\/\/agora.xtec.cat\/iesjaumemimo\/?page_id=19"},"modified":"2019-01-14T11:14:41","modified_gmt":"2019-01-14T10:14:41","slug":"linstitut","status":"publish","type":"page","link":"https:\/\/agora.xtec.cat\/iesjaumemimo\/linstitut\/","title":{"rendered":"L&#8217;institut"},"content":{"rendered":"<p>Benvolguts,<\/p>\n<p>Us donem la benvinguda al institut,<\/p>\n<p>L\u2019Institut Jaume Mim\u00f3 est\u00e1 ubicat en el barri de Serraparera de Cerdanyola del Vall\u00e8s. \u00c9s un centre amb molta diversitat d\u2019oferta educativa on es contempla la globalitat d\u2019aprenentatges reglats:ESO, batxillerats, batxillerat art\u00edstic, formaci\u00f3 professional de grau mitj\u00e0, formaci\u00f3 professional de grau superior, curs d\u2019acc\u00e9s a cicles formatius de grau superior i programa de formaci\u00f3 professional inicial.<\/p>\n<p>La nostra visi\u00f3 \u00e9s la formaci\u00f3 integral dels joves en tots els \u00e0mbits, acad\u00e8mic, educatiu, cultural, social i personal. Una formaci\u00f3 basada en l\u2019acompanyament del projecte de vida personal dels nois i noies en el proc\u00e9s de fer-se universitaris, professionals i adults. Un dels nostres objectius \u00e9s acompanyar l\u2019alumnat en el desenvolupament com a persones integres i complertes capaces d\u2019incorporar-se a la nostra societat, desenvolupar-se amb plenitud i llibertat.<\/p>\n<p>Us proposem participar d\u2019un projecte conjunt, un projecte educatiu on el jove sigui el centre de la nostra acci\u00f3 educadora. Projecte que utilitzant diverses metodologies pedag\u00f2giques provoqui en els estudiants una nova visi\u00f3 d\u2019ells mateixos, de les seves capacitats i del seu potencial intel\u00b7lectual, art\u00edstic, cient\u00edfic, tecnol\u00f2gic i hum\u00e0, qu\u00e8 potenci\u00ef la comunicaci\u00f3 entre ells, les fam\u00edlies, la comunitat, amb domini de diverses lleng\u00fces, qu\u00e8 li generi la for\u00e7a interior, la seguretat i l\u2019autonomia per viure una vida plena d\u2019\u00e8xits personals.<\/p>\n<p>&nbsp;<\/p>\n<p>&nbsp;<\/p>\n<h4><img loading=\"lazy\" decoding=\"async\" class=\"alignnone wp-image-3373\" src=\"https:\/\/agora.xtec.cat\/iesjaumemimo\/wp-content\/uploads\/usu86\/2018\/10\/descarga.jpeg\" alt=\"\" width=\"20\" height=\"20\" \/>The School<\/h4>\n<p>&nbsp;<\/p>\n<p><em>Welcome to the School.<\/em><\/p>\n<p><em>Institut Jaume Mim\u00f3 is located in the Serraparera neighbourhood in Cerdanyola del Vall\u00e8s. We offer a wide range of educational courses including all official studies: ESO (compulsory secondary education), Batxillerat (post-compulsory secondary education), Batxillerat Art\u00edstic (post-compulsory secondary education, Arts), Cicles Formatius de Grau Mitj\u00e0 (Vocational Education and Training, VET), Cicles Formatius de Grau Superior (Certificate of Higher Education, HNC), Curs d\u2019Acc\u00e9s a Cicles Formatius de Grau Superior (prep couses for HNC) i Programa de Formaci\u00f3 Professional Inicial (prep courses for VET).<\/em><\/p>\n<p><em>Our ethos is about the holistic education of students, bringing together the academic, cultural, social and personal spheres. We offer an educational programme focused on accompanying the life project of our youths in the process of becoming university students, professionals and adults. Our core value is to encourage students in their development as complete individuals able to join society with integrity.<\/em><\/p>\n<p><em>We invite you to join a common project, an educational project in which youths are the focus. It is a project which by using several methodological approaches aims to develop self-reflection in our students, as well as to help them take a fresh look into their life skills and their intellectual, artistic, technological and humanistic potential, enhancing communication among themselves, their families and society, enabling them to communicate in several languages and generating the inner strength, self-assurance and personal autonomy they need to live a meaningful life.<\/em><\/p>\n<p>&nbsp;<\/p>\n<p>&nbsp;<\/p>\n<p>&nbsp;<\/p>\n","protected":false},"excerpt":{"rendered":"<p>Benvolguts, Us donem la benvinguda al institut, L\u2019Institut Jaume Mim\u00f3 est\u00e1 ubicat en el barri de Serraparera de Cerdanyola del Vall\u00e8s. \u00c9s un centre amb molta diversitat d\u2019oferta educativa on es contempla la globalitat d\u2019aprenentatges reglats:ESO, batxillerats, batxillerat art\u00edstic, formaci\u00f3 professional de grau mitj\u00e0, formaci\u00f3 professional de grau superior, curs d\u2019acc\u00e9s a cicles formatius de [&hellip;]<\/p>\n","protected":false},"author":1,"featured_media":0,"parent":0,"menu_order":0,"comment_status":"closed","ping_status":"closed","template":"page-templates\/side-menu.php","meta":{"_bbp_topic_count":0,"_bbp_reply_count":0,"_bbp_total_topic_count":0,"_bbp_total_reply_count":0,"_bbp_voice_count":0,"_bbp_anonymous_reply_count":0,"_bbp_topic_count_hidden":0,"_bbp_reply_count_hidden":0,"_bbp_forum_subforum_count":0,"site-sidebar-layout":"default","site-content-layout":"","ast-site-content-layout":"","site-content-style":"default","site-sidebar-style":"default","ast-global-header-display":"","ast-banner-title-visibility":"","ast-main-header-display":"","ast-hfb-above-header-display":"","ast-hfb-below-header-display":"","ast-hfb-mobile-header-display":"","site-post-title":"","ast-breadcrumbs-content":"","ast-featured-img":"","footer-sml-layout":"","theme-transparent-header-meta":"","adv-header-id-meta":"","stick-header-meta":"","header-above-stick-meta":"","header-main-stick-meta":"","header-below-stick-meta":"","astra-migrate-meta-layouts":"default","ast-page-background-enabled":"default","ast-page-background-meta":{"desktop":{"background-color":"var(--ast-global-color-4)","background-image":"","background-repeat":"repeat","background-position":"center center","background-size":"auto","background-attachment":"scroll","background-type":"","background-media":"","overlay-type":"","overlay-color":"","overlay-opacity":"","overlay-gradient":""},"tablet":{"background-color":"","background-image":"","background-repeat":"repeat","background-position":"center center","background-size":"auto","background-attachment":"scroll","background-type":"","background-media":"","overlay-type":"","overlay-color":"","overlay-opacity":"","overlay-gradient":""},"mobile":{"background-color":"","background-image":"","background-repeat":"repeat","background-position":"center center","background-size":"auto","background-attachment":"scroll","background-type":"","background-media":"","overlay-type":"","overlay-color":"","overlay-opacity":"","overlay-gradient":""}},"ast-content-background-meta":{"desktop":{"background-color":"var(--ast-global-color-5)","background-image":"","background-repeat":"repeat","background-position":"center center","background-size":"auto","background-attachment":"scroll","background-type":"","background-media":"","overlay-type":"","overlay-color":"","overlay-opacity":"","overlay-gradient":""},"tablet":{"background-color":"var(--ast-global-color-5)","background-image":"","background-repeat":"repeat","background-position":"center center","background-size":"auto","background-attachment":"scroll","background-type":"","background-media":"","overlay-type":"","overlay-color":"","overlay-opacity":"","overlay-gradient":""},"mobile":{"background-color":"var(--ast-global-color-5)","background-image":"","background-repeat":"repeat","background-position":"center center","background-size":"auto","background-attachment":"scroll","background-type":"","background-media":"","overlay-type":"","overlay-color":"","overlay-opacity":"","overlay-gradient":""}},"footnotes":""},"class_list":["post-19","page","type-page","status-publish","hentry"],"post_mailing_queue_ids":[],"_links":{"self":[{"href":"https:\/\/agora.xtec.cat\/iesjaumemimo\/wp-json\/wp\/v2\/pages\/19","targetHints":{"allow":["GET"]}}],"collection":[{"href":"https:\/\/agora.xtec.cat\/iesjaumemimo\/wp-json\/wp\/v2\/pages"}],"about":[{"href":"https:\/\/agora.xtec.cat\/iesjaumemimo\/wp-json\/wp\/v2\/types\/page"}],"author":[{"embeddable":true,"href":"https:\/\/agora.xtec.cat\/iesjaumemimo\/wp-json\/wp\/v2\/users\/1"}],"replies":[{"embeddable":true,"href":"https:\/\/agora.xtec.cat\/iesjaumemimo\/wp-json\/wp\/v2\/comments?post=19"}],"version-history":[{"count":3,"href":"https:\/\/agora.xtec.cat\/iesjaumemimo\/wp-json\/wp\/v2\/pages\/19\/revisions"}],"predecessor-version":[{"id":3513,"href":"https:\/\/agora.xtec.cat\/iesjaumemimo\/wp-json\/wp\/v2\/pages\/19\/revisions\/3513"}],"wp:attachment":[{"href":"https:\/\/agora.xtec.cat\/iesjaumemimo\/wp-json\/wp\/v2\/media?parent=19"}],"curies":[{"name":"wp","href":"https:\/\/api.w.org\/{rel}","templated":true}]}}