{"id":9804,"date":"2024-03-01T13:33:42","date_gmt":"2024-03-01T12:33:42","guid":{"rendered":"https:\/\/agora.xtec.cat\/iesjaumecallis\/?page_id=9804"},"modified":"2025-07-18T13:12:55","modified_gmt":"2025-07-18T11:12:55","slug":"estudis-2","status":"publish","type":"page","link":"https:\/\/agora.xtec.cat\/iesjaumecallis\/estudis-2\/","title":{"rendered":"Estudis"},"content":{"rendered":"<p>ESO<\/p>\n<table style=\"border-collapse: collapse; width: 100%;\">\n<tbody>\n<tr>\n<td style=\"width: 50%;\"><a style=\"font-size: 16px; font-style: normal; font-weight: 400; transition-property: all; color: #3a3a3a;\" href=\"https:\/\/docs.google.com\/document\/d\/e\/2PACX-1vRyKc_NyF17RWWYwpn81Cdx9Z5i6KfBaB7KcjgiqgvOBn7HmQMPg36y5qJ-25oqGrgt8pLHb5k1J_Ar\/pub\" target=\"_blank\" rel=\"noopener\">Descripci\u00f3 de les optatives de 1r<\/a><\/td>\n<td style=\"width: 50%;\"><a style=\"font-size: 16px; font-style: normal; font-weight: 400; transition-property: all; color: #3a3a3a;\" href=\"https:\/\/forms.gle\/sR9XJ9u3pC9rsvX78\"><span style=\"font-size: 16px; font-style: normal; font-weight: 400;\">Formulari tria optatives 1r d&#8217;ESO<\/span><\/a><\/td>\n<\/tr>\n<tr>\n<td style=\"width: 50%;\"><a style=\"font-size: 16px; font-style: normal; font-weight: 400; background-color: #ffffff; transition-property: all; color: #3a3a3a;\" href=\"https:\/\/docs.google.com\/document\/d\/e\/2PACX-1vQR6vyYcJp93nKBGS0H0uaTWKr2VSMz33u6sOA6tD_PZ1DpLq3eSRWg5gSJTwUbRjNy0mJyWsTspPZc\/pub\">Descripci\u00f3 de les optatives de 2n<\/a><\/td>\n<td style=\"width: 50%;\"><\/td>\n<\/tr>\n<tr>\n<td style=\"width: 50%;\"><a style=\"font-size: 16px; font-style: normal; font-weight: 400; transition-property: all;\" href=\"https:\/\/docs.google.com\/document\/d\/e\/2PACX-1vRe8YtItzX0aY5tN2LJsWY1JcZEQVgqqDD_wTQ39YA5GZK4nnTynL1LfNQ-mg_bFMe0Be2xEyIbVBLZ\/pub\" target=\"_blank\" rel=\"noopener\">Descripci\u00f3 de les optatives de 3r<\/a><\/td>\n<td style=\"width: 50%;\"><\/td>\n<\/tr>\n<tr>\n<td style=\"width: 50%;\"><a style=\"font-size: 16px; font-style: normal; font-weight: 400; transition-property: all;\" href=\"https:\/\/docs.google.com\/document\/d\/e\/2PACX-1vQ0H0dKRpSoeLSIvVMznz7nYj3tz4BUU0wnd-9X_6VPszV1wyPAcCkVsTpK4BCuqkNMUJlUornxC-9Y\/pub\" target=\"_blank\" rel=\"noopener\">Curr\u00edculum i optatives 4t<\/a><\/td>\n<td style=\"width: 50%;\"><\/td>\n<\/tr>\n<\/tbody>\n<\/table>\n<p>BATXILLERAT<\/p>\n<table style=\"border-collapse: collapse; width: 100%;\">\n<tbody>\n<tr>\n<td style=\"width: 50%;\"><a style=\"font-size: 16px; font-style: normal; font-weight: 400; transition-property: all;\" href=\"https:\/\/agora.xtec.cat\/iesjaumecallis\/curriculum-de-batxillerat\/\" target=\"_blank\" rel=\"noopener\">Curr\u00edculum de batxillerat<\/a><\/td>\n<td style=\"width: 50%;\"><\/td>\n<\/tr>\n<tr>\n<td style=\"width: 50%;\"><a style=\"font-size: 16px; font-style: normal; font-weight: 400; transition-property: all; color: #3a3a3a;\" href=\"https:\/\/sites.google.com\/callisvic.cat\/batxillerat\/tipus-assignatures\" target=\"_blank\" rel=\"noopener\">Mat\u00e8ries de modalitat i optatives de batxillerat<\/a><\/td>\n<td style=\"width: 50%;\"><\/td>\n<\/tr>\n<\/tbody>\n<\/table>\n<p><a href=\"https:\/\/agora.xtec.cat\/iesjaumecallis\/ioc-2\/\" target=\"_blank\" rel=\"noopener\">IOC<\/a><\/p>\n<p><a href=\"https:\/\/agora.xtec.cat\/iesjaumecallis\/general\/convalidacions\/\">CONVALIDACIONS M\u00daSICA, DANSA I ESPORT<\/a><\/p>\n","protected":false},"excerpt":{"rendered":"<p>ESO Descripci\u00f3 de les optatives de 1r Formulari tria optatives 1r d&#8217;ESO Descripci\u00f3 de les optatives de 2n Descripci\u00f3 de les optatives de 3r Curr\u00edculum i optatives 4t BATXILLERAT Curr\u00edculum de batxillerat Mat\u00e8ries de modalitat i optatives de batxillerat IOC CONVALIDACIONS M\u00daSICA, DANSA I ESPORT<\/p>\n","protected":false},"author":1,"featured_media":0,"parent":0,"menu_order":0,"comment_status":"closed","ping_status":"closed","template":"","meta":{"_bbp_topic_count":0,"_bbp_reply_count":0,"_bbp_total_topic_count":0,"_bbp_total_reply_count":0,"_bbp_voice_count":0,"_bbp_anonymous_reply_count":0,"_bbp_topic_count_hidden":0,"_bbp_reply_count_hidden":0,"_bbp_forum_subforum_count":0,"site-sidebar-layout":"default","site-content-layout":"","ast-site-content-layout":"default","site-content-style":"default","site-sidebar-style":"default","ast-global-header-display":"","ast-banner-title-visibility":"","ast-main-header-display":"","ast-hfb-above-header-display":"","ast-hfb-below-header-display":"","ast-hfb-mobile-header-display":"","site-post-title":"","ast-breadcrumbs-content":"","ast-featured-img":"","footer-sml-layout":"","theme-transparent-header-meta":"default","adv-header-id-meta":"","stick-header-meta":"","header-above-stick-meta":"","header-main-stick-meta":"","header-below-stick-meta":"","astra-migrate-meta-layouts":"set","ast-page-background-enabled":"default","ast-page-background-meta":{"desktop":{"background-color":"var(--ast-global-color-4)","background-image":"","background-repeat":"repeat","background-position":"center center","background-size":"auto","background-attachment":"scroll","background-type":"","background-media":"","overlay-type":"","overlay-color":"","overlay-opacity":"","overlay-gradient":""},"tablet":{"background-color":"","background-image":"","background-repeat":"repeat","background-position":"center center","background-size":"auto","background-attachment":"scroll","background-type":"","background-media":"","overlay-type":"","overlay-color":"","overlay-opacity":"","overlay-gradient":""},"mobile":{"background-color":"","background-image":"","background-repeat":"repeat","background-position":"center center","background-size":"auto","background-attachment":"scroll","background-type":"","background-media":"","overlay-type":"","overlay-color":"","overlay-opacity":"","overlay-gradient":""}},"ast-content-background-meta":{"desktop":{"background-color":"var(--ast-global-color-5)","background-image":"","background-repeat":"repeat","background-position":"center center","background-size":"auto","background-attachment":"scroll","background-type":"","background-media":"","overlay-type":"","overlay-color":"","overlay-opacity":"","overlay-gradient":""},"tablet":{"background-color":"var(--ast-global-color-5)","background-image":"","background-repeat":"repeat","background-position":"center center","background-size":"auto","background-attachment":"scroll","background-type":"","background-media":"","overlay-type":"","overlay-color":"","overlay-opacity":"","overlay-gradient":""},"mobile":{"background-color":"var(--ast-global-color-5)","background-image":"","background-repeat":"repeat","background-position":"center center","background-size":"auto","background-attachment":"scroll","background-type":"","background-media":"","overlay-type":"","overlay-color":"","overlay-opacity":"","overlay-gradient":""}},"footnotes":""},"class_list":["post-9804","page","type-page","status-publish","hentry"],"post_mailing_queue_ids":[],"_links":{"self":[{"href":"https:\/\/agora.xtec.cat\/iesjaumecallis\/wp-json\/wp\/v2\/pages\/9804","targetHints":{"allow":["GET"]}}],"collection":[{"href":"https:\/\/agora.xtec.cat\/iesjaumecallis\/wp-json\/wp\/v2\/pages"}],"about":[{"href":"https:\/\/agora.xtec.cat\/iesjaumecallis\/wp-json\/wp\/v2\/types\/page"}],"author":[{"embeddable":true,"href":"https:\/\/agora.xtec.cat\/iesjaumecallis\/wp-json\/wp\/v2\/users\/1"}],"replies":[{"embeddable":true,"href":"https:\/\/agora.xtec.cat\/iesjaumecallis\/wp-json\/wp\/v2\/comments?post=9804"}],"version-history":[{"count":7,"href":"https:\/\/agora.xtec.cat\/iesjaumecallis\/wp-json\/wp\/v2\/pages\/9804\/revisions"}],"predecessor-version":[{"id":11111,"href":"https:\/\/agora.xtec.cat\/iesjaumecallis\/wp-json\/wp\/v2\/pages\/9804\/revisions\/11111"}],"wp:attachment":[{"href":"https:\/\/agora.xtec.cat\/iesjaumecallis\/wp-json\/wp\/v2\/media?parent=9804"}],"curies":[{"name":"wp","href":"https:\/\/api.w.org\/{rel}","templated":true}]}}