{"id":81,"date":"2014-09-18T10:38:05","date_gmt":"2014-09-18T08:38:05","guid":{"rendered":"http:\/\/agora.xtec.cat\/iesjaumecallis\/?page_id=81"},"modified":"2025-09-09T08:40:29","modified_gmt":"2025-09-09T06:40:29","slug":"secretaria","status":"publish","type":"page","link":"https:\/\/agora.xtec.cat\/iesjaumecallis\/secretaria\/","title":{"rendered":"Contacte i horari"},"content":{"rendered":"<p style=\"color: #666666;\"><strong>Institut Jaume Call\u00eds<\/strong><br \/>\nAvinguda <span class=\"street-address\">Ol\u00edmpia, 2<\/span><br \/>\n<span class=\"postal-code\">08500 Vic<\/span><\/p>\n<h2><a href=\"https:\/\/docs.google.com\/forms\/d\/e\/1FAIpQLSeWoUsDdUBJrhtYMEFY-kXv8EKt7mqjJ5R4LIrFQJ7xuOv21Q\/viewform\" target=\"_blank\" rel=\"noopener noreferrer\"><strong>SOL\u00b7LICITUDS DE CERTIFICATS I GESTIONS<\/strong> <\/a><\/h2>\n<h4>Contacte:<\/h4>\n<p>93 885 20 17<br \/>\n<a href=\"mailto:insjaumecallis@xtec.cat\">insjaumecallis@xtec.cat<\/a><br \/>\n<a href=\"http:\/\/www.institutjaumecallis.cat\">www.institutjaumecallis.cat<\/a><\/p>\n<h3>Horari d\u2019oficines:<\/h3>\n<p><b>Atenci\u00f3 telef\u00f2nica:<\/b><\/p>\n<div><span style=\"color: #000000;\"><b>De dilluns a divendres: de 10 a 14 h<\/b><\/span><\/div>\n<div><span style=\"color: #000000;\"><b>Dimarts i dimecres tarda de 15 a 17 h<\/b><\/span><\/div>\n<p>Al tel\u00e8fon 938852017<\/p>\n<p><b>Atenci\u00f3 presencial:<\/b><\/p>\n<div><span style=\"color: #000000;\"><b>De dilluns a divendres, de 10 a 14 h<\/b><\/span><\/div>\n<div><span style=\"color: #000000;\"><b>Dimarts i dimecres tarda de 15 a 17 h<\/b><\/span><\/div>\n<div><\/div>\n<p>** Per a sol\u00b7licitar <b>certificats o qualsevol altre tr\u00e0mit<\/b>, cal que empleneu el <b>formulari <\/b>que trobareu a la nostra p\u00e0gina web.<\/p>\n<p>** Per qualsevol altra consulta fora de l\u2019horari indicat, podeu enviar un correu electr\u00f2nic a\u00a0<a href=\"mailto:insjaumecallis@xtec.cat\" target=\"_blank\" rel=\"noopener noreferrer\">insjaumecallis@xtec.cat<\/a>\u00a0<wbr \/>indicant nom i cognoms, tel\u00e8fon i de qu\u00e8 es tracta.<\/p>\n<h4><\/h4>\n<p>&nbsp;<\/p>\n<p><iframe loading=\"lazy\" src=\"https:\/\/www.google.com\/maps\/embed?pb=!1m14!1m8!1m3!1d26912.50231941435!2d2.23392091126409!3d41.92886763323845!3m2!1i1024!2i768!4f13.1!3m3!1m2!1s0x0%3A0xf1eda3b5a4b0ad1d!2sIES+Jaume+Call%C3%ADs!5e0!3m2!1sca!2ses!4v1475518604709\" width=\"600\" height=\"450\" frameborder=\"0\"><\/iframe><\/p>\n<h4>Com arribar-hi:<strong><br \/>\n<\/strong><\/h4>\n<ul>\n<li>Per tren: Estaci\u00f3 Vic de la l\u00ednia R3<\/li>\n<li>Per bus urb\u00e0: L\u00ednies L3 i L5<\/li>\n<\/ul>\n","protected":false},"excerpt":{"rendered":"<p>Institut Jaume Call\u00eds Avinguda Ol\u00edmpia, 2 08500 Vic SOL\u00b7LICITUDS DE CERTIFICATS I GESTIONS Contacte: 93 885 20 17 insjaumecallis@xtec.cat www.institutjaumecallis.cat Horari d\u2019oficines: Atenci\u00f3 telef\u00f2nica: De dilluns a divendres: de 10 a 14 h Dimarts i dimecres tarda de 15 a 17 h Al tel\u00e8fon 938852017 Atenci\u00f3 presencial: De dilluns a divendres, de 10 a 14 [&hellip;]<\/p>\n","protected":false},"author":1,"featured_media":0,"parent":0,"menu_order":0,"comment_status":"closed","ping_status":"closed","template":"","meta":{"_bbp_topic_count":0,"_bbp_reply_count":0,"_bbp_total_topic_count":0,"_bbp_total_reply_count":0,"_bbp_voice_count":0,"_bbp_anonymous_reply_count":0,"_bbp_topic_count_hidden":0,"_bbp_reply_count_hidden":0,"_bbp_forum_subforum_count":0,"site-sidebar-layout":"default","site-content-layout":"","ast-site-content-layout":"default","site-content-style":"default","site-sidebar-style":"default","ast-global-header-display":"","ast-banner-title-visibility":"","ast-main-header-display":"","ast-hfb-above-header-display":"","ast-hfb-below-header-display":"","ast-hfb-mobile-header-display":"","site-post-title":"","ast-breadcrumbs-content":"","ast-featured-img":"","footer-sml-layout":"","theme-transparent-header-meta":"default","adv-header-id-meta":"","stick-header-meta":"","header-above-stick-meta":"","header-main-stick-meta":"","header-below-stick-meta":"","astra-migrate-meta-layouts":"set","ast-page-background-enabled":"default","ast-page-background-meta":{"desktop":{"background-color":"var(--ast-global-color-4)","background-image":"","background-repeat":"repeat","background-position":"center center","background-size":"auto","background-attachment":"scroll","background-type":"","background-media":"","overlay-type":"","overlay-color":"","overlay-opacity":"","overlay-gradient":""},"tablet":{"background-color":"","background-image":"","background-repeat":"repeat","background-position":"center center","background-size":"auto","background-attachment":"scroll","background-type":"","background-media":"","overlay-type":"","overlay-color":"","overlay-opacity":"","overlay-gradient":""},"mobile":{"background-color":"","background-image":"","background-repeat":"repeat","background-position":"center center","background-size":"auto","background-attachment":"scroll","background-type":"","background-media":"","overlay-type":"","overlay-color":"","overlay-opacity":"","overlay-gradient":""}},"ast-content-background-meta":{"desktop":{"background-color":"var(--ast-global-color-5)","background-image":"","background-repeat":"repeat","background-position":"center center","background-size":"auto","background-attachment":"scroll","background-type":"","background-media":"","overlay-type":"","overlay-color":"","overlay-opacity":"","overlay-gradient":""},"tablet":{"background-color":"var(--ast-global-color-5)","background-image":"","background-repeat":"repeat","background-position":"center center","background-size":"auto","background-attachment":"scroll","background-type":"","background-media":"","overlay-type":"","overlay-color":"","overlay-opacity":"","overlay-gradient":""},"mobile":{"background-color":"var(--ast-global-color-5)","background-image":"","background-repeat":"repeat","background-position":"center center","background-size":"auto","background-attachment":"scroll","background-type":"","background-media":"","overlay-type":"","overlay-color":"","overlay-opacity":"","overlay-gradient":""}},"footnotes":""},"class_list":["post-81","page","type-page","status-publish","hentry"],"post_mailing_queue_ids":[],"_links":{"self":[{"href":"https:\/\/agora.xtec.cat\/iesjaumecallis\/wp-json\/wp\/v2\/pages\/81","targetHints":{"allow":["GET"]}}],"collection":[{"href":"https:\/\/agora.xtec.cat\/iesjaumecallis\/wp-json\/wp\/v2\/pages"}],"about":[{"href":"https:\/\/agora.xtec.cat\/iesjaumecallis\/wp-json\/wp\/v2\/types\/page"}],"author":[{"embeddable":true,"href":"https:\/\/agora.xtec.cat\/iesjaumecallis\/wp-json\/wp\/v2\/users\/1"}],"replies":[{"embeddable":true,"href":"https:\/\/agora.xtec.cat\/iesjaumecallis\/wp-json\/wp\/v2\/comments?post=81"}],"version-history":[{"count":7,"href":"https:\/\/agora.xtec.cat\/iesjaumecallis\/wp-json\/wp\/v2\/pages\/81\/revisions"}],"predecessor-version":[{"id":11149,"href":"https:\/\/agora.xtec.cat\/iesjaumecallis\/wp-json\/wp\/v2\/pages\/81\/revisions\/11149"}],"wp:attachment":[{"href":"https:\/\/agora.xtec.cat\/iesjaumecallis\/wp-json\/wp\/v2\/media?parent=81"}],"curies":[{"name":"wp","href":"https:\/\/api.w.org\/{rel}","templated":true}]}}