{"id":69,"date":"2014-09-18T10:15:07","date_gmt":"2014-09-18T09:15:07","guid":{"rendered":"http:\/\/agora.xtec.cat\/iesjaumecallis\/?page_id=69"},"modified":"2024-02-28T13:01:43","modified_gmt":"2024-02-28T12:01:43","slug":"menjador-escolar","status":"publish","type":"page","link":"https:\/\/agora.xtec.cat\/iesjaumecallis\/serveis\/menjador-escolar\/","title":{"rendered":"Cantina"},"content":{"rendered":"<p><strong>Servei de cantina les hores del pati de 10 a 10:20 i de 12:20 a 12:40.<br \/>\n<\/strong><\/p>\n<p style=\"text-align: justify;\">El nostre institut est\u00e0 duent a terme el projecte <strong>\u201c<em>El pati de l\u2019institut: un espai saludable\u201d<\/em><\/strong> que pret\u00e9n fomentar, entre altres coses, el consum de productes saludables entre els alumnes.<\/p>\n<p style=\"text-align: justify;\">Fa tres cursos vam reobrir la cantina de l\u2019institut, tancada arran de la pand\u00e8mia, i, en aquests moments, la gestionen els alumnes amb el suport del departament d&#8217;Orientaci\u00f3.<\/p>\n<p style=\"text-align: justify;\">Volem que els esmorzars saludables arribin al m\u00e0xim de nois i noies possibles i \u00e9s per aix\u00f2 que oferim tots els productes, de qualitat i de proximitat, a un preu molt econ\u00f2mic.<\/p>\n<p><strong> <a href=\"https:\/\/agora.xtec.cat\/iesjaumecallis\/wp-content\/uploads\/usu113\/2024\/02\/IMG-20240224-WA0028.jpg\"><img loading=\"lazy\" decoding=\"async\" class=\"size-large wp-image-9741 aligncenter\" src=\"https:\/\/agora.xtec.cat\/iesjaumecallis\/wp-content\/uploads\/usu113\/2024\/02\/IMG-20240224-WA0028-1024x682.jpg\" alt=\"\" width=\"1024\" height=\"682\" srcset=\"https:\/\/agora.xtec.cat\/iesjaumecallis\/wp-content\/uploads\/usu113\/2024\/02\/IMG-20240224-WA0028-1024x682.jpg 1024w, https:\/\/agora.xtec.cat\/iesjaumecallis\/wp-content\/uploads\/usu113\/2024\/02\/IMG-20240224-WA0028-300x200.jpg 300w, https:\/\/agora.xtec.cat\/iesjaumecallis\/wp-content\/uploads\/usu113\/2024\/02\/IMG-20240224-WA0028-768x512.jpg 768w, https:\/\/agora.xtec.cat\/iesjaumecallis\/wp-content\/uploads\/usu113\/2024\/02\/IMG-20240224-WA0028-1536x1023.jpg 1536w, https:\/\/agora.xtec.cat\/iesjaumecallis\/wp-content\/uploads\/usu113\/2024\/02\/IMG-20240224-WA0028.jpg 1600w\" sizes=\"auto, (max-width: 1024px) 100vw, 1024px\" \/><\/a><\/strong><\/p>\n<p><strong><a href=\"https:\/\/agora.xtec.cat\/iesjaumecallis\/wp-content\/uploads\/usu113\/2024\/02\/IMG-20240224-WA0034.jpg\"><img loading=\"lazy\" decoding=\"async\" class=\"size-large wp-image-9743 aligncenter\" src=\"https:\/\/agora.xtec.cat\/iesjaumecallis\/wp-content\/uploads\/usu113\/2024\/02\/IMG-20240224-WA0034-1024x682.jpg\" alt=\"\" width=\"1024\" height=\"682\" srcset=\"https:\/\/agora.xtec.cat\/iesjaumecallis\/wp-content\/uploads\/usu113\/2024\/02\/IMG-20240224-WA0034-1024x682.jpg 1024w, https:\/\/agora.xtec.cat\/iesjaumecallis\/wp-content\/uploads\/usu113\/2024\/02\/IMG-20240224-WA0034-300x200.jpg 300w, https:\/\/agora.xtec.cat\/iesjaumecallis\/wp-content\/uploads\/usu113\/2024\/02\/IMG-20240224-WA0034-768x512.jpg 768w, https:\/\/agora.xtec.cat\/iesjaumecallis\/wp-content\/uploads\/usu113\/2024\/02\/IMG-20240224-WA0034-1536x1023.jpg 1536w, https:\/\/agora.xtec.cat\/iesjaumecallis\/wp-content\/uploads\/usu113\/2024\/02\/IMG-20240224-WA0034.jpg 1600w\" sizes=\"auto, (max-width: 1024px) 100vw, 1024px\" \/><\/a> <a href=\"https:\/\/agora.xtec.cat\/iesjaumecallis\/wp-content\/uploads\/usu113\/2024\/02\/IMG-20240224-WA0043.jpg\"><img loading=\"lazy\" decoding=\"async\" class=\"size-large wp-image-9745 aligncenter\" src=\"https:\/\/agora.xtec.cat\/iesjaumecallis\/wp-content\/uploads\/usu113\/2024\/02\/IMG-20240224-WA0043-1024x682.jpg\" alt=\"\" width=\"1024\" height=\"682\" srcset=\"https:\/\/agora.xtec.cat\/iesjaumecallis\/wp-content\/uploads\/usu113\/2024\/02\/IMG-20240224-WA0043-1024x682.jpg 1024w, https:\/\/agora.xtec.cat\/iesjaumecallis\/wp-content\/uploads\/usu113\/2024\/02\/IMG-20240224-WA0043-300x200.jpg 300w, https:\/\/agora.xtec.cat\/iesjaumecallis\/wp-content\/uploads\/usu113\/2024\/02\/IMG-20240224-WA0043-768x512.jpg 768w, https:\/\/agora.xtec.cat\/iesjaumecallis\/wp-content\/uploads\/usu113\/2024\/02\/IMG-20240224-WA0043-1536x1023.jpg 1536w, https:\/\/agora.xtec.cat\/iesjaumecallis\/wp-content\/uploads\/usu113\/2024\/02\/IMG-20240224-WA0043.jpg 1600w\" sizes=\"auto, (max-width: 1024px) 100vw, 1024px\" \/><\/a> <a href=\"https:\/\/agora.xtec.cat\/iesjaumecallis\/wp-content\/uploads\/usu113\/2024\/02\/IMG-20240224-WA0049.jpg\"><img loading=\"lazy\" decoding=\"async\" class=\"size-large wp-image-9747 aligncenter\" src=\"https:\/\/agora.xtec.cat\/iesjaumecallis\/wp-content\/uploads\/usu113\/2024\/02\/IMG-20240224-WA0049-1024x682.jpg\" alt=\"\" width=\"1024\" height=\"682\" srcset=\"https:\/\/agora.xtec.cat\/iesjaumecallis\/wp-content\/uploads\/usu113\/2024\/02\/IMG-20240224-WA0049-1024x682.jpg 1024w, https:\/\/agora.xtec.cat\/iesjaumecallis\/wp-content\/uploads\/usu113\/2024\/02\/IMG-20240224-WA0049-300x200.jpg 300w, https:\/\/agora.xtec.cat\/iesjaumecallis\/wp-content\/uploads\/usu113\/2024\/02\/IMG-20240224-WA0049-768x512.jpg 768w, https:\/\/agora.xtec.cat\/iesjaumecallis\/wp-content\/uploads\/usu113\/2024\/02\/IMG-20240224-WA0049-1536x1023.jpg 1536w, https:\/\/agora.xtec.cat\/iesjaumecallis\/wp-content\/uploads\/usu113\/2024\/02\/IMG-20240224-WA0049.jpg 1600w\" sizes=\"auto, (max-width: 1024px) 100vw, 1024px\" \/><\/a><\/strong><\/p>\n<p><strong><a href=\"https:\/\/agora.xtec.cat\/iesjaumecallis\/wp-content\/uploads\/usu113\/2024\/02\/IMG-20240224-WA0016.jpg\"><img loading=\"lazy\" decoding=\"async\" class=\"size-large wp-image-9750 aligncenter\" src=\"https:\/\/agora.xtec.cat\/iesjaumecallis\/wp-content\/uploads\/usu113\/2024\/02\/IMG-20240224-WA0016-1024x682.jpg\" alt=\"\" width=\"1024\" height=\"682\" srcset=\"https:\/\/agora.xtec.cat\/iesjaumecallis\/wp-content\/uploads\/usu113\/2024\/02\/IMG-20240224-WA0016-1024x682.jpg 1024w, https:\/\/agora.xtec.cat\/iesjaumecallis\/wp-content\/uploads\/usu113\/2024\/02\/IMG-20240224-WA0016-300x200.jpg 300w, https:\/\/agora.xtec.cat\/iesjaumecallis\/wp-content\/uploads\/usu113\/2024\/02\/IMG-20240224-WA0016-768x512.jpg 768w, https:\/\/agora.xtec.cat\/iesjaumecallis\/wp-content\/uploads\/usu113\/2024\/02\/IMG-20240224-WA0016-1536x1023.jpg 1536w, https:\/\/agora.xtec.cat\/iesjaumecallis\/wp-content\/uploads\/usu113\/2024\/02\/IMG-20240224-WA0016.jpg 1600w\" sizes=\"auto, (max-width: 1024px) 100vw, 1024px\" \/><\/a><a href=\"https:\/\/agora.xtec.cat\/iesjaumecallis\/wp-content\/uploads\/usu113\/2024\/02\/IMG-20240224-WA0015.jpg\"><img loading=\"lazy\" decoding=\"async\" class=\"size-large wp-image-9749 aligncenter\" src=\"https:\/\/agora.xtec.cat\/iesjaumecallis\/wp-content\/uploads\/usu113\/2024\/02\/IMG-20240224-WA0015-682x1024.jpg\" alt=\"\" width=\"682\" height=\"1024\" srcset=\"https:\/\/agora.xtec.cat\/iesjaumecallis\/wp-content\/uploads\/usu113\/2024\/02\/IMG-20240224-WA0015-682x1024.jpg 682w, https:\/\/agora.xtec.cat\/iesjaumecallis\/wp-content\/uploads\/usu113\/2024\/02\/IMG-20240224-WA0015-200x300.jpg 200w, https:\/\/agora.xtec.cat\/iesjaumecallis\/wp-content\/uploads\/usu113\/2024\/02\/IMG-20240224-WA0015-768x1153.jpg 768w, https:\/\/agora.xtec.cat\/iesjaumecallis\/wp-content\/uploads\/usu113\/2024\/02\/IMG-20240224-WA0015-1023x1536.jpg 1023w, https:\/\/agora.xtec.cat\/iesjaumecallis\/wp-content\/uploads\/usu113\/2024\/02\/IMG-20240224-WA0015.jpg 1066w\" sizes=\"auto, (max-width: 682px) 100vw, 682px\" \/><\/a><\/strong><\/p>\n<p><a href=\"https:\/\/agora.xtec.cat\/iesjaumecallis\/wp-content\/uploads\/usu113\/2024\/02\/CA1.jpg\"><img loading=\"lazy\" decoding=\"async\" class=\"size-large wp-image-9772 aligncenter\" src=\"https:\/\/agora.xtec.cat\/iesjaumecallis\/wp-content\/uploads\/usu113\/2024\/02\/CA1-768x1024.jpg\" alt=\"\" width=\"768\" height=\"1024\" srcset=\"https:\/\/agora.xtec.cat\/iesjaumecallis\/wp-content\/uploads\/usu113\/2024\/02\/CA1-768x1024.jpg 768w, https:\/\/agora.xtec.cat\/iesjaumecallis\/wp-content\/uploads\/usu113\/2024\/02\/CA1-225x300.jpg 225w, https:\/\/agora.xtec.cat\/iesjaumecallis\/wp-content\/uploads\/usu113\/2024\/02\/CA1-1152x1536.jpg 1152w, https:\/\/agora.xtec.cat\/iesjaumecallis\/wp-content\/uploads\/usu113\/2024\/02\/CA1.jpg 1200w\" sizes=\"auto, (max-width: 768px) 100vw, 768px\" \/><\/a><\/p>\n<p><a href=\"https:\/\/agora.xtec.cat\/iesjaumecallis\/wp-content\/uploads\/usu113\/2024\/02\/CA2.jpg\"><img loading=\"lazy\" decoding=\"async\" class=\"size-large wp-image-9773 alignnone\" src=\"https:\/\/agora.xtec.cat\/iesjaumecallis\/wp-content\/uploads\/usu113\/2024\/02\/CA2-1024x976.jpg\" alt=\"\" width=\"1024\" height=\"976\" srcset=\"https:\/\/agora.xtec.cat\/iesjaumecallis\/wp-content\/uploads\/usu113\/2024\/02\/CA2-1024x976.jpg 1024w, https:\/\/agora.xtec.cat\/iesjaumecallis\/wp-content\/uploads\/usu113\/2024\/02\/CA2-300x286.jpg 300w, https:\/\/agora.xtec.cat\/iesjaumecallis\/wp-content\/uploads\/usu113\/2024\/02\/CA2-768x732.jpg 768w, https:\/\/agora.xtec.cat\/iesjaumecallis\/wp-content\/uploads\/usu113\/2024\/02\/CA2.jpg 1438w\" sizes=\"auto, (max-width: 1024px) 100vw, 1024px\" \/><\/a><\/p>\n<p><a href=\"https:\/\/agora.xtec.cat\/iesjaumecallis\/wp-content\/uploads\/usu113\/2024\/02\/CA3.jpg\"><img loading=\"lazy\" decoding=\"async\" class=\"size-large wp-image-9774 aligncenter\" src=\"https:\/\/agora.xtec.cat\/iesjaumecallis\/wp-content\/uploads\/usu113\/2024\/02\/CA3-961x1024.jpg\" alt=\"\" width=\"961\" height=\"1024\" srcset=\"https:\/\/agora.xtec.cat\/iesjaumecallis\/wp-content\/uploads\/usu113\/2024\/02\/CA3-961x1024.jpg 961w, https:\/\/agora.xtec.cat\/iesjaumecallis\/wp-content\/uploads\/usu113\/2024\/02\/CA3-282x300.jpg 282w, https:\/\/agora.xtec.cat\/iesjaumecallis\/wp-content\/uploads\/usu113\/2024\/02\/CA3-768x818.jpg 768w, https:\/\/agora.xtec.cat\/iesjaumecallis\/wp-content\/uploads\/usu113\/2024\/02\/CA3.jpg 1367w\" sizes=\"auto, (max-width: 961px) 100vw, 961px\" \/><\/a><\/p>\n<p><strong> <a href=\"https:\/\/agora.xtec.cat\/iesjaumecallis\/wp-content\/uploads\/usu113\/2024\/02\/IMG-20240224-WA0022.jpg\"><img loading=\"lazy\" decoding=\"async\" class=\"size-large wp-image-9752 aligncenter\" src=\"https:\/\/agora.xtec.cat\/iesjaumecallis\/wp-content\/uploads\/usu113\/2024\/02\/IMG-20240224-WA0022-1024x682.jpg\" alt=\"\" width=\"1024\" height=\"682\" srcset=\"https:\/\/agora.xtec.cat\/iesjaumecallis\/wp-content\/uploads\/usu113\/2024\/02\/IMG-20240224-WA0022-1024x682.jpg 1024w, https:\/\/agora.xtec.cat\/iesjaumecallis\/wp-content\/uploads\/usu113\/2024\/02\/IMG-20240224-WA0022-300x200.jpg 300w, https:\/\/agora.xtec.cat\/iesjaumecallis\/wp-content\/uploads\/usu113\/2024\/02\/IMG-20240224-WA0022-768x512.jpg 768w, https:\/\/agora.xtec.cat\/iesjaumecallis\/wp-content\/uploads\/usu113\/2024\/02\/IMG-20240224-WA0022-1536x1023.jpg 1536w, https:\/\/agora.xtec.cat\/iesjaumecallis\/wp-content\/uploads\/usu113\/2024\/02\/IMG-20240224-WA0022.jpg 1600w\" sizes=\"auto, (max-width: 1024px) 100vw, 1024px\" \/><\/a><\/strong><\/p>\n<p><strong><a href=\"https:\/\/agora.xtec.cat\/iesjaumecallis\/wp-content\/uploads\/usu113\/2024\/02\/IMG-20240224-WA0017.jpg\"><img loading=\"lazy\" decoding=\"async\" class=\"size-large wp-image-9751 aligncenter\" src=\"https:\/\/agora.xtec.cat\/iesjaumecallis\/wp-content\/uploads\/usu113\/2024\/02\/IMG-20240224-WA0017-1024x682.jpg\" alt=\"\" width=\"1024\" height=\"682\" srcset=\"https:\/\/agora.xtec.cat\/iesjaumecallis\/wp-content\/uploads\/usu113\/2024\/02\/IMG-20240224-WA0017-1024x682.jpg 1024w, https:\/\/agora.xtec.cat\/iesjaumecallis\/wp-content\/uploads\/usu113\/2024\/02\/IMG-20240224-WA0017-300x200.jpg 300w, https:\/\/agora.xtec.cat\/iesjaumecallis\/wp-content\/uploads\/usu113\/2024\/02\/IMG-20240224-WA0017-768x512.jpg 768w, https:\/\/agora.xtec.cat\/iesjaumecallis\/wp-content\/uploads\/usu113\/2024\/02\/IMG-20240224-WA0017-1536x1023.jpg 1536w, https:\/\/agora.xtec.cat\/iesjaumecallis\/wp-content\/uploads\/usu113\/2024\/02\/IMG-20240224-WA0017.jpg 1600w\" sizes=\"auto, (max-width: 1024px) 100vw, 1024px\" \/><\/a><\/strong><\/p>\n<p><strong><a href=\"https:\/\/agora.xtec.cat\/iesjaumecallis\/wp-content\/uploads\/usu113\/2024\/02\/IMG-20240224-WA0046.jpg\"><img loading=\"lazy\" decoding=\"async\" class=\"size-large wp-image-9746 aligncenter\" src=\"https:\/\/agora.xtec.cat\/iesjaumecallis\/wp-content\/uploads\/usu113\/2024\/02\/IMG-20240224-WA0046-1024x682.jpg\" alt=\"\" width=\"1024\" height=\"682\" srcset=\"https:\/\/agora.xtec.cat\/iesjaumecallis\/wp-content\/uploads\/usu113\/2024\/02\/IMG-20240224-WA0046-1024x682.jpg 1024w, https:\/\/agora.xtec.cat\/iesjaumecallis\/wp-content\/uploads\/usu113\/2024\/02\/IMG-20240224-WA0046-300x200.jpg 300w, https:\/\/agora.xtec.cat\/iesjaumecallis\/wp-content\/uploads\/usu113\/2024\/02\/IMG-20240224-WA0046-768x512.jpg 768w, https:\/\/agora.xtec.cat\/iesjaumecallis\/wp-content\/uploads\/usu113\/2024\/02\/IMG-20240224-WA0046-1536x1023.jpg 1536w, https:\/\/agora.xtec.cat\/iesjaumecallis\/wp-content\/uploads\/usu113\/2024\/02\/IMG-20240224-WA0046.jpg 1600w\" sizes=\"auto, (max-width: 1024px) 100vw, 1024px\" \/><\/a><\/strong><\/p>\n<p><strong><a href=\"https:\/\/agora.xtec.cat\/iesjaumecallis\/wp-content\/uploads\/usu113\/2024\/02\/IMG-20240224-WA0031.jpg\"><img loading=\"lazy\" decoding=\"async\" class=\"size-large wp-image-9742 aligncenter\" src=\"https:\/\/agora.xtec.cat\/iesjaumecallis\/wp-content\/uploads\/usu113\/2024\/02\/IMG-20240224-WA0031-1024x682.jpg\" alt=\"\" width=\"1024\" height=\"682\" srcset=\"https:\/\/agora.xtec.cat\/iesjaumecallis\/wp-content\/uploads\/usu113\/2024\/02\/IMG-20240224-WA0031-1024x682.jpg 1024w, https:\/\/agora.xtec.cat\/iesjaumecallis\/wp-content\/uploads\/usu113\/2024\/02\/IMG-20240224-WA0031-300x200.jpg 300w, https:\/\/agora.xtec.cat\/iesjaumecallis\/wp-content\/uploads\/usu113\/2024\/02\/IMG-20240224-WA0031-768x512.jpg 768w, https:\/\/agora.xtec.cat\/iesjaumecallis\/wp-content\/uploads\/usu113\/2024\/02\/IMG-20240224-WA0031-1536x1023.jpg 1536w, https:\/\/agora.xtec.cat\/iesjaumecallis\/wp-content\/uploads\/usu113\/2024\/02\/IMG-20240224-WA0031.jpg 1600w\" sizes=\"auto, (max-width: 1024px) 100vw, 1024px\" \/><\/a><\/strong><\/p>\n<p><strong><a href=\"https:\/\/agora.xtec.cat\/iesjaumecallis\/wp-content\/uploads\/usu113\/2024\/02\/IMG-20240224-WA0036.jpg\"><img loading=\"lazy\" decoding=\"async\" class=\"size-large wp-image-9744 aligncenter\" src=\"https:\/\/agora.xtec.cat\/iesjaumecallis\/wp-content\/uploads\/usu113\/2024\/02\/IMG-20240224-WA0036-1024x682.jpg\" alt=\"\" width=\"1024\" height=\"682\" srcset=\"https:\/\/agora.xtec.cat\/iesjaumecallis\/wp-content\/uploads\/usu113\/2024\/02\/IMG-20240224-WA0036-1024x682.jpg 1024w, https:\/\/agora.xtec.cat\/iesjaumecallis\/wp-content\/uploads\/usu113\/2024\/02\/IMG-20240224-WA0036-300x200.jpg 300w, https:\/\/agora.xtec.cat\/iesjaumecallis\/wp-content\/uploads\/usu113\/2024\/02\/IMG-20240224-WA0036-768x512.jpg 768w, https:\/\/agora.xtec.cat\/iesjaumecallis\/wp-content\/uploads\/usu113\/2024\/02\/IMG-20240224-WA0036-1536x1023.jpg 1536w, https:\/\/agora.xtec.cat\/iesjaumecallis\/wp-content\/uploads\/usu113\/2024\/02\/IMG-20240224-WA0036.jpg 1600w\" sizes=\"auto, (max-width: 1024px) 100vw, 1024px\" \/><\/a><\/strong><\/p>\n<p>&nbsp;<\/p>\n","protected":false},"excerpt":{"rendered":"<p>Servei de cantina les hores del pati de 10 a 10:20 i de 12:20 a 12:40. El nostre institut est\u00e0 duent a terme el projecte \u201cEl pati de l\u2019institut: un espai saludable\u201d que pret\u00e9n fomentar, entre altres coses, el consum de productes saludables entre els alumnes. Fa tres cursos vam reobrir la cantina de l\u2019institut, [&hellip;]<\/p>\n","protected":false},"author":1,"featured_media":0,"parent":63,"menu_order":20,"comment_status":"closed","ping_status":"closed","template":"","meta":{"_bbp_topic_count":0,"_bbp_reply_count":0,"_bbp_total_topic_count":0,"_bbp_total_reply_count":0,"_bbp_voice_count":0,"_bbp_anonymous_reply_count":0,"_bbp_topic_count_hidden":0,"_bbp_reply_count_hidden":0,"_bbp_forum_subforum_count":0,"site-sidebar-layout":"default","site-content-layout":"","ast-site-content-layout":"","site-content-style":"default","site-sidebar-style":"default","ast-global-header-display":"","ast-banner-title-visibility":"","ast-main-header-display":"","ast-hfb-above-header-display":"","ast-hfb-below-header-display":"","ast-hfb-mobile-header-display":"","site-post-title":"","ast-breadcrumbs-content":"","ast-featured-img":"","footer-sml-layout":"","theme-transparent-header-meta":"","adv-header-id-meta":"","stick-header-meta":"","header-above-stick-meta":"","header-main-stick-meta":"","header-below-stick-meta":"","astra-migrate-meta-layouts":"default","ast-page-background-enabled":"default","ast-page-background-meta":{"desktop":{"background-color":"var(--ast-global-color-4)","background-image":"","background-repeat":"repeat","background-position":"center center","background-size":"auto","background-attachment":"scroll","background-type":"","background-media":"","overlay-type":"","overlay-color":"","overlay-opacity":"","overlay-gradient":""},"tablet":{"background-color":"","background-image":"","background-repeat":"repeat","background-position":"center center","background-size":"auto","background-attachment":"scroll","background-type":"","background-media":"","overlay-type":"","overlay-color":"","overlay-opacity":"","overlay-gradient":""},"mobile":{"background-color":"","background-image":"","background-repeat":"repeat","background-position":"center center","background-size":"auto","background-attachment":"scroll","background-type":"","background-media":"","overlay-type":"","overlay-color":"","overlay-opacity":"","overlay-gradient":""}},"ast-content-background-meta":{"desktop":{"background-color":"var(--ast-global-color-5)","background-image":"","background-repeat":"repeat","background-position":"center center","background-size":"auto","background-attachment":"scroll","background-type":"","background-media":"","overlay-type":"","overlay-color":"","overlay-opacity":"","overlay-gradient":""},"tablet":{"background-color":"var(--ast-global-color-5)","background-image":"","background-repeat":"repeat","background-position":"center center","background-size":"auto","background-attachment":"scroll","background-type":"","background-media":"","overlay-type":"","overlay-color":"","overlay-opacity":"","overlay-gradient":""},"mobile":{"background-color":"var(--ast-global-color-5)","background-image":"","background-repeat":"repeat","background-position":"center center","background-size":"auto","background-attachment":"scroll","background-type":"","background-media":"","overlay-type":"","overlay-color":"","overlay-opacity":"","overlay-gradient":""}},"footnotes":""},"class_list":["post-69","page","type-page","status-publish","hentry"],"post_mailing_queue_ids":[],"_links":{"self":[{"href":"https:\/\/agora.xtec.cat\/iesjaumecallis\/wp-json\/wp\/v2\/pages\/69","targetHints":{"allow":["GET"]}}],"collection":[{"href":"https:\/\/agora.xtec.cat\/iesjaumecallis\/wp-json\/wp\/v2\/pages"}],"about":[{"href":"https:\/\/agora.xtec.cat\/iesjaumecallis\/wp-json\/wp\/v2\/types\/page"}],"author":[{"embeddable":true,"href":"https:\/\/agora.xtec.cat\/iesjaumecallis\/wp-json\/wp\/v2\/users\/1"}],"replies":[{"embeddable":true,"href":"https:\/\/agora.xtec.cat\/iesjaumecallis\/wp-json\/wp\/v2\/comments?post=69"}],"version-history":[{"count":6,"href":"https:\/\/agora.xtec.cat\/iesjaumecallis\/wp-json\/wp\/v2\/pages\/69\/revisions"}],"predecessor-version":[{"id":9775,"href":"https:\/\/agora.xtec.cat\/iesjaumecallis\/wp-json\/wp\/v2\/pages\/69\/revisions\/9775"}],"up":[{"embeddable":true,"href":"https:\/\/agora.xtec.cat\/iesjaumecallis\/wp-json\/wp\/v2\/pages\/63"}],"wp:attachment":[{"href":"https:\/\/agora.xtec.cat\/iesjaumecallis\/wp-json\/wp\/v2\/media?parent=69"}],"curies":[{"name":"wp","href":"https:\/\/api.w.org\/{rel}","templated":true}]}}