{"id":5008,"date":"2019-10-01T11:03:26","date_gmt":"2019-10-01T09:03:26","guid":{"rendered":"http:\/\/agora.xtec.cat\/iesjaumecallis\/?page_id=5008"},"modified":"2025-10-07T14:25:31","modified_gmt":"2025-10-07T12:25:31","slug":"documentacio-del-centre","status":"publish","type":"page","link":"https:\/\/agora.xtec.cat\/iesjaumecallis\/documentacio-del-centre\/","title":{"rendered":"Documentaci\u00f3 del centre"},"content":{"rendered":"<ul>\n<li><a href=\"https:\/\/drive.google.com\/file\/d\/1NwSDU8d6Jy8DxMIP0WIe-0deQK1v1_9u\/view?usp=sharing\" target=\"_blank\" rel=\"noopener noreferrer\">Normes d\u2019Organitzaci\u00f3 i Funcionament de Centre (NOFC)<\/a><\/li>\n<li><a href=\"https:\/\/agora.xtec.cat\/iesjaumecallis\/docs\/pec-callis\/?bp-attachment=PEC-2024.pdf\" target=\"_blank\" rel=\"noopener noreferrer\">Projecte Educatiu de Centre (PEC)<\/a><\/li>\n<li><a href=\"https:\/\/agora.xtec.cat\/iesjaumecallis\/docs\/plc-2015-2016-projecte-linguistic-de-centre\/?bp-attachment=PLC-2020-21.pdf\" target=\"_blank\" rel=\"noopener noreferrer\">Projecte Ling\u00fc\u00edstic de Centre (PLC)<\/a><\/li>\n<li><a href=\"https:\/\/agora.xtec.cat\/iesjaumecallis\/docs\/pga\/?bp-attachment=PGA-24-25.pdf\" target=\"_blank\" rel=\"noopener\">Programaci\u00f3 general anual (PGA)<\/a><\/li>\n<li><a href=\"https:\/\/agora.xtec.cat\/iesjaumecallis\/docs\/pga\/?bp-attachment=Carta-compromis-24_25.pdf\" target=\"_blank\" rel=\"noopener\">Carta comprom\u00eds educatiu<\/a><\/li>\n<li><a href=\"https:\/\/jcallisvic.wixsite.com\/edccallis\/estrategia\" target=\"_blank\" rel=\"noopener\">Estrat\u00e8gia digital de centre<\/a><\/li>\n<li><a href=\"https:\/\/agora.xtec.cat\/iesjaumecallis\/linstitut\/normes-dorganitzacio-i-funcionament\/autoritzacions\/\">Autoritzacions<\/a><\/li>\n<li><a href=\"https:\/\/agora.xtec.cat\/iesjaumecallis\/instruccions-en-cas-de-nevades\/\">Instruccions en cas de nevades<\/a><\/li>\n<\/ul>\n","protected":false},"excerpt":{"rendered":"<p>Normes d\u2019Organitzaci\u00f3 i Funcionament de Centre (NOFC) Projecte Educatiu de Centre (PEC) Projecte Ling\u00fc\u00edstic de Centre (PLC) Programaci\u00f3 general anual (PGA) Carta comprom\u00eds educatiu Estrat\u00e8gia digital de centre Autoritzacions Instruccions en cas de nevades<\/p>\n","protected":false},"author":1,"featured_media":0,"parent":0,"menu_order":0,"comment_status":"closed","ping_status":"closed","template":"","meta":{"_bbp_topic_count":0,"_bbp_reply_count":0,"_bbp_total_topic_count":0,"_bbp_total_reply_count":0,"_bbp_voice_count":0,"_bbp_anonymous_reply_count":0,"_bbp_topic_count_hidden":0,"_bbp_reply_count_hidden":0,"_bbp_forum_subforum_count":0,"site-sidebar-layout":"default","site-content-layout":"","ast-site-content-layout":"default","site-content-style":"default","site-sidebar-style":"default","ast-global-header-display":"","ast-banner-title-visibility":"","ast-main-header-display":"","ast-hfb-above-header-display":"","ast-hfb-below-header-display":"","ast-hfb-mobile-header-display":"","site-post-title":"","ast-breadcrumbs-content":"","ast-featured-img":"","footer-sml-layout":"","theme-transparent-header-meta":"default","adv-header-id-meta":"","stick-header-meta":"","header-above-stick-meta":"","header-main-stick-meta":"","header-below-stick-meta":"","astra-migrate-meta-layouts":"set","ast-page-background-enabled":"default","ast-page-background-meta":{"desktop":{"background-color":"var(--ast-global-color-4)","background-image":"","background-repeat":"repeat","background-position":"center center","background-size":"auto","background-attachment":"scroll","background-type":"","background-media":"","overlay-type":"","overlay-color":"","overlay-opacity":"","overlay-gradient":""},"tablet":{"background-color":"","background-image":"","background-repeat":"repeat","background-position":"center center","background-size":"auto","background-attachment":"scroll","background-type":"","background-media":"","overlay-type":"","overlay-color":"","overlay-opacity":"","overlay-gradient":""},"mobile":{"background-color":"","background-image":"","background-repeat":"repeat","background-position":"center center","background-size":"auto","background-attachment":"scroll","background-type":"","background-media":"","overlay-type":"","overlay-color":"","overlay-opacity":"","overlay-gradient":""}},"ast-content-background-meta":{"desktop":{"background-color":"var(--ast-global-color-5)","background-image":"","background-repeat":"repeat","background-position":"center center","background-size":"auto","background-attachment":"scroll","background-type":"","background-media":"","overlay-type":"","overlay-color":"","overlay-opacity":"","overlay-gradient":""},"tablet":{"background-color":"var(--ast-global-color-5)","background-image":"","background-repeat":"repeat","background-position":"center center","background-size":"auto","background-attachment":"scroll","background-type":"","background-media":"","overlay-type":"","overlay-color":"","overlay-opacity":"","overlay-gradient":""},"mobile":{"background-color":"var(--ast-global-color-5)","background-image":"","background-repeat":"repeat","background-position":"center center","background-size":"auto","background-attachment":"scroll","background-type":"","background-media":"","overlay-type":"","overlay-color":"","overlay-opacity":"","overlay-gradient":""}},"footnotes":""},"class_list":["post-5008","page","type-page","status-publish","hentry"],"post_mailing_queue_ids":[],"_links":{"self":[{"href":"https:\/\/agora.xtec.cat\/iesjaumecallis\/wp-json\/wp\/v2\/pages\/5008","targetHints":{"allow":["GET"]}}],"collection":[{"href":"https:\/\/agora.xtec.cat\/iesjaumecallis\/wp-json\/wp\/v2\/pages"}],"about":[{"href":"https:\/\/agora.xtec.cat\/iesjaumecallis\/wp-json\/wp\/v2\/types\/page"}],"author":[{"embeddable":true,"href":"https:\/\/agora.xtec.cat\/iesjaumecallis\/wp-json\/wp\/v2\/users\/1"}],"replies":[{"embeddable":true,"href":"https:\/\/agora.xtec.cat\/iesjaumecallis\/wp-json\/wp\/v2\/comments?post=5008"}],"version-history":[{"count":7,"href":"https:\/\/agora.xtec.cat\/iesjaumecallis\/wp-json\/wp\/v2\/pages\/5008\/revisions"}],"predecessor-version":[{"id":11211,"href":"https:\/\/agora.xtec.cat\/iesjaumecallis\/wp-json\/wp\/v2\/pages\/5008\/revisions\/11211"}],"wp:attachment":[{"href":"https:\/\/agora.xtec.cat\/iesjaumecallis\/wp-json\/wp\/v2\/media?parent=5008"}],"curies":[{"name":"wp","href":"https:\/\/api.w.org\/{rel}","templated":true}]}}