{"id":4991,"date":"2019-09-25T11:18:33","date_gmt":"2019-09-25T09:18:33","guid":{"rendered":"http:\/\/agora.xtec.cat\/iesjaumecallis\/?page_id=4991"},"modified":"2025-09-13T07:07:14","modified_gmt":"2025-09-13T05:07:14","slug":"ioc-2","status":"publish","type":"page","link":"https:\/\/agora.xtec.cat\/iesjaumecallis\/ioc-2\/","title":{"rendered":"IOC &#8211; El Jaume Call\u00eds \u00e9s un centre de suport de l\u2019IOC"},"content":{"rendered":"<header class=\"archive-header\"><\/header>\n<header class=\"archive-header\">\n<h4><\/h4>\n<table style=\"height: 10px; width: 100%; border-collapse: collapse;\">\n<tbody>\n<tr style=\"height: 41px;\">\n<td style=\"height: 13px;\">\n<h4><span style=\"color: #0000ff;\">Horari de l\u2019IOC\u00a0 \u00a0 \u00a0<\/span><\/h4>\n<\/td>\n<td style=\"height: 13px;\">\n<h4><span style=\"color: #0000ff;\">curs 2025-2026\u00a0<\/span><\/h4>\n<\/td>\n<td style=\"height: 13px;\">\n<h4><span style=\"color: #0000ff;\"><a href=\"https:\/\/ioc.xtec.cat\/educacio\/\" target=\"_blank\" rel=\"noopener noreferrer\"><img loading=\"lazy\" decoding=\"async\" class=\"wp-image-897 alignleft\" src=\"http:\/\/agora.xtec.cat\/iesjaumecallis\/wp-content\/uploads\/usu113\/2016\/10\/ioc-e1476973799870.png\" alt=\"ioc\" width=\"163\" height=\"34\" \/><\/a><\/span><\/h4>\n<\/td>\n<\/tr>\n<\/tbody>\n<\/table>\n<table style=\"height: 167px; width: 100%; border-collapse: collapse; border-style: dashed;\">\n<tbody>\n<tr style=\"height: 55px;\">\n<td style=\"width: 33.3333%; height: 55px;\">\n<h5><em>Atenci\u00f3 telef\u00f2nica:<\/em><\/h5>\n<\/td>\n<td style=\"width: 33.3333%; height: 55px;\"><\/td>\n<td style=\"width: 33.3333%; height: 55px;\"><\/td>\n<\/tr>\n<tr style=\"height: 69px;\">\n<td style=\"width: 33.3333%; height: 22px;\">Matins<strong> (Tel\u00e8fon 675781601)<\/strong><\/td>\n<td style=\"width: 33.3333%; height: 22px;\"><strong>Dilluns:\u00a0 <\/strong>De 12:40 a 13:20<\/td>\n<td style=\"width: 33.3333%; height: 22px;\"><strong>Dijous<\/strong>:\u00a0 De 10:20 a 11:20<\/td>\n<\/tr>\n<tr style=\"height: 69px;\">\n<td style=\"width: 33.3333%; height: 35px;\">Tardes (<strong>Tel\u00e8fon 675781601)<\/strong><\/td>\n<td style=\"width: 33.3333%; height: 35px;\"><strong>Dimarts:\u00a0 <\/strong>De 15:00 a 17:00<\/td>\n<td style=\"width: 33.3333%; height: 35px;\"><strong>Dimecres:\u00a0<\/strong>De 15:00 a 17:00<\/td>\n<\/tr>\n<tr style=\"height: 55px;\">\n<td style=\"width: 33.3333%; height: 55px;\">\n<h5><em>Atenci\u00f3 online:<\/em><\/h5>\n<\/td>\n<td style=\"width: 33.3333%; height: 55px;\">Dolors Vila i Jaume Sonet<\/td>\n<td style=\"width: 33.3333%; height: 55px;\">ioc@callisvic.cat<\/td>\n<\/tr>\n<\/tbody>\n<\/table>\n<p><strong>Coordinaci\u00f3 IOC:<\/strong> Dolors Vila i Jaume Sonet<\/p>\n<\/header>\n<p><strong>Nota informativa:<\/strong><br \/>\nAquest horari nom\u00e9s \u00e9s v\u00e0lid durant els dies lectius del calendari escolar.<\/p>\n","protected":false},"excerpt":{"rendered":"<p>Horari de l\u2019IOC\u00a0 \u00a0 \u00a0 curs 2025-2026\u00a0 Atenci\u00f3 telef\u00f2nica: Matins (Tel\u00e8fon 675781601) Dilluns:\u00a0 De 12:40 a 13:20 Dijous:\u00a0 De 10:20 a 11:20 Tardes (Tel\u00e8fon 675781601) Dimarts:\u00a0 De 15:00 a 17:00 Dimecres:\u00a0De 15:00 a 17:00 Atenci\u00f3 online: Dolors Vila i Jaume Sonet ioc@callisvic.cat Coordinaci\u00f3 IOC: Dolors Vila i Jaume Sonet Nota informativa: Aquest horari nom\u00e9s \u00e9s [&hellip;]<\/p>\n","protected":false},"author":1,"featured_media":0,"parent":0,"menu_order":0,"comment_status":"closed","ping_status":"closed","template":"","meta":{"_bbp_topic_count":0,"_bbp_reply_count":0,"_bbp_total_topic_count":0,"_bbp_total_reply_count":0,"_bbp_voice_count":0,"_bbp_anonymous_reply_count":0,"_bbp_topic_count_hidden":0,"_bbp_reply_count_hidden":0,"_bbp_forum_subforum_count":0,"site-sidebar-layout":"default","site-content-layout":"","ast-site-content-layout":"default","site-content-style":"default","site-sidebar-style":"default","ast-global-header-display":"","ast-banner-title-visibility":"","ast-main-header-display":"","ast-hfb-above-header-display":"","ast-hfb-below-header-display":"","ast-hfb-mobile-header-display":"","site-post-title":"","ast-breadcrumbs-content":"","ast-featured-img":"","footer-sml-layout":"","theme-transparent-header-meta":"default","adv-header-id-meta":"","stick-header-meta":"","header-above-stick-meta":"","header-main-stick-meta":"","header-below-stick-meta":"","astra-migrate-meta-layouts":"set","ast-page-background-enabled":"default","ast-page-background-meta":{"desktop":{"background-color":"var(--ast-global-color-4)","background-image":"","background-repeat":"repeat","background-position":"center center","background-size":"auto","background-attachment":"scroll","background-type":"","background-media":"","overlay-type":"","overlay-color":"","overlay-opacity":"","overlay-gradient":""},"tablet":{"background-color":"","background-image":"","background-repeat":"repeat","background-position":"center center","background-size":"auto","background-attachment":"scroll","background-type":"","background-media":"","overlay-type":"","overlay-color":"","overlay-opacity":"","overlay-gradient":""},"mobile":{"background-color":"","background-image":"","background-repeat":"repeat","background-position":"center center","background-size":"auto","background-attachment":"scroll","background-type":"","background-media":"","overlay-type":"","overlay-color":"","overlay-opacity":"","overlay-gradient":""}},"ast-content-background-meta":{"desktop":{"background-color":"var(--ast-global-color-5)","background-image":"","background-repeat":"repeat","background-position":"center center","background-size":"auto","background-attachment":"scroll","background-type":"","background-media":"","overlay-type":"","overlay-color":"","overlay-opacity":"","overlay-gradient":""},"tablet":{"background-color":"var(--ast-global-color-5)","background-image":"","background-repeat":"repeat","background-position":"center center","background-size":"auto","background-attachment":"scroll","background-type":"","background-media":"","overlay-type":"","overlay-color":"","overlay-opacity":"","overlay-gradient":""},"mobile":{"background-color":"var(--ast-global-color-5)","background-image":"","background-repeat":"repeat","background-position":"center center","background-size":"auto","background-attachment":"scroll","background-type":"","background-media":"","overlay-type":"","overlay-color":"","overlay-opacity":"","overlay-gradient":""}},"footnotes":""},"class_list":["post-4991","page","type-page","status-publish","hentry"],"post_mailing_queue_ids":[],"_links":{"self":[{"href":"https:\/\/agora.xtec.cat\/iesjaumecallis\/wp-json\/wp\/v2\/pages\/4991","targetHints":{"allow":["GET"]}}],"collection":[{"href":"https:\/\/agora.xtec.cat\/iesjaumecallis\/wp-json\/wp\/v2\/pages"}],"about":[{"href":"https:\/\/agora.xtec.cat\/iesjaumecallis\/wp-json\/wp\/v2\/types\/page"}],"author":[{"embeddable":true,"href":"https:\/\/agora.xtec.cat\/iesjaumecallis\/wp-json\/wp\/v2\/users\/1"}],"replies":[{"embeddable":true,"href":"https:\/\/agora.xtec.cat\/iesjaumecallis\/wp-json\/wp\/v2\/comments?post=4991"}],"version-history":[{"count":8,"href":"https:\/\/agora.xtec.cat\/iesjaumecallis\/wp-json\/wp\/v2\/pages\/4991\/revisions"}],"predecessor-version":[{"id":11159,"href":"https:\/\/agora.xtec.cat\/iesjaumecallis\/wp-json\/wp\/v2\/pages\/4991\/revisions\/11159"}],"wp:attachment":[{"href":"https:\/\/agora.xtec.cat\/iesjaumecallis\/wp-json\/wp\/v2\/media?parent=4991"}],"curies":[{"name":"wp","href":"https:\/\/api.w.org\/{rel}","templated":true}]}}