{"id":467,"date":"2016-10-03T23:08:40","date_gmt":"2016-10-03T22:08:40","guid":{"rendered":"http:\/\/agora.xtec.cat\/iesjaumecallis\/?page_id=467"},"modified":"2016-10-03T23:12:55","modified_gmt":"2016-10-03T22:12:55","slug":"ensenyaments-desports","status":"publish","type":"page","link":"https:\/\/agora.xtec.cat\/iesjaumecallis\/estudis\/ensenyaments-desports\/","title":{"rendered":"Ensenyaments d&#8217;esports"},"content":{"rendered":"<p id=\"yui_3_17_2_1_1475531640398_85\" style=\"text-align: justify;\"><span style=\"color: #ff0000;\"><strong id=\"yui_3_17_2_1_1475531640398_84\"><strong id=\"yui_3_17_2_1_1475531640398_83\"><strong id=\"yui_3_17_2_1_1475531640398_82\"><span id=\"yui_3_17_2_1_1475531640398_81\">Novetats dels ensenyaments d&#8217;esports pel curs 2016-2017:<\/span><\/strong><\/strong><\/strong><\/span><\/p>\n<ul style=\"text-align: justify;\">\n<li><strong><strong><strong><b>Es realitzaran en la modalitat 2X1<\/b>, \u00e9s a dir, es far\u00e0 el 1r durant el primer quadrimestre i el 2n en el segon quadrimestre del curs escolar<b>.<\/b><\/strong><\/strong><\/strong><\/li>\n<\/ul>\n<ul style=\"text-align: justify;\">\n<li><strong><strong><strong><b>Les classes s\u2019impartiran a la tarda de dilluns a divendres:<\/b><\/strong><\/strong><\/strong><\/li>\n<\/ul>\n<p style=\"text-align: justify;\"><strong><strong><strong>&#8211; <b>Dilluns \u00a0a dijous <\/b>de les <b>15.00h a les 20.00h<\/b> s\u2019impartiran els cr\u00e8dits comuns, complementaris i espec\u00edfics. <\/strong><\/strong><\/strong><\/p>\n<p style=\"text-align: justify;\">&#8211; A 1r, s\u2019oferir\u00e0 al centre i de forma volunt\u00e0ria , de les 19.00h a les 20.00h i de dilluns a dijous, angl\u00e8s impartit per professorat de l\u2019EOI de Vic. Aquest \u00e9s un servei que l\u2019institut vol donar als alumnes de 1r perqu\u00e8 millorin l\u2019angl\u00e8s. T\u00e9 car\u00e0cter voluntari i es dur\u00e0 a terme sempre i quan hi hagi prou alumnat que ho sol\u00b7liciti.<\/p>\n<p style=\"text-align: justify;\">&#8211; <b>Divendres<\/b> de les 15.00h a 20.00h es faran pr\u00e0ctiques al club corresponent.<\/p>\n<p style=\"text-align: justify;\">&#8211; <b>1r<\/b> &#8211; 1r quadrimestre- :<\/p>\n<p style=\"text-align: justify;\">&#8211; <b>12 setembre a 9 de novembre<\/b>: cr\u00e8dits comuns i complementaris (LOGSE i LOE)<\/p>\n<p style=\"text-align: justify;\">&#8211; <b>10 novembre a 17 de febrer<\/b>: cr\u00e8dits espec\u00edfics (FUTBOL I\/O B\u00c0SQUET)<\/p>\n<p style=\"text-align: justify;\">&#8211; <b>2n<\/b> &#8211; 2n quadrimestre-(Per a cursar 2n cal haver superat tots els comuns, complementaris, espec\u00edfics i les pr\u00e0ctiques de 1r):<\/p>\n<p style=\"text-align: justify;\">&#8211; <b>27 de febrer a 5 de maig<\/b>: cr\u00e8dits comuns i complementaris (LOGSE i LOE)<\/p>\n<p style=\"text-align: justify;\">&#8211; <b>8 de maig a 14 de juliol<\/b>: cr\u00e8dits espec\u00edfics (FUTBOL I\/O B\u00c0SQUET)<\/p>\n<p style=\"text-align: justify;\">&#8211;\u00a0 <a href=\"https:\/\/dl.dropboxusercontent.com\/u\/35329383\/web2\/2016-2017\/Ensenyaments%20d%27esports-Caracter%C3%ADstiques%20i%20condicions_final.pdf\" target=\"_blank\"><b>Horari (Veure document)<\/b><\/a><\/p>\n<p style=\"text-align: justify;\"><strong><strong><strong>Per m\u00e9s informaci\u00f3 veure <a href=\"https:\/\/dl.dropboxusercontent.com\/u\/35329383\/web2\/2016-2017\/Ensenyaments%20d%27esports-Caracter%C3%ADstiques%20i%20condicions_final.pdf\" target=\"_blank\">document adjunt<\/a><\/strong><\/strong><\/strong><\/p>\n","protected":false},"excerpt":{"rendered":"<p>Novetats dels ensenyaments d&#8217;esports pel curs 2016-2017: Es realitzaran en la modalitat 2X1, \u00e9s a dir, es far\u00e0 el 1r durant el primer quadrimestre i el 2n en el segon quadrimestre del curs escolar. Les classes s\u2019impartiran a la tarda de dilluns a divendres: &#8211; Dilluns \u00a0a dijous de les 15.00h a les 20.00h s\u2019impartiran [&hellip;]<\/p>\n","protected":false},"author":1,"featured_media":0,"parent":195,"menu_order":30,"comment_status":"closed","ping_status":"closed","template":"","meta":{"_bbp_topic_count":0,"_bbp_reply_count":0,"_bbp_total_topic_count":0,"_bbp_total_reply_count":0,"_bbp_voice_count":0,"_bbp_anonymous_reply_count":0,"_bbp_topic_count_hidden":0,"_bbp_reply_count_hidden":0,"_bbp_forum_subforum_count":0,"site-sidebar-layout":"default","site-content-layout":"","ast-site-content-layout":"","site-content-style":"default","site-sidebar-style":"default","ast-global-header-display":"","ast-banner-title-visibility":"","ast-main-header-display":"","ast-hfb-above-header-display":"","ast-hfb-below-header-display":"","ast-hfb-mobile-header-display":"","site-post-title":"","ast-breadcrumbs-content":"","ast-featured-img":"","footer-sml-layout":"","theme-transparent-header-meta":"","adv-header-id-meta":"","stick-header-meta":"","header-above-stick-meta":"","header-main-stick-meta":"","header-below-stick-meta":"","astra-migrate-meta-layouts":"default","ast-page-background-enabled":"default","ast-page-background-meta":{"desktop":{"background-color":"var(--ast-global-color-4)","background-image":"","background-repeat":"repeat","background-position":"center center","background-size":"auto","background-attachment":"scroll","background-type":"","background-media":"","overlay-type":"","overlay-color":"","overlay-opacity":"","overlay-gradient":""},"tablet":{"background-color":"","background-image":"","background-repeat":"repeat","background-position":"center center","background-size":"auto","background-attachment":"scroll","background-type":"","background-media":"","overlay-type":"","overlay-color":"","overlay-opacity":"","overlay-gradient":""},"mobile":{"background-color":"","background-image":"","background-repeat":"repeat","background-position":"center center","background-size":"auto","background-attachment":"scroll","background-type":"","background-media":"","overlay-type":"","overlay-color":"","overlay-opacity":"","overlay-gradient":""}},"ast-content-background-meta":{"desktop":{"background-color":"var(--ast-global-color-5)","background-image":"","background-repeat":"repeat","background-position":"center center","background-size":"auto","background-attachment":"scroll","background-type":"","background-media":"","overlay-type":"","overlay-color":"","overlay-opacity":"","overlay-gradient":""},"tablet":{"background-color":"var(--ast-global-color-5)","background-image":"","background-repeat":"repeat","background-position":"center center","background-size":"auto","background-attachment":"scroll","background-type":"","background-media":"","overlay-type":"","overlay-color":"","overlay-opacity":"","overlay-gradient":""},"mobile":{"background-color":"var(--ast-global-color-5)","background-image":"","background-repeat":"repeat","background-position":"center center","background-size":"auto","background-attachment":"scroll","background-type":"","background-media":"","overlay-type":"","overlay-color":"","overlay-opacity":"","overlay-gradient":""}},"footnotes":""},"class_list":["post-467","page","type-page","status-publish","hentry"],"post_mailing_queue_ids":[],"_links":{"self":[{"href":"https:\/\/agora.xtec.cat\/iesjaumecallis\/wp-json\/wp\/v2\/pages\/467","targetHints":{"allow":["GET"]}}],"collection":[{"href":"https:\/\/agora.xtec.cat\/iesjaumecallis\/wp-json\/wp\/v2\/pages"}],"about":[{"href":"https:\/\/agora.xtec.cat\/iesjaumecallis\/wp-json\/wp\/v2\/types\/page"}],"author":[{"embeddable":true,"href":"https:\/\/agora.xtec.cat\/iesjaumecallis\/wp-json\/wp\/v2\/users\/1"}],"replies":[{"embeddable":true,"href":"https:\/\/agora.xtec.cat\/iesjaumecallis\/wp-json\/wp\/v2\/comments?post=467"}],"version-history":[{"count":3,"href":"https:\/\/agora.xtec.cat\/iesjaumecallis\/wp-json\/wp\/v2\/pages\/467\/revisions"}],"predecessor-version":[{"id":469,"href":"https:\/\/agora.xtec.cat\/iesjaumecallis\/wp-json\/wp\/v2\/pages\/467\/revisions\/469"}],"up":[{"embeddable":true,"href":"https:\/\/agora.xtec.cat\/iesjaumecallis\/wp-json\/wp\/v2\/pages\/195"}],"wp:attachment":[{"href":"https:\/\/agora.xtec.cat\/iesjaumecallis\/wp-json\/wp\/v2\/media?parent=467"}],"curies":[{"name":"wp","href":"https:\/\/api.w.org\/{rel}","templated":true}]}}