{"id":46,"date":"2014-09-17T16:53:45","date_gmt":"2014-09-17T16:53:45","guid":{"rendered":"http:\/\/agora.xtec.cat\/iesjaumecallis\/?page_id=46"},"modified":"2026-01-22T11:02:28","modified_gmt":"2026-01-22T10:02:28","slug":"organigrama","status":"publish","type":"page","link":"https:\/\/agora.xtec.cat\/iesjaumecallis\/linstitut\/organigrama\/","title":{"rendered":"Organigrama"},"content":{"rendered":"<ul>\n<li>\n<h4>Direcci\u00f3<\/h4>\n<\/li>\n<\/ul>\n<p><strong>Direcci\u00f3<\/strong>: Ant\u00f2nia Subir\u00e0<br \/>\n<strong>Caps d\u2019estudis<\/strong>: Ver\u00f3nica Ciendones<br \/>\n<strong>Coordinaci\u00f3 Pedag\u00f2gica<\/strong>: Estel Casanova<br \/>\n<strong>Secretari<\/strong>: Josep Riera<br \/>\n<strong>Sotsdirector<\/strong>: Joan Miarons<\/p>\n<ul>\n<li>\n<h4>Coordinacions de cicle<\/h4>\n<\/li>\n<\/ul>\n<p><strong>Coordinaci\u00f3 1r d\u2019ESO<\/strong>: \u00c0ngels Blasco<br \/>\n<strong>Coordinaci\u00f3 2n d\u2019ESO<\/strong>: Carla Molist<br \/>\n<strong>Coordinaci\u00f3 3r d\u2019ESO<\/strong>: Imma Vall<br \/>\n<strong>Coordinaci\u00f3 4t d\u2019ESO<\/strong>: N\u00faria Say\u00f3s<br \/>\n<strong>Coordinaci\u00f3 de batxillerat<\/strong>: \u00c0lex Say\u00f3s<br \/>\n<strong>Coordinaci\u00f3 de sortides i <\/strong><strong>servei comunitari<\/strong>: N\u00faria Oliv\u00e9<br \/>\n<strong>Coordinaci\u00f3 LIC<\/strong>: Xevi Ball\u00fas<br \/>\n<strong>Coordinaci\u00f3 inform\u00e0tica i manteniment equips audiovisuals<\/strong>: Alberto Campillejo, Joan Miarons i Llu\u00eds Riboldi.<br \/>\n<strong>Coordinaci\u00f3 de xarxes<\/strong>: Marta Pey<br \/>\n<strong>Coordinaci\u00f3 riscos laborals<\/strong>: Gaspar Rosell\u00f3<br \/>\n<strong>Coordinaci\u00f3 IOC<\/strong>: Dolors Vila i Jaume Sonet<br \/>\n<strong>Coordinaci\u00f3 Mediaci\u00f3<\/strong>: Marta Vilar<br \/>\n<strong>Coordinaci\u00f3 del Pr\u00e0cticum<\/strong>: Ant\u00f2nia Subir\u00e0 i Gaspar Rossell\u00f3<br \/>\n<strong>Coordinaci\u00f3 de l&#8217;Erasmus+ KA1 i projectes internacionals<\/strong>: Marta Pey i N\u00faria Rabert<br \/>\n<strong>Tutora de l&#8217;aula d&#8217;acollida<\/strong>: Gemma Bussoms<br \/>\n<strong>Coordinaci\u00f3 del SIEI:<\/strong> N\u00faria Ricart<br \/>\n<strong>Coordinaci\u00f3 de coeducaci\u00f3<\/strong>: Laia Serarols<\/p>\n<p>&nbsp;<\/p>\n<ul>\n<li>\n<h4>Caps de departament<\/h4>\n<\/li>\n<\/ul>\n<p><strong>Catal\u00e0: <\/strong>Laura Vilalta<br \/>\n<strong>Idiomes: <\/strong>Marta Mart\u00ed<br \/>\n<strong>Castell\u00e0<\/strong>: M.Jos\u00e9 Malag\u00f3n<br \/>\n<strong>Matem\u00e0tiques<\/strong>: Anna Bargall\u00f3<br \/>\n<strong>F\u00edsica i Qu\u00edmica<\/strong>: Elisabet Ylla-catal\u00e0<br \/>\n<strong>Biologia i Geologia<\/strong>: Anna Tor<br \/>\n<strong>Tecnologia<\/strong>: Gaspar Rossell\u00f3<br \/>\n<strong>Ci\u00e8ncies Socials<\/strong>: Francesc Navarro<br \/>\n<strong>Economia i Filosofia<\/strong>: Jordi Roca<br \/>\n<strong>Psicopedagogia<\/strong>: Laia Serarols<br \/>\n<strong>Educaci\u00f3 F\u00edsica, M\u00fasica i Visual i Pl\u00e0stica<\/strong>: Anna Matamala<\/p>\n<ul>\n<li>\n<h4>Tutories<\/h4>\n<\/li>\n<\/ul>\n<table style=\"width: 70.7338%;\">\n<tbody>\n<tr style=\"height: 37px;\">\n<td style=\"width: 17.2708%; height: 37px;\"><strong>\u00a0<\/strong><\/td>\n<td style=\"text-align: center; width: 14.7122%; height: 37px;\"><strong>A<\/strong><\/td>\n<td style=\"text-align: center; width: 14.0725%; height: 37px;\"><strong>B<\/strong><\/td>\n<td style=\"text-align: center; width: 13.3262%; height: 37px;\"><strong>C<\/strong><\/td>\n<td style=\"text-align: center; width: 14.9254%; height: 37px;\"><strong>D<\/strong><\/td>\n<td style=\"text-align: center; width: 11.3006%; height: 37px;\"><strong>E<\/strong><\/td>\n<td style=\"text-align: center; width: 16.4885%; height: 37px;\"><strong>Tastet Oficis<\/strong><\/td>\n<\/tr>\n<tr style=\"height: 33px;\">\n<td style=\"width: 17.2708%; height: 33px;\"><strong>PRIMER D\u2019ESO<\/strong><\/td>\n<td style=\"text-align: center; width: 14.7122%; height: 33px;\">Aina Galobardes<\/td>\n<td style=\"text-align: center; width: 14.0725%; height: 33px;\">Anna Perearnau<\/td>\n<td style=\"text-align: center; width: 13.3262%; height: 33px;\">Marta L\u00e1zaro<\/td>\n<td style=\"text-align: center; width: 14.9254%; height: 33px;\">Elisenda Montany\u00e0<\/td>\n<td style=\"text-align: center; width: 11.3006%; height: 33px;\">Montse Morcillo<\/td>\n<td style=\"text-align: center; width: 16.4885%; height: 33px;\"><\/td>\n<\/tr>\n<tr style=\"height: 33px;\">\n<td style=\"width: 17.2708%; height: 33px;\"><strong>SEGON D\u2019ESO<\/strong><\/td>\n<td style=\"text-align: center; width: 14.7122%; height: 33px;\">Nat\u00e0lia Amaro<\/td>\n<td style=\"text-align: center; width: 14.0725%; height: 33px;\">Alba Grau<\/td>\n<td style=\"text-align: center; width: 13.3262%; height: 33px;\">Toni Carbonell<\/td>\n<td style=\"text-align: center; width: 14.9254%; height: 33px;\">David Busquets<\/td>\n<td style=\"text-align: center; width: 11.3006%; height: 33px;\"><\/td>\n<td style=\"text-align: center; width: 16.4885%; height: 33px;\">Andrea Picazo<\/td>\n<\/tr>\n<tr style=\"height: 34px;\">\n<td style=\"width: 17.2708%; height: 34px;\"><strong>TERCER D\u2019ESO<\/strong><\/td>\n<td style=\"text-align: center; width: 14.7122%; height: 34px;\">Albert Castey<\/td>\n<td style=\"text-align: center; width: 14.0725%; height: 34px;\">Anna Codinach<\/td>\n<td style=\"text-align: center; width: 13.3262%; height: 34px;\">Carles Talen<\/td>\n<td style=\"text-align: center; width: 14.9254%; height: 34px;\">Bruna Portet<\/td>\n<td style=\"text-align: center; width: 11.3006%; height: 34px;\"><\/td>\n<td style=\"text-align: center; width: 16.4885%; height: 34px;\">Mariona Moratona<\/td>\n<\/tr>\n<tr style=\"height: 33px;\">\n<td style=\"width: 17.2708%; height: 33px;\"><strong>QUART D\u2019ESO<\/strong><\/td>\n<td style=\"text-align: center; width: 14.7122%; height: 33px;\">Jaume Sonet<\/td>\n<td style=\"text-align: center; width: 14.0725%; height: 33px;\">Gemma Prat<\/td>\n<td style=\"text-align: center; width: 13.3262%; height: 33px;\">Fina Ruaix<\/td>\n<td style=\"text-align: center; width: 14.9254%; height: 33px;\">Elisabet Aymerich<\/td>\n<td style=\"text-align: center; width: 11.3006%; height: 33px;\"><\/td>\n<td style=\"text-align: center; width: 16.4885%; height: 33px;\">Laia Serarols<\/td>\n<\/tr>\n<tr style=\"height: 34px;\">\n<td style=\"width: 17.2708%; height: 34px;\"><strong>PRIMER BATXILLERAT<\/strong><\/td>\n<td style=\"text-align: center; width: 14.7122%; height: 34px;\">Oriol Chumillas<\/td>\n<td style=\"text-align: center; width: 14.0725%; height: 34px;\">Bruna Palomo<\/td>\n<td style=\"text-align: center; width: 13.3262%; height: 34px;\">Xevi Ball\u00fas<\/td>\n<td style=\"text-align: center; width: 14.9254%; height: 34px;\"><\/td>\n<td style=\"text-align: center; width: 11.3006%; height: 34px;\"><\/td>\n<td style=\"text-align: center; width: 16.4885%; height: 34px;\"><\/td>\n<\/tr>\n<tr style=\"height: 33px;\">\n<td style=\"width: 17.2708%; height: 33px;\"><strong>SEGON BATXILLERAT<\/strong><\/td>\n<td style=\"text-align: center; width: 14.7122%; height: 33px;\">Marc Roca<\/td>\n<td style=\"text-align: center; width: 14.0725%; height: 33px;\">Marta Vilar<\/td>\n<td style=\"text-align: center; width: 13.3262%; height: 33px;\">Cristina Guergue<\/td>\n<td style=\"text-align: center; width: 14.9254%; height: 33px;\"><\/td>\n<td style=\"text-align: center; width: 11.3006%; height: 33px;\"><\/td>\n<td style=\"text-align: center; width: 16.4885%; height: 33px;\"><\/td>\n<\/tr>\n<\/tbody>\n<\/table>\n<ul>\n<li>\n<h4>Intranet centre<\/h4>\n<\/li>\n<\/ul>\n<p>Llu\u00eds Riboldi<\/p>\n<ul>\n<li>\n<h4>PAS<\/h4>\n<\/li>\n<\/ul>\n<p><strong>Administratives:<\/strong> Montse Llobet \/ Anna Pinel<br \/>\n<strong>Conserges:<\/strong> Josep M. Jim\u00e9nez i N\u00faria de la Osa<br \/>\n<strong>Biblioteca i serveis de l\u2019AFA: <\/strong>Nico<br \/>\n<strong>President de l\u2019AMPA:<\/strong> Jose Llombart<br \/>\n<strong>Personal de neteja:<\/strong> Empresa de neteja<\/p>\n<ul>\n<li>\n<h4>Consell escolar<\/h4>\n<\/li>\n<\/ul>\n<div><strong>Directora:<\/strong> Ant\u00f2nia Subir\u00e0<\/div>\n<p><b>Cap d&#8217;Estudis:<\/b> Ver\u00f3nica Ciendones<br \/>\n<strong>Secretari:<\/strong> Josep Riera<br \/>\n<strong>Representant de l&#8217;Ajuntament:<\/strong> Elisabet Franquesa<br \/>\n<strong>Representant de l&#8217;AFA:<\/strong> Jose Llombart.<br \/>\n<strong>Professors:<\/strong> Imma Vall, \u00c0lex Say\u00f3s, Felisa Vinagre, Imma Castell\u00e0 i Gaspar Rossell\u00f3<br \/>\n<strong>Pares:<\/strong> Montse Clapera, Xavier Rico i Txell Gurt<br \/>\n<strong>Alumnes:<\/strong> Amal Nouary i \u00cdria Hidalgo<br \/>\n<strong>PAS:<\/strong> Marta Coderch<\/p>\n","protected":false},"excerpt":{"rendered":"<p>Direcci\u00f3 Direcci\u00f3: Ant\u00f2nia Subir\u00e0 Caps d\u2019estudis: Ver\u00f3nica Ciendones Coordinaci\u00f3 Pedag\u00f2gica: Estel Casanova Secretari: Josep Riera Sotsdirector: Joan Miarons Coordinacions de cicle Coordinaci\u00f3 1r d\u2019ESO: \u00c0ngels Blasco Coordinaci\u00f3 2n d\u2019ESO: Carla Molist Coordinaci\u00f3 3r d\u2019ESO: Imma Vall Coordinaci\u00f3 4t d\u2019ESO: N\u00faria Say\u00f3s Coordinaci\u00f3 de batxillerat: \u00c0lex Say\u00f3s Coordinaci\u00f3 de sortides i servei comunitari: N\u00faria Oliv\u00e9 Coordinaci\u00f3 [&hellip;]<\/p>\n","protected":false},"author":1,"featured_media":0,"parent":19,"menu_order":50,"comment_status":"closed","ping_status":"closed","template":"","meta":{"_bbp_topic_count":0,"_bbp_reply_count":0,"_bbp_total_topic_count":0,"_bbp_total_reply_count":0,"_bbp_voice_count":0,"_bbp_anonymous_reply_count":0,"_bbp_topic_count_hidden":0,"_bbp_reply_count_hidden":0,"_bbp_forum_subforum_count":0,"site-sidebar-layout":"default","site-content-layout":"","ast-site-content-layout":"default","site-content-style":"default","site-sidebar-style":"default","ast-global-header-display":"","ast-banner-title-visibility":"","ast-main-header-display":"","ast-hfb-above-header-display":"","ast-hfb-below-header-display":"","ast-hfb-mobile-header-display":"","site-post-title":"","ast-breadcrumbs-content":"","ast-featured-img":"","footer-sml-layout":"","theme-transparent-header-meta":"default","adv-header-id-meta":"","stick-header-meta":"","header-above-stick-meta":"","header-main-stick-meta":"","header-below-stick-meta":"","astra-migrate-meta-layouts":"set","ast-page-background-enabled":"default","ast-page-background-meta":{"desktop":{"background-color":"var(--ast-global-color-4)","background-image":"","background-repeat":"repeat","background-position":"center center","background-size":"auto","background-attachment":"scroll","background-type":"","background-media":"","overlay-type":"","overlay-color":"","overlay-opacity":"","overlay-gradient":""},"tablet":{"background-color":"","background-image":"","background-repeat":"repeat","background-position":"center center","background-size":"auto","background-attachment":"scroll","background-type":"","background-media":"","overlay-type":"","overlay-color":"","overlay-opacity":"","overlay-gradient":""},"mobile":{"background-color":"","background-image":"","background-repeat":"repeat","background-position":"center center","background-size":"auto","background-attachment":"scroll","background-type":"","background-media":"","overlay-type":"","overlay-color":"","overlay-opacity":"","overlay-gradient":""}},"ast-content-background-meta":{"desktop":{"background-color":"var(--ast-global-color-5)","background-image":"","background-repeat":"repeat","background-position":"center center","background-size":"auto","background-attachment":"scroll","background-type":"","background-media":"","overlay-type":"","overlay-color":"","overlay-opacity":"","overlay-gradient":""},"tablet":{"background-color":"var(--ast-global-color-5)","background-image":"","background-repeat":"repeat","background-position":"center center","background-size":"auto","background-attachment":"scroll","background-type":"","background-media":"","overlay-type":"","overlay-color":"","overlay-opacity":"","overlay-gradient":""},"mobile":{"background-color":"var(--ast-global-color-5)","background-image":"","background-repeat":"repeat","background-position":"center center","background-size":"auto","background-attachment":"scroll","background-type":"","background-media":"","overlay-type":"","overlay-color":"","overlay-opacity":"","overlay-gradient":""}},"footnotes":""},"class_list":["post-46","page","type-page","status-publish","hentry"],"post_mailing_queue_ids":[],"_links":{"self":[{"href":"https:\/\/agora.xtec.cat\/iesjaumecallis\/wp-json\/wp\/v2\/pages\/46","targetHints":{"allow":["GET"]}}],"collection":[{"href":"https:\/\/agora.xtec.cat\/iesjaumecallis\/wp-json\/wp\/v2\/pages"}],"about":[{"href":"https:\/\/agora.xtec.cat\/iesjaumecallis\/wp-json\/wp\/v2\/types\/page"}],"author":[{"embeddable":true,"href":"https:\/\/agora.xtec.cat\/iesjaumecallis\/wp-json\/wp\/v2\/users\/1"}],"replies":[{"embeddable":true,"href":"https:\/\/agora.xtec.cat\/iesjaumecallis\/wp-json\/wp\/v2\/comments?post=46"}],"version-history":[{"count":7,"href":"https:\/\/agora.xtec.cat\/iesjaumecallis\/wp-json\/wp\/v2\/pages\/46\/revisions"}],"predecessor-version":[{"id":11280,"href":"https:\/\/agora.xtec.cat\/iesjaumecallis\/wp-json\/wp\/v2\/pages\/46\/revisions\/11280"}],"up":[{"embeddable":true,"href":"https:\/\/agora.xtec.cat\/iesjaumecallis\/wp-json\/wp\/v2\/pages\/19"}],"wp:attachment":[{"href":"https:\/\/agora.xtec.cat\/iesjaumecallis\/wp-json\/wp\/v2\/media?parent=46"}],"curies":[{"name":"wp","href":"https:\/\/api.w.org\/{rel}","templated":true}]}}