{"id":4403,"date":"2019-03-24T12:23:39","date_gmt":"2019-03-24T11:23:39","guid":{"rendered":"http:\/\/agora.xtec.cat\/iesjaumecallis\/?page_id=4403"},"modified":"2019-03-24T18:20:22","modified_gmt":"2019-03-24T17:20:22","slug":"tutorials-ieduca-control-assistencia","status":"publish","type":"page","link":"https:\/\/agora.xtec.cat\/iesjaumecallis\/serveis\/tutorials-ieduca-control-assistencia\/","title":{"rendered":"Guies i tutorials iEduca"},"content":{"rendered":"<p><big><strong>Guies Pares:<\/strong><\/big><\/p>\n<p><a href=\"https:\/\/agora.xtec.cat\/iesjaumecallis\/docs\/documents-ieducacio\/?bp-attachment=Guia-iEduca-per-les-fam%C3%ADlies-v.2.pdf\" target=\"_blank\" rel=\"noopener\">Guia d&#8217;\u00fas per a les fam\u00edlies<\/a><br \/>\n<a href=\"https:\/\/agora.xtec.cat\/iesjaumecallis\/docs\/documents-ieducacio\/?bp-attachment=Guia-aplicaci%C3%B3-iEduca-Tokapp-v.02.pdf\" target=\"_blank\" rel=\"noopener\">Guia aplicacci\u00f3 iEduca Tokapp<\/a><br \/>\n<a href=\"https:\/\/agora.xtec.cat\/iesjaumecallis\/docs\/documents-ieducacio\/?bp-attachment=Enviaments-SPAM.pdf\" target=\"_blank\" rel=\"noopener\">Enviaments SPAM<\/a><\/p>\n<p>&nbsp;<\/p>\n<p><strong><big>Guies Professorat:<\/big><\/strong><\/p>\n<p><a href=\"https:\/\/agora.xtec.cat\/iesjaumecallis\/docs\/documents-ieducacio\/?bp-attachment=Guia-pel-professorat-Com-ha-de-passar-llista-el-professorat_v3.pdf\" target=\"_blank\" rel=\"noopener\">Guia de com passar llista<\/a><br \/>\n<a href=\"https:\/\/agora.xtec.cat\/iesjaumecallis\/docs\/documents-ieducacio\/?bp-attachment=Guia-pel-professor-Com-fer-seguiment-de-lalumnat_v2.pdf\" target=\"_blank\" rel=\"noopener\">Guia de com fer el seguiment de l&#8217;alumnat<\/a><br \/>\n<a href=\"https:\/\/agora.xtec.cat\/iesjaumecallis\/docs\/documents-ieducacio\/?bp-attachment=Guia-aplicaci%C3%B3-iEduca-Tokapp-v.02.pdf\" target=\"_blank\" rel=\"noopener\">Guia aplicacci\u00f3 iEduca Tokapp<\/a><\/p>\n<p>&nbsp;<\/p>\n<p><strong><big>Tutorials:<\/big><\/strong><\/p>\n<p>Qu\u00e8 \u00e9s iEduca Tokapp? Instalaci\u00f3 de l&#8217;app<\/p>\n<div class=\"ast-oembed-container \" style=\"height: 100%;\"><iframe loading=\"lazy\" title=\"\u00bfQu\u00e9 es iEduca Tokapp? Bloque 1\" width=\"500\" height=\"281\" src=\"https:\/\/www.youtube.com\/embed\/vDEsEwQBV1E?feature=oembed\" frameborder=\"0\" allow=\"accelerometer; autoplay; clipboard-write; encrypted-media; gyroscope; picture-in-picture; web-share\" referrerpolicy=\"strict-origin-when-cross-origin\" allowfullscreen><\/iframe><\/div>\n<p>&nbsp;<\/p>\n<p>Descripci\u00f3 general iEduca Tokapp. Com entrar i configurar l&#8217;app<\/p>\n<p>https:\/\/www.youtube.com\/watch?v=qn3JdurayC0<\/p>\n<p>&nbsp;<\/p>\n<p>La intranet. Visi\u00f3 de la fam\u00edlia<\/p>\n<p>https:\/\/www.youtube.com\/watch?v=4HrDLPGWT2U&#038;list=PLh6RbrqunrkVhkFtd2sYvU4eMDlCXUEAH&#038;index=6&#038;t=0s<\/p>\n<p>&nbsp;<\/p>\n<p>La intranet. Visi\u00f3 del professorat<\/p>\n<p>https:\/\/www.youtube.com\/watch?v=5VZvk8M_ik8&#038;index=5&#038;list=PLh6RbrqunrkVhkFtd2sYvU4eMDlCXUEAH&#038;t=0s<\/p>\n<p>&nbsp;<\/p>\n","protected":false},"excerpt":{"rendered":"<p>Guies Pares: Guia d&#8217;\u00fas per a les fam\u00edlies Guia aplicacci\u00f3 iEduca Tokapp Enviaments SPAM &nbsp; Guies Professorat: Guia de com passar llista Guia de com fer el seguiment de l&#8217;alumnat Guia aplicacci\u00f3 iEduca Tokapp &nbsp; Tutorials: Qu\u00e8 \u00e9s iEduca Tokapp? Instalaci\u00f3 de l&#8217;app &nbsp; Descripci\u00f3 general iEduca Tokapp. Com entrar i configurar l&#8217;app https:\/\/www.youtube.com\/watch?v=qn3JdurayC0 &nbsp; [&hellip;]<\/p>\n","protected":false},"author":1,"featured_media":0,"parent":63,"menu_order":0,"comment_status":"closed","ping_status":"closed","template":"","meta":{"_bbp_topic_count":0,"_bbp_reply_count":0,"_bbp_total_topic_count":0,"_bbp_total_reply_count":0,"_bbp_voice_count":0,"_bbp_anonymous_reply_count":0,"_bbp_topic_count_hidden":0,"_bbp_reply_count_hidden":0,"_bbp_forum_subforum_count":0,"site-sidebar-layout":"default","site-content-layout":"","ast-site-content-layout":"","site-content-style":"default","site-sidebar-style":"default","ast-global-header-display":"","ast-banner-title-visibility":"","ast-main-header-display":"","ast-hfb-above-header-display":"","ast-hfb-below-header-display":"","ast-hfb-mobile-header-display":"","site-post-title":"","ast-breadcrumbs-content":"","ast-featured-img":"","footer-sml-layout":"","theme-transparent-header-meta":"","adv-header-id-meta":"","stick-header-meta":"","header-above-stick-meta":"","header-main-stick-meta":"","header-below-stick-meta":"","astra-migrate-meta-layouts":"default","ast-page-background-enabled":"default","ast-page-background-meta":{"desktop":{"background-color":"var(--ast-global-color-4)","background-image":"","background-repeat":"repeat","background-position":"center center","background-size":"auto","background-attachment":"scroll","background-type":"","background-media":"","overlay-type":"","overlay-color":"","overlay-opacity":"","overlay-gradient":""},"tablet":{"background-color":"","background-image":"","background-repeat":"repeat","background-position":"center center","background-size":"auto","background-attachment":"scroll","background-type":"","background-media":"","overlay-type":"","overlay-color":"","overlay-opacity":"","overlay-gradient":""},"mobile":{"background-color":"","background-image":"","background-repeat":"repeat","background-position":"center center","background-size":"auto","background-attachment":"scroll","background-type":"","background-media":"","overlay-type":"","overlay-color":"","overlay-opacity":"","overlay-gradient":""}},"ast-content-background-meta":{"desktop":{"background-color":"var(--ast-global-color-5)","background-image":"","background-repeat":"repeat","background-position":"center center","background-size":"auto","background-attachment":"scroll","background-type":"","background-media":"","overlay-type":"","overlay-color":"","overlay-opacity":"","overlay-gradient":""},"tablet":{"background-color":"var(--ast-global-color-5)","background-image":"","background-repeat":"repeat","background-position":"center center","background-size":"auto","background-attachment":"scroll","background-type":"","background-media":"","overlay-type":"","overlay-color":"","overlay-opacity":"","overlay-gradient":""},"mobile":{"background-color":"var(--ast-global-color-5)","background-image":"","background-repeat":"repeat","background-position":"center center","background-size":"auto","background-attachment":"scroll","background-type":"","background-media":"","overlay-type":"","overlay-color":"","overlay-opacity":"","overlay-gradient":""}},"footnotes":""},"class_list":["post-4403","page","type-page","status-publish","hentry"],"post_mailing_queue_ids":[],"_links":{"self":[{"href":"https:\/\/agora.xtec.cat\/iesjaumecallis\/wp-json\/wp\/v2\/pages\/4403","targetHints":{"allow":["GET"]}}],"collection":[{"href":"https:\/\/agora.xtec.cat\/iesjaumecallis\/wp-json\/wp\/v2\/pages"}],"about":[{"href":"https:\/\/agora.xtec.cat\/iesjaumecallis\/wp-json\/wp\/v2\/types\/page"}],"author":[{"embeddable":true,"href":"https:\/\/agora.xtec.cat\/iesjaumecallis\/wp-json\/wp\/v2\/users\/1"}],"replies":[{"embeddable":true,"href":"https:\/\/agora.xtec.cat\/iesjaumecallis\/wp-json\/wp\/v2\/comments?post=4403"}],"version-history":[{"count":3,"href":"https:\/\/agora.xtec.cat\/iesjaumecallis\/wp-json\/wp\/v2\/pages\/4403\/revisions"}],"predecessor-version":[{"id":4429,"href":"https:\/\/agora.xtec.cat\/iesjaumecallis\/wp-json\/wp\/v2\/pages\/4403\/revisions\/4429"}],"up":[{"embeddable":true,"href":"https:\/\/agora.xtec.cat\/iesjaumecallis\/wp-json\/wp\/v2\/pages\/63"}],"wp:attachment":[{"href":"https:\/\/agora.xtec.cat\/iesjaumecallis\/wp-json\/wp\/v2\/media?parent=4403"}],"curies":[{"name":"wp","href":"https:\/\/api.w.org\/{rel}","templated":true}]}}