{"id":43,"date":"2014-09-17T16:45:07","date_gmt":"2014-09-17T16:45:07","guid":{"rendered":"http:\/\/agora.xtec.cat\/iesjaumecallis\/?page_id=43"},"modified":"2024-03-09T14:13:03","modified_gmt":"2024-03-09T13:13:03","slug":"consell-escolar","status":"publish","type":"page","link":"https:\/\/agora.xtec.cat\/iesjaumecallis\/linstitut\/consell-escolar\/","title":{"rendered":"Consell escolar"},"content":{"rendered":"<h4>Membres del Consell Escolar de l&#8217;Institut Jaume Call\u00eds<\/h4>\n<p><strong>Directora:<\/strong> Ant\u00f2nia Subir\u00e0<br \/>\n<strong>Cap d&#8217;Estudis:<\/strong> Ver\u00f2nica Ciendones<br \/>\n<strong>Secretari:<\/strong> Josep Riera<br \/>\n<strong>Representant de l&#8217;Ajuntament:<\/strong> Elisabet Franquesa.<br \/>\n<strong>Representant de l&#8217;AFA:<\/strong> Jos\u00e9 Llombart,<br \/>\n<strong>Professors:<\/strong> Felisa Vinagre, \u00c0lex Say\u00f3s, Imma Vall, Imma Castell\u00e0 i\u00a0 Gaspar Rossell\u00f3<br \/>\n<strong>Pares:<\/strong> Xavier Rico, Txell Gurt i Montse Clapera.<br \/>\n<strong>Alumnes:<\/strong> Gemma Puig i Iria Hidalgo<br \/>\n<strong>PAS:<\/strong> Marta Coderch.<\/p>\n<div><\/div>\n<p>Es pot fer refer\u00e8ncia a l&#8217;<a title=\"Definici\u00f3 de consell escolar (gencat)\" href=\"http:\/\/ensenyament.gencat.cat\/ca\/arees-actuacio\/centres-serveis-educatius\/centres\/consells-escolars-centres\/centres-publics\/\" target=\"_blank\" rel=\"noopener noreferrer\">enlla\u00e7<\/a> seg\u00fcent per consultar les funcions dels consells escolars.<\/p>\n<p>&nbsp;<\/p>\n","protected":false},"excerpt":{"rendered":"<p>Membres del Consell Escolar de l&#8217;Institut Jaume Call\u00eds Directora: Ant\u00f2nia Subir\u00e0 Cap d&#8217;Estudis: Ver\u00f2nica Ciendones Secretari: Josep Riera Representant de l&#8217;Ajuntament: Elisabet Franquesa. Representant de l&#8217;AFA: Jos\u00e9 Llombart, Professors: Felisa Vinagre, \u00c0lex Say\u00f3s, Imma Vall, Imma Castell\u00e0 i\u00a0 Gaspar Rossell\u00f3 Pares: Xavier Rico, Txell Gurt i Montse Clapera. Alumnes: Gemma Puig i Iria Hidalgo PAS: [&hellip;]<\/p>\n","protected":false},"author":1,"featured_media":0,"parent":19,"menu_order":40,"comment_status":"closed","ping_status":"closed","template":"","meta":{"_bbp_topic_count":0,"_bbp_reply_count":0,"_bbp_total_topic_count":0,"_bbp_total_reply_count":0,"_bbp_voice_count":0,"_bbp_anonymous_reply_count":0,"_bbp_topic_count_hidden":0,"_bbp_reply_count_hidden":0,"_bbp_forum_subforum_count":0,"site-sidebar-layout":"default","site-content-layout":"","ast-site-content-layout":"","site-content-style":"default","site-sidebar-style":"default","ast-global-header-display":"","ast-banner-title-visibility":"","ast-main-header-display":"","ast-hfb-above-header-display":"","ast-hfb-below-header-display":"","ast-hfb-mobile-header-display":"","site-post-title":"","ast-breadcrumbs-content":"","ast-featured-img":"","footer-sml-layout":"","theme-transparent-header-meta":"","adv-header-id-meta":"","stick-header-meta":"","header-above-stick-meta":"","header-main-stick-meta":"","header-below-stick-meta":"","astra-migrate-meta-layouts":"default","ast-page-background-enabled":"default","ast-page-background-meta":{"desktop":{"background-color":"var(--ast-global-color-4)","background-image":"","background-repeat":"repeat","background-position":"center center","background-size":"auto","background-attachment":"scroll","background-type":"","background-media":"","overlay-type":"","overlay-color":"","overlay-opacity":"","overlay-gradient":""},"tablet":{"background-color":"","background-image":"","background-repeat":"repeat","background-position":"center center","background-size":"auto","background-attachment":"scroll","background-type":"","background-media":"","overlay-type":"","overlay-color":"","overlay-opacity":"","overlay-gradient":""},"mobile":{"background-color":"","background-image":"","background-repeat":"repeat","background-position":"center center","background-size":"auto","background-attachment":"scroll","background-type":"","background-media":"","overlay-type":"","overlay-color":"","overlay-opacity":"","overlay-gradient":""}},"ast-content-background-meta":{"desktop":{"background-color":"var(--ast-global-color-5)","background-image":"","background-repeat":"repeat","background-position":"center center","background-size":"auto","background-attachment":"scroll","background-type":"","background-media":"","overlay-type":"","overlay-color":"","overlay-opacity":"","overlay-gradient":""},"tablet":{"background-color":"var(--ast-global-color-5)","background-image":"","background-repeat":"repeat","background-position":"center center","background-size":"auto","background-attachment":"scroll","background-type":"","background-media":"","overlay-type":"","overlay-color":"","overlay-opacity":"","overlay-gradient":""},"mobile":{"background-color":"var(--ast-global-color-5)","background-image":"","background-repeat":"repeat","background-position":"center center","background-size":"auto","background-attachment":"scroll","background-type":"","background-media":"","overlay-type":"","overlay-color":"","overlay-opacity":"","overlay-gradient":""}},"footnotes":""},"class_list":["post-43","page","type-page","status-publish","hentry"],"post_mailing_queue_ids":[],"_links":{"self":[{"href":"https:\/\/agora.xtec.cat\/iesjaumecallis\/wp-json\/wp\/v2\/pages\/43","targetHints":{"allow":["GET"]}}],"collection":[{"href":"https:\/\/agora.xtec.cat\/iesjaumecallis\/wp-json\/wp\/v2\/pages"}],"about":[{"href":"https:\/\/agora.xtec.cat\/iesjaumecallis\/wp-json\/wp\/v2\/types\/page"}],"author":[{"embeddable":true,"href":"https:\/\/agora.xtec.cat\/iesjaumecallis\/wp-json\/wp\/v2\/users\/1"}],"replies":[{"embeddable":true,"href":"https:\/\/agora.xtec.cat\/iesjaumecallis\/wp-json\/wp\/v2\/comments?post=43"}],"version-history":[{"count":5,"href":"https:\/\/agora.xtec.cat\/iesjaumecallis\/wp-json\/wp\/v2\/pages\/43\/revisions"}],"predecessor-version":[{"id":9916,"href":"https:\/\/agora.xtec.cat\/iesjaumecallis\/wp-json\/wp\/v2\/pages\/43\/revisions\/9916"}],"up":[{"embeddable":true,"href":"https:\/\/agora.xtec.cat\/iesjaumecallis\/wp-json\/wp\/v2\/pages\/19"}],"wp:attachment":[{"href":"https:\/\/agora.xtec.cat\/iesjaumecallis\/wp-json\/wp\/v2\/media?parent=43"}],"curies":[{"name":"wp","href":"https:\/\/api.w.org\/{rel}","templated":true}]}}