{"id":3752,"date":"2018-10-22T11:19:07","date_gmt":"2018-10-22T09:19:07","guid":{"rendered":"http:\/\/agora.xtec.cat\/iesjaumecallis\/?page_id=3752"},"modified":"2018-10-22T12:52:54","modified_gmt":"2018-10-22T10:52:54","slug":"instruccions-en-cas-de-nevades","status":"publish","type":"page","link":"https:\/\/agora.xtec.cat\/iesjaumecallis\/instruccions-en-cas-de-nevades\/","title":{"rendered":"Instruccions en cas de nevades"},"content":{"rendered":"<h4 style=\"text-align: center;\"><a href=\"https:\/\/agora.xtec.cat\/iesjaumecallis\/docs\/protocol-en-cas-de-nevada\/?bp-attachment=Instrucions-generals-nevades-17-18.pdf\" target=\"_blank\" rel=\"noopener\">.pdf<\/a><\/h4>\n<h4><strong>INSTRUCCIONS PER AL PERSONAL DOCENT, D\u2019ADMINISTRACI\u00d3 I SERVEIS DEL CENTRE<\/strong><\/h4>\n<p>&nbsp;<\/p>\n<h5>A. Si comen\u00e7a a nevar dins de l\u2019horari escolar:<\/h5>\n<p>&nbsp;<\/p>\n<p><strong>A.1. Tothom romandr\u00e0 en el centre fent classe normal fins que la Direcci\u00f3 no indiqui el contrari.<\/strong><\/p>\n<p>&nbsp;<\/p>\n<ul>\n<li>Si afecta a l\u2019hora de pati els professors que estiguin fent classe romandran a l\u2019aula amb els alumnes fins que finalitzi l\u2019hora del pati i mantindran l\u2019ordre, evitant que els alumnes surtin.<\/li>\n<li>Els professors de gu\u00e0rdia de pati evitaran que els alumnes surtin del centre.<\/li>\n<li>Les fam\u00edlies s\u2019abstindran de venir a buscar els seus fills i de trucar pels m\u00f2bils en hora de classe.<\/li>\n<\/ul>\n<p>&nbsp;<\/p>\n<p>A.2.\u00a0 <strong>Si els serveis d\u2019emerg\u00e8ncia informen que la nevada comporta perill, la Direcci\u00f3 ordenar\u00e0 l\u2019evacuaci\u00f3 del centre:<\/strong><\/p>\n<p>&nbsp;<\/p>\n<ul>\n<li><strong>Alumnat de Vic<\/strong>: tornaran a peu o en el transport escolar urb\u00e0, si funciona.<\/li>\n<\/ul>\n<p>&nbsp;<\/p>\n<ul>\n<li><strong>Alumnat de fora de Vic<\/strong> romandran al centre fins que sigui l\u2019hora del seu transport regular o que la fam\u00edlia els vingui a buscar per tornar a casa.<\/li>\n<\/ul>\n<p>&nbsp;<\/p>\n<ul>\n<li><strong>Els professors<\/strong> procediran a l\u2019evacuaci\u00f3 \u00fanicament quan s\u2019hagi produ\u00eft la dels alumnes i aix\u00ed ho indiqui la Direcci\u00f3.<\/li>\n<\/ul>\n<p>&nbsp;<\/p>\n<ul>\n<li>En tot cas, caldr\u00e0 que romanguin al Centre tots els membres de l\u2019equip directiu, <strong>tots els coordinadors i tots els membres del PAS presents<\/strong>, fins que la Direcci\u00f3 no indiqui el contrari.<\/li>\n<\/ul>\n<p>&nbsp;<\/p>\n<p>A.3.\u00a0 En cas extrem, si la nevada \u00e9s molt abundant o impedeix l\u2019arribada del transport, la Direcci\u00f3 ordenar\u00e0 el <strong>confinament<\/strong> en el Centre, fins que es resolgui la situaci\u00f3 o els serveis d\u2019emerg\u00e8ncia determinin el que calgui.<\/p>\n<p>&nbsp;<\/p>\n<p>Totes les informacions sobre el nivell d\u2019emerg\u00e8ncia s\u2019aniran transmetent a trav\u00e9s dels professors de gu\u00e0rdia i\/o membres de l\u2019equip directiu i\/o coordinadors disponibles en el moment.<\/p>\n<p>&nbsp;<\/p>\n<p>Si cal informar a les fam\u00edlies, especialment en les <strong>situacions A.2. i A.3<\/strong>., el Centre ho far\u00e0 a trav\u00e9s de la p\u00e0gina web del centre i per correu electr\u00f2nic.<\/p>\n<p>&nbsp;<\/p>\n<h5>B. Si a l\u2019hora d\u2019anar a l\u2019Institut neva o est\u00e0 nevat:<\/h5>\n<p>&nbsp;<\/p>\n<ul>\n<li>Com a regla general <strong>el personal docent i d\u2019administraci\u00f3 i serveis intentar\u00e0 arribar al centre<\/strong> llevat que no funcionin els transports p\u00fablics o s\u2019avisi del contrari.<\/li>\n<\/ul>\n<p>&nbsp;<\/p>\n<ul>\n<li>Si per part de la Direcci\u00f3 cal donar algun av\u00eds concret als professors (si es tanca el centre o, en el seu cas, si es torna a obrir, per exemple) es far\u00e0 telef\u00f2nicament a trav\u00e9s dels Caps de Departament. En el cas del PAS es far\u00e0 a trav\u00e9s de l\u2019Imma Riera.<\/li>\n<\/ul>\n<p>&nbsp;<\/p>\n<p>&nbsp;<\/p>\n<h4><strong>\u00a0INSTRUCCIONS PER ALS PARES<\/strong><\/h4>\n<p>&nbsp;<\/p>\n<h5><strong>A. Si comen\u00e7a a nevar dins de l\u2019horari escolar<\/strong>, la Direcci\u00f3, informada pels serveis meteorol\u00f2gics i d\u2019emerg\u00e8ncia, podr\u00e0 activar 4 nivells d\u2019emerg\u00e8ncia:<\/h5>\n<p>&nbsp;<\/p>\n<p>A.1. <strong>Tothom romandr\u00e0 en el centre fent classe normal fins que la Direcci\u00f3 no indiqui el contrari a trav\u00e9s dels professors de gu\u00e0rdia.<\/strong><\/p>\n<p>&nbsp;<\/p>\n<ul>\n<li>Si afecta a l\u2019hora de pati els alumnes romandran a l\u2019aula.<\/li>\n<li>Les fam\u00edlies s\u2019abstindran de venir a buscar els seus fills i de trucar pels m\u00f2bils en hora de classe.<\/li>\n<\/ul>\n<p>&nbsp;<\/p>\n<p>A.2.\u00a0 <strong>Si els serveis d\u2019emerg\u00e8ncia informen que la nevada comporta perill, la Direcci\u00f3 ordenar\u00e0 l\u2019evacuaci\u00f3 del centre:<\/strong><\/p>\n<p>&nbsp;<\/p>\n<ul>\n<li><strong>Alumnes de Vic<\/strong>: tornaran a peu o amb el transport urb\u00e0, si funciona<\/li>\n<li><strong>Alumnes de fora de Vic :<\/strong> romandran al centre fins que tinguin sistema de transport segur per tornar a casa o la fam\u00edlia els vingui a buscar.<\/li>\n<\/ul>\n<p>&nbsp;<\/p>\n<p>A.3.\u00a0\u00a0\u00a0\u00a0\u00a0\u00a0\u00a0 En cas extrem, si la nevada \u00e9s molt abundant o impedeix l\u2019arribada del transport, la Direcci\u00f3 ordenar\u00e0 el <strong>confinament<\/strong> en el Centre d\u2019aquells alumnes de fora de Vic<strong> o podran acollir-se a casa d\u2019algun familiar o companys sempre i quan hi hagi consentiment telef\u00f2nic o per correu electr\u00f2nic al centre dels pares o tutors legals<\/strong> fins que es resolgui la situaci\u00f3 o els serveis d\u2019emerg\u00e8ncia determinin el que calgui.<\/p>\n<p>&nbsp;<\/p>\n<p>Si cal informar a les fam\u00edlies, especialment en les <strong>situacions A.2. i A.3<\/strong>., el Centre ho far\u00e0 a trav\u00e9s de la p\u00e0gina web i del correu electr\u00f2nic.<\/p>\n<p>&nbsp;<\/p>\n<h5><strong>B. Si a l\u2019hora d\u2019anar a l\u2019Institut neva o est\u00e0 nevat:<\/strong><\/h5>\n<p>&nbsp;<\/p>\n<ul>\n<li>En la mesura del possible, absteniu-vos d\u2019utilitzar els vehicles.<\/li>\n<li>No truqueu al centre si no \u00e9s estrictament necessari, ja que bloquejareu les l\u00ednies.<\/li>\n<li>Estigueu pendents de les informacions de la pagina web del centre i dels correus que s\u2019 aniran enviant.<\/li>\n<li><strong>Si la situaci\u00f3 comporta que no pugui arribar al centre un ter\u00e7 del professorat o que, en qualsevol cas, no es pugui atendre l\u2019alumnat la direcci\u00f3 pot decidir evacuar i tancar el centre previ av\u00eds per la p\u00e0gina web i correu electr\u00f2nic.<\/strong><\/li>\n<\/ul>\n","protected":false},"excerpt":{"rendered":"<p>.pdf INSTRUCCIONS PER AL PERSONAL DOCENT, D\u2019ADMINISTRACI\u00d3 I SERVEIS DEL CENTRE &nbsp; A. Si comen\u00e7a a nevar dins de l\u2019horari escolar: &nbsp; A.1. Tothom romandr\u00e0 en el centre fent classe normal fins que la Direcci\u00f3 no indiqui el contrari. &nbsp; Si afecta a l\u2019hora de pati els professors que estiguin fent classe romandran a l\u2019aula [&hellip;]<\/p>\n","protected":false},"author":1,"featured_media":0,"parent":0,"menu_order":0,"comment_status":"closed","ping_status":"closed","template":"","meta":{"_bbp_topic_count":0,"_bbp_reply_count":0,"_bbp_total_topic_count":0,"_bbp_total_reply_count":0,"_bbp_voice_count":0,"_bbp_anonymous_reply_count":0,"_bbp_topic_count_hidden":0,"_bbp_reply_count_hidden":0,"_bbp_forum_subforum_count":0,"site-sidebar-layout":"default","site-content-layout":"","ast-site-content-layout":"","site-content-style":"default","site-sidebar-style":"default","ast-global-header-display":"","ast-banner-title-visibility":"","ast-main-header-display":"","ast-hfb-above-header-display":"","ast-hfb-below-header-display":"","ast-hfb-mobile-header-display":"","site-post-title":"","ast-breadcrumbs-content":"","ast-featured-img":"","footer-sml-layout":"","theme-transparent-header-meta":"","adv-header-id-meta":"","stick-header-meta":"","header-above-stick-meta":"","header-main-stick-meta":"","header-below-stick-meta":"","astra-migrate-meta-layouts":"default","ast-page-background-enabled":"default","ast-page-background-meta":{"desktop":{"background-color":"var(--ast-global-color-4)","background-image":"","background-repeat":"repeat","background-position":"center center","background-size":"auto","background-attachment":"scroll","background-type":"","background-media":"","overlay-type":"","overlay-color":"","overlay-opacity":"","overlay-gradient":""},"tablet":{"background-color":"","background-image":"","background-repeat":"repeat","background-position":"center center","background-size":"auto","background-attachment":"scroll","background-type":"","background-media":"","overlay-type":"","overlay-color":"","overlay-opacity":"","overlay-gradient":""},"mobile":{"background-color":"","background-image":"","background-repeat":"repeat","background-position":"center center","background-size":"auto","background-attachment":"scroll","background-type":"","background-media":"","overlay-type":"","overlay-color":"","overlay-opacity":"","overlay-gradient":""}},"ast-content-background-meta":{"desktop":{"background-color":"var(--ast-global-color-5)","background-image":"","background-repeat":"repeat","background-position":"center center","background-size":"auto","background-attachment":"scroll","background-type":"","background-media":"","overlay-type":"","overlay-color":"","overlay-opacity":"","overlay-gradient":""},"tablet":{"background-color":"var(--ast-global-color-5)","background-image":"","background-repeat":"repeat","background-position":"center center","background-size":"auto","background-attachment":"scroll","background-type":"","background-media":"","overlay-type":"","overlay-color":"","overlay-opacity":"","overlay-gradient":""},"mobile":{"background-color":"var(--ast-global-color-5)","background-image":"","background-repeat":"repeat","background-position":"center center","background-size":"auto","background-attachment":"scroll","background-type":"","background-media":"","overlay-type":"","overlay-color":"","overlay-opacity":"","overlay-gradient":""}},"footnotes":""},"class_list":["post-3752","page","type-page","status-publish","hentry"],"post_mailing_queue_ids":[],"_links":{"self":[{"href":"https:\/\/agora.xtec.cat\/iesjaumecallis\/wp-json\/wp\/v2\/pages\/3752","targetHints":{"allow":["GET"]}}],"collection":[{"href":"https:\/\/agora.xtec.cat\/iesjaumecallis\/wp-json\/wp\/v2\/pages"}],"about":[{"href":"https:\/\/agora.xtec.cat\/iesjaumecallis\/wp-json\/wp\/v2\/types\/page"}],"author":[{"embeddable":true,"href":"https:\/\/agora.xtec.cat\/iesjaumecallis\/wp-json\/wp\/v2\/users\/1"}],"replies":[{"embeddable":true,"href":"https:\/\/agora.xtec.cat\/iesjaumecallis\/wp-json\/wp\/v2\/comments?post=3752"}],"version-history":[{"count":3,"href":"https:\/\/agora.xtec.cat\/iesjaumecallis\/wp-json\/wp\/v2\/pages\/3752\/revisions"}],"predecessor-version":[{"id":3761,"href":"https:\/\/agora.xtec.cat\/iesjaumecallis\/wp-json\/wp\/v2\/pages\/3752\/revisions\/3761"}],"wp:attachment":[{"href":"https:\/\/agora.xtec.cat\/iesjaumecallis\/wp-json\/wp\/v2\/media?parent=3752"}],"curies":[{"name":"wp","href":"https:\/\/api.w.org\/{rel}","templated":true}]}}