{"id":3723,"date":"2018-10-18T13:32:12","date_gmt":"2018-10-18T11:32:12","guid":{"rendered":"http:\/\/agora.xtec.cat\/iesjaumecallis\/?page_id=3723"},"modified":"2018-10-18T13:41:00","modified_gmt":"2018-10-18T11:41:00","slug":"proteccio-de-dades","status":"publish","type":"page","link":"https:\/\/agora.xtec.cat\/iesjaumecallis\/proteccio-de-dades\/","title":{"rendered":"Protecci\u00f3 de dades"},"content":{"rendered":"<p><strong>Protecci\u00f3 de dades personals<\/strong><\/p>\n<p>El reconeixement del dret fonamental a l&#8217;honor, a la intimitat personal i familiar i a la pr\u00f2pia imatge inclou la garantia i la protecci\u00f3 de les dades personals enteses com qualsevol informaci\u00f3 relativa a la persona f\u00edsica que la identifiqui.<\/p>\n<p>Les administracions p\u00fabliques, en compliment de les seves compet\u00e8ncies, poden recollir i tractar dades personals sempre que el tractament sigui adequat, pertinent i no excessiu en relaci\u00f3 amb l&#8217;\u00e0mbit i les finalitats determinades, expl\u00edcites i leg\u00edtimes per a les quals s&#8217;obtenen.<\/p>\n<p>En aquest marc, l\u2019INS Jaume Call\u00eds\u00a0 compleix estrictament la <a href=\"https:\/\/seuelectronica.diba.cat\/serveis-de-la-seu\/proteccio-dades\/marc-normatiu.asp\" target=\"_blank\" rel=\"noopener\">normativa vigent<\/a> en cada moment sobre protecci\u00f3 de dades de car\u00e0cter personal i adopta les mesures legalment exigibles per a protegir-les, preservant-ne la privacitat i la confidencialitat.<\/p>\n<p><strong>Marc Normatiu<\/strong><\/p>\n<p><strong>Catalunya<\/strong><\/p>\n<ul>\n<li><a href=\"https:\/\/www.parlament.cat\/document\/cataleg\/48089.pdf\" target=\"_blank\" rel=\"noopener\">Article 31 de l&#8217;Estatut d&#8217;autonomia de Catalunya, de 20 de juliol de 2006, sobre dret a la protecci\u00f3 de les dades personals. <\/a><\/li>\n<li><a href=\"http:\/\/www.apd.cat\/media\/2663.pdf\" target=\"_blank\" rel=\"noopener\">Llei 32\/2010, de l&#8217;1 d&#8217;octubre de 2010, de l&#8217;Autoritat Catalana de Protecci\u00f3 de Dades.<\/a><\/li>\n<\/ul>\n<p>&nbsp;<\/p>\n<p><strong>Estat Espanyol<\/strong><\/p>\n<ul>\n<li><a href=\"http:\/\/www.boe.es\/boe\/dias\/1978\/12\/29\/pdfs\/A29313-29424.pdf\" target=\"_blank\" rel=\"noopener\">Article 18.4 de la Constituci\u00f3 espanyola, de 29 de desembre de 1978. <\/a><\/li>\n<li><a href=\"http:\/\/www.apd.cat\/media\/673.pdf\" target=\"_blank\" rel=\"noopener\">Llei org\u00e0nica 15\/1999, de 13 de desembre, de protecci\u00f3 de dades de car\u00e0cter personal (nova redacci\u00f3 en tr\u00e0mit parlamentari). <\/a><\/li>\n<li><a href=\"http:\/\/www.apd.cat\/media\/2642.pdf\" target=\"_blank\" rel=\"noopener\">Reial decret 1720\/2007, del 21 de desembre, pel qual s&#8217;aprova el Reglament de desplegament de la Llei org\u00e0nica 15\/1999, de 13 de desembre, de protecci\u00f3 de dades de car\u00e0cter personal (nova redacci\u00f3 en tr\u00e0mit parlamentari)<\/a><\/li>\n<\/ul>\n<p>&nbsp;<\/p>\n<p><strong>Uni\u00f3 Europea<\/strong><\/p>\n<ul>\n<li><a href=\"https:\/\/www.boe.es\/doue\/2016\/119\/L00001-00088.pdf\" target=\"_blank\" rel=\"noopener\">Reglament (UE) 2016\/679 del Parlament Europeu i del Consell, de 27 d&#8217;abril de 2016, relatiu a la protecci\u00f3 de les persones f\u00edsiques pel que fa al tractament de dades personals i a la lliure circulaci\u00f3 d&#8217;aquestes dades, i pel qual es deroga la Directiva 95\/46\/CE (Reglament general de protecci\u00f3 de dades).<\/a><\/li>\n<li><a href=\"http:\/\/www.apd.cat\/media\/675.pdf\" target=\"_blank\" rel=\"noopener\">Articles 7 i 8 de la Carta del drets fonamentals de la Uni\u00f3 Europea, de 30 de mar\u00e7 de 2010.<\/a><\/li>\n<\/ul>\n<p>&nbsp;<\/p>\n<p><strong>Altres<\/strong><\/p>\n<ul>\n<li><a href=\"http:\/\/www.apd.cat\/ca\/index.php\" target=\"_blank\" rel=\"noopener\">Autoritat Catalana de Protecci\u00f3 de Dades (APDCAT). <\/a><\/li>\n<li><a href=\"http:\/\/www.agpd.es\/portalwebAGPD\/index-ides-idphp.php\" target=\"_blank\" rel=\"noopener\">Ag\u00e8ncia Espanyola de Protecci\u00f3 de Dades (AEPD).<\/a><\/li>\n<\/ul>\n<p>&nbsp;<\/p>\n","protected":false},"excerpt":{"rendered":"<p>Protecci\u00f3 de dades personals El reconeixement del dret fonamental a l&#8217;honor, a la intimitat personal i familiar i a la pr\u00f2pia imatge inclou la garantia i la protecci\u00f3 de les dades personals enteses com qualsevol informaci\u00f3 relativa a la persona f\u00edsica que la identifiqui. Les administracions p\u00fabliques, en compliment de les seves compet\u00e8ncies, poden recollir [&hellip;]<\/p>\n","protected":false},"author":1,"featured_media":0,"parent":0,"menu_order":0,"comment_status":"closed","ping_status":"closed","template":"","meta":{"_bbp_topic_count":0,"_bbp_reply_count":0,"_bbp_total_topic_count":0,"_bbp_total_reply_count":0,"_bbp_voice_count":0,"_bbp_anonymous_reply_count":0,"_bbp_topic_count_hidden":0,"_bbp_reply_count_hidden":0,"_bbp_forum_subforum_count":0,"site-sidebar-layout":"default","site-content-layout":"","ast-site-content-layout":"","site-content-style":"default","site-sidebar-style":"default","ast-global-header-display":"","ast-banner-title-visibility":"","ast-main-header-display":"","ast-hfb-above-header-display":"","ast-hfb-below-header-display":"","ast-hfb-mobile-header-display":"","site-post-title":"","ast-breadcrumbs-content":"","ast-featured-img":"","footer-sml-layout":"","theme-transparent-header-meta":"","adv-header-id-meta":"","stick-header-meta":"","header-above-stick-meta":"","header-main-stick-meta":"","header-below-stick-meta":"","astra-migrate-meta-layouts":"default","ast-page-background-enabled":"default","ast-page-background-meta":{"desktop":{"background-color":"var(--ast-global-color-4)","background-image":"","background-repeat":"repeat","background-position":"center center","background-size":"auto","background-attachment":"scroll","background-type":"","background-media":"","overlay-type":"","overlay-color":"","overlay-opacity":"","overlay-gradient":""},"tablet":{"background-color":"","background-image":"","background-repeat":"repeat","background-position":"center center","background-size":"auto","background-attachment":"scroll","background-type":"","background-media":"","overlay-type":"","overlay-color":"","overlay-opacity":"","overlay-gradient":""},"mobile":{"background-color":"","background-image":"","background-repeat":"repeat","background-position":"center center","background-size":"auto","background-attachment":"scroll","background-type":"","background-media":"","overlay-type":"","overlay-color":"","overlay-opacity":"","overlay-gradient":""}},"ast-content-background-meta":{"desktop":{"background-color":"var(--ast-global-color-5)","background-image":"","background-repeat":"repeat","background-position":"center center","background-size":"auto","background-attachment":"scroll","background-type":"","background-media":"","overlay-type":"","overlay-color":"","overlay-opacity":"","overlay-gradient":""},"tablet":{"background-color":"var(--ast-global-color-5)","background-image":"","background-repeat":"repeat","background-position":"center center","background-size":"auto","background-attachment":"scroll","background-type":"","background-media":"","overlay-type":"","overlay-color":"","overlay-opacity":"","overlay-gradient":""},"mobile":{"background-color":"var(--ast-global-color-5)","background-image":"","background-repeat":"repeat","background-position":"center center","background-size":"auto","background-attachment":"scroll","background-type":"","background-media":"","overlay-type":"","overlay-color":"","overlay-opacity":"","overlay-gradient":""}},"footnotes":""},"class_list":["post-3723","page","type-page","status-publish","hentry"],"post_mailing_queue_ids":[],"_links":{"self":[{"href":"https:\/\/agora.xtec.cat\/iesjaumecallis\/wp-json\/wp\/v2\/pages\/3723","targetHints":{"allow":["GET"]}}],"collection":[{"href":"https:\/\/agora.xtec.cat\/iesjaumecallis\/wp-json\/wp\/v2\/pages"}],"about":[{"href":"https:\/\/agora.xtec.cat\/iesjaumecallis\/wp-json\/wp\/v2\/types\/page"}],"author":[{"embeddable":true,"href":"https:\/\/agora.xtec.cat\/iesjaumecallis\/wp-json\/wp\/v2\/users\/1"}],"replies":[{"embeddable":true,"href":"https:\/\/agora.xtec.cat\/iesjaumecallis\/wp-json\/wp\/v2\/comments?post=3723"}],"version-history":[{"count":3,"href":"https:\/\/agora.xtec.cat\/iesjaumecallis\/wp-json\/wp\/v2\/pages\/3723\/revisions"}],"predecessor-version":[{"id":3731,"href":"https:\/\/agora.xtec.cat\/iesjaumecallis\/wp-json\/wp\/v2\/pages\/3723\/revisions\/3731"}],"wp:attachment":[{"href":"https:\/\/agora.xtec.cat\/iesjaumecallis\/wp-json\/wp\/v2\/media?parent=3723"}],"curies":[{"name":"wp","href":"https:\/\/api.w.org\/{rel}","templated":true}]}}