{"id":3669,"date":"2018-10-01T17:36:12","date_gmt":"2018-10-01T15:36:12","guid":{"rendered":"http:\/\/agora.xtec.cat\/iesjaumecallis\/?page_id=3669"},"modified":"2019-03-24T12:27:42","modified_gmt":"2019-03-24T11:27:42","slug":"tvp-escola-pagaments","status":"publish","type":"page","link":"https:\/\/agora.xtec.cat\/iesjaumecallis\/serveis\/tvp-escola-pagaments\/","title":{"rendered":"TVP escola (pagaments)"},"content":{"rendered":"<p><a href=\"http:\/\/agora.xtec.cat\/iesjaumecallis\/wp-content\/uploads\/usu113\/2016\/11\/logopetit2.jpg\"><img loading=\"lazy\" decoding=\"async\" class=\"alignnone size-full wp-image-917\" src=\"http:\/\/agora.xtec.cat\/iesjaumecallis\/wp-content\/uploads\/usu113\/2016\/11\/logopetit2.jpg\" alt=\"\" width=\"100\" height=\"100\" \/> \u00a0\u00a0\u00a0\u00a0\u00a0\u00a0\u00a0\u00a0\u00a0\u00a0\u00a0\u00a0\u00a0\u00a0\u00a0\u00a0\u00a0\u00a0\u00a0 \u00a0 \u00a0 \u00a0 \u00a0 \u00a0 \u00a0 \u00a0 \u00a0 \u00a0 \u00a0 \u00a0 \u00a0 \u00a0 \u00a0 \u00a0 \u00a0 \u00a0 \u00a0 \u00a0\u00a0 \u00a0\u00a0\u00a0\u00a0\u00a0\u00a0\u00a0\u00a0\u00a0\u00a0\u00a0\u00a0\u00a0\u00a0\u00a0\u00a0\u00a0\u00a0\u00a0\u00a0\u00a0<\/a> <a href=\"https:\/\/tpvescola.com\/Default.aspx?eid=140\" target=\"_blank\" rel=\"noopener\"><img loading=\"lazy\" decoding=\"async\" class=\"alignnone wp-image-3638 size-full\" src=\"http:\/\/agora.xtec.cat\/iesjaumecallis\/wp-content\/uploads\/usu113\/2018\/09\/TVP.png\" alt=\"\" width=\"256\" height=\"60\" \/><\/a><\/p>\n<p>&nbsp;<\/p>\n<p>A partir d\u2019aquest curs, l\u2019institut us proporciona un sistema \u00e0gil i senzill per a realitzar els pagaments i les comunicacions del centre, basat en pagament segur amb targeta de cr\u00e8dit o d\u00e8bit.<\/p>\n<p>Si teniu cap dubte, adreceu-vos a Secretaria.<\/p>\n<p><strong><u>Instruccions per accedir a TPVEscola:<\/u><\/strong><\/p>\n<p><strong>Amb l\u2019App gratu\u00efta del m\u00f2bil:<\/strong><\/p>\n<ol>\n<li>Descarregueu l\u2019App \u201c<strong><em>TPVEscola<\/em><\/strong>\u201d a <strong><em>Google Play<\/em><\/strong> o <strong><em>App Store<\/em><\/strong>.<\/li>\n<li>Seleccioneu poblaci\u00f3 <em>Vic<\/em> i <em>Institut Jaume Call\u00eds.<\/em><\/li>\n<li>L\u2019usuari \u00e9s el <strong>DNI de l\u2019alumne<\/strong> sense espai ni guions, i la contrasenya inicial \u00e9s <strong>zx1234<\/strong>.<\/li>\n<\/ol>\n<p><strong>Per Internet:<\/strong><\/p>\n<ol>\n<li>Accediu a: <a href=\"https:\/\/tpvescola.com\/Default.aspx?eid=140\" target=\"_blank\" rel=\"noopener\"><strong>www.tpvescola.com<\/strong><\/a><\/li>\n<li>Seleccioneu poblaci\u00f3 <em>Vic<\/em> i <em>Institut Jaume Call\u00eds.<\/em><\/li>\n<li>Us demanar\u00e0 el nom d\u2019usuari i la contrasenya.<\/li>\n<\/ol>\n<p>&nbsp;<\/p>\n<p>Aneu a <em>PAGAMENTS<\/em> i seleccioneu els conceptes. Fent clic al bot\u00f3 <em>PAGAR<\/em> accedireu a la p\u00e0gina banc\u00e0ria de pagament. Heu d\u2019introduir les dades de la vostra targeta de cr\u00e8dit o d\u00e8bit i seguir les instruccions de la pantalla.<\/p>\n<p>Si ho voleu, podeu <strong>desar<\/strong> la targeta de pagament i, fins i tot, <strong>domiciliar<\/strong> en targeta els pagaments (Sistema bancari segur de Redsys).<\/p>\n<p>Rebreu un <strong>email<\/strong> amb el justificant de cada pagament i altres comunicacions que pugui realitzar l\u2019Institut.<\/p>\n<p>No cal lliurar els justificants a l\u2019institut.<\/p>\n<p>&nbsp;<\/p>\n<p><strong>Av\u00eds sobre Protecci\u00f3 de dades<\/strong>: el responsable del tractament de les vostres dades \u00e9s l\u2019Institut Jaume Call\u00eds. Per tal d\u2019oferir aquest servei, l\u2019institut ha incorporat al sistema nom, cognoms, curs, DNI del vostre\/a fill\/a i, en el seu cas, el vostre correu electr\u00f2nic. Les dades es tractaran per a les finalitats indicades en els avisos corresponents . Per exercir els drets d&#8217;acc\u00e9s, rectificaci\u00f3, cancel\u00b7laci\u00f3 o oposici\u00f3 amb relaci\u00f3 a les vostres dades de car\u00e0cter personal tractades, adreceu-vos a l\u2019Institut.<\/p>\n","protected":false},"excerpt":{"rendered":"<p>\u00a0\u00a0\u00a0\u00a0\u00a0\u00a0\u00a0\u00a0\u00a0\u00a0\u00a0\u00a0\u00a0\u00a0\u00a0\u00a0\u00a0\u00a0\u00a0 \u00a0 \u00a0 \u00a0 \u00a0 \u00a0 \u00a0 \u00a0 \u00a0 \u00a0 \u00a0 \u00a0 \u00a0 \u00a0 \u00a0 \u00a0 \u00a0 \u00a0 \u00a0 \u00a0\u00a0 \u00a0\u00a0\u00a0\u00a0\u00a0\u00a0\u00a0\u00a0\u00a0\u00a0\u00a0\u00a0\u00a0\u00a0\u00a0\u00a0\u00a0\u00a0\u00a0\u00a0\u00a0 &nbsp; A partir d\u2019aquest curs, l\u2019institut us proporciona un sistema \u00e0gil i senzill per a realitzar els pagaments i les comunicacions del centre, basat en pagament segur amb targeta de cr\u00e8dit o d\u00e8bit. Si [&hellip;]<\/p>\n","protected":false},"author":1,"featured_media":0,"parent":63,"menu_order":0,"comment_status":"closed","ping_status":"closed","template":"","meta":{"_bbp_topic_count":0,"_bbp_reply_count":0,"_bbp_total_topic_count":0,"_bbp_total_reply_count":0,"_bbp_voice_count":0,"_bbp_anonymous_reply_count":0,"_bbp_topic_count_hidden":0,"_bbp_reply_count_hidden":0,"_bbp_forum_subforum_count":0,"site-sidebar-layout":"default","site-content-layout":"","ast-site-content-layout":"","site-content-style":"default","site-sidebar-style":"default","ast-global-header-display":"","ast-banner-title-visibility":"","ast-main-header-display":"","ast-hfb-above-header-display":"","ast-hfb-below-header-display":"","ast-hfb-mobile-header-display":"","site-post-title":"","ast-breadcrumbs-content":"","ast-featured-img":"","footer-sml-layout":"","theme-transparent-header-meta":"","adv-header-id-meta":"","stick-header-meta":"","header-above-stick-meta":"","header-main-stick-meta":"","header-below-stick-meta":"","astra-migrate-meta-layouts":"default","ast-page-background-enabled":"default","ast-page-background-meta":{"desktop":{"background-color":"var(--ast-global-color-4)","background-image":"","background-repeat":"repeat","background-position":"center center","background-size":"auto","background-attachment":"scroll","background-type":"","background-media":"","overlay-type":"","overlay-color":"","overlay-opacity":"","overlay-gradient":""},"tablet":{"background-color":"","background-image":"","background-repeat":"repeat","background-position":"center center","background-size":"auto","background-attachment":"scroll","background-type":"","background-media":"","overlay-type":"","overlay-color":"","overlay-opacity":"","overlay-gradient":""},"mobile":{"background-color":"","background-image":"","background-repeat":"repeat","background-position":"center center","background-size":"auto","background-attachment":"scroll","background-type":"","background-media":"","overlay-type":"","overlay-color":"","overlay-opacity":"","overlay-gradient":""}},"ast-content-background-meta":{"desktop":{"background-color":"var(--ast-global-color-5)","background-image":"","background-repeat":"repeat","background-position":"center center","background-size":"auto","background-attachment":"scroll","background-type":"","background-media":"","overlay-type":"","overlay-color":"","overlay-opacity":"","overlay-gradient":""},"tablet":{"background-color":"var(--ast-global-color-5)","background-image":"","background-repeat":"repeat","background-position":"center center","background-size":"auto","background-attachment":"scroll","background-type":"","background-media":"","overlay-type":"","overlay-color":"","overlay-opacity":"","overlay-gradient":""},"mobile":{"background-color":"var(--ast-global-color-5)","background-image":"","background-repeat":"repeat","background-position":"center center","background-size":"auto","background-attachment":"scroll","background-type":"","background-media":"","overlay-type":"","overlay-color":"","overlay-opacity":"","overlay-gradient":""}},"footnotes":""},"class_list":["post-3669","page","type-page","status-publish","hentry"],"post_mailing_queue_ids":[],"_links":{"self":[{"href":"https:\/\/agora.xtec.cat\/iesjaumecallis\/wp-json\/wp\/v2\/pages\/3669","targetHints":{"allow":["GET"]}}],"collection":[{"href":"https:\/\/agora.xtec.cat\/iesjaumecallis\/wp-json\/wp\/v2\/pages"}],"about":[{"href":"https:\/\/agora.xtec.cat\/iesjaumecallis\/wp-json\/wp\/v2\/types\/page"}],"author":[{"embeddable":true,"href":"https:\/\/agora.xtec.cat\/iesjaumecallis\/wp-json\/wp\/v2\/users\/1"}],"replies":[{"embeddable":true,"href":"https:\/\/agora.xtec.cat\/iesjaumecallis\/wp-json\/wp\/v2\/comments?post=3669"}],"version-history":[{"count":1,"href":"https:\/\/agora.xtec.cat\/iesjaumecallis\/wp-json\/wp\/v2\/pages\/3669\/revisions"}],"predecessor-version":[{"id":3672,"href":"https:\/\/agora.xtec.cat\/iesjaumecallis\/wp-json\/wp\/v2\/pages\/3669\/revisions\/3672"}],"up":[{"embeddable":true,"href":"https:\/\/agora.xtec.cat\/iesjaumecallis\/wp-json\/wp\/v2\/pages\/63"}],"wp:attachment":[{"href":"https:\/\/agora.xtec.cat\/iesjaumecallis\/wp-json\/wp\/v2\/media?parent=3669"}],"curies":[{"name":"wp","href":"https:\/\/api.w.org\/{rel}","templated":true}]}}