{"id":3530,"date":"2021-09-15T10:36:34","date_gmt":"2021-09-15T08:36:34","guid":{"rendered":"http:\/\/agora.xtec.cat\/iesjaumecallis\/?page_id=3530"},"modified":"2025-07-02T13:24:26","modified_gmt":"2025-07-02T11:24:26","slug":"convalidacions-2","status":"publish","type":"page","link":"https:\/\/agora.xtec.cat\/iesjaumecallis\/convalidacions-2\/","title":{"rendered":"CONVALIDACIONS M\u00daSICA, DANSA I ESPORT"},"content":{"rendered":"<p>Documentaci\u00f3 necess\u00e0ria que cal portar al centre:<\/p>\n<ul>\n<li>Perm\u00eds dels pares per sortir del centre:\u00a0<a href=\"https:\/\/agora.xtec.cat\/iesjaumecallis\/docs\/convalidacions\/?bp-attachment=Convalidaci%C3%B3_Permis-Sortir.docx\" target=\"_blank\" rel=\"noopener noreferrer\">Autoritzaci\u00f3 dels pares<\/a><\/li>\n<li>Convalidaci\u00f3 per estudis de m\u00fasica (ESO): <a href=\"https:\/\/agora.xtec.cat\/iesjaumecallis\/docs\/convalidacions\/?bp-attachment=EMU1-Sol.licitud-convalidaci%C3%B3-m%C3%BAsica.pdf\" target=\"_blank\" rel=\"noopener noreferrer\">Sol.licitud convalidaci\u00f3 m\u00fasica (EMU1)<\/a><\/li>\n<li>Convalidaci\u00f3 per estudis de m\u00fasica (BAT): <a href=\"https:\/\/agora.xtec.cat\/iesjaumecallis\/docs\/convalidacions\/?bp-attachment=BMU1.pdf\" target=\"_blank\" rel=\"noopener noreferrer\">Sol.licitud convalidaci\u00f3 m\u00fasica (EMU3)<\/a><\/li>\n<li>Convalidaci\u00f3 per estudis de dansa (ESO): <a title=\"Read CONVALIDACIONS M\u00daSICA, DANSA I ESPORT 22\/23\" href=\"https:\/\/agora.xtec.cat\/iesjaumecallis\/docs\/convalidacions\/?bp-attachment=Sol.licitud-convalidaci%C3%B3-EF-dansa.pdf\" target=\"_blank\" rel=\"noopener\u2026 &lt;a href= noopener\">Sol.licitud convalidaci\u00f3 dansa<\/a><\/li>\n<li>Certificat expedit pel centre on fa m\u00fasica o dansa que acredita el curs que fa l\u2019alumne.<\/li>\n<\/ul>\n<p>&nbsp;<\/p>\n<p><strong>Convalidaci\u00f3 d&#8217;EF <\/strong><\/p>\n<p><strong>BATXILLERAT<\/strong><\/p>\n<p><strong>Convalidacions de mat\u00e8ries de batxillerat per als alumnes que compaginen els estudis de batxillerat amb la pr\u00e0ctica intensiva de l&#8217;esport<\/strong><\/p>\n<p><strong>\u200bCentres educatius d&#8217;especial atenci\u00f3 a la pr\u00e0ctica esportiva <\/strong><strong>(L\u2019Institut Jaume Call\u00eds no pertany a aquest categoria) <\/strong><\/p>\n<p>En el marc dels acords establerts entre el Departament d&#8217;Educaci\u00f3 i la Secretaria General de l&#8217;Esport, els centres educatius d&#8217;especial atenci\u00f3 a la pr\u00e0ctica esportiva poden desenvolupar projectes de centre que inclouen adaptacions del curr\u00edculum de la mat\u00e8ria d&#8217;Educaci\u00f3 F\u00edsica i\/o de mat\u00e8ries espec\u00edfiques per a alumnes de batxillerat.<\/p>\n<p><strong>\u00a0<\/strong><\/p>\n<p><strong>Alumnes amb dedicaci\u00f3 significativa a l&#8217;esport matriculats en altres centres<\/strong><\/p>\n<p>Els i les alumnes amb dedicaci\u00f3 significativa a l&#8217;esport, avalada pel Consell Catal\u00e0 de l&#8217;Esport i matriculats en centres que no pertanyen als centres educatius d&#8217;especial atenci\u00f3 a la pr\u00e0ctica esportiva, poden sol\u00b7licitar al director o directora del centre educatiu, durant el primer trimestre del curs, que se&#8217;ls apliqui <strong>un PI que inclogui el reconeixement de la mat\u00e8ria d&#8217;Educaci\u00f3 F\u00edsica i de les mat\u00e8ries espec\u00edfiques <\/strong>tant de primer com de segon de batxillerat. En aquest PI, cal adjuntar-hi la documentaci\u00f3 seg\u00fcent:<\/p>\n<ul>\n<li>Sol\u00b7licitud signada per l&#8217;alumne o alumna, o pel pare, la mare o el tutor o tutora legal de l&#8217;alumne si \u00e9s menor d&#8217;edat.<\/li>\n<li>Certificat del\u00a0<a href=\"http:\/\/sac.gencat.cat\/sacgencat\/AppJava\/organisme_fitxa.jsp?codi=2570\">Consell Catal\u00e0 de l&#8217;Esport<\/a>. Els alumnes han d&#8217;obtenir aquest certificat quan figurin en el programa de tecnificaci\u00f3 (ARC) de la federaci\u00f3 catalana corresponent.<\/li>\n<\/ul>\n<p>El director o directora del centre educatiu aprova el PI, que comporta la convalidaci\u00f3 de la mat\u00e8ria d&#8217;Educaci\u00f3 F\u00edsica i de la franja de mat\u00e8ries espec\u00edfiques de primer o b\u00e9 de la franja de mat\u00e8ries espec\u00edfiques de segon curs. El pla s&#8217;ha de renovar cada curs.<\/p>\n<p>A l&#8217;efecte de la convalidaci\u00f3 de la franja de mat\u00e8ries espec\u00edfiques, cal tenir en compte que es consideren espec\u00edfiques tamb\u00e9 les mat\u00e8ries de modalitat que excedeixin de les mat\u00e8ries de modalitat que l&#8217;alumne o alumna ha de cursar en cada curs de batxillerat.<\/p>\n<p>&nbsp;<\/p>\n<p><strong>INFORMACI\u00d3 ESO<\/strong><\/p>\n<p>&nbsp;<\/p>\n<p><strong>Alumnes d&#8217;ESO amb dedicaci\u00f3 significativa a l&#8217;esport<\/strong><\/p>\n<ol>\n<li><strong>Centres educatius d&#8217;especial atenci\u00f3 a la pr\u00e0ctica esportiva <\/strong><strong>(L\u2019Institut Jaume Call\u00eds no pertany a aquest categoria) <\/strong><\/li>\n<\/ol>\n<p>&nbsp;<\/p>\n<p>En el marc dels acords establerts entre el Departament d&#8217;Educaci\u00f3 i la Secretaria General de l&#8217;Esport, els centres educatius d&#8217;especial atenci\u00f3 a la pr\u00e0ctica esportiva poden desenvolupar projectes de centre que incloguin adaptacions del curr\u00edculum de la mat\u00e8ria Educaci\u00f3 F\u00edsica i\/o de les mat\u00e8ries optatives per als alumnes de l&#8217;etapa d&#8217;ESO.<\/p>\n<ol>\n<li><strong>Alumnes amb dedicaci\u00f3 significativa a l&#8217;esport en altres centres <\/strong><\/li>\n<\/ol>\n<p><strong>Els alumnes amb dedicaci\u00f3 significativa a l&#8217;esport avalada pel Consell Catal\u00e0 de l&#8217;Esport<\/strong>, matriculats en centres que no siguin centres educatius d&#8217;especial atenci\u00f3 a la pr\u00e0ctica esportiva, poden sol\u00b7licitar al director o directora del centre educatiu, en el primer trimestre del curs, que els reconeguin la mat\u00e8ria Educaci\u00f3 F\u00edsica.<\/p>\n<p>&nbsp;<\/p>\n<p>Per sol\u00b7licitar-ho, cal adjuntar a la sol\u00b7licitud, que ha d&#8217;estar signada pel pare, mare o tutors legals de l&#8217;alumne o alumna, el <strong>certificat del Consell Catal\u00e0 de l&#8217;Esport<\/strong> (av. dels Pa\u00efsos Catalans, 12. 08950, Esplugues de Llobregat).<\/p>\n<p><strong>Els alumnes poden obtenir aquest certificat quan siguin esportistes que figuren en el programa de tecnificaci\u00f3 (ARC) de la federaci\u00f3 catalana corresponent. El reconeixement de la mat\u00e8ria Educaci\u00f3 F\u00edsica implica que no t\u00e9 qualificaci\u00f3 ni computa<\/strong> a l&#8217;efecte del c\u00e0lcul de la mitjana, i a les actes cal indicar \u201cConvalidat\u201d.<\/p>\n<p>Per als alumnes que per motius de<strong> participaci\u00f3 en tornejos, competicions o finals esportives,<\/strong> que impliquin una abs\u00e8ncia al centre educatiu superior a 15 dies i inferior a 30 de forma continuada, el centre ha d&#8217;establir un PI que faciliti compaginar la pr\u00e0ctica esportiva amb l&#8217;activitat acad\u00e8mica. En aquest PI cal concretar les activitats de seguiment i els criteris d&#8217;avaluaci\u00f3 per a cada mat\u00e8ria durant aquest per\u00edode.<\/p>\n<p>Per fer efectiu aquest PI, cal que els pares, mares o tutors legals presentin, al centre on l&#8217;alumna o alumne cursa l&#8217;ESO, la documentaci\u00f3 seg\u00fcent:<\/p>\n<ul>\n<li>El certificat acreditatiu de les jornades esportives, les competicions o les finals en qu\u00e8 participa amb el segell del Consell Catal\u00e0 de l&#8217;Esport o de la federaci\u00f3 esportiva corresponent.<\/li>\n<li>Escrit de comprom\u00eds dels pares, mares o tutors legals pel que fa a col\u00b7laborar en el seguiment acad\u00e8mic durant aquest per\u00edode d&#8217;abs\u00e8ncia al centre.<\/li>\n<li>En cas que l&#8217;alumne o alumna deixi l&#8217;activitat esportiva, la fam\u00edlia ho ha de comunicar al centre de secund\u00e0ria, que prendr\u00e0 les mesures oportunes<\/li>\n<\/ul>\n<p>&nbsp;<\/p>\n<p>ON TROBAR INFORMACI\u00d3 D&#8217;ESPORTISTES D\u2019ALT NIVELL<\/p>\n<p>https:\/\/esport.gencat.cat\/ca\/arees_dactuacio\/alt-rendiment-i-esport-federat\/esportistes-dalt-nivell\/<\/p>\n<p><strong>Mesures i suports adre\u00e7ats a alumnes que simultaniegen l&#8217;ESO o el batxillerat amb m\u00fasica, dansa o esport<\/strong><\/p>\n<p>Els alumnes d&#8217;ESO o batxillerat que cursin estudis de m\u00fasica o de dansa poden sol\u00b7licitar la convalidaci\u00f3 o el reconeixement de les mat\u00e8ries optatives Educaci\u00f3 F\u00edsica i\/o M\u00fasica, les quals es poden convalidar segons el procediment que s&#8217;especifica en els documents \u201cSimultane\u00eftat d&#8217;estudis d&#8217;ESO o de batxillerat amb estudis de m\u00fasica\u201d i \u201cSimultane\u00eftat d&#8217;estudis d&#8217;ESO o de batxillerat amb estudis de dansa\u201d.<\/p>\n<p>La resoluci\u00f3 del director o directora del centre\u00a0 serveix com a document acreditatiu del pla de suport individualitzat de simultane\u00eftat (\u201cSim.\u201d) de l&#8217;alumne i n&#8217;acredita la convalidaci\u00f3.<\/p>\n<p><strong>\u00a0<\/strong><\/p>\n<p><strong>Convalidaci\u00f3 d\u2019hores curriculars perqu\u00e8 es cursa simult\u00e0niament estudis de m\u00fasica<\/strong><\/p>\n<p>Els alumnes que cursen l&#8217;ESO o batxillerat i, simult\u00e0niament, estudis de m\u00fasica en \u00a0conservatoris, centres professionals o escoles de m\u00fasica autoritzades, poden sol\u00b7licitar la convalidaci\u00f3 o el reconeixement de mat\u00e8ries.<\/p>\n<p>Podeu consultar les instruccions en els seg\u00fcents documents publicats pel departament d\u2019ensenyament.<\/p>\n<p><a href=\"https:\/\/documents.espai.educacio.gencat.cat\/IPCNormativa\/DOIGC\/CUR_Simultaneitat_musica.pdf\">Simultane\u00eftat d\u2019estudis d\u2019ESO o de batxillerat amb estudis de m\u00fasica<\/a><\/p>\n<p>Aquest convalidaci\u00f3 s\u2019ha de demanar presentant la documentaci\u00f3 necess\u00e0ria a secretaria com a m\u00e0xim el 13 de novembre de 2021. <strong>NO S\u2019ADMETRAN SOL.LICITUDS PASSADA AQUESTA DATA i <\/strong>l\u2019alumnat assistir\u00e0 a les classes fins que sigui efectiva la resoluci\u00f3.<\/p>\n<p><strong>\u00a0<\/strong><\/p>\n<p><strong>M\u00daSICA \u2013 Quadre resum<\/strong><\/p>\n<table width=\"600\">\n<tbody>\n<tr>\n<td style=\"width: 20px;\"><\/td>\n<td style=\"width: 572px;\" colspan=\"3\"><strong>ESO \/ M\u00fasica<\/strong><\/td>\n<\/tr>\n<tr>\n<td style=\"width: 20px;\"><\/td>\n<td style=\"width: 228px;\" rowspan=\"2\">&nbsp;<\/p>\n<p><strong>Conservatori o centre professional<\/strong><\/td>\n<td style=\"width: 342px;\" colspan=\"2\"><strong>Escola autoritzada<\/strong><\/td>\n<\/tr>\n<tr>\n<td style=\"width: 20px;\"><\/td>\n<td style=\"width: 143px;\"><strong>Situaci\u00f3 1<\/strong><\/p>\n<p>Si es cursen entre 3 i 4 hores setmanals<\/td>\n<td style=\"width: 197px;\"><strong>Situaci\u00f3 2<\/strong><\/p>\n<p>Si es cursen 4 hores o m\u00e9s<\/td>\n<\/tr>\n<tr>\n<td style=\"width: 20px;\"><\/td>\n<td style=\"width: 228px;\"><strong>Convalidaci\u00f3 m\u00e0xima<\/strong><\/td>\n<td style=\"width: 342px;\" colspan=\"2\"><strong>Reconeixement m\u00e0xim<\/strong><\/td>\n<\/tr>\n<tr>\n<td style=\"width: 250px;\" colspan=\"2\">M\u00fasica (mat\u00e8ria comuna de 1r a<\/p>\n<p>3r)<\/p>\n<p>Les mat\u00e8ries optatives de 1r a 3r (2 hores per curs)<\/p>\n<p>Una mat\u00e8ria optativa de 4t (fins a<\/p>\n<p>un m\u00e0xim de 3 hores)<\/td>\n<td style=\"width: 143px;\">Les mat\u00e8ries<\/p>\n<p>optatives de 1r a 3r Una mat\u00e8ria optativa de 4t (fins a un m\u00e0xim de 3 hores)<\/td>\n<td style=\"width: 197px;\">M\u00fasica (mat\u00e8ria comuna de<\/p>\n<p>1r a 3r)<\/p>\n<p>Les mat\u00e8ries optatives de 1r a 3r<\/p>\n<p>Una mat\u00e8ria optativa de 4t<\/p>\n<p>(fins a un m\u00e0xim de 3 hores)<\/td>\n<\/tr>\n<tr>\n<td style=\"width: 250px;\" colspan=\"2\">Models:<\/p>\n<p>EMU1: Sol\u00b7licitud alumnes CMU1: Certificat conservatori o centre professional<\/p>\n<p>EMU2: Resoluci\u00f3<\/td>\n<td style=\"width: 342px;\" colspan=\"2\">Models:<\/p>\n<p><a href=\"https:\/\/agora.xtec.cat\/iesjaumecallis\/docs\/convalidacions\/?bp-attachment=EMU1-Sol.licitud-convalidaci%C3%B3-m%C3%BAsica.pdf\" target=\"_blank\" rel=\"noopener noreferrer\">EMU1: Sol\u00b7licitud alumnes<\/a><\/p>\n<p>CMU2: Certificat escola de m\u00fasica autoritzada <a href=\"https:\/\/agora.xtec.cat\/iesjaumecallis\/docs\/convalidacions\/?bp-attachment=EMU3-Sol.licitud-convalidaci%C3%B3-m%C3%BAsica.pdf\" target=\"_blank\" rel=\"noopener noreferrer\">EMU3: Sol\u00b7licitud alumnes<\/a><\/p>\n<p>EMU4: Pla de seguiment quadrimestral<\/td>\n<\/tr>\n<tr>\n<td style=\"width: 20px;\"><\/td>\n<td style=\"width: 228px;\"><\/td>\n<td style=\"width: 143px;\"><\/td>\n<td style=\"width: 197px;\"><\/td>\n<\/tr>\n<\/tbody>\n<\/table>\n<p>&nbsp;<\/p>\n<table>\n<tbody>\n<tr>\n<td colspan=\"3\" width=\"601\"><strong>Batxillerat \/ M\u00fasica<\/strong><\/td>\n<\/tr>\n<tr>\n<td colspan=\"2\" width=\"385\">&nbsp;<\/p>\n<p><strong>Conservatori o centre professional<\/strong><\/td>\n<td width=\"216\"><strong>Escola autoritzada<\/strong><\/p>\n<p>Si es cursen 4 hores o m\u00e9s<\/td>\n<\/tr>\n<tr>\n<td colspan=\"2\" width=\"385\"><strong>Convalidaci\u00f3 m\u00e0xima<\/strong><\/td>\n<td width=\"216\"><strong>Reconeixement m\u00e0xim<\/strong><\/td>\n<\/tr>\n<tr>\n<td width=\"169\">4 hores de la franja<\/p>\n<p>d&#8217;espec\u00edfiques per curs<\/td>\n<td colspan=\"2\" width=\"432\">4 hores de la franja d&#8217;espec\u00edfiques per curs<\/td>\n<\/tr>\n<tr>\n<td width=\"169\"><\/td>\n<td colspan=\"2\" width=\"432\">Requisits:<\/p>\n<p>Cursar estudis en una escola de m\u00fasica autoritzada. Haver superat la prova d&#8217;acc\u00e9s als ensenyaments de grau professional de m\u00fasica.<\/p>\n<p>Cursar estudis que incloguin, com a m\u00ednim, Llenguatge Musical o Harmonia, Instrument i Pr\u00e0ctica Instrumental en<\/p>\n<p>Grup.<\/td>\n<\/tr>\n<tr>\n<td width=\"169\">Models:<\/p>\n<p>BMU1: Sol\u00b7licitud alumnes<\/p>\n<p>CMU1: Certificat conservatori o centre professional<\/p>\n<p>BMU2: Resoluci\u00f3<\/td>\n<td colspan=\"2\" width=\"432\">&nbsp;<\/p>\n<p>Models:<\/p>\n<p>BMU3: Sol\u00b7licitud alumnes<\/p>\n<p>CMU3: Certificat escola de m\u00fasica autoritzada BMU4: Resoluci\u00f3<\/td>\n<\/tr>\n<tr>\n<td width=\"169\"><\/td>\n<td width=\"216\"><\/td>\n<td width=\"216\"><\/td>\n<\/tr>\n<\/tbody>\n<\/table>\n<p>&nbsp;<\/p>\n<p><strong>\u00a0<\/strong><\/p>\n<p><strong>\u00a0<\/strong><\/p>\n<p><strong>Convalidaci\u00f3 d\u2019hores curriculars perqu\u00e8 es cursa simult\u00e0niament estudis de dansa<\/strong><\/p>\n<p>Els alumnes que cursen l&#8217;ESO o batxillerat i, simult\u00e0niament, estudis de dansa en conservatories, centres professionals o escoles de dansa autoritzades, poden sol\u00b7licitar la convalidaci\u00f3 o el reconeixement de mat\u00e8ries.<\/p>\n<p>Podeu consultar les instruccions en els seg\u00fcents documents publicats pel departament d\u2019ensenyament .<\/p>\n<p><a href=\"https:\/\/documents.espai.educacio.gencat.cat\/IPCNormativa\/DOIGC\/CUR_Simultaneitat_dansa.pdf\" target=\"_blank\" rel=\"noopener noreferrer\">Simultane\u00eftat d\u2019estudis d\u2019ESO o de batxillerat amb estudis de dansa<\/a><\/p>\n<p>Aquest convalidaci\u00f3 s\u2019ha de demanar presentant la documentaci\u00f3 necess\u00e0ria a secretaria com a m\u00e0xim el 13 de novembre de 2021. <strong>NO S\u2019ADMETRAN SOL.LICITUDS PASSADA AQUESTA DATA i <\/strong>l\u2019alumnat assistir\u00e0 a les classes fins que sigui efectiva la resoluci\u00f3.<\/p>\n<p><strong>DANSA \u2013 Quadre resum<\/strong><\/p>\n<table width=\"601\">\n<tbody>\n<tr>\n<td width=\"0\"><\/td>\n<td colspan=\"3\" width=\"600\"><strong>ESO \/ Dansa<\/strong><\/td>\n<\/tr>\n<tr>\n<td width=\"0\"><\/td>\n<td rowspan=\"2\" width=\"271\">&nbsp;<\/p>\n<p>&nbsp;<\/p>\n<p><strong>Conservatori o centre professional<\/strong><\/td>\n<td colspan=\"2\" width=\"329\"><strong>Escola autoritzada<\/strong><\/td>\n<\/tr>\n<tr>\n<td width=\"0\"><\/td>\n<td width=\"122\"><strong>Situaci\u00f3 1<\/strong><\/p>\n<p>Si es cursen entre 5 i 7 hores setmanals<\/td>\n<td width=\"207\"><strong>Situaci\u00f3 2<\/strong><\/p>\n<p>Si es cursen 7 hores setmanals o m\u00e9s<\/td>\n<\/tr>\n<tr>\n<td width=\"0\"><\/td>\n<td width=\"271\"><strong>Convalidaci\u00f3 m\u00e0xima<\/strong><\/td>\n<td colspan=\"2\" width=\"329\"><strong>Reconeixement m\u00e0xim<\/strong><\/td>\n<\/tr>\n<tr>\n<td colspan=\"2\" width=\"272\">Educaci\u00f3 F\u00edsica<\/p>\n<p>M\u00fasica (mat\u00e8ria comuna de 1r a 3r) Les mat\u00e8ries optatives de 1r a 3r (2 hores per curs)<\/p>\n<p>Una mat\u00e8ria optativa espec\u00edfica de 4t (3 hores)<\/td>\n<td width=\"122\">&nbsp;<\/p>\n<p>&nbsp;<\/p>\n<p>Educaci\u00f3 F\u00edsica<\/td>\n<td width=\"207\">Educaci\u00f3 F\u00edsica<\/p>\n<p>Les mat\u00e8ries optatives de 1r a 3r (2 hores per curs)<\/p>\n<p>Una mat\u00e8ria optativa espec\u00edfica de 4t (3 hores)<\/td>\n<\/tr>\n<tr>\n<td colspan=\"2\" width=\"272\">Models:<\/p>\n<p><a href=\"https:\/\/agora.xtec.cat\/iesjaumecallis\/docs\/convalidacions\/?bp-attachment=Sol.licitud-convalidaci%C3%B3-EF-dansa.pdf\" target=\"_blank\" rel=\"noopener noreferrer\">EDA 1: Sol\u00b7licitud alumnes CDA1:<\/a> Certificat conservatori o centre professional<\/p>\n<p><a href=\"https:\/\/agora.xtec.cat\/iesjaumecallis\/docs\/convalidacions\/?bp-attachment=EDA2-Sol.licitud-convalidaci%C3%B3-EF-dansa.pdf\" target=\"_blank\" rel=\"noopener noreferrer\">EDA2: Resoluci\u00f3<\/a><\/td>\n<td colspan=\"2\" width=\"329\">Models:<\/p>\n<p><a href=\"https:\/\/agora.xtec.cat\/iesjaumecallis\/docs\/convalidacions\/?bp-attachment=Sol.licitud-convalidaci%C3%B3-EF-dansa.pdf\" target=\"_blank\" rel=\"noopener noreferrer\">EDA1: Sol\u00b7licitud alumnes<\/a><\/p>\n<p>CDA2: Certificat escola de dansa autoritzada EDA3: Resoluci\u00f3<\/p>\n<p>EDA4: Pla de seguiment quadrimestral<\/td>\n<\/tr>\n<tr>\n<td width=\"0\"><\/td>\n<td width=\"271\"><\/td>\n<td width=\"122\"><\/td>\n<td width=\"207\"><\/td>\n<\/tr>\n<\/tbody>\n<\/table>\n<p>&nbsp;<\/p>\n<p>&nbsp;<\/p>\n<table>\n<tbody>\n<tr>\n<td colspan=\"3\" width=\"601\"><strong>Batxillerat\/ Dansa<\/strong><\/td>\n<\/tr>\n<tr>\n<td rowspan=\"2\" width=\"190\">&nbsp;<\/p>\n<p><strong>Conservatori o centre professional<\/strong><\/td>\n<td colspan=\"2\" width=\"411\"><strong>Escola autoritzada<\/strong><\/td>\n<\/tr>\n<tr>\n<td width=\"230\"><strong>Situaci\u00f3 1<\/strong><\/p>\n<p>Si es cursen 11 hores setmanals o m\u00e9s de dansa<\/td>\n<td width=\"181\"><strong>Situaci\u00f3 2<\/strong><\/p>\n<p>Si es cursen entre 7 i 10 hores setmanals de dansa<\/td>\n<\/tr>\n<tr>\n<td width=\"190\"><strong>Convalidaci\u00f3 m\u00e0xima<\/strong><\/td>\n<td colspan=\"2\" width=\"411\"><strong>Reconeixement m\u00e0xim<\/strong><\/td>\n<\/tr>\n<tr>\n<td width=\"190\">Educaci\u00f3 F\u00edsica<\/p>\n<p>4 hores de la franja d&#8217;espec\u00edfiques per curs<\/td>\n<td width=\"230\">\u25cf\u00a0 Educaci\u00f3 F\u00edsica<\/p>\n<p>\u25cf\u00a0 4 hores de la franja d&#8217;espec\u00edfiques per curs<\/td>\n<td width=\"181\">&nbsp;<\/p>\n<p>Educaci\u00f3 F\u00edsica<\/td>\n<\/tr>\n<tr>\n<td width=\"190\"><\/td>\n<td width=\"230\">Requisits:<\/p>\n<p>\u25cf\u00a0 Cursar estudis en una escola de dansa autoritzada.<\/p>\n<p>\u25cf\u00a0 Haver superat la prova d&#8217;acc\u00e9s als ensenyaments de grau professional.<\/p>\n<p>\u25cf\u00a0 Cursar, com a m\u00ednim, Dansa Cl\u00e0ssica, T\u00e8cniques de Dansa Contempor\u00e0nia o de Dansa Espanyola i continguts de M\u00fasica.<\/td>\n<td width=\"181\">&nbsp;<\/p>\n<p>&nbsp;<\/p>\n<p>&nbsp;<\/p>\n<p>&nbsp;<\/p>\n<p>Requisits:<\/p>\n<p>Cursar estudis en una escola de dansa autoritzada.<\/td>\n<\/tr>\n<\/tbody>\n<\/table>\n<p><strong>\u00a0<\/strong><\/p>\n<p>&nbsp;<\/p>\n","protected":false},"excerpt":{"rendered":"<p>Documentaci\u00f3 necess\u00e0ria que cal portar al centre: Perm\u00eds dels pares per sortir del centre:\u00a0Autoritzaci\u00f3 dels pares Convalidaci\u00f3 per estudis de m\u00fasica (ESO): Sol.licitud convalidaci\u00f3 m\u00fasica (EMU1) Convalidaci\u00f3 per estudis de m\u00fasica (BAT): Sol.licitud convalidaci\u00f3 m\u00fasica (EMU3) Convalidaci\u00f3 per estudis de dansa (ESO): Sol.licitud convalidaci\u00f3 dansa Certificat expedit pel centre on fa m\u00fasica o dansa que [&hellip;]<\/p>\n","protected":false},"author":1,"featured_media":0,"parent":0,"menu_order":0,"comment_status":"closed","ping_status":"closed","template":"","meta":{"_bbp_topic_count":0,"_bbp_reply_count":0,"_bbp_total_topic_count":0,"_bbp_total_reply_count":0,"_bbp_voice_count":0,"_bbp_anonymous_reply_count":0,"_bbp_topic_count_hidden":0,"_bbp_reply_count_hidden":0,"_bbp_forum_subforum_count":0,"site-sidebar-layout":"default","site-content-layout":"","ast-site-content-layout":"default","site-content-style":"default","site-sidebar-style":"default","ast-global-header-display":"","ast-banner-title-visibility":"","ast-main-header-display":"","ast-hfb-above-header-display":"","ast-hfb-below-header-display":"","ast-hfb-mobile-header-display":"","site-post-title":"","ast-breadcrumbs-content":"","ast-featured-img":"","footer-sml-layout":"","theme-transparent-header-meta":"default","adv-header-id-meta":"","stick-header-meta":"","header-above-stick-meta":"","header-main-stick-meta":"","header-below-stick-meta":"","astra-migrate-meta-layouts":"set","ast-page-background-enabled":"default","ast-page-background-meta":{"desktop":{"background-color":"var(--ast-global-color-4)","background-image":"","background-repeat":"repeat","background-position":"center center","background-size":"auto","background-attachment":"scroll","background-type":"","background-media":"","overlay-type":"","overlay-color":"","overlay-opacity":"","overlay-gradient":""},"tablet":{"background-color":"","background-image":"","background-repeat":"repeat","background-position":"center center","background-size":"auto","background-attachment":"scroll","background-type":"","background-media":"","overlay-type":"","overlay-color":"","overlay-opacity":"","overlay-gradient":""},"mobile":{"background-color":"","background-image":"","background-repeat":"repeat","background-position":"center center","background-size":"auto","background-attachment":"scroll","background-type":"","background-media":"","overlay-type":"","overlay-color":"","overlay-opacity":"","overlay-gradient":""}},"ast-content-background-meta":{"desktop":{"background-color":"var(--ast-global-color-5)","background-image":"","background-repeat":"repeat","background-position":"center center","background-size":"auto","background-attachment":"scroll","background-type":"","background-media":"","overlay-type":"","overlay-color":"","overlay-opacity":"","overlay-gradient":""},"tablet":{"background-color":"var(--ast-global-color-5)","background-image":"","background-repeat":"repeat","background-position":"center center","background-size":"auto","background-attachment":"scroll","background-type":"","background-media":"","overlay-type":"","overlay-color":"","overlay-opacity":"","overlay-gradient":""},"mobile":{"background-color":"var(--ast-global-color-5)","background-image":"","background-repeat":"repeat","background-position":"center center","background-size":"auto","background-attachment":"scroll","background-type":"","background-media":"","overlay-type":"","overlay-color":"","overlay-opacity":"","overlay-gradient":""}},"footnotes":""},"class_list":["post-3530","page","type-page","status-publish","hentry"],"post_mailing_queue_ids":[],"_links":{"self":[{"href":"https:\/\/agora.xtec.cat\/iesjaumecallis\/wp-json\/wp\/v2\/pages\/3530","targetHints":{"allow":["GET"]}}],"collection":[{"href":"https:\/\/agora.xtec.cat\/iesjaumecallis\/wp-json\/wp\/v2\/pages"}],"about":[{"href":"https:\/\/agora.xtec.cat\/iesjaumecallis\/wp-json\/wp\/v2\/types\/page"}],"author":[{"embeddable":true,"href":"https:\/\/agora.xtec.cat\/iesjaumecallis\/wp-json\/wp\/v2\/users\/1"}],"replies":[{"embeddable":true,"href":"https:\/\/agora.xtec.cat\/iesjaumecallis\/wp-json\/wp\/v2\/comments?post=3530"}],"version-history":[{"count":7,"href":"https:\/\/agora.xtec.cat\/iesjaumecallis\/wp-json\/wp\/v2\/pages\/3530\/revisions"}],"predecessor-version":[{"id":11080,"href":"https:\/\/agora.xtec.cat\/iesjaumecallis\/wp-json\/wp\/v2\/pages\/3530\/revisions\/11080"}],"wp:attachment":[{"href":"https:\/\/agora.xtec.cat\/iesjaumecallis\/wp-json\/wp\/v2\/media?parent=3530"}],"curies":[{"name":"wp","href":"https:\/\/api.w.org\/{rel}","templated":true}]}}