{"id":27,"date":"2014-09-17T16:24:03","date_gmt":"2014-09-17T16:24:03","guid":{"rendered":"http:\/\/agora.xtec.cat\/iesjaumecallis\/?page_id=27"},"modified":"2017-01-23T13:07:00","modified_gmt":"2017-01-23T12:07:00","slug":"historia","status":"publish","type":"page","link":"https:\/\/agora.xtec.cat\/iesjaumecallis\/linstitut\/historia\/","title":{"rendered":"Hist\u00f2ria"},"content":{"rendered":"<div id=\"yui_3_17_2_1_1475567418473_79\" class=\"box generalbox center clearfix\">\n<div id=\"yui_3_17_2_1_1475567418473_78\" class=\"no-overflow\">\n<p>L\u2019antic Institut de Batxillerat i actual Institut d\u2019Ensenyament Secundari Jaume Call\u00eds, de Vic, conegut popularment amb el nom de \u201cl\u2019Institut\u201d, es troba en una comarca on tant la ind\u00fastria com la producci\u00f3 agr\u00e0ria i ramadera mantenen un equilibri que no \u00e9s gaire freq\u00fcent a Catalunya. Aquest va ser el primer centre p\u00fablic de batxillerat a la comarca d\u2019Osona i porta el nom de &#8220;Jaume Call\u00eds&#8221;, en homenatge a un jurisconsult medieval dels segles XIV i XV, que va ser oficial de la cort i conseller reial.<\/p>\n<p>L\u2019edifici se situa al nord-oest del municipi, en una zona que fa poc anys es podia considerar com a agr\u00edcola per\u00f2 que actualment \u00e9s una zona d\u2019equipaments esportius i educatius i amb un fort increment de l\u2019habitatge en els \u00faltims anys. Va se fundat l\u2019any 1968, en el moment en qu\u00e8 es van crear nombrosos centres educatius a causa de l\u2019augment de la poblaci\u00f3 estudiantil a tot l\u2019Estat. Poc despr\u00e9s de la seva fundaci\u00f3, durant els anys 70, va desenvolupar un paper for\u00e7a actiu en la lluita antifranquista de la comarca, sobretot entre els estudiants en r\u00e8gim de nocturn, que durant molts anys va ser el torn m\u00e9s nombr\u00f3s del centre. Tamb\u00e9 va ser un dels primers instituts de Catalunya en usar la llengua catalana com a primera llengua de comunicaci\u00f3.<\/p>\n<p>En els primers anys s\u2019hi feien estudis de BUP i COU. Actualment s\u2019hi imparteixen els estudis d\u2019ESO i els estudis de Batxillerat en les modalitats Ci\u00e8ncies i Tecnologia i humanitats i Ci\u00e8ncies socials.<\/p>\n<p>El centre disposa d\u2019una gran sala d\u00b4actes que es facilita ocasionalment a entitats perqu\u00e8 realitzin activitats. Tamb\u00e9 disposa de biblioteca, laboratoris independents de f\u00edsica, qu\u00edmica i de ci\u00e8ncies naturals, aula de m\u00fasica, aules de tecnologia, aules d\u2019Inform\u00e0tica, aules de dibuix i pl\u00e0stica, bar, pistes esportives i gimn\u00e0s cobert. En els darrers anys s\u2019ha fet una remodelaci\u00f3 general de tot l\u2019edifici.<\/p>\n<p id=\"yui_3_17_2_1_1475567418473_77\">Per con\u00e8ixer com \u00e9s actualment l&#8217;Institut Jaume Call\u00eds: <a id=\"yui_3_17_2_1_1475567418473_76\" href=\"https:\/\/agora.xtec.cat\/iesjaumecallis\/docs\/pec-callis\/?bp-attachment=PEC161215.pdf\" target=\"_blank\">Projecte Educatiu de Centre<\/a><\/p>\n<p>&nbsp;<\/p>\n<p><a href=\"http:\/\/www.naciodigital.cat\/osona\/noticia\/46668\/quan\/estudiar\/era\/lluitar\/memoria\/institut\/jaume\/callis\/vic\">Impressionant article de Toni Coromina al Naci\u00f3 Digital sobre la hist\u00f2ria del Jaume Call\u00eds<\/a><\/p>\n<p>&nbsp;<\/p>\n<p><a href=\"http:\/\/agora.xtec.cat\/iesjaumecallis\/wp-content\/uploads\/usu113\/2014\/09\/callis-antic.jpg\"><img loading=\"lazy\" decoding=\"async\" class=\"alignnone size-full wp-image-487\" src=\"http:\/\/agora.xtec.cat\/iesjaumecallis\/wp-content\/uploads\/usu113\/2014\/09\/callis-antic.jpg\" alt=\"callis-antic\" width=\"990\" height=\"636\" srcset=\"https:\/\/agora.xtec.cat\/iesjaumecallis\/wp-content\/uploads\/usu113\/2014\/09\/callis-antic.jpg 990w, https:\/\/agora.xtec.cat\/iesjaumecallis\/wp-content\/uploads\/usu113\/2014\/09\/callis-antic-300x193.jpg 300w, https:\/\/agora.xtec.cat\/iesjaumecallis\/wp-content\/uploads\/usu113\/2014\/09\/callis-antic-768x493.jpg 768w\" sizes=\"auto, (max-width: 990px) 100vw, 990px\" \/><\/a><\/p>\n<\/div>\n<p>&nbsp;<\/p>\n<\/div>\n","protected":false},"excerpt":{"rendered":"<p>L\u2019antic Institut de Batxillerat i actual Institut d\u2019Ensenyament Secundari Jaume Call\u00eds, de Vic, conegut popularment amb el nom de \u201cl\u2019Institut\u201d, es troba en una comarca on tant la ind\u00fastria com la producci\u00f3 agr\u00e0ria i ramadera mantenen un equilibri que no \u00e9s gaire freq\u00fcent a Catalunya. Aquest va ser el primer centre p\u00fablic de batxillerat a [&hellip;]<\/p>\n","protected":false},"author":1,"featured_media":0,"parent":19,"menu_order":20,"comment_status":"closed","ping_status":"closed","template":"","meta":{"_bbp_topic_count":0,"_bbp_reply_count":0,"_bbp_total_topic_count":0,"_bbp_total_reply_count":0,"_bbp_voice_count":0,"_bbp_anonymous_reply_count":0,"_bbp_topic_count_hidden":0,"_bbp_reply_count_hidden":0,"_bbp_forum_subforum_count":0,"site-sidebar-layout":"default","site-content-layout":"","ast-site-content-layout":"","site-content-style":"default","site-sidebar-style":"default","ast-global-header-display":"","ast-banner-title-visibility":"","ast-main-header-display":"","ast-hfb-above-header-display":"","ast-hfb-below-header-display":"","ast-hfb-mobile-header-display":"","site-post-title":"","ast-breadcrumbs-content":"","ast-featured-img":"","footer-sml-layout":"","theme-transparent-header-meta":"","adv-header-id-meta":"","stick-header-meta":"","header-above-stick-meta":"","header-main-stick-meta":"","header-below-stick-meta":"","astra-migrate-meta-layouts":"default","ast-page-background-enabled":"default","ast-page-background-meta":{"desktop":{"background-color":"var(--ast-global-color-4)","background-image":"","background-repeat":"repeat","background-position":"center center","background-size":"auto","background-attachment":"scroll","background-type":"","background-media":"","overlay-type":"","overlay-color":"","overlay-opacity":"","overlay-gradient":""},"tablet":{"background-color":"","background-image":"","background-repeat":"repeat","background-position":"center center","background-size":"auto","background-attachment":"scroll","background-type":"","background-media":"","overlay-type":"","overlay-color":"","overlay-opacity":"","overlay-gradient":""},"mobile":{"background-color":"","background-image":"","background-repeat":"repeat","background-position":"center center","background-size":"auto","background-attachment":"scroll","background-type":"","background-media":"","overlay-type":"","overlay-color":"","overlay-opacity":"","overlay-gradient":""}},"ast-content-background-meta":{"desktop":{"background-color":"var(--ast-global-color-5)","background-image":"","background-repeat":"repeat","background-position":"center center","background-size":"auto","background-attachment":"scroll","background-type":"","background-media":"","overlay-type":"","overlay-color":"","overlay-opacity":"","overlay-gradient":""},"tablet":{"background-color":"var(--ast-global-color-5)","background-image":"","background-repeat":"repeat","background-position":"center center","background-size":"auto","background-attachment":"scroll","background-type":"","background-media":"","overlay-type":"","overlay-color":"","overlay-opacity":"","overlay-gradient":""},"mobile":{"background-color":"var(--ast-global-color-5)","background-image":"","background-repeat":"repeat","background-position":"center center","background-size":"auto","background-attachment":"scroll","background-type":"","background-media":"","overlay-type":"","overlay-color":"","overlay-opacity":"","overlay-gradient":""}},"footnotes":""},"class_list":["post-27","page","type-page","status-publish","hentry"],"post_mailing_queue_ids":[],"_links":{"self":[{"href":"https:\/\/agora.xtec.cat\/iesjaumecallis\/wp-json\/wp\/v2\/pages\/27","targetHints":{"allow":["GET"]}}],"collection":[{"href":"https:\/\/agora.xtec.cat\/iesjaumecallis\/wp-json\/wp\/v2\/pages"}],"about":[{"href":"https:\/\/agora.xtec.cat\/iesjaumecallis\/wp-json\/wp\/v2\/types\/page"}],"author":[{"embeddable":true,"href":"https:\/\/agora.xtec.cat\/iesjaumecallis\/wp-json\/wp\/v2\/users\/1"}],"replies":[{"embeddable":true,"href":"https:\/\/agora.xtec.cat\/iesjaumecallis\/wp-json\/wp\/v2\/comments?post=27"}],"version-history":[{"count":3,"href":"https:\/\/agora.xtec.cat\/iesjaumecallis\/wp-json\/wp\/v2\/pages\/27\/revisions"}],"predecessor-version":[{"id":1122,"href":"https:\/\/agora.xtec.cat\/iesjaumecallis\/wp-json\/wp\/v2\/pages\/27\/revisions\/1122"}],"up":[{"embeddable":true,"href":"https:\/\/agora.xtec.cat\/iesjaumecallis\/wp-json\/wp\/v2\/pages\/19"}],"wp:attachment":[{"href":"https:\/\/agora.xtec.cat\/iesjaumecallis\/wp-json\/wp\/v2\/media?parent=27"}],"curies":[{"name":"wp","href":"https:\/\/api.w.org\/{rel}","templated":true}]}}