{"id":19,"date":"2014-09-17T14:56:56","date_gmt":"2014-09-17T14:56:56","guid":{"rendered":"http:\/\/agora.xtec.cat\/iesjaumecallis\/?page_id=19"},"modified":"2024-03-10T18:46:55","modified_gmt":"2024-03-10T17:46:55","slug":"linstitut","status":"publish","type":"page","link":"https:\/\/agora.xtec.cat\/iesjaumecallis\/linstitut\/","title":{"rendered":"L&#8217;institut"},"content":{"rendered":"<h5 style=\"text-align: justify;\" data-canvas-width=\"217.85840000000002\">INFORMACI\u00d3 GENERAL<\/h5>\n<div style=\"text-align: justify;\"><\/div>\n<ul style=\"text-align: justify;\">\n<li data-canvas-width=\"59.4612\">L\u2019Institut Jaume Call\u00eds data de l\u2019any <strong>1968<\/strong>. Va ser creat com a institut de batxillerat. La seva llarga experi\u00e8ncia fa que sigui un centre de refer\u00e8ncia a la comarca.<\/li>\n<li data-canvas-width=\"342.2919999999998\">Espais i equipaments diversos, adequats a les necessitats educatives i als diferents \u00e0mbits de l\u2019ensenyament (idiomes, ci\u00e8ncies experimentals, inform\u00e0tica, esports, visual i pl\u00e0stica&#8230;).<\/li>\n<li data-canvas-width=\"342.29200000000003\">El centre imparteix <strong>ESO i BATXILLERAT <\/strong>. L\u2019institut Jaume Call\u00eds tamb\u00e9 \u00e9s centre de suport <strong>IOC<\/strong>.<\/li>\n<\/ul>\n<h5 style=\"text-align: justify;\">ESPAI F\u00cdSIC<\/h5>\n<ul style=\"text-align: justify;\">\n<li>\n<div data-canvas-width=\"342.30859999999996\">El centre disposa de Sala d\u2019Actes amb un aforament de <strong>327<\/strong> persones, pavell\u00f3 esportiu, biblioteca, aules espec\u00edfiques (2 aules d\u2019inform\u00e0tica, laboratori de qu\u00edmica, f\u00edsica, ci\u00e8ncies naturals, una aula de dibuix, una de pl\u00e0stica, dues aules taller de tecnologia, una aula de m\u00fasica i una aula d\u2019idiomes), aules ordin\u00e0ries, departaments, Sala de Professorat, despatxos i administraci\u00f3.<\/div>\n<\/li>\n<li>\n<div data-canvas-width=\"303.9792\">La seva ubicaci\u00f3 facilita la realitzaci\u00f3 d\u2019activitats a la zona esportiva de Vic (piscina, atletisme&#8230;).<\/div>\n<\/li>\n<\/ul>\n<h5 style=\"text-align: justify;\">COMUNITAT EDUCATIVA<\/h5>\n<ul style=\"text-align: justify;\">\n<li>\n<div data-canvas-width=\"342.3749999999999\">L\u2019alumnat \u00e9s at\u00e8s directament pels tutors i els equips docents, els quals vetllen per la bona conviv\u00e8ncia entre els alumnes (Projecte de Mediaci\u00f3 i Coopera) per afavorir una bona educaci\u00f3 emocional, una conducta solid\u00e0ria i<\/div>\n<div data-canvas-width=\"208.82800000000003\">promoure el seu aprenentatge.<\/div>\n<\/li>\n<li>\n<div data-canvas-width=\"9.073533333333332\">Les fam\u00edlies s\u00f3n un suport molt important per a l\u2019institut. Estan representades per l\u2019<a href=\"http:\/\/agora.xtec.cat\/iesjaumecallis\/categoria\/ampa\/\">AFA<\/a>, que col\u2022labora en diferents activitats, com per exemple la gesti\u00f3 de taquilles, biblioteca, llibres i la col\u00b7laboraci\u00f3 econ\u00f2mica en \u00e0mbits diversos (Premis Literaris, mobiliari, etc.).El centre est\u00e0 dotat amb les noves tecnologies de connectivitat.<\/div>\n<\/li>\n<\/ul>\n<h5 style=\"text-align: justify;\">SERVEIS ESCOLARS<\/h5>\n<ul style=\"text-align: justify;\">\n<li>\n<div data-canvas-width=\"178.86500000000007\">La biblioteca del centre ofereix la possibilitat d\u2019utilitzar-la com a lloc d\u2019estudi i, a m\u00e9s a m\u00e9s, de pr\u00e9stec de llibres: \u00e9s oberta durant 15 hores de l\u2019horari lectiu.<\/div>\n<\/li>\n<li>\n<div data-canvas-width=\"70.55\">A trav\u00e9s de l\u2019Associaci\u00f3 Esportiva Escolar es promou l\u2019activitat esportiva adre\u00e7ada a tots els alumnes (V\u00d2LEI, futbol, escacs&#8230;).<\/div>\n<\/li>\n<li>\n<div data-canvas-width=\"152.80300000000003\">Els objectius b\u00e0sics d\u2019aquestes activitats s\u00f3n els de vincular els alumnes amb l\u2019institut i educar-los per tal de tenir cura del propi cos mitjan\u00e7ant l\u2019esport.<\/div>\n<\/li>\n<li>\n<div data-canvas-width=\"258.62800000000016\">A trav\u00e9s de l\u2019<a href=\"http:\/\/agora.xtec.cat\/iesjaumecallis\/categoria\/ampa\/\">AFA<\/a> s\u2019organitzen activitats extraescolars.<\/div>\n<\/li>\n<li>\n<div data-canvas-width=\"170.6646\">Intranet: <a href=\"http:\/\/www.institutjaumecallis.cat\">www.institutjaumecallis.cat<\/a> (informaci\u00f3 del dia a dia).<\/div>\n<\/li>\n<\/ul>\n<h5 style=\"text-align: justify;\">PROJECTE EDUCATIU<\/h5>\n<ul style=\"text-align: justify;\">\n<li>\n<div data-canvas-width=\"167.70980000000003\"><strong>Transmissi\u00f3 de valors<\/strong>: respecte, di\u00e0leg, cultura de la pau, igualtat de g\u00e8nere, equitat entre les persones. Esfor\u00e7, autoexig\u00e8ncia i autonomia en el treball.<\/div>\n<\/li>\n<li>\n<div data-canvas-width=\"147.37480000000005\"><strong>Fomentar la llengua i la cultura catalanes en tots els \u00e0mbits educatius.<\/strong><\/div>\n<\/li>\n<li>\n<div data-canvas-width=\"147.37480000000005\"><\/div>\n<div>\n<div data-canvas-width=\"10.9076\">Potenciar l<strong>\u2019ensenyament de les lleng\u00fces estrangeres (Erasmus+, e-twinning, Grup Experimental Pluriling\u00fcisme-AICLE).<\/strong><\/div>\n<\/div>\n<\/li>\n<li>\n<div data-canvas-width=\"322.0566000000001\">Potenciar la <strong>recerca cient\u00edfica<\/strong> i l\u2019\u00fas del m\u00e8tode cient\u00edfic amb una gran pres\u00e8ncia de pr\u00e0ctiques de laboratori en totes les etapes educatives (<strong>olimp\u00edades f\u00edsica, biologia, proves cangur<\/strong>).<\/div>\n<\/li>\n<li>\n<div data-canvas-width=\"322.0566000000001\"><\/div>\n<div>\n<div data-canvas-width=\"86.6852\">Potenciar les <strong>activitats art\u00edstiques (musicals, teatrals, pl\u00e0stiques&#8230;) (premis literaris, Art i escola, cantates, concerts&#8230;).<\/strong><\/div>\n<\/div>\n<div data-canvas-width=\"86.6852\"><\/div>\n<\/li>\n<li>\n<div data-canvas-width=\"86.6852\">\n<div>Promoure la <strong>difusi\u00f3 i l\u2019intercanvi cultural entre diferents pa\u00efsos (Aula Acollida, Erasmus+).<\/strong><\/div>\n<\/div>\n<\/li>\n<li>\n<div data-canvas-width=\"95.63260000000001\"><strong>L\u2019\u00fas habitual de les tecnologies de l\u2019aprenentatge i el coneixement<\/strong> (TAC) (PDI, Moodle).<\/div>\n<\/li>\n<li>\n<div data-canvas-width=\"365.68139999999994\">Col\u00b7laboraci\u00f3 en la <strong>formaci\u00f3 inicial de nous professors<\/strong> i tamb\u00e9, en la<strong> formaci\u00f3 permanent del professorat del centre.<\/strong><\/div>\n<div data-canvas-width=\"365.68139999999994\"><\/div>\n<\/li>\n<\/ul>\n<h5 style=\"text-align: justify;\" data-canvas-width=\"217.69240000000005\">NOVES TECNOLOGIES \/ ASPECTES A DESTACAR<\/h5>\n<ul>\n<li style=\"text-align: justify;\" data-canvas-width=\"217.69240000000005\">El centre est\u00e0 dotat amb les noves tecnologies de connectivitat.<\/li>\n<li style=\"text-align: justify;\" data-canvas-width=\"217.69240000000005\">\n<div data-canvas-width=\"216.66320000000002\">Les fam\u00edlies poden consultar l\u2019assist\u00e8ncia i el comportament dels seus fills de forma continuada i actualitzada inform\u00e0ticament amb usuaris i contrasenyes personals.<\/div>\n<\/li>\n<li style=\"text-align: justify;\" data-canvas-width=\"217.69240000000005\">\n<div data-canvas-width=\"216.66320000000002\">El nostre centre promou les activitats fora de l\u2019institut perqu\u00e8 tenen diferents finalitats pedag\u00f2giques: esportives, aprenentatge d\u2019idiomes, culturals-l\u00fadiques, conviv\u00e8ncia amb els companys o amb fam\u00edlies d\u2019altres pa\u00efsos&#8230; Suposen un bon complement a l\u2019activitat acad\u00e8mica.<\/div>\n<\/li>\n<\/ul>\n<p>&nbsp;<\/p>\n","protected":false},"excerpt":{"rendered":"<p>INFORMACI\u00d3 GENERAL L\u2019Institut Jaume Call\u00eds data de l\u2019any 1968. Va ser creat com a institut de batxillerat. La seva llarga experi\u00e8ncia fa que sigui un centre de refer\u00e8ncia a la comarca. Espais i equipaments diversos, adequats a les necessitats educatives i als diferents \u00e0mbits de l\u2019ensenyament (idiomes, ci\u00e8ncies experimentals, inform\u00e0tica, esports, visual i pl\u00e0stica&#8230;). El [&hellip;]<\/p>\n","protected":false},"author":1,"featured_media":0,"parent":0,"menu_order":0,"comment_status":"closed","ping_status":"closed","template":"","meta":{"_bbp_topic_count":0,"_bbp_reply_count":0,"_bbp_total_topic_count":0,"_bbp_total_reply_count":0,"_bbp_voice_count":0,"_bbp_anonymous_reply_count":0,"_bbp_topic_count_hidden":0,"_bbp_reply_count_hidden":0,"_bbp_forum_subforum_count":0,"site-sidebar-layout":"default","site-content-layout":"","ast-site-content-layout":"","site-content-style":"default","site-sidebar-style":"default","ast-global-header-display":"","ast-banner-title-visibility":"","ast-main-header-display":"","ast-hfb-above-header-display":"","ast-hfb-below-header-display":"","ast-hfb-mobile-header-display":"","site-post-title":"","ast-breadcrumbs-content":"","ast-featured-img":"","footer-sml-layout":"","theme-transparent-header-meta":"","adv-header-id-meta":"","stick-header-meta":"","header-above-stick-meta":"","header-main-stick-meta":"","header-below-stick-meta":"","astra-migrate-meta-layouts":"default","ast-page-background-enabled":"default","ast-page-background-meta":{"desktop":{"background-color":"var(--ast-global-color-4)","background-image":"","background-repeat":"repeat","background-position":"center center","background-size":"auto","background-attachment":"scroll","background-type":"","background-media":"","overlay-type":"","overlay-color":"","overlay-opacity":"","overlay-gradient":""},"tablet":{"background-color":"","background-image":"","background-repeat":"repeat","background-position":"center center","background-size":"auto","background-attachment":"scroll","background-type":"","background-media":"","overlay-type":"","overlay-color":"","overlay-opacity":"","overlay-gradient":""},"mobile":{"background-color":"","background-image":"","background-repeat":"repeat","background-position":"center center","background-size":"auto","background-attachment":"scroll","background-type":"","background-media":"","overlay-type":"","overlay-color":"","overlay-opacity":"","overlay-gradient":""}},"ast-content-background-meta":{"desktop":{"background-color":"var(--ast-global-color-5)","background-image":"","background-repeat":"repeat","background-position":"center center","background-size":"auto","background-attachment":"scroll","background-type":"","background-media":"","overlay-type":"","overlay-color":"","overlay-opacity":"","overlay-gradient":""},"tablet":{"background-color":"var(--ast-global-color-5)","background-image":"","background-repeat":"repeat","background-position":"center center","background-size":"auto","background-attachment":"scroll","background-type":"","background-media":"","overlay-type":"","overlay-color":"","overlay-opacity":"","overlay-gradient":""},"mobile":{"background-color":"var(--ast-global-color-5)","background-image":"","background-repeat":"repeat","background-position":"center center","background-size":"auto","background-attachment":"scroll","background-type":"","background-media":"","overlay-type":"","overlay-color":"","overlay-opacity":"","overlay-gradient":""}},"footnotes":""},"class_list":["post-19","page","type-page","status-publish","hentry"],"post_mailing_queue_ids":[],"_links":{"self":[{"href":"https:\/\/agora.xtec.cat\/iesjaumecallis\/wp-json\/wp\/v2\/pages\/19","targetHints":{"allow":["GET"]}}],"collection":[{"href":"https:\/\/agora.xtec.cat\/iesjaumecallis\/wp-json\/wp\/v2\/pages"}],"about":[{"href":"https:\/\/agora.xtec.cat\/iesjaumecallis\/wp-json\/wp\/v2\/types\/page"}],"author":[{"embeddable":true,"href":"https:\/\/agora.xtec.cat\/iesjaumecallis\/wp-json\/wp\/v2\/users\/1"}],"replies":[{"embeddable":true,"href":"https:\/\/agora.xtec.cat\/iesjaumecallis\/wp-json\/wp\/v2\/comments?post=19"}],"version-history":[{"count":7,"href":"https:\/\/agora.xtec.cat\/iesjaumecallis\/wp-json\/wp\/v2\/pages\/19\/revisions"}],"predecessor-version":[{"id":9953,"href":"https:\/\/agora.xtec.cat\/iesjaumecallis\/wp-json\/wp\/v2\/pages\/19\/revisions\/9953"}],"wp:attachment":[{"href":"https:\/\/agora.xtec.cat\/iesjaumecallis\/wp-json\/wp\/v2\/media?parent=19"}],"curies":[{"name":"wp","href":"https:\/\/api.w.org\/{rel}","templated":true}]}}