{"id":39,"date":"2014-09-17T16:36:44","date_gmt":"2014-09-17T16:36:44","guid":{"rendered":"http:\/\/agora.xtec.cat\/iesjaumealmera\/?page_id=39"},"modified":"2022-10-11T08:33:38","modified_gmt":"2022-10-11T06:33:38","slug":"instal%c2%b7lacions","status":"publish","type":"page","link":"https:\/\/agora.xtec.cat\/iesjaumealmera\/linstitut\/instal%c2%b7lacions\/","title":{"rendered":"Instal\u00b7lacions"},"content":{"rendered":"\r\n\t<div class=\"slideshow_container slideshow_container_style-light\" style=\"height: 200px; \" data-slideshow-id=\"31\" data-style-name=\"style-light\" data-style-version=\"2.3.1\" >\r\n\r\n\t\t\t\t\t<div class=\"slideshow_loading_icon\"><\/div>\r\n\t\t\r\n\t\t<div class=\"slideshow_content\" style=\"display: none;\">\r\n\r\n\t\t\t<div class=\"slideshow_view\">\r\n\t\t\t\t<div class=\"slideshow_slide slideshow_slide_image\">\r\n\t\t\t\t\t\t\t\t\t\t\t<img src=\"https:\/\/agora.xtec.cat\/iesjaumealmera\/wp-content\/uploads\/usu1316\/2014\/09\/exemple3b.png\" alt=\"Gimn\u00e0s\" width=\"800\" height=\"600\" \/>\r\n\t\t\t\t\t\t\t\t\t\t<div class=\"slideshow_description_box slideshow_transparent\">\r\n\t\t\t\t\t\t<div class=\"slideshow_title\">Gimn\u00e0s<\/div>\t\t\t\t\t\t<div class=\"slideshow_description\">Breu descripci\u00f3<\/div>\t\t\t\t\t<\/div>\r\n\t\t\t\t<\/div>\r\n\r\n\t\t\t\t\t\t<div style=\"clear: both;\"><\/div><\/div><div class=\"slideshow_view\">\r\n\t\t\t\t<div class=\"slideshow_slide slideshow_slide_image\">\r\n\t\t\t\t\t\t\t\t\t\t\t<img src=\"https:\/\/agora.xtec.cat\/iesjaumealmera\/wp-content\/uploads\/usu1316\/2014\/09\/exemple1b.png\" alt=\"Aules polivalents\" width=\"350\" height=\"250\" \/>\r\n\t\t\t\t\t\t\t\t\t\t<div class=\"slideshow_description_box slideshow_transparent\">\r\n\t\t\t\t\t\t<div class=\"slideshow_title\">Aules polivalents<\/div>\t\t\t\t\t\t<div class=\"slideshow_description\">Breu descripci\u00f3<\/div>\t\t\t\t\t<\/div>\r\n\t\t\t\t<\/div>\r\n\r\n\t\t\t\t\t\t<div style=\"clear: both;\"><\/div><\/div><div class=\"slideshow_view\">\r\n\t\t\t\t<div class=\"slideshow_slide slideshow_slide_image\">\r\n\t\t\t\t\t\t\t\t\t\t\t<img src=\"https:\/\/agora.xtec.cat\/iesjaumealmera\/wp-content\/uploads\/usu1316\/2014\/09\/exemple3.png\" alt=\"Sala d&#039;actes\" width=\"800\" height=\"600\" \/>\r\n\t\t\t\t\t\t\t\t\t\t<div class=\"slideshow_description_box slideshow_transparent\">\r\n\t\t\t\t\t\t<div class=\"slideshow_title\">Sala d&#039;actes<\/div>\t\t\t\t\t\t\t\t\t\t\t<\/div>\r\n\t\t\t\t<\/div>\r\n\r\n\t\t\t\t\t\t<div style=\"clear: both;\"><\/div><\/div>\r\n\t\t<\/div>\r\n\r\n\t\t<div class=\"slideshow_controlPanel slideshow_transparent\" style=\"display: none;\"><ul><li class=\"slideshow_togglePlay\" data-play-text=\"Visualitza\" data-pause-text=\"Pausa\"><\/li><\/ul><\/div>\r\n\r\n\t\t<div class=\"slideshow_button slideshow_previous slideshow_transparent\" role=\"button\" data-previous-text=\"Anterior\" style=\"display: none;\"><\/div>\r\n\t\t<div class=\"slideshow_button slideshow_next slideshow_transparent\" role=\"button\" data-next-text=\"Seg\u00fcent\" style=\"display: none;\"><\/div>\r\n\r\n\t\t<div class=\"slideshow_pagination\" style=\"display: none;\" data-go-to-text=\"V\u00e9s a la diapositiva\"><div class=\"slideshow_pagination_center\"><\/div><\/div>\r\n\r\n\t\t<!-- WordPress Slideshow Version 2.3.1 -->\r\n\r\n\t\t\t<\/div>\r\n\r\n\n<p>&nbsp;<\/p>\n<p>Tots els espais estan adaptats per minusv\u00e0lids, a base de rampes i un ascensor.<br \/>\nTotes les aules i espais del centre disposen de connexi\u00f3 a la xarxa d\u2019ordinadors i a internet (ADSL)<\/p>\n<p>Instal\u00b7lacions<\/p>\n<p>Edifici central<\/p>\n<p>&#8211; Pl. Semisoterrani:<br \/>\nL\u2019aula d\u2019idiomes, un departament d\u2019Idiomes i Ed. F\u00edsica. Cantina-menjador i Biblioteca<br \/>\n&#8211; Planta baixa:<br \/>\n10 espais, entre aules i laboratoris: 4 aules convencionals, l\u2019aula de Pl\u00e0stica, l\u2019aula Taller, el Lab. d\u2019Experimentals i l\u2019aula d\u2019atenci\u00f3 a la diversitat, la sala de professors i 1 departament: el de Pl\u00e0stica, CCSS i Llat\u00ed. Cal afegir els despatxos de direcci\u00f3, cap d\u2019estudis-coordinaci\u00f3 pedag\u00f2gica, sala de visites, consergeria, secretaria i magatzem. Lavabos convencionals i de minusv\u00e0lids<br \/>\n&#8211; Primera planta: 13 espais entre aules, laboratoris i desdoblaments: 7 aules convencionals, 2 aules de desdoblament, l\u2019aula de tecnologia, l\u2019aula de m\u00fasica, el laboratori de qu\u00edmica i l\u2019aula d\u2019experimentals. Cal afegir el despatx de tutoria de 2n cicle i de batxillerat, el departament de matem\u00e0tiques i experimentals.<br \/>\n&#8211; Segona planta: 8 espais, entre aules i laboratoris 6 aules convencionals i 2 aules d\u2019inform\u00e0tica.<br \/>\nCal afegir la tutoria de 1r cicle i el departament de catal\u00e0 i castell\u00e0.<\/p>\n<p>Gimn\u00e0s-sala polivalent i vestidors<\/p>\n<p>El centre disposa d&#8217;un gimn\u00e0s-sala polivalent de 450 m2. amb escenari, magatzem i camerinos, aix\u00ed com vestidors diferenciats per alumnes i monitors. Aquest darrer espai funciona amb energia solar produ\u00efda en el mateix institut.<\/p>\n<p><strong>D\u2019altres espais<br \/>\n<\/strong>&#8211; 3 pistes poliesportives (1 de dimensions reglament\u00e0ries)<\/p>\n<p>&#8211; 3 taules de ping-pong (dimensions reglament\u00e0ries)<\/p>\n<p>&#8211; Biblioteca (consulta i pr\u00e9stec de llibres)<\/p>\n<p>&#8211; 1 pati de sorra<br \/>\n&#8211; 1 espai arbrat<br \/>\n&#8211; Lavabos a totes les plantes de l\u2019edifici, pati, vestidors, etc.<br \/>\n&#8211; Ascensor<br \/>\n&#8211; Rampes d\u2019acc\u00e9s per a minusv\u00e0lids<br \/>\n&#8211; 1 magatzem extern<\/p>\n<p><strong>Serveis<\/strong><br \/>\n&#8211; Servei de consulta m\u00e8dica tots els dijous a l\u2019hora del pati.<br \/>\n&#8211; Totes les aules i despatxos tenen projectors<br \/>\n&#8211; Servei de reprografia a les hores de pati a disposici\u00f3 dels alumnes<br \/>\n&#8211; Les portes exteriors romanen tancades durant l\u2019horari lectiu i d\u2019esbarjo<\/p>\n","protected":false},"excerpt":{"rendered":"<p>&nbsp; Tots els espais estan adaptats per minusv\u00e0lids, a base de rampes i un ascensor. Totes les aules i espais del centre disposen de connexi\u00f3 a la xarxa d\u2019ordinadors i a internet (ADSL) Instal\u00b7lacions Edifici central &#8211; Pl. Semisoterrani: L\u2019aula d\u2019idiomes, un departament d\u2019Idiomes i Ed. F\u00edsica. Cantina-menjador i Biblioteca &#8211; Planta baixa: 10 espais, [&hellip;]<\/p>\n","protected":false},"author":1,"featured_media":0,"parent":19,"menu_order":30,"comment_status":"closed","ping_status":"closed","template":"page-templates\/side-menu.php","meta":{"_bbp_topic_count":0,"_bbp_reply_count":0,"_bbp_total_topic_count":0,"_bbp_total_reply_count":0,"_bbp_voice_count":0,"_bbp_anonymous_reply_count":0,"_bbp_topic_count_hidden":0,"_bbp_reply_count_hidden":0,"_bbp_forum_subforum_count":0,"site-sidebar-layout":"default","site-content-layout":"","ast-site-content-layout":"","site-content-style":"default","site-sidebar-style":"default","ast-global-header-display":"","ast-banner-title-visibility":"","ast-main-header-display":"","ast-hfb-above-header-display":"","ast-hfb-below-header-display":"","ast-hfb-mobile-header-display":"","site-post-title":"","ast-breadcrumbs-content":"","ast-featured-img":"","footer-sml-layout":"","theme-transparent-header-meta":"","adv-header-id-meta":"","stick-header-meta":"","header-above-stick-meta":"","header-main-stick-meta":"","header-below-stick-meta":"","astra-migrate-meta-layouts":"default","ast-page-background-enabled":"default","ast-page-background-meta":{"desktop":{"background-color":"var(--ast-global-color-4)","background-image":"","background-repeat":"repeat","background-position":"center center","background-size":"auto","background-attachment":"scroll","background-type":"","background-media":"","overlay-type":"","overlay-color":"","overlay-opacity":"","overlay-gradient":""},"tablet":{"background-color":"","background-image":"","background-repeat":"repeat","background-position":"center center","background-size":"auto","background-attachment":"scroll","background-type":"","background-media":"","overlay-type":"","overlay-color":"","overlay-opacity":"","overlay-gradient":""},"mobile":{"background-color":"","background-image":"","background-repeat":"repeat","background-position":"center center","background-size":"auto","background-attachment":"scroll","background-type":"","background-media":"","overlay-type":"","overlay-color":"","overlay-opacity":"","overlay-gradient":""}},"ast-content-background-meta":{"desktop":{"background-color":"var(--ast-global-color-5)","background-image":"","background-repeat":"repeat","background-position":"center center","background-size":"auto","background-attachment":"scroll","background-type":"","background-media":"","overlay-type":"","overlay-color":"","overlay-opacity":"","overlay-gradient":""},"tablet":{"background-color":"var(--ast-global-color-5)","background-image":"","background-repeat":"repeat","background-position":"center center","background-size":"auto","background-attachment":"scroll","background-type":"","background-media":"","overlay-type":"","overlay-color":"","overlay-opacity":"","overlay-gradient":""},"mobile":{"background-color":"var(--ast-global-color-5)","background-image":"","background-repeat":"repeat","background-position":"center center","background-size":"auto","background-attachment":"scroll","background-type":"","background-media":"","overlay-type":"","overlay-color":"","overlay-opacity":"","overlay-gradient":""}},"footnotes":""},"class_list":["post-39","page","type-page","status-publish","hentry"],"post_mailing_queue_ids":[],"_links":{"self":[{"href":"https:\/\/agora.xtec.cat\/iesjaumealmera\/wp-json\/wp\/v2\/pages\/39","targetHints":{"allow":["GET"]}}],"collection":[{"href":"https:\/\/agora.xtec.cat\/iesjaumealmera\/wp-json\/wp\/v2\/pages"}],"about":[{"href":"https:\/\/agora.xtec.cat\/iesjaumealmera\/wp-json\/wp\/v2\/types\/page"}],"author":[{"embeddable":true,"href":"https:\/\/agora.xtec.cat\/iesjaumealmera\/wp-json\/wp\/v2\/users\/1"}],"replies":[{"embeddable":true,"href":"https:\/\/agora.xtec.cat\/iesjaumealmera\/wp-json\/wp\/v2\/comments?post=39"}],"version-history":[{"count":3,"href":"https:\/\/agora.xtec.cat\/iesjaumealmera\/wp-json\/wp\/v2\/pages\/39\/revisions"}],"predecessor-version":[{"id":2932,"href":"https:\/\/agora.xtec.cat\/iesjaumealmera\/wp-json\/wp\/v2\/pages\/39\/revisions\/2932"}],"up":[{"embeddable":true,"href":"https:\/\/agora.xtec.cat\/iesjaumealmera\/wp-json\/wp\/v2\/pages\/19"}],"wp:attachment":[{"href":"https:\/\/agora.xtec.cat\/iesjaumealmera\/wp-json\/wp\/v2\/media?parent=39"}],"curies":[{"name":"wp","href":"https:\/\/api.w.org\/{rel}","templated":true}]}}