{"id":21,"date":"2014-09-17T16:14:14","date_gmt":"2014-09-17T16:14:14","guid":{"rendered":"http:\/\/agora.xtec.cat\/iesjaumealmera\/?page_id=21"},"modified":"2023-02-16T11:17:33","modified_gmt":"2023-02-16T10:17:33","slug":"on-som","status":"publish","type":"page","link":"https:\/\/agora.xtec.cat\/iesjaumealmera\/linstitut\/on-som\/","title":{"rendered":"On som"},"content":{"rendered":"<p style=\"color: #666666;\"><strong>Institut Jaume Almera<\/strong><br \/>\nCarrer Rafart, 5<br \/>\n08330 Vilassar de Dalt<\/p>\n<h2><a href=\"https:\/\/goo.gl\/maps\/ssNtm9akoSQ2\">Mapa<\/a><\/h2>\n<p><strong>Escoles adscrites a l&#8217;institut:<br \/>\n<\/strong>Escola Francesc Maci\u00e0, Escola Nova Immacula per l&#8217;ESO<\/p>\n<p>Ins Cabrils per al Batxillerat<\/p>\n<p><strong>Correus electr\u00f2nics de contacte<\/strong><\/p>\n<p><strong style=\"font-size: medium; font-family: inherit; line-height: 1.6;\">Centre<\/strong><\/p>\n<ul>\n<li><span style=\"font-size: medium;\">Bustia General: a8040564@xtec.cat<\/span><\/li>\n<li><span style=\"font-size: medium;\">Director: <a class=\"Yh1nIb asUmFb AL18ce\" href=\"mailto:ablasco1@xtec.cat\" target=\"_blank\" rel=\"noopener noreferrer\" data-tooltip=\"Del perfil de l'organitzaci\u00f3 de l'usuari\" data-tooltip-position=\"top\">ablasco1@xtec.cat<\/a><\/span><\/li>\n<li>Cap d&#8217;estudis ESO i Batxillerat: <a class=\"Yh1nIb asUmFb AL18ce\" href=\"mailto:jfolguer@xtec.cat\" target=\"_blank\" rel=\"noopener noreferrer\" data-tooltip=\"Del perfil de l'organitzaci\u00f3 de l'usuari\" data-tooltip-position=\"top\">jfolguer@xtec.cat<\/a><\/li>\n<li>Coordinadora pedag\u00f2gica: <a class=\"Yh1nIb asUmFb AL18ce\" href=\"mailto:mmart134@xtec.cat\" target=\"_blank\" rel=\"noopener noreferrer\" data-tooltip=\"Del perfil de l'organitzaci\u00f3 de l'usuari\" data-tooltip-position=\"top\">mmart134@xtec.cat<\/a><\/li>\n<li>Secret\u00e0ria docent: <a class=\"Yh1nIb asUmFb AL18ce\" href=\"mailto:msaez39@xtec.cat\" target=\"_blank\" rel=\"noopener noreferrer\" data-tooltip=\"Del perfil de l'organitzaci\u00f3 de l'usuari\" data-tooltip-position=\"top\">msaez39@xtec.cat<\/a><\/li>\n<\/ul>\n<p><strong>Per a la petici\u00f3 de certificats cal adre\u00e7ar-se al correu de centre: a804564@xtec.cat<\/strong><\/p>\n","protected":false},"excerpt":{"rendered":"<p>Institut Jaume Almera Carrer Rafart, 5 08330 Vilassar de Dalt Mapa Escoles adscrites a l&#8217;institut: Escola Francesc Maci\u00e0, Escola Nova Immacula per l&#8217;ESO Ins Cabrils per al Batxillerat Correus electr\u00f2nics de contacte Centre Bustia General: a8040564@xtec.cat Director: ablasco1@xtec.cat Cap d&#8217;estudis ESO i Batxillerat: jfolguer@xtec.cat Coordinadora pedag\u00f2gica: mmart134@xtec.cat Secret\u00e0ria docent: msaez39@xtec.cat Per a la petici\u00f3 de [&hellip;]<\/p>\n","protected":false},"author":1,"featured_media":0,"parent":19,"menu_order":10,"comment_status":"closed","ping_status":"closed","template":"page-templates\/side-menu.php","meta":{"_bbp_topic_count":0,"_bbp_reply_count":0,"_bbp_total_topic_count":0,"_bbp_total_reply_count":0,"_bbp_voice_count":0,"_bbp_anonymous_reply_count":0,"_bbp_topic_count_hidden":0,"_bbp_reply_count_hidden":0,"_bbp_forum_subforum_count":0,"site-sidebar-layout":"default","site-content-layout":"","ast-site-content-layout":"","site-content-style":"default","site-sidebar-style":"default","ast-global-header-display":"","ast-banner-title-visibility":"","ast-main-header-display":"","ast-hfb-above-header-display":"","ast-hfb-below-header-display":"","ast-hfb-mobile-header-display":"","site-post-title":"","ast-breadcrumbs-content":"","ast-featured-img":"","footer-sml-layout":"","theme-transparent-header-meta":"","adv-header-id-meta":"","stick-header-meta":"","header-above-stick-meta":"","header-main-stick-meta":"","header-below-stick-meta":"","astra-migrate-meta-layouts":"default","ast-page-background-enabled":"default","ast-page-background-meta":{"desktop":{"background-color":"var(--ast-global-color-4)","background-image":"","background-repeat":"repeat","background-position":"center center","background-size":"auto","background-attachment":"scroll","background-type":"","background-media":"","overlay-type":"","overlay-color":"","overlay-opacity":"","overlay-gradient":""},"tablet":{"background-color":"","background-image":"","background-repeat":"repeat","background-position":"center center","background-size":"auto","background-attachment":"scroll","background-type":"","background-media":"","overlay-type":"","overlay-color":"","overlay-opacity":"","overlay-gradient":""},"mobile":{"background-color":"","background-image":"","background-repeat":"repeat","background-position":"center center","background-size":"auto","background-attachment":"scroll","background-type":"","background-media":"","overlay-type":"","overlay-color":"","overlay-opacity":"","overlay-gradient":""}},"ast-content-background-meta":{"desktop":{"background-color":"var(--ast-global-color-5)","background-image":"","background-repeat":"repeat","background-position":"center center","background-size":"auto","background-attachment":"scroll","background-type":"","background-media":"","overlay-type":"","overlay-color":"","overlay-opacity":"","overlay-gradient":""},"tablet":{"background-color":"var(--ast-global-color-5)","background-image":"","background-repeat":"repeat","background-position":"center center","background-size":"auto","background-attachment":"scroll","background-type":"","background-media":"","overlay-type":"","overlay-color":"","overlay-opacity":"","overlay-gradient":""},"mobile":{"background-color":"var(--ast-global-color-5)","background-image":"","background-repeat":"repeat","background-position":"center center","background-size":"auto","background-attachment":"scroll","background-type":"","background-media":"","overlay-type":"","overlay-color":"","overlay-opacity":"","overlay-gradient":""}},"footnotes":""},"class_list":["post-21","page","type-page","status-publish","hentry"],"post_mailing_queue_ids":[],"_links":{"self":[{"href":"https:\/\/agora.xtec.cat\/iesjaumealmera\/wp-json\/wp\/v2\/pages\/21","targetHints":{"allow":["GET"]}}],"collection":[{"href":"https:\/\/agora.xtec.cat\/iesjaumealmera\/wp-json\/wp\/v2\/pages"}],"about":[{"href":"https:\/\/agora.xtec.cat\/iesjaumealmera\/wp-json\/wp\/v2\/types\/page"}],"author":[{"embeddable":true,"href":"https:\/\/agora.xtec.cat\/iesjaumealmera\/wp-json\/wp\/v2\/users\/1"}],"replies":[{"embeddable":true,"href":"https:\/\/agora.xtec.cat\/iesjaumealmera\/wp-json\/wp\/v2\/comments?post=21"}],"version-history":[{"count":4,"href":"https:\/\/agora.xtec.cat\/iesjaumealmera\/wp-json\/wp\/v2\/pages\/21\/revisions"}],"predecessor-version":[{"id":2960,"href":"https:\/\/agora.xtec.cat\/iesjaumealmera\/wp-json\/wp\/v2\/pages\/21\/revisions\/2960"}],"up":[{"embeddable":true,"href":"https:\/\/agora.xtec.cat\/iesjaumealmera\/wp-json\/wp\/v2\/pages\/19"}],"wp:attachment":[{"href":"https:\/\/agora.xtec.cat\/iesjaumealmera\/wp-json\/wp\/v2\/media?parent=21"}],"curies":[{"name":"wp","href":"https:\/\/api.w.org\/{rel}","templated":true}]}}