{"id":81,"date":"2014-09-18T10:38:05","date_gmt":"2014-09-18T10:38:05","guid":{"rendered":"http:\/\/agora.xtec.cat\/iesitaca\/?page_id=81"},"modified":"2021-05-11T12:38:52","modified_gmt":"2021-05-11T10:38:52","slug":"secretaria","status":"publish","type":"page","link":"https:\/\/agora.xtec.cat\/iesitaca\/secretaria\/","title":{"rendered":"Secretaria"},"content":{"rendered":"<p>En els centres d&#8217;ensenyament secundari, la secretaria \u00e9s l&#8217;agent de gesti\u00f3 administrativa visible, per tant, \u00e9s b\u00e0sic que la seva pres\u00e8ncia a la web sigui un dels elements de navegaci\u00f3 principals. \u00c9s important que la informaci\u00f3 s&#8217;exposi de forma clara, a fi de facilitar la usabilitat de l&#8217;espai. La informaci\u00f3 d&#8217;aquesta secci\u00f3 hauria d&#8217;incloure:<\/p>\n<ul>\n<li><strong>Horari d&#8217;atenci\u00f3 (Administraci\u00f3):<\/strong><\/li>\n<\/ul>\n<p style=\"padding-left: 150px;\">Matins de 9.00 h a 14.00 h<\/p>\n<p style=\"padding-left: 150px;\">Tardes: dimecres de 15 h a 16.30 h (de setembre a maig)<\/p>\n<p>Tr\u00e0mits (sol\u00b7licitud de certificats&#8230;)<\/p>\n<p><a href=\"https:\/\/agora.xtec.cat\/iesitaca\/secretaria\/preinscripcio-eso-curs-21-21\/\">Preinscripci\u00f3 ESO 2021-2022<\/a><\/p>\n<p><a href=\"https:\/\/agora.xtec.cat\/iesitaca\/secretaria\/preinscripcio-batxillerat-curs-2021-2022\/\">Preinscripci\u00f3 Batxillerat 2021-2022<\/a><\/p>\n<p><a href=\"http:\/\/agora.xtec.cat\/iesitaca\/docs\/?bpd_tag=secretaria\">Documents<\/a> (autoritzaci\u00f3 de sortides, \u00fas de serveis digitals, etc.)<\/p>\n<p><strong>Beques i ajuts:<\/strong><\/p>\n<p style=\"padding-left: 120px;\"><a href=\"http:\/\/agora.xtec.cat\/iesitaca\/batxillerat\/beques-per-al-batxillerat\/\" target=\"_blank\" rel=\"noopener noreferrer\">Beques per a ensenyaments postobligatoris no universitaris (batxillerat)<\/a><\/p>\n<p>&nbsp;<\/p>\n","protected":false},"excerpt":{"rendered":"<p>En els centres d&#8217;ensenyament secundari, la secretaria \u00e9s l&#8217;agent de gesti\u00f3 administrativa visible, per tant, \u00e9s b\u00e0sic que la seva pres\u00e8ncia a la web sigui un dels elements de navegaci\u00f3 principals. \u00c9s important que la informaci\u00f3 s&#8217;exposi de forma clara, a fi de facilitar la&hellip;  <a href=\"https:\/\/agora.xtec.cat\/iesitaca\/secretaria\/\" title=\"Read Secretaria\">Llegeix m\u00e9s\u00bb<\/a><\/p>\n","protected":false},"author":1,"featured_media":0,"parent":0,"menu_order":0,"comment_status":"closed","ping_status":"closed","template":"","meta":{"_bbp_topic_count":0,"_bbp_reply_count":0,"_bbp_total_topic_count":0,"_bbp_total_reply_count":0,"_bbp_voice_count":0,"_bbp_anonymous_reply_count":0,"_bbp_topic_count_hidden":0,"_bbp_reply_count_hidden":0,"_bbp_forum_subforum_count":0,"footnotes":""},"class_list":["post-81","page","type-page","status-publish","hentry"],"post_mailing_queue_ids":[],"_links":{"self":[{"href":"https:\/\/agora.xtec.cat\/iesitaca\/wp-json\/wp\/v2\/pages\/81","targetHints":{"allow":["GET"]}}],"collection":[{"href":"https:\/\/agora.xtec.cat\/iesitaca\/wp-json\/wp\/v2\/pages"}],"about":[{"href":"https:\/\/agora.xtec.cat\/iesitaca\/wp-json\/wp\/v2\/types\/page"}],"author":[{"embeddable":true,"href":"https:\/\/agora.xtec.cat\/iesitaca\/wp-json\/wp\/v2\/users\/1"}],"replies":[{"embeddable":true,"href":"https:\/\/agora.xtec.cat\/iesitaca\/wp-json\/wp\/v2\/comments?post=81"}],"version-history":[{"count":3,"href":"https:\/\/agora.xtec.cat\/iesitaca\/wp-json\/wp\/v2\/pages\/81\/revisions"}],"predecessor-version":[{"id":5578,"href":"https:\/\/agora.xtec.cat\/iesitaca\/wp-json\/wp\/v2\/pages\/81\/revisions\/5578"}],"wp:attachment":[{"href":"https:\/\/agora.xtec.cat\/iesitaca\/wp-json\/wp\/v2\/media?parent=81"}],"curies":[{"name":"wp","href":"https:\/\/api.w.org\/{rel}","templated":true}]}}