{"id":803,"date":"2016-10-13T10:37:43","date_gmt":"2016-10-13T09:37:43","guid":{"rendered":"http:\/\/agora.xtec.cat\/iesitaca\/?page_id=803"},"modified":"2016-12-20T10:48:16","modified_gmt":"2016-12-20T09:48:16","slug":"concurs-de-neteja-2017","status":"publish","type":"page","link":"https:\/\/agora.xtec.cat\/iesitaca\/secretaria\/concurs-de-neteja-2017\/","title":{"rendered":"Concurs de neteja 2017"},"content":{"rendered":"<p>S&#8217;ha obert\u00a0 el procediment obert del servei de neteja de l&#8217;Institut \u00cdtaca.<\/p>\n<p>Plec de prescripcions t\u00e8cniques <a href=\"http:\/\/agora.xtec.cat\/iesitaca\/docs\/ppt\/\" target=\"_blank\">PPT. <\/a><\/p>\n<p>Plec de cl\u00e0usules administratives <a href=\"http:\/\/agora.xtec.cat\/iesitaca\/docs\/pca\/\" target=\"_blank\">PCA.<\/a><\/p>\n<p>Resoluci\u00f3 d&#8217;adjudicaci\u00f3 del contracte de servei de neteja <a href=\"http:\/\/agora.xtec.cat\/iesitaca\/docs\/resolucio-dadjudicacio-neteja-2017\/\" target=\"_blank\">RES<\/a><\/p>\n<p>Finalment, en data 28 de novembre s&#8217;ha signat el contracte pel servei de neteja de l&#8217;Institut \u00cdtaca amb l&#8217;empresa espanyola Limpieza y desinfecci\u00f3n de Edificios y Locales Renet, S.L. per un import de 66.068,80 euros, IVA excl\u00f2s (79.243,25 euros, IVA incl\u00f2s).<\/p>\n","protected":false},"excerpt":{"rendered":"<p>S&#8217;ha obert\u00a0 el procediment obert del servei de neteja de l&#8217;Institut \u00cdtaca.<br \/>\nPlec de prescripcions t\u00e8cniques <a href=\"http:\/\/agora.xtec.cat\/iesitaca\/docs\/ppt\/\" target=\"_blank\">PPT. <\/a><br \/>\nPlec de cl\u00e0usules administratives <a href=\"http:\/\/agora.xtec.cat\/iesitaca\/docs\/pca\/\" target=\"_blank\">PCA.<\/a><br \/>\nResoluci\u00f3 d&#8217;adjudicaci\u00f3 del contracte de servei de neteja <a href=\"http:\/\/agora.xtec.cat\/iesitaca\/docs\/resolucio-dadjudicacio-neteja-2017\/\" target=\"_blank\">RES<\/a><br \/>\nFinalment, en data 28 de novembre s&#8217;ha signat el contracte pel&hellip;  <a href=\"https:\/\/agora.xtec.cat\/iesitaca\/secretaria\/concurs-de-neteja-2017\/\" title=\"Read Concurs de neteja 2017\">Llegeix m\u00e9s\u00bb<\/a><\/p>\n","protected":false},"author":1,"featured_media":0,"parent":81,"menu_order":0,"comment_status":"closed","ping_status":"closed","template":"page-templates\/side-menu.php","meta":{"_bbp_topic_count":0,"_bbp_reply_count":0,"_bbp_total_topic_count":0,"_bbp_total_reply_count":0,"_bbp_voice_count":0,"_bbp_anonymous_reply_count":0,"_bbp_topic_count_hidden":0,"_bbp_reply_count_hidden":0,"_bbp_forum_subforum_count":0,"footnotes":""},"class_list":["post-803","page","type-page","status-publish","hentry"],"post_mailing_queue_ids":[],"_links":{"self":[{"href":"https:\/\/agora.xtec.cat\/iesitaca\/wp-json\/wp\/v2\/pages\/803","targetHints":{"allow":["GET"]}}],"collection":[{"href":"https:\/\/agora.xtec.cat\/iesitaca\/wp-json\/wp\/v2\/pages"}],"about":[{"href":"https:\/\/agora.xtec.cat\/iesitaca\/wp-json\/wp\/v2\/types\/page"}],"author":[{"embeddable":true,"href":"https:\/\/agora.xtec.cat\/iesitaca\/wp-json\/wp\/v2\/users\/1"}],"replies":[{"embeddable":true,"href":"https:\/\/agora.xtec.cat\/iesitaca\/wp-json\/wp\/v2\/comments?post=803"}],"version-history":[{"count":3,"href":"https:\/\/agora.xtec.cat\/iesitaca\/wp-json\/wp\/v2\/pages\/803\/revisions"}],"predecessor-version":[{"id":1075,"href":"https:\/\/agora.xtec.cat\/iesitaca\/wp-json\/wp\/v2\/pages\/803\/revisions\/1075"}],"up":[{"embeddable":true,"href":"https:\/\/agora.xtec.cat\/iesitaca\/wp-json\/wp\/v2\/pages\/81"}],"wp:attachment":[{"href":"https:\/\/agora.xtec.cat\/iesitaca\/wp-json\/wp\/v2\/media?parent=803"}],"curies":[{"name":"wp","href":"https:\/\/api.w.org\/{rel}","templated":true}]}}