{"id":57,"date":"2014-09-17T17:01:07","date_gmt":"2014-09-17T17:01:07","guid":{"rendered":"http:\/\/agora.xtec.cat\/iesitaca\/?page_id=57"},"modified":"2018-05-07T14:07:30","modified_gmt":"2018-05-07T12:07:30","slug":"projecte-educatiu","status":"publish","type":"page","link":"https:\/\/agora.xtec.cat\/iesitaca\/projecte-educatiu\/","title":{"rendered":"Projectes"},"content":{"rendered":"<p>En aquesta secci\u00f3 trobareu tota la informaci\u00f3 relativa als projectes que es duen a terme al nostre institut.<\/p>\n<p>Aquest any, els projecetes que es duen a terme s\u00f3n<\/p>\n<p><strong>Escola Verda<\/strong>, el nostre institut est\u00e0 molt comprom\u00e8s amb el mediambient i en aquesta l\u00ednia l&#8217;Institut promou a trav\u00e9s de la figura de la coordinadora mediambiental un seguit de diferents activitats<\/p>\n<p><strong>Projecte de Lectura<\/strong>, pensat per millorar els h\u00e0bits lectors del nostre alumnat.<\/p>\n<p><strong>Projecte eTwining<\/strong>,<\/p>\n<p><strong>Generaci\u00f3 Pluriling\u00fce<\/strong>, aquest projecte es va iniciar el curs 2016-2017 amb l&#8217;objectiu de incloure l&#8217;angl\u00e8s com a llengua veihicular per consolidar altres coneixements i continguts. B\u00e0sicament s&#8217;ha encetat el projecte en els dos cursos inicials de l&#8217;ESO impartint diferents mat\u00e8ries en angl\u00e8s. Tot i aix\u00ed s&#8217;ha fet extensible a d&#8217;altres cursos.<\/p>\n<p><strong>Mart XXI<\/strong><\/p>\n<p><strong>Projecte Arg\u00f3,<\/strong> projecte proposat des de la Universitat per tal de tutoritzar alumnes en els treballs de recerca i millorar la integraci\u00f3 a la universitat.<\/p>\n<p><strong>Projecte Salut Mental<\/strong><\/p>\n<p><strong>Projecte Salut-Escola<\/strong>, projecte realitzat juntament amb el CAP per tal de fer campanyes de vacunaci\u00f3 i de prevenci\u00f3.<\/p>\n<p><strong>Projecte de Fitoremediaci\u00f3<\/strong>, projecte pilot encetat per l&#8217;ajuntament per tal de millorar la qualitat de l&#8217;aire.<\/p>\n<p>&nbsp;<\/p>\n<p>&nbsp;<\/p>\n","protected":false},"excerpt":{"rendered":"<p>En aquesta secci\u00f3 trobareu tota la informaci\u00f3 relativa als projectes que es duen a terme al nostre institut.<br \/>\nAquest any, els projecetes que es duen a terme s\u00f3n<br \/>\nEscola Verda, el nostre institut est\u00e0 molt comprom\u00e8s amb el mediambient i en aquesta l\u00ednia l&#8217;Institut promou a trav\u00e9s&hellip;  <a href=\"https:\/\/agora.xtec.cat\/iesitaca\/projecte-educatiu\/\" title=\"Read Projectes\">Llegeix m\u00e9s\u00bb<\/a><\/p>\n","protected":false},"author":1,"featured_media":0,"parent":0,"menu_order":0,"comment_status":"closed","ping_status":"closed","template":"","meta":{"_bbp_topic_count":0,"_bbp_reply_count":0,"_bbp_total_topic_count":0,"_bbp_total_reply_count":0,"_bbp_voice_count":0,"_bbp_anonymous_reply_count":0,"_bbp_topic_count_hidden":0,"_bbp_reply_count_hidden":0,"_bbp_forum_subforum_count":0,"footnotes":""},"class_list":["post-57","page","type-page","status-publish","hentry"],"post_mailing_queue_ids":[],"_links":{"self":[{"href":"https:\/\/agora.xtec.cat\/iesitaca\/wp-json\/wp\/v2\/pages\/57","targetHints":{"allow":["GET"]}}],"collection":[{"href":"https:\/\/agora.xtec.cat\/iesitaca\/wp-json\/wp\/v2\/pages"}],"about":[{"href":"https:\/\/agora.xtec.cat\/iesitaca\/wp-json\/wp\/v2\/types\/page"}],"author":[{"embeddable":true,"href":"https:\/\/agora.xtec.cat\/iesitaca\/wp-json\/wp\/v2\/users\/1"}],"replies":[{"embeddable":true,"href":"https:\/\/agora.xtec.cat\/iesitaca\/wp-json\/wp\/v2\/comments?post=57"}],"version-history":[{"count":3,"href":"https:\/\/agora.xtec.cat\/iesitaca\/wp-json\/wp\/v2\/pages\/57\/revisions"}],"predecessor-version":[{"id":2573,"href":"https:\/\/agora.xtec.cat\/iesitaca\/wp-json\/wp\/v2\/pages\/57\/revisions\/2573"}],"wp:attachment":[{"href":"https:\/\/agora.xtec.cat\/iesitaca\/wp-json\/wp\/v2\/media?parent=57"}],"curies":[{"name":"wp","href":"https:\/\/api.w.org\/{rel}","templated":true}]}}