{"id":5576,"date":"2021-05-11T12:36:04","date_gmt":"2021-05-11T10:36:04","guid":{"rendered":"https:\/\/agora.xtec.cat\/iesitaca\/?page_id=5576"},"modified":"2021-07-07T13:16:32","modified_gmt":"2021-07-07T11:16:32","slug":"preinscripcio-batxillerat-curs-2021-2022","status":"publish","type":"page","link":"https:\/\/agora.xtec.cat\/iesitaca\/secretaria\/preinscripcio-batxillerat-curs-2021-2022\/","title":{"rendered":"MATR\u00cdCULA I PREINSCRIPCI\u00d3 BATXILLERAT CURS 2021-2022"},"content":{"rendered":"<p><strong>MATR\u00cdCULA BATXILLERAT ALUMNAT PROCEDENT DE LA PREINSCRIPCI\u00d3<\/strong><\/p>\n<p>Dates: del 12 al 16 de juliol (abans de les 13.00 h).<\/p>\n<p>Cal enviar la seg\u00fcent documentaci\u00f3 escanejada o fotografiada per correu electr\u00f2nic a l\u2019adre\u00e7a oficial del centre (a8047509@xtec.cat).<\/p>\n<p><span style=\"text-decoration: underline;\"> DOCUMENTACI\u00d3:<\/span><\/p>\n<ol>\n<li><a href=\"https:\/\/drive.google.com\/file\/d\/1YSayXyyLDYH8gEUwibXZYhXw1Kb0Xawi\/view?usp=sharing\" target=\"_blank\" rel=\"noopener noreferrer\">Documentaci\u00f3 a aportar.<\/a><\/li>\n<li>\u00a0<a href=\"https:\/\/drive.google.com\/file\/d\/16I4nKxkAk_1Kk0HK4SJt3P3WlK-EKCea\/view?usp=sharing\" target=\"_blank\" rel=\"noopener noreferrer\">Full de matr\u00edcula.<\/a><\/li>\n<li><a href=\"https:\/\/drive.google.com\/file\/d\/1wfoJhFrpAy6-00JlObwfB3HSK1ARJ1qZ\/view?usp=sharing\" target=\"_blank\" rel=\"noopener noreferrer\">Quota de material.<\/a><\/li>\n<\/ol>\n<p>Per qualsevol dubte podeu demanar informaci\u00f3 a l&#8217;administraci\u00f3 del centre (Tel. 936303584)<\/p>\n<p><a href=\"https:\/\/preinscripcio.gencat.cat\/ca\/estudis\/batxillerat\/preinscriute\/sollicitud\/\" target=\"_blank\" rel=\"noopener noreferrer\">Web del Departament d&#8217;Educaci\u00f3<\/a>.<\/p>\n<p><a href=\"https:\/\/drive.google.com\/file\/d\/1fpxoYLNJj7xlYAQyO9DKKut9Af4-A4QV\/view?usp=sharing\" target=\"_blank\" rel=\"noopener noreferrer\">Oferta inicial de places<\/a>.<\/p>\n<h5><strong>Calendari:<\/strong><\/h5>\n<p>De l&#8217;11 al 17 de maig de 2021: presentaci\u00f3 de sol\u00b7licituds<\/p>\n<p>18 de maig de 2021: presentaci\u00f3 de documentaci\u00f3<\/p>\n<p>8 de juny de 2021: <a href=\"https:\/\/drive.google.com\/file\/d\/1gg-eeXaCGHjZeQ6QcNdPM8tRFMcBFAn_\/view?usp=sharing\" target=\"_blank\" rel=\"noopener noreferrer\">llista de sol\u00b7licituds amb la puntuaci\u00f3 provisional<\/a><\/p>\n<p>Del 9 al 15 de juny de 2021: presentaci\u00f3 de reclamacions<\/p>\n<p>18 de juny de 2021: <a href=\"https:\/\/drive.google.com\/file\/d\/18ptv8bUgZUqtkSqgLXEOD96hfVQIh1Ch\/view?usp=sharing\" target=\"_blank\" rel=\"noopener noreferrer\">llista de sol\u00b7licituds amb la puntuaci\u00f3 un cop resoltes les reclamacions<\/a><\/p>\n<p>18 de juny de 2021: sorteig per resoldre les sol\u00b7licituds de preinscripci\u00f3 empatades en punts<\/p>\n<p>23 de juny de 2021: <a href=\"https:\/\/drive.google.com\/file\/d\/1BW3KsWbRLizCJRsPGAvaRA22NIijTX-e\/view?usp=sharing\" target=\"_blank\" rel=\"noopener noreferrer\">llista ordenada<\/a><\/p>\n<p>7 de juliol de 2021: <a href=\"https:\/\/drive.google.com\/file\/d\/1RuTeTdNlXsKTwwH776poMpb3HUqF2mK1\/view?usp=sharing\" target=\"_blank\" rel=\"noopener noreferrer\">oferta final de places escolars<\/a><\/p>\n<p>9 de juliol de 2021: llista d&#8217;alumnes admesos i llista d&#8217;espera<\/p>\n<p>Del 12 al 16 de juliol de 2021: matriculaci\u00f3 ordin\u00e0ria<\/p>\n<p>Del 7 al 10 de setembre de 2021: matriculaci\u00f3 extraordin\u00e0ria<\/p>\n<h5><strong>Criteris d&#8217;assignaci\u00f3 de pla\u00e7a:<\/strong><\/h5>\n<p class=\"basic_title col-sm-12 pd-10\"><span style=\"text-decoration: underline;\">Criteri espec\u00edfic d&#8217;adscripci\u00f3 del centre<\/span><\/p>\n<p>L&#8217;adscripci\u00f3 \u00e9s un criteri de prioritat espec\u00edfic que t\u00e9 com a objectiu garantir la continu\u00eftat dels estudis obligatoris i post obligatoris quan els alumnes passen de l&#8217;educaci\u00f3 prim\u00e0ria a la secund\u00e0ria i al batxillerat. Els centres d&#8217;ESO tenen adscrits un o m\u00e9s centres de batxillerat. <strong>Aquest criteri t\u00e9 prioritat per damunt de qualsevol altre.<\/strong><\/p>\n<p class=\"basic_title col-sm-12 pd-10\"><span style=\"text-decoration: underline;\">Criteris de prioritat generals i criteri complementari<\/span><\/p>\n<ol>\n<li class=\"basic_title col-sm-12 pd-10\"><strong style=\"font-family: inherit; font-size: 1em;\">Quan el jove que opta a la pla\u00e7a t\u00e9 germans o germanes que ja estudien al mateix centre educatiu o b\u00e9 el pare, la mare o el tutor o la tutora legal hi treballi. Se sumen 40 punts.<\/strong><\/li>\n<\/ol>\n<p class=\"basic_title col-sm-12 pd-10\"><span style=\"font-family: inherit; font-size: 1em;\">Aquest \u00e9s el criteri que suma m\u00e9s puntuaci\u00f3 en el barem de cada infant. Si l&#8217;infant est\u00e0 en situaci\u00f3 d&#8217;acolliment familiar i els fills o les filles de la fam\u00edlia acollidora estan escolaritzats en el centre, o el pare o la mare hi treballa, tamb\u00e9 rebr\u00e0 aquesta puntuaci\u00f3.<\/span><\/p>\n<p><strong style=\"font-family: inherit; font-size: 1em;\">2. Proximitat geogr\u00e0fica del domicili habitual o del lloc de treball del pare o la mare a l&#8217;escola.<\/strong><span style=\"font-family: inherit; font-size: 1em;\"> Cada centre t\u00e9 una zona educativa que estableix el criteri de proximitat, i aix\u00f2 permet sumar puntuacions diferents segons les circumst\u00e0ncies:<\/span><\/p>\n<ul>\n<li style=\"list-style-type: none;\">\n<ul>\n<li class=\"basic_title col-sm-12 pd-10\"><span style=\"font-family: inherit; font-size: 1em;\">Quan el domicili habitual de la fam\u00edlia es troba dins la zona educativa del centre escolar que es demana en primer lloc se sumen\u00a0<\/span><strong style=\"font-family: inherit; font-size: 1em;\">30 punts<\/strong><span style=\"font-family: inherit; font-size: 1em;\">.<\/span><\/li>\n<li class=\"basic_title col-sm-12 pd-10\"><span style=\"font-family: inherit; font-size: 1em;\">Quan la ubicaci\u00f3 del lloc de feina del pare, la mare, el tutor o la tutora est\u00e0 dins la zona educativa del centre triat en primer lloc se sumen\u00a0<\/span><strong style=\"font-family: inherit; font-size: 1em;\">20 punts<\/strong><span style=\"font-family: inherit; font-size: 1em;\">.<\/span><\/li>\n<li class=\"basic_title col-sm-12 pd-10\"><span style=\"font-family: inherit; font-size: 1em;\">Quan el domicili familiar es troba dins del mateix municipi, per\u00f2 no dins de la zona educativa del centre que s&#8217;ha triat en primer lloc, se sumen\u00a0<\/span><strong style=\"font-family: inherit; font-size: 1em;\">10 punts<\/strong><span style=\"font-family: inherit; font-size: 1em;\">.<\/span>Pots consultar quina \u00e9s la\u00a0<strong style=\"font-family: inherit; font-size: 1em;\">zona educativa de cada centre<\/strong><span style=\"font-family: inherit; font-size: 1em;\"> al seu web abans de fer la sol\u00b7licitud de preinscripci\u00f3. Cal tenir en compte que, dins del criteri de proximitat geogr\u00e0fica, les puntuacions no se sumen entre si. Aix\u00f2 vol dir que si el lloc de feina del pare, la mare o el tutor o la tutora est\u00e0 dins la zona educativa i el domicili habitual dins el mateix municipi per\u00f2 no en la zona educativa del centre, les dues puntuacions no es podran sumar.<\/span><\/li>\n<\/ul>\n<\/li>\n<\/ul>\n<p class=\"basic_title col-sm-12 pd-10\"><strong style=\"font-family: inherit; font-size: 1em;\">3. Si la fam\u00edlia percep la renda garantida de ciutadania, se sumen 10 punts.<\/strong><\/p>\n<p class=\"basic_title col-sm-12 pd-10\"><span style=\"font-family: inherit; font-size: 1em;\">Quan un membre de la unitat familiar rep l&#8217;ajut de la renda garantida de ciutadania.<\/span><\/p>\n<p class=\"basic_title col-sm-12 pd-10\"><strong style=\"font-family: inherit; font-size: 1em;\">4. Si algun membre de la fam\u00edlia t\u00e9 una discapacitat, se sumen 10 punts.<\/strong><\/p>\n<p class=\"basic_title col-sm-12 pd-10\"><span style=\"font-family: inherit; font-size: 1em;\">Quan el jove mateix, el pare o la mare, o b\u00e9 algun germ\u00e0 o germana t\u00e9 una discapacitat igual o superior al 33 %.<\/span><\/p>\n<p class=\"basic_title col-sm-12 pd-10\"><strong style=\"font-family: inherit; font-size: 1em;\">5. Expedient acad\u00e8mic. Se suma la qualificaci\u00f3 mitjana dels estudis que permeten l&#8217;acc\u00e9s a batxillerat.<\/strong><span style=\"font-family: inherit; font-size: 1em;\"> El barem el determina la qualificaci\u00f3 mitjana dels estudis que permeten l&#8217;acc\u00e9s al batxillerat, calculada amb dos decimals. Si l&#8217;alumne encara est\u00e0 cursant els estudis previs en el moment de la sol\u00b7licitud, s&#8217;utilitza la qualificaci\u00f3 mitjana dels cursos d&#8217;aquests estudis ja avaluats definitivament, calculada tamb\u00e9 amb dos decimals.<\/span><\/p>\n<p>Pel que fa al\u00a0<strong>criteri de prioritat complementari<\/strong>, \u00e9s el seg\u00fcent:<\/p>\n<ol>\n<li><strong>Fam\u00edlia monoparental o nombrosa. Se sumen 15 punts addicionals.<\/strong><br \/>\nQuan el jove forma part d&#8217;una fam\u00edlia monoparental o b\u00e9 d&#8217;un fam\u00edlia nombrosa sumar\u00e0 15 punts addicionals que li serviran per desempatar.<\/li>\n<\/ol>\n<p>La\u00a0<a title=\"Ves-hi\" href=\"http:\/\/educacio.gencat.cat\/ca\/tramits\/tramits-temes\/9388-batxillerat?category=74447ed8-a82c-11e3-a972-000c29052e2c&amp;moda=1\" target=\"_blank\" rel=\"noopener noreferrer\"><strong>sol\u00b7licitud de preinscripci\u00f3 de batxillerat<\/strong><\/a>, l&#8217;has de presentar\u00a0<strong>de l&#8217;11 al 17 de maig<\/strong>\u00a0i has d&#8217;adjuntar-hi la documentaci\u00f3 d&#8217;identificaci\u00f3 o de criteris que correspongui. La documentaci\u00f3 que no hagis pogut adjuntar durant el per\u00edode de presentaci\u00f3 de sol\u00b7licituds, la pots afegir\u00a0<strong>fins al 18 de maig<\/strong>.<\/p>\n<h5><span style=\"text-decoration: underline;\">Documentaci\u00f3:<\/span><\/h5>\n<div>\n<p>Com que aquest any els tr\u00e0mits es fan de manera telem\u00e0tica,\u00a0<strong>cal escanejar o fotografiar tots els documents demanats per ambdues cares<\/strong>\u00a0i tenir-los disponibles en el dispositiu que utilitzareu per emplenar el formulari de preinscripci\u00f3, ja sigui un ordinador, una tauleta o un tel\u00e8fon intel\u00b7ligent, per tal de poder-los adjuntar.<\/p>\n<\/div>\n<div>\n<p>Els documents necessaris per acreditar la identitat de les fam\u00edlies en la sol\u00b7licitud de preinscripci\u00f3 s\u00f3n:<\/p>\n<\/div>\n<ul>\n<li><strong>Llibre de fam\u00edlia o altres documents relatius a la filiaci\u00f3.<br \/>\n<\/strong>Quan l\u2019alumne estigui en situaci\u00f3 d\u2019acolliment, el document que cal aportar \u00e9s la\u00a0<strong>resoluci\u00f3 d\u2019acolliment del Departament de Treball, Afers Socials i Fam\u00edlies<\/strong>.<\/li>\n<li><strong>DNI del pare, la mare o el tutor o la tutora de l\u2019alumne<\/strong>.<br \/>\nSi el sol\u00b7licitant \u00e9s estranger, necessitar\u00e0 la\u00a0<strong>targeta de resid\u00e8ncia<\/strong>\u00a0on consta el NIE o el\u00a0<strong>passaport<\/strong>, i si \u00e9s estranger d\u2019un pa\u00eds membre de la Uni\u00f3 Europea li caldr\u00e0 adjuntar el\u00a0<strong>document d\u2019identitat del pa\u00eds d\u2019origen<\/strong>.<\/li>\n<\/ul>\n<div>\n<div class=\"row\">\n<div class=\"col-sm-4 columna_destacats\"><\/div>\n<\/div>\n<\/div>\n<div>\n<div>\n<div class=\"row\"><\/div>\n<\/div>\n<\/div>\n","protected":false},"excerpt":{"rendered":"<p>MATR\u00cdCULA BATXILLERAT ALUMNAT PROCEDENT DE LA PREINSCRIPCI\u00d3<br \/>\nDates: del 12 al 16 de juliol (abans de les 13.00 h).<br \/>\nCal enviar la seg\u00fcent documentaci\u00f3 escanejada o fotografiada per correu electr\u00f2nic a l\u2019adre\u00e7a oficial del centre (a8047509@xtec.cat).<br \/>\n DOCUMENTACI\u00d3:<\/p>\n<ol>\n<li><a href=\"https:\/\/drive.google.com\/file\/d\/1YSayXyyLDYH8gEUwibXZYhXw1Kb0Xawi\/view?usp=sharing\" target=\"_blank\" rel=\"noopener noreferrer\">Documentaci\u00f3 a aportar.<\/a><\/li>\n<li>\u00a0<a href=\"https:\/\/drive.google.com\/file\/d\/16I4nKxkAk_1Kk0HK4SJt3P3WlK-EKCea\/view?usp=sharing\" target=\"_blank\" rel=\"noopener noreferrer\">Full&hellip;  <a href=\"https:\/\/agora.xtec.cat\/iesitaca\/secretaria\/preinscripcio-batxillerat-curs-2021-2022\/\" title=\"Read MATR\u00cdCULA I PREINSCRIPCI\u00d3 BATXILLERAT CURS 2021-2022\">Llegeix m\u00e9s\u00bb<\/a><br \/>\n","protected":false},"author":1,"featured_media":0,"parent":81,"menu_order":0,"comment_status":"closed","ping_status":"closed","template":"","meta":{"_bbp_topic_count":0,"_bbp_reply_count":0,"_bbp_total_topic_count":0,"_bbp_total_reply_count":0,"_bbp_voice_count":0,"_bbp_anonymous_reply_count":0,"_bbp_topic_count_hidden":0,"_bbp_reply_count_hidden":0,"_bbp_forum_subforum_count":0,"footnotes":""},"class_list":["post-5576","page","type-page","status-publish","hentry"],"post_mailing_queue_ids":[],"_links":{"self":[{"href":"https:\/\/agora.xtec.cat\/iesitaca\/wp-json\/wp\/v2\/pages\/5576","targetHints":{"allow":["GET"]}}],"collection":[{"href":"https:\/\/agora.xtec.cat\/iesitaca\/wp-json\/wp\/v2\/pages"}],"about":[{"href":"https:\/\/agora.xtec.cat\/iesitaca\/wp-json\/wp\/v2\/types\/page"}],"author":[{"embeddable":true,"href":"https:\/\/agora.xtec.cat\/iesitaca\/wp-json\/wp\/v2\/users\/1"}],"replies":[{"embeddable":true,"href":"https:\/\/agora.xtec.cat\/iesitaca\/wp-json\/wp\/v2\/comments?post=5576"}],"version-history":[{"count":3,"href":"https:\/\/agora.xtec.cat\/iesitaca\/wp-json\/wp\/v2\/pages\/5576\/revisions"}],"predecessor-version":[{"id":5640,"href":"https:\/\/agora.xtec.cat\/iesitaca\/wp-json\/wp\/v2\/pages\/5576\/revisions\/5640"}],"up":[{"embeddable":true,"href":"https:\/\/agora.xtec.cat\/iesitaca\/wp-json\/wp\/v2\/pages\/81"}],"wp:attachment":[{"href":"https:\/\/agora.xtec.cat\/iesitaca\/wp-json\/wp\/v2\/media?parent=5576"}],"curies":[{"name":"wp","href":"https:\/\/api.w.org\/{rel}","templated":true}]}}